{"id":135,"date":"2015-10-09T12:13:55","date_gmt":"2015-10-09T12:13:55","guid":{"rendered":"http:\/\/maestrodeceremonias.es\/?page_id=135"},"modified":"2023-06-11T16:37:42","modified_gmt":"2023-06-11T14:37:42","slug":"performances","status":"publish","type":"page","link":"http:\/\/maestrodeceremonias.es\/en\/performances\/","title":{"rendered":"Performances"},"content":{"rendered":"<h2 class=\"wp-block-heading\">Make your Ceremony, Celebration or Event different.<\/h2>\n\n\n\n<div class=\"wp-block-columns is-layout-flex wp-container-core-columns-is-layout-1 wp-block-columns-is-layout-flex\">\n<div class=\"wp-block-column is-layout-flow wp-block-column-is-layout-flow\" style=\"flex-basis:33.33%\">\n<figure class=\"wp-block-image size-full\"><img loading=\"lazy\" decoding=\"async\" width=\"333\" height=\"500\" src=\"https:\/\/maestrodeceremonias.es\/wp-content\/uploads\/2015\/10\/bodamedieval.jpg\" alt=\"Bodas tem\u00e1ticas, camareros infiltrados, animadores\" class=\"wp-image-80\" srcset=\"https:\/\/maestrodeceremonias.es\/wp-content\/uploads\/2015\/10\/bodamedieval.jpg 333w, https:\/\/maestrodeceremonias.es\/wp-content\/uploads\/2015\/10\/bodamedieval-200x300.jpg 200w\" sizes=\"auto, (max-width: 333px) 100vw, 333px\" \/><\/figure>\n<\/div>\n\n\n\n<div class=\"wp-block-column is-layout-flow wp-block-column-is-layout-flow\" style=\"flex-basis:66.66%\">\n<p><strong>Video Gift:&nbsp;<\/strong>Present an original video, a comic clip based on a person\u2019s life, with music, pictures, animations, voice impressions\u2026 a gift of a whole life, direct to the heart.<\/p>\n\n\n\n<p><strong>&nbsp;<\/strong><strong>Undercover actors :<\/strong>&nbsp;Surprise and make laugh with an undercover professional actor at a dinner, wedding, bachelor party, etc. &nbsp;We offer different characters to create funny situations, with everything staying under control at any given moment.<\/p>\n\n\n\n<p><strong>\u00a0Horror Passage:<\/strong>\u00a0A terrifying tour suitable for any location, in which attendants will have fun with zombies, witches, vampires, wolves.. Your choice.<\/p>\n\n\n\n<p><strong>Live Music:<\/strong>\u00a0Professional and qualified musicians of the highest quality. We provide you with a wide repertoire and a range of possibilities to chose from, from one musician to a symphonic orchestra and a chorus. We will be happy to discuss your requirements and find the best option to suit your event and budget.\u00a0<\/p>\n<\/div>\n<\/div>\n\n\n\n<div class=\"wp-block-columns is-layout-flex wp-container-core-columns-is-layout-2 wp-block-columns-is-layout-flex\">\n<div class=\"wp-block-column is-layout-flow wp-block-column-is-layout-flow\" style=\"flex-basis:33.33%\">\n<figure class=\"wp-block-image size-full\"><img loading=\"lazy\" decoding=\"async\" width=\"556\" height=\"817\" src=\"https:\/\/maestrodeceremonias.es\/wp-content\/uploads\/2015\/10\/Maestro-de-ceremonias-animaciones.jpg\" alt=\"Personajes infiltrados\" class=\"wp-image-79\" srcset=\"https:\/\/maestrodeceremonias.es\/wp-content\/uploads\/2015\/10\/Maestro-de-ceremonias-animaciones.jpg 556w, https:\/\/maestrodeceremonias.es\/wp-content\/uploads\/2015\/10\/Maestro-de-ceremonias-animaciones-204x300.jpg 204w\" sizes=\"auto, (max-width: 556px) 100vw, 556px\" \/><\/figure>\n<\/div>\n\n\n\n<div class=\"wp-block-column is-layout-flow wp-block-column-is-layout-flow\" style=\"flex-basis:66.66%\">\n<p><strong>Fantasy weddings<\/strong>: If you are looking for a different and original ceremony, let your fantasy fly and we will make your dream come true. Hard rock weddings, Ibiza theme, medieval, hippy, cowboy, prehistoric\u2026 perhaps you want your celebrant to be Elvis, Marquis de Sade, Julius Cesar\u2026 Just tell us and we can make it happen.<\/p>\n\n\n\n<p><strong>&nbsp;<\/strong><strong>Stand up comedians:<\/strong>&nbsp;a wide range of great comedians for every budget, famous or unknown but absolutely guaranteed fun at any event, corporate dinner, etc.<\/p>\n\n\n\n<p><strong>&nbsp;<\/strong><strong>Impro theatre:&nbsp;<\/strong>Improvisation show in wich you will be able to participate, chose the subject, and join the acting team. Be adventurous, immerse yourself!<\/p>\n\n\n\n<p><strong>&nbsp;<\/strong>&nbsp;<strong>Team-building&nbsp;<\/strong><strong>events:<\/strong>&nbsp;gymkhana, treasure hunt, adventure trail, musical group coaching and team building.<\/p>\n\n\n\n<p><strong>&nbsp;<\/strong><strong>Educational children\u2019s concerts:<\/strong>&nbsp;Fun and quality shows for kids to enjoy music and learn. The quality of our shows is guaranteed and approved by Madrid Council for Schools.<\/p>\n\n\n\n<p>&nbsp;<strong>Theatre for life or Corporate theatre:&nbsp;<\/strong>a range of workshops based on coaching and dramatic art techniques to develop personal skills and capacity&nbsp;<\/p>\n<\/div>\n<\/div>\n\n\n\n<p class=\"has-text-align-center\"><a href=\"http:\/\/maestrodeceremonias.es\/en\/\"><strong>www.maestrodeceremonias.es<\/strong><\/a><\/p>","protected":false},"excerpt":{"rendered":"<p>Make your Ceremony, Celebration or Event different. Video Gift:&nbsp;Present an original video, a comic clip based on a person\u2019s life, with music, pictures, animations, voice impressions\u2026 a gift of a whole life, direct to the heart. &nbsp;Undercover actors :&nbsp;Surprise and make laugh with an undercover professional actor at a dinner, wedding, bachelor party, etc. &nbsp;We [&hellip;]<\/p>\n","protected":false},"author":1,"featured_media":0,"parent":0,"menu_order":0,"comment_status":"closed","ping_status":"closed","template":"","meta":{"_monsterinsights_skip_tracking":false,"_monsterinsights_sitenote_active":false,"_monsterinsights_sitenote_note":"","_monsterinsights_sitenote_category":0,"_joinchat":[],"footnotes":""},"class_list":["post-135","page","type-page","status-publish","hentry"],"blocksy_meta":[],"yoast_head":"<!-- This site is optimized with the Yoast SEO plugin v26.8 - https:\/\/yoast.com\/product\/yoast-seo-wordpress\/ -->\n<title>Ceremonies and events performances and actors<\/title>\n<meta name=\"robots\" content=\"index, follow, max-snippet:-1, max-image-preview:large, max-video-preview:-1\" \/>\n<link rel=\"canonical\" href=\"https:\/\/maestrodeceremonias.es\/en\/performances\/\" \/>\n<meta property=\"og:locale\" content=\"en_GB\" \/>\n<meta property=\"og:type\" content=\"article\" \/>\n<meta property=\"og:title\" content=\"Ceremonies and events performances and actors\" \/>\n<meta property=\"og:description\" content=\"Make your Ceremony, Celebration or Event different. Video Gift:&nbsp;Present an original video, a comic clip based on a person\u2019s life, with music, pictures, animations, voice impressions\u2026 a gift of a whole life, direct to the heart. &nbsp;Undercover actors :&nbsp;Surprise and make laugh with an undercover professional actor at a dinner, wedding, bachelor party, etc. &nbsp;We [&hellip;]\" \/>\n<meta property=\"og:url\" content=\"https:\/\/maestrodeceremonias.es\/en\/performances\/\" \/>\n<meta property=\"og:site_name\" content=\"Maestro de Ceremonias Oficiante de Bodas Civiles y Eventos\" \/>\n<meta property=\"article:publisher\" content=\"https:\/\/www.facebook.com\/Maestrodeceremonias.presentador\" \/>\n<meta property=\"article:modified_time\" content=\"2023-06-11T14:37:42+00:00\" \/>\n<meta property=\"og:image\" content=\"https:\/\/maestrodeceremonias.es\/wp-content\/uploads\/2015\/10\/bodamedieval.jpg\" \/>\n<meta name=\"twitter:card\" content=\"summary_large_image\" \/>\n<meta name=\"twitter:site\" content=\"@presentador_mc\" \/>\n<meta name=\"twitter:label1\" content=\"Estimated reading time\" \/>\n\t<meta name=\"twitter:data1\" content=\"2 minutes\" \/>\n<script type=\"application\/ld+json\" class=\"yoast-schema-graph\">{\"@context\":\"https:\/\/schema.org\",\"@graph\":[{\"@type\":\"WebPage\",\"@id\":\"https:\/\/maestrodeceremonias.es\/performances\/\",\"url\":\"https:\/\/maestrodeceremonias.es\/performances\/\",\"name\":\"Ceremonies and events performances and actors\",\"isPartOf\":{\"@id\":\"https:\/\/maestrodeceremonias.es\/#website\"},\"primaryImageOfPage\":{\"@id\":\"https:\/\/maestrodeceremonias.es\/performances\/#primaryimage\"},\"image\":{\"@id\":\"https:\/\/maestrodeceremonias.es\/performances\/#primaryimage\"},\"thumbnailUrl\":\"https:\/\/maestrodeceremonias.es\/wp-content\/uploads\/2015\/10\/bodamedieval.jpg\",\"datePublished\":\"2015-10-09T12:13:55+00:00\",\"dateModified\":\"2023-06-11T14:37:42+00:00\",\"breadcrumb\":{\"@id\":\"https:\/\/maestrodeceremonias.es\/performances\/#breadcrumb\"},\"inLanguage\":\"en-GB\",\"potentialAction\":[{\"@type\":\"ReadAction\",\"target\":[\"https:\/\/maestrodeceremonias.es\/performances\/\"]}]},{\"@type\":\"ImageObject\",\"inLanguage\":\"en-GB\",\"@id\":\"https:\/\/maestrodeceremonias.es\/performances\/#primaryimage\",\"url\":\"https:\/\/maestrodeceremonias.es\/wp-content\/uploads\/2015\/10\/bodamedieval.jpg\",\"contentUrl\":\"https:\/\/maestrodeceremonias.es\/wp-content\/uploads\/2015\/10\/bodamedieval.jpg\"},{\"@type\":\"BreadcrumbList\",\"@id\":\"https:\/\/maestrodeceremonias.es\/performances\/#breadcrumb\",\"itemListElement\":[{\"@type\":\"ListItem\",\"position\":1,\"name\":\"Maestros de ceremonias\",\"item\":\"https:\/\/maestrodeceremonias.es\/\"},{\"@type\":\"ListItem\",\"position\":2,\"name\":\"Performances\"}]},{\"@type\":\"WebSite\",\"@id\":\"https:\/\/maestrodeceremonias.es\/#website\",\"url\":\"https:\/\/maestrodeceremonias.es\/\",\"name\":\"Maestro de Ceremonias Oficiante de Bodas Civiles y Eventos\",\"description\":\"Necesitas contratar Maestros de Ceremonias Oficiantes de Boda  para tu celebraci\u00f3n de boda civil simb\u00f3lica. P\u00eddenos presupuesto. Prestamos servicio en Madrid y en toda Espa\u00f1a. Speakers y Presentadores de eventos profesionales biling\u00fces en todos los idiomas a un precio asequible. Preg\u00fantanos: email: mc@maestrodeceremonias.es Tel\u00e9fono y Whatsapp: 644 597 199\",\"publisher\":{\"@id\":\"https:\/\/maestrodeceremonias.es\/#organization\"},\"potentialAction\":[{\"@type\":\"SearchAction\",\"target\":{\"@type\":\"EntryPoint\",\"urlTemplate\":\"https:\/\/maestrodeceremonias.es\/?s={search_term_string}\"},\"query-input\":{\"@type\":\"PropertyValueSpecification\",\"valueRequired\":true,\"valueName\":\"search_term_string\"}}],\"inLanguage\":\"en-GB\"},{\"@type\":\"Organization\",\"@id\":\"https:\/\/maestrodeceremonias.es\/#organization\",\"name\":\"Maestro de Ceremonias Oficiante de Bodas Civiles y Eventos\",\"url\":\"https:\/\/maestrodeceremonias.es\/\",\"logo\":{\"@type\":\"ImageObject\",\"inLanguage\":\"en-GB\",\"@id\":\"https:\/\/maestrodeceremonias.es\/#\/schema\/logo\/image\/\",\"url\":\"https:\/\/maestrodeceremonias.es\/wp-content\/uploads\/2023\/07\/Maestro-oficiante-de-Boda-Ceremonia-cabecera-web.jpg\",\"contentUrl\":\"https:\/\/maestrodeceremonias.es\/wp-content\/uploads\/2023\/07\/Maestro-oficiante-de-Boda-Ceremonia-cabecera-web.jpg\",\"width\":960,\"height\":250,\"caption\":\"Maestro de Ceremonias Oficiante de Bodas Civiles y Eventos\"},\"image\":{\"@id\":\"https:\/\/maestrodeceremonias.es\/#\/schema\/logo\/image\/\"},\"sameAs\":[\"https:\/\/www.facebook.com\/Maestrodeceremonias.presentador\",\"https:\/\/x.com\/presentador_mc\",\"https:\/\/www.instagram.com\/maestrosdeceremonias\/\"]}]}<\/script>\n<!-- \/ Yoast SEO plugin. -->","yoast_head_json":{"title":"Ceremonies and events performances and actors","robots":{"index":"index","follow":"follow","max-snippet":"max-snippet:-1","max-image-preview":"max-image-preview:large","max-video-preview":"max-video-preview:-1"},"canonical":"https:\/\/maestrodeceremonias.es\/en\/performances\/","og_locale":"en_GB","og_type":"article","og_title":"Ceremonies and events performances and actors","og_description":"Make your Ceremony, Celebration or Event different. Video Gift:&nbsp;Present an original video, a comic clip based on a person\u2019s life, with music, pictures, animations, voice impressions\u2026 a gift of a whole life, direct to the heart. &nbsp;Undercover actors :&nbsp;Surprise and make laugh with an undercover professional actor at a dinner, wedding, bachelor party, etc. &nbsp;We [&hellip;]","og_url":"https:\/\/maestrodeceremonias.es\/en\/performances\/","og_site_name":"Maestro de Ceremonias Oficiante de Bodas Civiles y Eventos","article_publisher":"https:\/\/www.facebook.com\/Maestrodeceremonias.presentador","article_modified_time":"2023-06-11T14:37:42+00:00","og_image":[{"url":"https:\/\/maestrodeceremonias.es\/wp-content\/uploads\/2015\/10\/bodamedieval.jpg","type":"","width":"","height":""}],"twitter_card":"summary_large_image","twitter_site":"@presentador_mc","twitter_misc":{"Estimated reading time":"2 minutes"},"schema":{"@context":"https:\/\/schema.org","@graph":[{"@type":"WebPage","@id":"https:\/\/maestrodeceremonias.es\/performances\/","url":"https:\/\/maestrodeceremonias.es\/performances\/","name":"Ceremonies and events performances and actors","isPartOf":{"@id":"https:\/\/maestrodeceremonias.es\/#website"},"primaryImageOfPage":{"@id":"https:\/\/maestrodeceremonias.es\/performances\/#primaryimage"},"image":{"@id":"https:\/\/maestrodeceremonias.es\/performances\/#primaryimage"},"thumbnailUrl":"https:\/\/maestrodeceremonias.es\/wp-content\/uploads\/2015\/10\/bodamedieval.jpg","datePublished":"2015-10-09T12:13:55+00:00","dateModified":"2023-06-11T14:37:42+00:00","breadcrumb":{"@id":"https:\/\/maestrodeceremonias.es\/performances\/#breadcrumb"},"inLanguage":"en-GB","potentialAction":[{"@type":"ReadAction","target":["https:\/\/maestrodeceremonias.es\/performances\/"]}]},{"@type":"ImageObject","inLanguage":"en-GB","@id":"https:\/\/maestrodeceremonias.es\/performances\/#primaryimage","url":"https:\/\/maestrodeceremonias.es\/wp-content\/uploads\/2015\/10\/bodamedieval.jpg","contentUrl":"https:\/\/maestrodeceremonias.es\/wp-content\/uploads\/2015\/10\/bodamedieval.jpg"},{"@type":"BreadcrumbList","@id":"https:\/\/maestrodeceremonias.es\/performances\/#breadcrumb","itemListElement":[{"@type":"ListItem","position":1,"name":"Maestros de ceremonias","item":"https:\/\/maestrodeceremonias.es\/"},{"@type":"ListItem","position":2,"name":"Performances"}]},{"@type":"WebSite","@id":"https:\/\/maestrodeceremonias.es\/#website","url":"https:\/\/maestrodeceremonias.es\/","name":"Maestro de Ceremonias Oficiante de Bodas Civiles y Eventos","description":"Necesitas contratar Maestros de Ceremonias Oficiantes de Boda  para tu celebraci\u00f3n de boda civil simb\u00f3lica. P\u00eddenos presupuesto. Prestamos servicio en Madrid y en toda Espa\u00f1a. Speakers y Presentadores de eventos profesionales biling\u00fces en todos los idiomas a un precio asequible. Preg\u00fantanos: email: mc@maestrodeceremonias.es Tel\u00e9fono y Whatsapp: 644 597 199","publisher":{"@id":"https:\/\/maestrodeceremonias.es\/#organization"},"potentialAction":[{"@type":"SearchAction","target":{"@type":"EntryPoint","urlTemplate":"https:\/\/maestrodeceremonias.es\/?s={search_term_string}"},"query-input":{"@type":"PropertyValueSpecification","valueRequired":true,"valueName":"search_term_string"}}],"inLanguage":"en-GB"},{"@type":"Organization","@id":"https:\/\/maestrodeceremonias.es\/#organization","name":"Maestro de Ceremonias Oficiante de Bodas Civiles y Eventos","url":"https:\/\/maestrodeceremonias.es\/","logo":{"@type":"ImageObject","inLanguage":"en-GB","@id":"https:\/\/maestrodeceremonias.es\/#\/schema\/logo\/image\/","url":"https:\/\/maestrodeceremonias.es\/wp-content\/uploads\/2023\/07\/Maestro-oficiante-de-Boda-Ceremonia-cabecera-web.jpg","contentUrl":"https:\/\/maestrodeceremonias.es\/wp-content\/uploads\/2023\/07\/Maestro-oficiante-de-Boda-Ceremonia-cabecera-web.jpg","width":960,"height":250,"caption":"Maestro de Ceremonias Oficiante de Bodas Civiles y Eventos"},"image":{"@id":"https:\/\/maestrodeceremonias.es\/#\/schema\/logo\/image\/"},"sameAs":["https:\/\/www.facebook.com\/Maestrodeceremonias.presentador","https:\/\/x.com\/presentador_mc","https:\/\/www.instagram.com\/maestrosdeceremonias\/"]}]}},"_links":{"self":[{"href":"http:\/\/maestrodeceremonias.es\/en\/wp-json\/wp\/v2\/pages\/135","targetHints":{"allow":["GET"]}}],"collection":[{"href":"http:\/\/maestrodeceremonias.es\/en\/wp-json\/wp\/v2\/pages"}],"about":[{"href":"http:\/\/maestrodeceremonias.es\/en\/wp-json\/wp\/v2\/types\/page"}],"author":[{"embeddable":true,"href":"http:\/\/maestrodeceremonias.es\/en\/wp-json\/wp\/v2\/users\/1"}],"replies":[{"embeddable":true,"href":"http:\/\/maestrodeceremonias.es\/en\/wp-json\/wp\/v2\/comments?post=135"}],"version-history":[{"count":0,"href":"http:\/\/maestrodeceremonias.es\/en\/wp-json\/wp\/v2\/pages\/135\/revisions"}],"wp:attachment":[{"href":"http:\/\/maestrodeceremonias.es\/en\/wp-json\/wp\/v2\/media?parent=135"}],"curies":[{"name":"wp","href":"https:\/\/api.w.org\/{rel}","templated":true}]}}