{"id":147,"date":"2015-10-09T12:44:58","date_gmt":"2015-10-09T12:44:58","guid":{"rendered":"http:\/\/maestrodeceremonias.es\/?page_id=147"},"modified":"2023-06-11T06:31:36","modified_gmt":"2023-06-11T04:31:36","slug":"co-workers","status":"publish","type":"page","link":"http:\/\/maestrodeceremonias.es\/en\/co-workers\/","title":{"rendered":"Co-Workers"},"content":{"rendered":"<div class=\"wp-block-columns is-layout-flex wp-container-core-columns-is-layout-1 wp-block-columns-is-layout-flex\">\n<div class=\"wp-block-column is-layout-flow wp-block-column-is-layout-flow\">\n<h2 class=\"wp-block-heading\">Co-workers at civil weddings and events<\/h2>\n\n\n\n<p>At Maestro de Ceremonias, we are proud to work only with companies and professionals that offer the highest of quality and excellence as a standard. You can rest assured that our collaborators will fulfill your expectations.<\/p>\n<\/div>\n\n\n\n<div class=\"wp-block-column is-layout-flow wp-block-column-is-layout-flow\">\n<figure class=\"wp-block-image size-large\"><img loading=\"lazy\" decoding=\"async\" width=\"1024\" height=\"768\" src=\"https:\/\/maestrodeceremonias.es\/wp-content\/uploads\/2016\/06\/Bodas-civiles-Toledo-1024x768.jpg\" alt=\"Colaboradores Ceremonias Civiles\" class=\"wp-image-335\" srcset=\"https:\/\/maestrodeceremonias.es\/wp-content\/uploads\/2016\/06\/Bodas-civiles-Toledo-1024x768.jpg 1024w, https:\/\/maestrodeceremonias.es\/wp-content\/uploads\/2016\/06\/Bodas-civiles-Toledo-300x225.jpg 300w, https:\/\/maestrodeceremonias.es\/wp-content\/uploads\/2016\/06\/Bodas-civiles-Toledo-768x576.jpg 768w, https:\/\/maestrodeceremonias.es\/wp-content\/uploads\/2016\/06\/Bodas-civiles-Toledo-1536x1152.jpg 1536w, https:\/\/maestrodeceremonias.es\/wp-content\/uploads\/2016\/06\/Bodas-civiles-Toledo.jpg 1600w\" sizes=\"auto, (max-width: 1024px) 100vw, 1024px\" \/><\/figure>\n<\/div>\n<\/div>\n\n\n\n<div class=\"wp-block-columns is-layout-flex wp-container-core-columns-is-layout-2 wp-block-columns-is-layout-flex\">\n<div class=\"wp-block-column is-layout-flow wp-block-column-is-layout-flow\">\n<h3 class=\"wp-block-heading has-medium-font-size\">Photographers of events and civil weddings:<\/h3>\n\n\n\n<p><strong>Madrid:<\/strong><\/p>\n\n\n\n<ul class=\"wp-block-list\">\n<li>&nbsp;<a href=\"http:\/\/www.joshdevotto.com\/\" target=\"_blank\" rel=\"noreferrer noopener\">www.joshdevotto.com<\/a>&nbsp;<\/li>\n\n\n\n<li>&nbsp;<a href=\"http:\/\/amaluse.com\/\" target=\"_blank\" rel=\"noreferrer noopener\">www.amaluse.com<\/a><\/li>\n\n\n\n<li><a href=\"http:\/\/www.luzylola.com\/\" target=\"_blank\" rel=\"noreferrer noopener\">&nbsp;www.luzylola.com<\/a><\/li>\n<\/ul>\n\n\n\n<p><strong>Valladolid:<\/strong><\/p>\n\n\n\n<ul class=\"wp-block-list\">\n<li><a href=\"http:\/\/www.villagrafotografos.com\/\">www.<\/a><a href=\"http:\/\/www.villagrafotografos.com\/\" target=\"_blank\" rel=\"noreferrer noopener\">villagrafotografos.com<\/a><\/li>\n\n\n\n<li><a href=\"http:\/\/www.danimantisfoto.com\/category\/reportaje\/bodas\/\" target=\"_blank\" rel=\"noreferrer noopener\">www.damanimantisfoto.com<\/a><\/li>\n<\/ul>\n<\/div>\n\n\n\n<div class=\"wp-block-column is-layout-flow wp-block-column-is-layout-flow\">\n<h3 class=\"wp-block-heading has-medium-font-size\">Wedding Planner<\/h3>\n\n\n\n<p><strong>Madrid:<\/strong><\/p>\n\n\n\n<ul class=\"wp-block-list\">\n<li><a href=\"http:\/\/www.tudiaperfecto.es\/\" target=\"_blank\" rel=\"noreferrer noopener\">www.tudiaperfecto.es<\/a>&nbsp;<\/li>\n\n\n\n<li><a href=\"http:\/\/www.cristinaandco.com\/\" target=\"_blank\" rel=\"noreferrer noopener\">www.cristinaandco.com<\/a><\/li>\n\n\n\n<li><a href=\"http:\/\/www.estesapotienenovia.com\/\" target=\"_blank\" rel=\"noreferrer noopener\">www.estesapotienenovia.com<\/a><\/li>\n<\/ul>\n\n\n\n<p><strong>Valladolid:<\/strong><\/p>\n\n\n\n<ul class=\"wp-block-list\">\n<li><a href=\"http:\/\/www.qkevents.com\/\" target=\"_blank\" rel=\"noreferrer noopener\">www.qkevents.com<\/a>&nbsp;&nbsp;<\/li>\n\n\n\n<li><a href=\"http:\/\/www.patriciavelazquezeventos.com\/\" target=\"_blank\" rel=\"noreferrer noopener\">www.patriciavelazquezeventos.com<\/a><\/li>\n<\/ul>\n\n\n\n<p><strong>Bilbao:<\/strong><\/p>\n\n\n\n<ul class=\"wp-block-list\">\n<li><a href=\"http:\/\/www.inwedding.es\/\" target=\"_blank\" rel=\"noreferrer noopener\">www.inwedding.es<\/a><\/li>\n<\/ul>\n<\/div>\n<\/div>\n\n\n\n<div class=\"wp-block-columns is-layout-flex wp-container-core-columns-is-layout-3 wp-block-columns-is-layout-flex\">\n<div class=\"wp-block-column is-layout-flow wp-block-column-is-layout-flow\">\n<h3 class=\"wp-block-heading has-medium-font-size\">Places for wedding, celebrations and events:<\/h3>\n\n\n\n<p><strong>Madrid:<\/strong><\/p>\n\n\n\n<ul class=\"wp-block-list\">\n<li><a href=\"http:\/\/www.laquintadejarama.com\/\" target=\"_blank\" rel=\"noreferrer noopener\">www.laquintadejarama.com&nbsp;<\/a><\/li>\n\n\n\n<li><a href=\"http:\/\/www.haciendajacaranda.com\/\" target=\"_blank\" rel=\"noreferrer noopener\">www.haciendajacaranda.com<\/a><\/li>\n\n\n\n<li><a href=\"http:\/\/www.parador.es\/es\/parador-de-alcala-de-henares\/servicios\" target=\"_blank\" rel=\"noreferrer noopener\">Parador de Alcal\u00e1 de Henares<\/a><\/li>\n<\/ul>\n\n\n\n<p>V<strong>alladolid:<\/strong><\/p>\n\n\n\n<ul class=\"wp-block-list\">\n<li><a href=\"http:\/\/www.espanol.marriott.com\/hotels\/travel\/vllan-ac-hotel-palacio-de-santa-ana\/\" target=\"_blank\" rel=\"noreferrer noopener\">Hotel AC Pa\u00f1acio de Santa Ana *****<\/a><\/li>\n\n\n\n<li><a href=\"http:\/\/www.priveeventos.es\/\" target=\"_blank\" rel=\"noreferrer noopener\">www.priveeventos.es<\/a><\/li>\n\n\n\n<li><a href=\"http:\/\/www.palaciocondesdegamazo.es\/\" target=\"_blank\" rel=\"noreferrer noopener\">www.palaciocondesdegamazo.es<\/a><\/li>\n<\/ul>\n\n\n\n<p><strong>\u00c1vila:<\/strong><\/p>\n\n\n\n<ul class=\"wp-block-list\">\n<li><a href=\"http:\/\/www.fincavicolozano.com\/\" target=\"_blank\" rel=\"noreferrer noopener\">www.fincavicolozano.com<\/a><\/li>\n<\/ul>\n\n\n\n<p><strong>Toledo:<\/strong><\/p>\n\n\n\n<ul class=\"wp-block-list\">\n<li><a href=\"http:\/\/www.parador.es\/es\/paradores\/parador-de-toledo\" target=\"_blank\" rel=\"noreferrer noopener\">Parador de Toledo<\/a><\/li>\n<\/ul>\n\n\n\n<p><strong>Guadalajara:<\/strong><\/p>\n\n\n\n<ul class=\"wp-block-list\">\n<li><a href=\"http:\/\/www.arquitecturanegra.com\" target=\"_blank\" rel=\"noreferrer noopener\">www.arquitecturanegra.com<\/a><\/li>\n<\/ul>\n<\/div>\n\n\n\n<div class=\"wp-block-column is-layout-flow wp-block-column-is-layout-flow\">\n<h3 class=\"wp-block-heading has-medium-font-size\">Music for events:<\/h3>\n\n\n\n<p><strong>Madrid:<\/strong><\/p>\n\n\n\n<ul class=\"wp-block-list\">\n<li>Preg\u00fantanos:&nbsp;<a href=\"mailto:mc@maestrodeceremonias.es\">mc@maestrodeceremonias.es<\/a><\/li>\n<\/ul>\n\n\n\n<p><strong>Valladolid:<\/strong><\/p>\n\n\n\n<ul class=\"wp-block-list\">\n<li><a href=\"http:\/\/www.music4events.es\/\" target=\"_blank\" rel=\"noreferrer noopener\">www.music4events.es<\/a><\/li>\n<\/ul>\n\n\n\n<h3 class=\"wp-block-heading has-medium-font-size\">Video mapping &amp; lighting:<\/h3>\n\n\n\n<ul class=\"wp-block-list\">\n<li><a href=\"https:\/\/www.lumentium.com\/\" target=\"_blank\" rel=\"noreferrer noopener\">LUMENTIUM<\/a>&nbsp;(Table Mapping)<\/li>\n\n\n\n<li><a href=\"http:\/\/fireflyevents.es\/\" target=\"_blank\" rel=\"noreferrer noopener\">http:\/\/fireflyevents.es<\/a>&nbsp;(Exteriores e interiores)<\/li>\n<\/ul>\n\n\n\n<h3 class=\"wp-block-heading has-medium-font-size\">Coaching:<\/h3>\n\n\n\n<ul class=\"wp-block-list\">\n<li><a href=\"http:\/\/www.bienestarcapital.com\/\">www.bienestarcapital.com<\/a><\/li>\n<\/ul>\n\n\n\n<h3 class=\"wp-block-heading has-medium-font-size\">Others:<\/h3>\n\n\n\n<ul class=\"wp-block-list\">\n<li>Web design for weddings:\u00a0<a href=\"http:\/\/www.actoresweb.com\/\">www.actoresweb.com<\/a>\u00a0\u00a0<\/li>\n\n\n\n<li>Stand up comedians:\u00a0<a href=\"http:\/\/www.monologuistascomicos.com\/\">www.monologuistascomicos.com<\/a>\u00a0\u00a0<\/li>\n\n\n\n<li>Grooms Suits:\u00a0<a href=\"http:\/\/www.deluis-valladolid.com\/\">www.deluis-valladolid.com<\/a>\u00a0\u00a0<\/li>\n\n\n\n<li>Tailored Suits:\u00a0<a href=\"http:\/\/www.selectasuit.com\/\">www.selectasuit.com<\/a><\/li>\n<\/ul>\n<\/div>\n<\/div>\n\n\n\n<div class=\"wp-block-columns is-layout-flex wp-container-core-columns-is-layout-4 wp-block-columns-is-layout-flex\">\n<div class=\"wp-block-column is-layout-flow wp-block-column-is-layout-flow\">\n<figure class=\"wp-block-image alignleft size-full is-resized\"><a href=\"http:\/\/www.monologuistascomicos.com\/\" target=\"_blank\" rel=\"noreferrer noopener\"><img loading=\"lazy\" decoding=\"async\" src=\"https:\/\/maestrodeceremonias.es\/wp-content\/uploads\/2023\/06\/Logo-fondo-negro.jpg\" alt=\"\" class=\"wp-image-2202\" width=\"114\" height=\"85\" srcset=\"https:\/\/maestrodeceremonias.es\/wp-content\/uploads\/2023\/06\/Logo-fondo-negro.jpg 454w, https:\/\/maestrodeceremonias.es\/wp-content\/uploads\/2023\/06\/Logo-fondo-negro-300x225.jpg 300w\" sizes=\"auto, (max-width: 114px) 100vw, 114px\" \/><\/a><\/figure>\n\n\n\n<figure class=\"wp-block-image alignleft size-full is-resized\"><img loading=\"lazy\" decoding=\"async\" src=\"https:\/\/maestrodeceremonias.es\/wp-content\/uploads\/2015\/10\/lumentium.png\" alt=\"\" class=\"wp-image-1039\" width=\"194\" height=\"61\" srcset=\"https:\/\/maestrodeceremonias.es\/wp-content\/uploads\/2015\/10\/lumentium.png 396w, https:\/\/maestrodeceremonias.es\/wp-content\/uploads\/2015\/10\/lumentium-300x95.png 300w\" sizes=\"auto, (max-width: 194px) 100vw, 194px\" \/><\/figure>\n\n\n\n<figure class=\"wp-block-image alignleft size-full is-resized\"><a href=\"http:\/\/fireflyevents.es\/\" target=\"_blank\" rel=\"noreferrer noopener\"><img loading=\"lazy\" decoding=\"async\" src=\"https:\/\/maestrodeceremonias.es\/wp-content\/uploads\/2015\/10\/firefly.png\" alt=\"\" class=\"wp-image-1035\" width=\"160\" height=\"62\" srcset=\"https:\/\/maestrodeceremonias.es\/wp-content\/uploads\/2015\/10\/firefly.png 400w, https:\/\/maestrodeceremonias.es\/wp-content\/uploads\/2015\/10\/firefly-300x116.png 300w\" sizes=\"auto, (max-width: 160px) 100vw, 160px\" \/><\/a><\/figure>\n\n\n\n<figure class=\"wp-block-image alignleft size-full is-resized\"><a href=\"http:\/\/www.hivip.es\/\" target=\"_blank\" rel=\"noreferrer noopener\"><img loading=\"lazy\" decoding=\"async\" src=\"https:\/\/maestrodeceremonias.es\/wp-content\/uploads\/2023\/06\/Patricia-Velazquez-Eventos.png\" alt=\"\" class=\"wp-image-2197\" width=\"87\" height=\"84\"\/><\/a><\/figure>\n\n\n\n<figure class=\"wp-block-image alignleft size-full is-resized\"><a href=\"http:\/\/www.hvevent.com\/\" target=\"_blank\" rel=\"noreferrer noopener\"><img loading=\"lazy\" decoding=\"async\" src=\"https:\/\/maestrodeceremonias.es\/wp-content\/uploads\/2015\/10\/hvol.jpg\" alt=\"\" class=\"wp-image-558\" width=\"194\" height=\"50\" srcset=\"https:\/\/maestrodeceremonias.es\/wp-content\/uploads\/2015\/10\/hvol.jpg 388w, https:\/\/maestrodeceremonias.es\/wp-content\/uploads\/2015\/10\/hvol-300x77.jpg 300w\" sizes=\"auto, (max-width: 194px) 100vw, 194px\" \/><\/a><\/figure>\n\n\n\n<figure class=\"wp-block-image alignleft size-full is-resized\"><a href=\"http:\/\/www.deluis-valladolid.com\/\" target=\"_blank\" rel=\"noreferrer noopener\"><img loading=\"lazy\" decoding=\"async\" src=\"https:\/\/maestrodeceremonias.es\/wp-content\/uploads\/2023\/06\/deluis-trajes-de-novio.png\" alt=\"\" class=\"wp-image-2204\" width=\"172\" height=\"83\"\/><\/a><\/figure>\n\n\n\n<figure class=\"wp-block-image alignleft size-full is-resized\"><a href=\"http:\/\/www.danimantisfoto.com\/category\/reportaje\/bodas\/\" target=\"_blank\" rel=\"noreferrer noopener\"><img loading=\"lazy\" decoding=\"async\" src=\"https:\/\/maestrodeceremonias.es\/wp-content\/uploads\/2023\/06\/danimantis.jpg\" alt=\"\" class=\"wp-image-2205\" width=\"153\" height=\"36\"\/><\/a><\/figure>\n\n\n\n<figure class=\"wp-block-image alignleft size-full is-resized\"><a href=\"http:\/\/www.fincavicolozano.com\/\" target=\"_blank\" rel=\"noreferrer noopener\"><img loading=\"lazy\" decoding=\"async\" src=\"https:\/\/maestrodeceremonias.es\/wp-content\/uploads\/2023\/06\/bodasfincavicolozano.jpg\" alt=\"\" class=\"wp-image-2210\" width=\"129\" height=\"73\"\/><\/a><\/figure>\n\n\n\n<figure class=\"wp-block-image alignleft size-full is-resized\"><a href=\"http:\/\/www.bienestarcapital.com\/\" target=\"_blank\" rel=\"noreferrer noopener\"><img loading=\"lazy\" decoding=\"async\" src=\"https:\/\/maestrodeceremonias.es\/wp-content\/uploads\/2023\/06\/bienestarcapital-coaching.png\" alt=\"\" class=\"wp-image-2208\" width=\"88\" height=\"79\"\/><\/a><\/figure>\n\n\n\n<figure class=\"wp-block-image alignleft size-full is-resized\"><a href=\"http:\/\/www.vip-comunicacion.com\/\" target=\"_blank\" rel=\"noreferrer noopener\"><img loading=\"lazy\" decoding=\"async\" src=\"https:\/\/maestrodeceremonias.es\/wp-content\/uploads\/2023\/06\/VIP.jpg\" alt=\"\" class=\"wp-image-2211\" width=\"77\" height=\"77\"\/><\/a><\/figure>\n\n\n\n<figure class=\"wp-block-image alignleft size-full is-resized\"><img loading=\"lazy\" decoding=\"async\" src=\"https:\/\/maestrodeceremonias.es\/wp-content\/uploads\/2015\/10\/Oliviaisdifferent.jpg\" alt=\"\" class=\"wp-image-372\" width=\"77\" height=\"77\" srcset=\"https:\/\/maestrodeceremonias.es\/wp-content\/uploads\/2015\/10\/Oliviaisdifferent.jpg 160w, https:\/\/maestrodeceremonias.es\/wp-content\/uploads\/2015\/10\/Oliviaisdifferent-150x150.jpg 150w\" sizes=\"auto, (max-width: 77px) 100vw, 77px\" \/><\/figure>\n\n\n\n<figure class=\"wp-block-image alignleft size-full is-resized\"><a href=\"http:\/\/priveeventos.es\/\" target=\"_blank\" rel=\"noreferrer noopener\"><img loading=\"lazy\" decoding=\"async\" src=\"https:\/\/maestrodeceremonias.es\/wp-content\/uploads\/2023\/06\/priveeventos.jpg\" alt=\"\" class=\"wp-image-2212\" width=\"74\" height=\"74\"\/><\/a><\/figure>\n\n\n\n<figure class=\"wp-block-image alignleft size-full is-resized\"><a href=\"http:\/\/www.classnatura.com\/web\/\" target=\"_blank\" rel=\"noreferrer noopener\"><img loading=\"lazy\" decoding=\"async\" src=\"https:\/\/maestrodeceremonias.es\/wp-content\/uploads\/2023\/06\/logo_classnatura.jpg\" alt=\"\" class=\"wp-image-2213\" width=\"210\" height=\"47\" srcset=\"https:\/\/maestrodeceremonias.es\/wp-content\/uploads\/2023\/06\/logo_classnatura.jpg 317w, https:\/\/maestrodeceremonias.es\/wp-content\/uploads\/2023\/06\/logo_classnatura-300x68.jpg 300w\" sizes=\"auto, (max-width: 210px) 100vw, 210px\" \/><\/a><\/figure>\n\n\n\n<figure class=\"wp-block-image alignleft size-full is-resized\"><a href=\"http:\/\/www.selectasuit.com\/\" target=\"_blank\" rel=\"noreferrer noopener\"><img loading=\"lazy\" decoding=\"async\" src=\"https:\/\/maestrodeceremonias.es\/wp-content\/uploads\/2023\/06\/selectasuit.png\" alt=\"\" class=\"wp-image-2214\" width=\"119\" height=\"68\"\/><\/a><\/figure>\n\n\n\n<figure class=\"wp-block-image alignleft size-full is-resized\"><img loading=\"lazy\" decoding=\"async\" src=\"https:\/\/maestrodeceremonias.es\/wp-content\/uploads\/2023\/06\/qkevents.jpg\" alt=\"\" class=\"wp-image-2203\" width=\"85\" height=\"85\"\/><\/figure>\n\n\n\n<figure class=\"wp-block-image alignleft size-full is-resized\"><a href=\"http:\/\/www.lamoralejawp.com\/\" target=\"_blank\" rel=\"noreferrer noopener\"><img loading=\"lazy\" decoding=\"async\" src=\"https:\/\/maestrodeceremonias.es\/wp-content\/uploads\/2023\/06\/lamoralejaweddingplanners_Maestro-de-ceremonias.jpg\" alt=\"\" class=\"wp-image-2206\" width=\"183\" height=\"67\"\/><\/a><\/figure>\n<\/div>\n<\/div>","protected":false},"excerpt":{"rendered":"<p>Co-workers at civil weddings and events At Maestro de Ceremonias, we are proud to work only with companies and professionals that offer the highest of quality and excellence as a standard. You can rest assured that our collaborators will fulfill your expectations. Photographers of events and civil weddings: Madrid: Valladolid: Wedding Planner Madrid: Valladolid: Bilbao: [&hellip;]<\/p>\n","protected":false},"author":1,"featured_media":0,"parent":0,"menu_order":0,"comment_status":"closed","ping_status":"closed","template":"","meta":{"_monsterinsights_skip_tracking":false,"_monsterinsights_sitenote_active":false,"_monsterinsights_sitenote_note":"","_monsterinsights_sitenote_category":0,"_joinchat":[],"footnotes":""},"class_list":["post-147","page","type-page","status-publish","hentry"],"blocksy_meta":[],"yoast_head":"<!-- This site is optimized with the Yoast SEO plugin v26.8 - https:\/\/yoast.com\/product\/yoast-seo-wordpress\/ -->\n<title>Civil wedding companies<\/title>\n<meta name=\"robots\" content=\"index, follow, max-snippet:-1, max-image-preview:large, max-video-preview:-1\" \/>\n<link rel=\"canonical\" href=\"https:\/\/maestrodeceremonias.es\/en\/co-workers\/\" \/>\n<meta property=\"og:locale\" content=\"en_GB\" \/>\n<meta property=\"og:type\" content=\"article\" \/>\n<meta property=\"og:title\" content=\"Civil wedding companies\" \/>\n<meta property=\"og:description\" content=\"Co-workers at civil weddings and events At Maestro de Ceremonias, we are proud to work only with companies and professionals that offer the highest of quality and excellence as a standard. You can rest assured that our collaborators will fulfill your expectations. Photographers of events and civil weddings: Madrid: Valladolid: Wedding Planner Madrid: Valladolid: Bilbao: [&hellip;]\" \/>\n<meta property=\"og:url\" content=\"https:\/\/maestrodeceremonias.es\/en\/co-workers\/\" \/>\n<meta property=\"og:site_name\" content=\"Maestro de Ceremonias Oficiante de Bodas Civiles y Eventos\" \/>\n<meta property=\"article:publisher\" content=\"https:\/\/www.facebook.com\/Maestrodeceremonias.presentador\" \/>\n<meta property=\"article:modified_time\" content=\"2023-06-11T04:31:36+00:00\" \/>\n<meta property=\"og:image\" content=\"https:\/\/maestrodeceremonias.es\/wp-content\/uploads\/2016\/06\/Bodas-civiles-Toledo-1024x768.jpg\" \/>\n<meta name=\"twitter:card\" content=\"summary_large_image\" \/>\n<meta name=\"twitter:site\" content=\"@presentador_mc\" \/>\n<meta name=\"twitter:label1\" content=\"Estimated reading time\" \/>\n\t<meta name=\"twitter:data1\" content=\"5 minutes\" \/>\n<script type=\"application\/ld+json\" class=\"yoast-schema-graph\">{\"@context\":\"https:\/\/schema.org\",\"@graph\":[{\"@type\":\"WebPage\",\"@id\":\"https:\/\/maestrodeceremonias.es\/co-workers\/\",\"url\":\"https:\/\/maestrodeceremonias.es\/co-workers\/\",\"name\":\"Civil wedding companies\",\"isPartOf\":{\"@id\":\"https:\/\/maestrodeceremonias.es\/#website\"},\"primaryImageOfPage\":{\"@id\":\"https:\/\/maestrodeceremonias.es\/co-workers\/#primaryimage\"},\"image\":{\"@id\":\"https:\/\/maestrodeceremonias.es\/co-workers\/#primaryimage\"},\"thumbnailUrl\":\"https:\/\/maestrodeceremonias.es\/wp-content\/uploads\/2016\/06\/Bodas-civiles-Toledo-1024x768.jpg\",\"datePublished\":\"2015-10-09T12:44:58+00:00\",\"dateModified\":\"2023-06-11T04:31:36+00:00\",\"breadcrumb\":{\"@id\":\"https:\/\/maestrodeceremonias.es\/co-workers\/#breadcrumb\"},\"inLanguage\":\"en-GB\",\"potentialAction\":[{\"@type\":\"ReadAction\",\"target\":[\"https:\/\/maestrodeceremonias.es\/co-workers\/\"]}]},{\"@type\":\"ImageObject\",\"inLanguage\":\"en-GB\",\"@id\":\"https:\/\/maestrodeceremonias.es\/co-workers\/#primaryimage\",\"url\":\"https:\/\/maestrodeceremonias.es\/wp-content\/uploads\/2016\/06\/Bodas-civiles-Toledo-1024x768.jpg\",\"contentUrl\":\"https:\/\/maestrodeceremonias.es\/wp-content\/uploads\/2016\/06\/Bodas-civiles-Toledo-1024x768.jpg\"},{\"@type\":\"BreadcrumbList\",\"@id\":\"https:\/\/maestrodeceremonias.es\/co-workers\/#breadcrumb\",\"itemListElement\":[{\"@type\":\"ListItem\",\"position\":1,\"name\":\"Maestros de ceremonias\",\"item\":\"https:\/\/maestrodeceremonias.es\/\"},{\"@type\":\"ListItem\",\"position\":2,\"name\":\"Co-Workers\"}]},{\"@type\":\"WebSite\",\"@id\":\"https:\/\/maestrodeceremonias.es\/#website\",\"url\":\"https:\/\/maestrodeceremonias.es\/\",\"name\":\"Maestro de Ceremonias Oficiante de Bodas Civiles y Eventos\",\"description\":\"Necesitas contratar Maestros de Ceremonias Oficiantes de Boda  para tu celebraci\u00f3n de boda civil simb\u00f3lica. P\u00eddenos presupuesto. Prestamos servicio en Madrid y en toda Espa\u00f1a. Speakers y Presentadores de eventos profesionales biling\u00fces en todos los idiomas a un precio asequible. Preg\u00fantanos: email: mc@maestrodeceremonias.es Tel\u00e9fono y Whatsapp: 644 597 199\",\"publisher\":{\"@id\":\"https:\/\/maestrodeceremonias.es\/#organization\"},\"potentialAction\":[{\"@type\":\"SearchAction\",\"target\":{\"@type\":\"EntryPoint\",\"urlTemplate\":\"https:\/\/maestrodeceremonias.es\/?s={search_term_string}\"},\"query-input\":{\"@type\":\"PropertyValueSpecification\",\"valueRequired\":true,\"valueName\":\"search_term_string\"}}],\"inLanguage\":\"en-GB\"},{\"@type\":\"Organization\",\"@id\":\"https:\/\/maestrodeceremonias.es\/#organization\",\"name\":\"Maestro de Ceremonias Oficiante de Bodas Civiles y Eventos\",\"url\":\"https:\/\/maestrodeceremonias.es\/\",\"logo\":{\"@type\":\"ImageObject\",\"inLanguage\":\"en-GB\",\"@id\":\"https:\/\/maestrodeceremonias.es\/#\/schema\/logo\/image\/\",\"url\":\"https:\/\/maestrodeceremonias.es\/wp-content\/uploads\/2023\/07\/Maestro-oficiante-de-Boda-Ceremonia-cabecera-web.jpg\",\"contentUrl\":\"https:\/\/maestrodeceremonias.es\/wp-content\/uploads\/2023\/07\/Maestro-oficiante-de-Boda-Ceremonia-cabecera-web.jpg\",\"width\":960,\"height\":250,\"caption\":\"Maestro de Ceremonias Oficiante de Bodas Civiles y Eventos\"},\"image\":{\"@id\":\"https:\/\/maestrodeceremonias.es\/#\/schema\/logo\/image\/\"},\"sameAs\":[\"https:\/\/www.facebook.com\/Maestrodeceremonias.presentador\",\"https:\/\/x.com\/presentador_mc\",\"https:\/\/www.instagram.com\/maestrosdeceremonias\/\"]}]}<\/script>\n<!-- \/ Yoast SEO plugin. -->","yoast_head_json":{"title":"Civil wedding companies","robots":{"index":"index","follow":"follow","max-snippet":"max-snippet:-1","max-image-preview":"max-image-preview:large","max-video-preview":"max-video-preview:-1"},"canonical":"https:\/\/maestrodeceremonias.es\/en\/co-workers\/","og_locale":"en_GB","og_type":"article","og_title":"Civil wedding companies","og_description":"Co-workers at civil weddings and events At Maestro de Ceremonias, we are proud to work only with companies and professionals that offer the highest of quality and excellence as a standard. You can rest assured that our collaborators will fulfill your expectations. Photographers of events and civil weddings: Madrid: Valladolid: Wedding Planner Madrid: Valladolid: Bilbao: [&hellip;]","og_url":"https:\/\/maestrodeceremonias.es\/en\/co-workers\/","og_site_name":"Maestro de Ceremonias Oficiante de Bodas Civiles y Eventos","article_publisher":"https:\/\/www.facebook.com\/Maestrodeceremonias.presentador","article_modified_time":"2023-06-11T04:31:36+00:00","og_image":[{"url":"https:\/\/maestrodeceremonias.es\/wp-content\/uploads\/2016\/06\/Bodas-civiles-Toledo-1024x768.jpg","type":"","width":"","height":""}],"twitter_card":"summary_large_image","twitter_site":"@presentador_mc","twitter_misc":{"Estimated reading time":"5 minutes"},"schema":{"@context":"https:\/\/schema.org","@graph":[{"@type":"WebPage","@id":"https:\/\/maestrodeceremonias.es\/co-workers\/","url":"https:\/\/maestrodeceremonias.es\/co-workers\/","name":"Civil wedding companies","isPartOf":{"@id":"https:\/\/maestrodeceremonias.es\/#website"},"primaryImageOfPage":{"@id":"https:\/\/maestrodeceremonias.es\/co-workers\/#primaryimage"},"image":{"@id":"https:\/\/maestrodeceremonias.es\/co-workers\/#primaryimage"},"thumbnailUrl":"https:\/\/maestrodeceremonias.es\/wp-content\/uploads\/2016\/06\/Bodas-civiles-Toledo-1024x768.jpg","datePublished":"2015-10-09T12:44:58+00:00","dateModified":"2023-06-11T04:31:36+00:00","breadcrumb":{"@id":"https:\/\/maestrodeceremonias.es\/co-workers\/#breadcrumb"},"inLanguage":"en-GB","potentialAction":[{"@type":"ReadAction","target":["https:\/\/maestrodeceremonias.es\/co-workers\/"]}]},{"@type":"ImageObject","inLanguage":"en-GB","@id":"https:\/\/maestrodeceremonias.es\/co-workers\/#primaryimage","url":"https:\/\/maestrodeceremonias.es\/wp-content\/uploads\/2016\/06\/Bodas-civiles-Toledo-1024x768.jpg","contentUrl":"https:\/\/maestrodeceremonias.es\/wp-content\/uploads\/2016\/06\/Bodas-civiles-Toledo-1024x768.jpg"},{"@type":"BreadcrumbList","@id":"https:\/\/maestrodeceremonias.es\/co-workers\/#breadcrumb","itemListElement":[{"@type":"ListItem","position":1,"name":"Maestros de ceremonias","item":"https:\/\/maestrodeceremonias.es\/"},{"@type":"ListItem","position":2,"name":"Co-Workers"}]},{"@type":"WebSite","@id":"https:\/\/maestrodeceremonias.es\/#website","url":"https:\/\/maestrodeceremonias.es\/","name":"Maestro de Ceremonias Oficiante de Bodas Civiles y Eventos","description":"Necesitas contratar Maestros de Ceremonias Oficiantes de Boda  para tu celebraci\u00f3n de boda civil simb\u00f3lica. P\u00eddenos presupuesto. Prestamos servicio en Madrid y en toda Espa\u00f1a. Speakers y Presentadores de eventos profesionales biling\u00fces en todos los idiomas a un precio asequible. Preg\u00fantanos: email: mc@maestrodeceremonias.es Tel\u00e9fono y Whatsapp: 644 597 199","publisher":{"@id":"https:\/\/maestrodeceremonias.es\/#organization"},"potentialAction":[{"@type":"SearchAction","target":{"@type":"EntryPoint","urlTemplate":"https:\/\/maestrodeceremonias.es\/?s={search_term_string}"},"query-input":{"@type":"PropertyValueSpecification","valueRequired":true,"valueName":"search_term_string"}}],"inLanguage":"en-GB"},{"@type":"Organization","@id":"https:\/\/maestrodeceremonias.es\/#organization","name":"Maestro de Ceremonias Oficiante de Bodas Civiles y Eventos","url":"https:\/\/maestrodeceremonias.es\/","logo":{"@type":"ImageObject","inLanguage":"en-GB","@id":"https:\/\/maestrodeceremonias.es\/#\/schema\/logo\/image\/","url":"https:\/\/maestrodeceremonias.es\/wp-content\/uploads\/2023\/07\/Maestro-oficiante-de-Boda-Ceremonia-cabecera-web.jpg","contentUrl":"https:\/\/maestrodeceremonias.es\/wp-content\/uploads\/2023\/07\/Maestro-oficiante-de-Boda-Ceremonia-cabecera-web.jpg","width":960,"height":250,"caption":"Maestro de Ceremonias Oficiante de Bodas Civiles y Eventos"},"image":{"@id":"https:\/\/maestrodeceremonias.es\/#\/schema\/logo\/image\/"},"sameAs":["https:\/\/www.facebook.com\/Maestrodeceremonias.presentador","https:\/\/x.com\/presentador_mc","https:\/\/www.instagram.com\/maestrosdeceremonias\/"]}]}},"_links":{"self":[{"href":"http:\/\/maestrodeceremonias.es\/en\/wp-json\/wp\/v2\/pages\/147","targetHints":{"allow":["GET"]}}],"collection":[{"href":"http:\/\/maestrodeceremonias.es\/en\/wp-json\/wp\/v2\/pages"}],"about":[{"href":"http:\/\/maestrodeceremonias.es\/en\/wp-json\/wp\/v2\/types\/page"}],"author":[{"embeddable":true,"href":"http:\/\/maestrodeceremonias.es\/en\/wp-json\/wp\/v2\/users\/1"}],"replies":[{"embeddable":true,"href":"http:\/\/maestrodeceremonias.es\/en\/wp-json\/wp\/v2\/comments?post=147"}],"version-history":[{"count":0,"href":"http:\/\/maestrodeceremonias.es\/en\/wp-json\/wp\/v2\/pages\/147\/revisions"}],"wp:attachment":[{"href":"http:\/\/maestrodeceremonias.es\/en\/wp-json\/wp\/v2\/media?parent=147"}],"curies":[{"name":"wp","href":"https:\/\/api.w.org\/{rel}","templated":true}]}}