{"id":1525,"date":"2019-03-21T17:59:17","date_gmt":"2019-03-21T17:59:17","guid":{"rendered":"http:\/\/maestrodeceremonias.es\/?page_id=1525"},"modified":"2024-10-22T10:29:26","modified_gmt":"2024-10-22T08:29:26","slug":"maestro-de-ceremonias-madrid-luis-d-c","status":"publish","type":"page","link":"http:\/\/maestrodeceremonias.es\/en\/maestro-de-ceremonias-madrid-luis-d-c\/","title":{"rendered":"Maestro de Ceremonias Madrid Luis d C."},"content":{"rendered":"<p><a href=\"#\"><strong>Descargar dossier<\/strong><\/a><\/p>\n\n\n\n<div class=\"wp-block-columns is-layout-flex wp-container-core-columns-is-layout-1 wp-block-columns-is-layout-flex\">\n<div class=\"wp-block-column is-layout-flow wp-block-column-is-layout-flow\" style=\"flex-basis:66.66%\">\n<figure class=\"wp-block-image size-large is-resized\"><img loading=\"lazy\" decoding=\"async\" width=\"1024\" height=\"240\" src=\"https:\/\/maestrodeceremonias.es\/wp-content\/uploads\/2024\/10\/friso-1024x240.jpg\" alt=\"Maestro de ceremonias divertido\" class=\"wp-image-2453\" style=\"aspect-ratio:4.266666666666667;width:997px;height:auto\" srcset=\"https:\/\/maestrodeceremonias.es\/wp-content\/uploads\/2024\/10\/friso-1024x240.jpg 1024w, https:\/\/maestrodeceremonias.es\/wp-content\/uploads\/2024\/10\/friso-300x70.jpg 300w, https:\/\/maestrodeceremonias.es\/wp-content\/uploads\/2024\/10\/friso-768x180.jpg 768w, https:\/\/maestrodeceremonias.es\/wp-content\/uploads\/2024\/10\/friso-18x4.jpg 18w, https:\/\/maestrodeceremonias.es\/wp-content\/uploads\/2024\/10\/friso.jpg 1240w\" sizes=\"auto, (max-width: 1024px) 100vw, 1024px\" \/><\/figure>\n<\/div>\n<\/div>\n\n\n\n<figure class=\"wp-block-embed is-type-video is-provider-vimeo wp-block-embed-vimeo wp-embed-aspect-16-9 wp-has-aspect-ratio\"><div class=\"wp-block-embed__wrapper\">\n<iframe loading=\"lazy\" src=\"https:\/\/player.vimeo.com\/video\/122040032?dnt=1&amp;app_id=122963\" width=\"720\" height=\"400\" frameborder=\"0\" allow=\"autoplay; fullscreen; picture-in-picture; clipboard-write\"><\/iframe>\n<\/div><\/figure>","protected":false},"excerpt":{"rendered":"<p>Descargar dossier<\/p>","protected":false},"author":1,"featured_media":0,"parent":0,"menu_order":0,"comment_status":"closed","ping_status":"closed","template":"","meta":{"_monsterinsights_skip_tracking":false,"_monsterinsights_sitenote_active":false,"_monsterinsights_sitenote_note":"","_monsterinsights_sitenote_category":0,"_joinchat":[],"footnotes":""},"class_list":["post-1525","page","type-page","status-publish","hentry"],"blocksy_meta":[],"yoast_head":"<!-- This site is optimized with the Yoast SEO plugin v26.8 - https:\/\/yoast.com\/product\/yoast-seo-wordpress\/ -->\n<title>Maestro de Ceremonias Madrid Luis d C. - Maestro de Ceremonias Oficiante de Bodas Civiles y Eventos<\/title>\n<meta name=\"robots\" content=\"index, follow, max-snippet:-1, max-image-preview:large, max-video-preview:-1\" \/>\n<link rel=\"canonical\" href=\"https:\/\/maestrodeceremonias.es\/en\/maestro-de-ceremonias-madrid-luis-d-c\/\" \/>\n<meta property=\"og:locale\" content=\"en_GB\" \/>\n<meta property=\"og:type\" content=\"article\" \/>\n<meta property=\"og:title\" content=\"Maestro de Ceremonias Madrid Luis d C. - Maestro de Ceremonias Oficiante de Bodas Civiles y Eventos\" \/>\n<meta property=\"og:description\" content=\"Descargar dossier\" \/>\n<meta property=\"og:url\" content=\"https:\/\/maestrodeceremonias.es\/en\/maestro-de-ceremonias-madrid-luis-d-c\/\" \/>\n<meta property=\"og:site_name\" content=\"Maestro de Ceremonias Oficiante de Bodas Civiles y Eventos\" \/>\n<meta property=\"article:publisher\" content=\"https:\/\/www.facebook.com\/Maestrodeceremonias.presentador\" \/>\n<meta property=\"article:modified_time\" content=\"2024-10-22T08:29:26+00:00\" \/>\n<meta property=\"og:image\" content=\"https:\/\/maestrodeceremonias.es\/wp-content\/uploads\/2024\/10\/friso-1024x240.jpg\" \/>\n<meta name=\"twitter:card\" content=\"summary_large_image\" \/>\n<meta name=\"twitter:site\" content=\"@presentador_mc\" \/>\n<meta name=\"twitter:label1\" content=\"Estimated reading time\" \/>\n\t<meta name=\"twitter:data1\" content=\"1 minute\" \/>\n<script type=\"application\/ld+json\" class=\"yoast-schema-graph\">{\"@context\":\"https:\/\/schema.org\",\"@graph\":[{\"@type\":\"WebPage\",\"@id\":\"https:\/\/maestrodeceremonias.es\/maestro-de-ceremonias-madrid-luis-d-c\/\",\"url\":\"https:\/\/maestrodeceremonias.es\/maestro-de-ceremonias-madrid-luis-d-c\/\",\"name\":\"Maestro de Ceremonias Madrid Luis d C. - Maestro de Ceremonias Oficiante de Bodas Civiles y Eventos\",\"isPartOf\":{\"@id\":\"https:\/\/maestrodeceremonias.es\/#website\"},\"primaryImageOfPage\":{\"@id\":\"https:\/\/maestrodeceremonias.es\/maestro-de-ceremonias-madrid-luis-d-c\/#primaryimage\"},\"image\":{\"@id\":\"https:\/\/maestrodeceremonias.es\/maestro-de-ceremonias-madrid-luis-d-c\/#primaryimage\"},\"thumbnailUrl\":\"https:\/\/maestrodeceremonias.es\/wp-content\/uploads\/2024\/10\/friso-1024x240.jpg\",\"datePublished\":\"2019-03-21T17:59:17+00:00\",\"dateModified\":\"2024-10-22T08:29:26+00:00\",\"breadcrumb\":{\"@id\":\"https:\/\/maestrodeceremonias.es\/maestro-de-ceremonias-madrid-luis-d-c\/#breadcrumb\"},\"inLanguage\":\"en-GB\",\"potentialAction\":[{\"@type\":\"ReadAction\",\"target\":[\"https:\/\/maestrodeceremonias.es\/maestro-de-ceremonias-madrid-luis-d-c\/\"]}]},{\"@type\":\"ImageObject\",\"inLanguage\":\"en-GB\",\"@id\":\"https:\/\/maestrodeceremonias.es\/maestro-de-ceremonias-madrid-luis-d-c\/#primaryimage\",\"url\":\"https:\/\/maestrodeceremonias.es\/wp-content\/uploads\/2024\/10\/friso-1024x240.jpg\",\"contentUrl\":\"https:\/\/maestrodeceremonias.es\/wp-content\/uploads\/2024\/10\/friso-1024x240.jpg\"},{\"@type\":\"BreadcrumbList\",\"@id\":\"https:\/\/maestrodeceremonias.es\/maestro-de-ceremonias-madrid-luis-d-c\/#breadcrumb\",\"itemListElement\":[{\"@type\":\"ListItem\",\"position\":1,\"name\":\"Maestros de ceremonias\",\"item\":\"https:\/\/maestrodeceremonias.es\/\"},{\"@type\":\"ListItem\",\"position\":2,\"name\":\"Maestro de Ceremonias Madrid Luis d C.\"}]},{\"@type\":\"WebSite\",\"@id\":\"https:\/\/maestrodeceremonias.es\/#website\",\"url\":\"https:\/\/maestrodeceremonias.es\/\",\"name\":\"Maestro de Ceremonias Oficiante de Bodas Civiles y Eventos\",\"description\":\"Necesitas contratar Maestros de Ceremonias Oficiantes de Boda  para tu celebraci\u00f3n de boda civil simb\u00f3lica. P\u00eddenos presupuesto. Prestamos servicio en Madrid y en toda Espa\u00f1a. Speakers y Presentadores de eventos profesionales biling\u00fces en todos los idiomas a un precio asequible. Preg\u00fantanos: email: mc@maestrodeceremonias.es Tel\u00e9fono y Whatsapp: 644 597 199\",\"publisher\":{\"@id\":\"https:\/\/maestrodeceremonias.es\/#organization\"},\"potentialAction\":[{\"@type\":\"SearchAction\",\"target\":{\"@type\":\"EntryPoint\",\"urlTemplate\":\"https:\/\/maestrodeceremonias.es\/?s={search_term_string}\"},\"query-input\":{\"@type\":\"PropertyValueSpecification\",\"valueRequired\":true,\"valueName\":\"search_term_string\"}}],\"inLanguage\":\"en-GB\"},{\"@type\":\"Organization\",\"@id\":\"https:\/\/maestrodeceremonias.es\/#organization\",\"name\":\"Maestro de Ceremonias Oficiante de Bodas Civiles y Eventos\",\"url\":\"https:\/\/maestrodeceremonias.es\/\",\"logo\":{\"@type\":\"ImageObject\",\"inLanguage\":\"en-GB\",\"@id\":\"https:\/\/maestrodeceremonias.es\/#\/schema\/logo\/image\/\",\"url\":\"https:\/\/maestrodeceremonias.es\/wp-content\/uploads\/2023\/07\/Maestro-oficiante-de-Boda-Ceremonia-cabecera-web.jpg\",\"contentUrl\":\"https:\/\/maestrodeceremonias.es\/wp-content\/uploads\/2023\/07\/Maestro-oficiante-de-Boda-Ceremonia-cabecera-web.jpg\",\"width\":960,\"height\":250,\"caption\":\"Maestro de Ceremonias Oficiante de Bodas Civiles y Eventos\"},\"image\":{\"@id\":\"https:\/\/maestrodeceremonias.es\/#\/schema\/logo\/image\/\"},\"sameAs\":[\"https:\/\/www.facebook.com\/Maestrodeceremonias.presentador\",\"https:\/\/x.com\/presentador_mc\",\"https:\/\/www.instagram.com\/maestrosdeceremonias\/\"]}]}<\/script>\n<!-- \/ Yoast SEO plugin. -->","yoast_head_json":{"title":"Maestro de Ceremonias Madrid Luis d C. - Maestro de Ceremonias Oficiante de Bodas Civiles y Eventos","robots":{"index":"index","follow":"follow","max-snippet":"max-snippet:-1","max-image-preview":"max-image-preview:large","max-video-preview":"max-video-preview:-1"},"canonical":"https:\/\/maestrodeceremonias.es\/en\/maestro-de-ceremonias-madrid-luis-d-c\/","og_locale":"en_GB","og_type":"article","og_title":"Maestro de Ceremonias Madrid Luis d C. - Maestro de Ceremonias Oficiante de Bodas Civiles y Eventos","og_description":"Descargar dossier","og_url":"https:\/\/maestrodeceremonias.es\/en\/maestro-de-ceremonias-madrid-luis-d-c\/","og_site_name":"Maestro de Ceremonias Oficiante de Bodas Civiles y Eventos","article_publisher":"https:\/\/www.facebook.com\/Maestrodeceremonias.presentador","article_modified_time":"2024-10-22T08:29:26+00:00","og_image":[{"url":"https:\/\/maestrodeceremonias.es\/wp-content\/uploads\/2024\/10\/friso-1024x240.jpg","type":"","width":"","height":""}],"twitter_card":"summary_large_image","twitter_site":"@presentador_mc","twitter_misc":{"Estimated reading time":"1 minute"},"schema":{"@context":"https:\/\/schema.org","@graph":[{"@type":"WebPage","@id":"https:\/\/maestrodeceremonias.es\/maestro-de-ceremonias-madrid-luis-d-c\/","url":"https:\/\/maestrodeceremonias.es\/maestro-de-ceremonias-madrid-luis-d-c\/","name":"Maestro de Ceremonias Madrid Luis d C. - Maestro de Ceremonias Oficiante de Bodas Civiles y Eventos","isPartOf":{"@id":"https:\/\/maestrodeceremonias.es\/#website"},"primaryImageOfPage":{"@id":"https:\/\/maestrodeceremonias.es\/maestro-de-ceremonias-madrid-luis-d-c\/#primaryimage"},"image":{"@id":"https:\/\/maestrodeceremonias.es\/maestro-de-ceremonias-madrid-luis-d-c\/#primaryimage"},"thumbnailUrl":"https:\/\/maestrodeceremonias.es\/wp-content\/uploads\/2024\/10\/friso-1024x240.jpg","datePublished":"2019-03-21T17:59:17+00:00","dateModified":"2024-10-22T08:29:26+00:00","breadcrumb":{"@id":"https:\/\/maestrodeceremonias.es\/maestro-de-ceremonias-madrid-luis-d-c\/#breadcrumb"},"inLanguage":"en-GB","potentialAction":[{"@type":"ReadAction","target":["https:\/\/maestrodeceremonias.es\/maestro-de-ceremonias-madrid-luis-d-c\/"]}]},{"@type":"ImageObject","inLanguage":"en-GB","@id":"https:\/\/maestrodeceremonias.es\/maestro-de-ceremonias-madrid-luis-d-c\/#primaryimage","url":"https:\/\/maestrodeceremonias.es\/wp-content\/uploads\/2024\/10\/friso-1024x240.jpg","contentUrl":"https:\/\/maestrodeceremonias.es\/wp-content\/uploads\/2024\/10\/friso-1024x240.jpg"},{"@type":"BreadcrumbList","@id":"https:\/\/maestrodeceremonias.es\/maestro-de-ceremonias-madrid-luis-d-c\/#breadcrumb","itemListElement":[{"@type":"ListItem","position":1,"name":"Maestros de ceremonias","item":"https:\/\/maestrodeceremonias.es\/"},{"@type":"ListItem","position":2,"name":"Maestro de Ceremonias Madrid Luis d C."}]},{"@type":"WebSite","@id":"https:\/\/maestrodeceremonias.es\/#website","url":"https:\/\/maestrodeceremonias.es\/","name":"Maestro de Ceremonias Oficiante de Bodas Civiles y Eventos","description":"Necesitas contratar Maestros de Ceremonias Oficiantes de Boda  para tu celebraci\u00f3n de boda civil simb\u00f3lica. P\u00eddenos presupuesto. Prestamos servicio en Madrid y en toda Espa\u00f1a. Speakers y Presentadores de eventos profesionales biling\u00fces en todos los idiomas a un precio asequible. Preg\u00fantanos: email: mc@maestrodeceremonias.es Tel\u00e9fono y Whatsapp: 644 597 199","publisher":{"@id":"https:\/\/maestrodeceremonias.es\/#organization"},"potentialAction":[{"@type":"SearchAction","target":{"@type":"EntryPoint","urlTemplate":"https:\/\/maestrodeceremonias.es\/?s={search_term_string}"},"query-input":{"@type":"PropertyValueSpecification","valueRequired":true,"valueName":"search_term_string"}}],"inLanguage":"en-GB"},{"@type":"Organization","@id":"https:\/\/maestrodeceremonias.es\/#organization","name":"Maestro de Ceremonias Oficiante de Bodas Civiles y Eventos","url":"https:\/\/maestrodeceremonias.es\/","logo":{"@type":"ImageObject","inLanguage":"en-GB","@id":"https:\/\/maestrodeceremonias.es\/#\/schema\/logo\/image\/","url":"https:\/\/maestrodeceremonias.es\/wp-content\/uploads\/2023\/07\/Maestro-oficiante-de-Boda-Ceremonia-cabecera-web.jpg","contentUrl":"https:\/\/maestrodeceremonias.es\/wp-content\/uploads\/2023\/07\/Maestro-oficiante-de-Boda-Ceremonia-cabecera-web.jpg","width":960,"height":250,"caption":"Maestro de Ceremonias Oficiante de Bodas Civiles y Eventos"},"image":{"@id":"https:\/\/maestrodeceremonias.es\/#\/schema\/logo\/image\/"},"sameAs":["https:\/\/www.facebook.com\/Maestrodeceremonias.presentador","https:\/\/x.com\/presentador_mc","https:\/\/www.instagram.com\/maestrosdeceremonias\/"]}]}},"_links":{"self":[{"href":"http:\/\/maestrodeceremonias.es\/en\/wp-json\/wp\/v2\/pages\/1525","targetHints":{"allow":["GET"]}}],"collection":[{"href":"http:\/\/maestrodeceremonias.es\/en\/wp-json\/wp\/v2\/pages"}],"about":[{"href":"http:\/\/maestrodeceremonias.es\/en\/wp-json\/wp\/v2\/types\/page"}],"author":[{"embeddable":true,"href":"http:\/\/maestrodeceremonias.es\/en\/wp-json\/wp\/v2\/users\/1"}],"replies":[{"embeddable":true,"href":"http:\/\/maestrodeceremonias.es\/en\/wp-json\/wp\/v2\/comments?post=1525"}],"version-history":[{"count":1,"href":"http:\/\/maestrodeceremonias.es\/en\/wp-json\/wp\/v2\/pages\/1525\/revisions"}],"predecessor-version":[{"id":2455,"href":"http:\/\/maestrodeceremonias.es\/en\/wp-json\/wp\/v2\/pages\/1525\/revisions\/2455"}],"wp:attachment":[{"href":"http:\/\/maestrodeceremonias.es\/en\/wp-json\/wp\/v2\/media?parent=1525"}],"curies":[{"name":"wp","href":"https:\/\/api.w.org\/{rel}","templated":true}]}}