{"id":1715,"date":"2019-10-17T07:09:38","date_gmt":"2019-10-17T07:09:38","guid":{"rendered":"https:\/\/maestrodeceremonias.es\/?page_id=1715"},"modified":"2023-06-09T07:11:50","modified_gmt":"2023-06-09T05:11:50","slug":"politica-de-cookies","status":"publish","type":"page","link":"http:\/\/maestrodeceremonias.es\/en\/politica-de-cookies\/","title":{"rendered":"Pol\u00edtica de Cookies"},"content":{"rendered":"<p><strong>INFORMACI\u00d3N SOBRE&nbsp;<\/strong><strong><em>COOKIES<\/em><\/strong><\/p>\n\n\n\n<p>Debido a la entrada en vigor de la referente modificaci\u00f3n de la \u201cLey de Servicios de la Sociedad de la Informaci\u00f3n\u201d (LSSICE) establecida por el Real Decreto 13\/2012, es de obligaci\u00f3n obtener el consentimiento expreso del usuario de todas las p\u00e1ginas web que usan&nbsp;<em>cookies&nbsp;<\/em>prescindibles,antes de que \u00e9ste navegue por ellas. &nbsp;<\/p>\n\n\n\n<p><strong>\u00bfQU\u00c9 SON LAS&nbsp;<\/strong><strong><em>COOKIES<\/em><\/strong><strong>?<\/strong><\/p>\n\n\n\n<p>Las&nbsp;<em>cookies&nbsp;<\/em>y otras tecnolog\u00edas similares tales como local shared objects, flash&nbsp;<em>cookies&nbsp;<\/em>o p\u00edxeles, son herramientas empleadas por los servidores Web para almacenar y recuperar informaci\u00f3n acerca de sus visitantes, as\u00ed como para ofrecer un correcto funcionamiento del sitio.<\/p>\n\n\n\n<p>Mediante el uso de estos dispositivos se permite al servidor Web recordar algunos datos concernientes al usuario, como sus preferencias para la visualizaci\u00f3n de las p\u00e1ginas de ese servidor, nombre y contrase\u00f1a, productos que m\u00e1s le interesan, etc.<\/p>\n\n\n\n<p><strong><em>COOKIES&nbsp;<\/em><\/strong><strong>AFECTADAS POR LA NORMATIVA Y&nbsp;<\/strong><strong><em>COOKIES&nbsp;<\/em><\/strong><strong>EXCEPTUADAS<\/strong><\/p>\n\n\n\n<p>Seg\u00fan la directiva de la UE, las&nbsp;<em>cookies&nbsp;<\/em>que requieren el consentimiento informado por parte del usuario son las&nbsp;<em>cookies&nbsp;<\/em>de anal\u00edtica y las de publicidad y afiliaci\u00f3n, quedando exceptuadas las de car\u00e1cter t\u00e9cnico y las necesarias para el funcionamiento del sitio web o la prestaci\u00f3n de servicios expresamente solicitados por el usuario.<\/p>\n\n\n\n<p><strong>\u00bfQU\u00c9 TIPOS DE&nbsp;<\/strong><strong><em>COOKIES&nbsp;<\/em><\/strong><strong>EXISTEN?<\/strong><\/p>\n\n\n\n<p>Sobre los tipos de cookies, existen cinco grandes grupos:<\/p>\n\n\n\n<ul class=\"wp-block-list\">\n<li><em>Cookies&nbsp;<\/em>anal\u00edticas: recogen informaci\u00f3n del uso que se realiza del sitio web.<\/li>\n\n\n\n<li><em>Cookies&nbsp;<\/em>sociales: son aquellas necesarias para redes sociales externas.<\/li>\n\n\n\n<li>&nbsp;<em>Cookies&nbsp;<\/em>de afiliados: permiten hacer un seguimiento de las visitas procedentes de otras webs, con las que el sitio web establece un contrato de afiliaci\u00f3n (empresas de afiliaci\u00f3n).<\/li>\n\n\n\n<li><em>Cookies&nbsp;<\/em>de publicidad y comportamentales: recogen informaci\u00f3n sobre las preferencias y elecciones personales del usuario (<em>retargeting<\/em>).<\/li>\n\n\n\n<li><em>Cookies&nbsp;<\/em>t\u00e9cnicas y funcionales: son las estrictamente necesarias para el uso del sitio web y para la prestaci\u00f3n del servicio contratado.<\/li>\n<\/ul>\n\n\n\n<p><strong><em>COOKIES&nbsp;<\/em><\/strong><strong>QUE SE UTILIZAN EN ESTE SITIO WEB<\/strong><\/p>\n\n\n\n<ul class=\"wp-block-list\">\n<li><strong>PHPSESSID<\/strong>:&nbsp;<em>cookie&nbsp;<\/em>t\u00e9cnica y estrictamente necesaria que contiene el identificador de la sesi\u00f3n. Se elimina al cerrar el navegador.<\/li>\n\n\n\n<li><strong>_lang<\/strong>:&nbsp;<em>cookie&nbsp;<\/em>t\u00e9cnica y estrictamente necesaria que contiene el idioma de la sesi\u00f3n. Se elimina al cerrar el navegador.<\/li>\n\n\n\n<li><strong>ac_cookies<\/strong>:&nbsp;<em>cookie&nbsp;<\/em>t\u00e9cnica y estrictamente necesaria que contiene el valor de si se ha aceptado la instalaci\u00f3n de cookies. Caduca en 1 a\u00f1o desde la \u00faltima actualizaci\u00f3n.<\/li>\n\n\n\n<li><strong>_ga<\/strong>:&nbsp;<em>cookie&nbsp;<\/em>de Google Analytics que habilita la funci\u00f3n de control de visitas \u00fanicas. La primera vez que un usuario entre en el sitio web a trav\u00e9s de un navegador se instalar\u00e1 esta&nbsp;<em>cookie<\/em>. Cuando este usuario vuelva a entrar en la web con el mismo navegador, la&nbsp;<em>cookie&nbsp;<\/em>considerar\u00e1 que es el mismo usuario. Solo en el caso de que el usuario cambie de navegador, se considerar\u00e1 otro usuario. Caduca a los 2 a\u00f1os desde la \u00faltima actualizaci\u00f3n.<\/li>\n\n\n\n<li>_<strong>gat<\/strong>: Esta&nbsp;<em>cookie&nbsp;<\/em>se asocia con Google Analytics. Se utiliza para limitar la velocidad de petici\u00f3n \u2013 la limitaci\u00f3n de la recogida de datos en los sitios de alto tr\u00e1fico. Caduca a los 10 minutos.<\/li>\n\n\n\n<li><strong>_gid:<\/strong>\u00a0Esta\u00a0<em>cookie\u00a0<\/em>se asocia con Google Analytics. Se utiliza para distinguir a los usuarios. Caduca a las 24 horas.<\/li>\n<\/ul>\n\n\n\n<p><strong>&nbsp;REVOCACI\u00d3N DEL CONSENTIMIENTO PARA INSTALAR COOKIES<\/strong><\/p>\n\n\n\n<p><strong>C\u00d3MO ELIMINAR LAS COOKIES DEL NAVEGADOR<\/strong><\/p>\n\n\n\n<p><strong>Chrome<\/strong><\/p>\n\n\n\n<ol class=\"wp-block-list\">\n<li>Selecciona el icono de Herramientas\u00a0<\/li>\n\n\n\n<li>Haz clic en Configuraci\u00f3n.<\/li>\n\n\n\n<li>Haz clic en Mostrar Opciones Avanzadas.<\/li>\n\n\n\n<li>En la secci\u00f3n \u00abPrivacidad\u00bb haz clic en Configuraci\u00f3n de contenido.\n<ul class=\"wp-block-list\">\n<li>Eliminar cookies: Haz clic en Todas las cookies y los datos de sitios\u2026<\/li>\n\n\n\n<li>No permitir que se almacenen cookies.<\/li>\n<\/ul>\n<\/li>\n\n\n\n<li>Haz clic en Eliminar datos de navegaci\u00f3n (vaciar la Cach\u00e9).<\/li>\n\n\n\n<li>Cierra y reinicia el navegador.<\/li>\n<\/ol>\n\n\n\n<p>Para m\u00e1s informaci\u00f3n sobre Chrome pulse aqu\u00ed:\u00a0<a href=\"http:\/\/support.google.com\/chrome\/answer\/95647?hl=es\" target=\"_blank\" rel=\"noreferrer noopener\">http:\/\/support.google.com\/chrome\/answer\/95647?hl=es<\/a><\/p>\n\n\n\n<p><strong>Internet Explorer. Versi\u00f3n 11<\/strong><\/p>\n\n\n\n<ol class=\"wp-block-list\">\n<li>Selecciona Herramientas | Opciones de Internet.<\/li>\n\n\n\n<li>Haz clic en la ficha General.<\/li>\n\n\n\n<li>En la secci\u00f3n \u00abHistorial de exploraci\u00f3n\u00bb, haz clic en Eliminar el historial de exploraci\u00f3n al salir.<\/li>\n\n\n\n<li>Seleccionar Eliminar archivos.<\/li>\n\n\n\n<li>Seleccionar Eliminar cookies.<\/li>\n\n\n\n<li>Haz clic en Eliminar.<\/li>\n\n\n\n<li>Haz clic en Aceptar.<\/li>\n\n\n\n<li>Cierra y reinicia el navegador.<\/li>\n<\/ol>\n\n\n\n<p>Para m\u00e1s informaci\u00f3n sobre Internet Explorer pulse aqu\u00ed:\u00a0<a href=\"https:\/\/support.microsoft.com\/es-es\/help\/278835\/how-to-delete-cookie-files-in-internet-explorer\" target=\"_blank\" rel=\"noreferrer noopener\">https:\/\/support.microsoft.com\/es-es\/help\/278835\/how-to-delete-cookie-files-in-internet-explorer<\/a><\/p>\n\n\n\n<p><strong>Firefox. Versi\u00f3n 18<\/strong><\/p>\n\n\n\n<ul class=\"wp-block-list\">\n<li>Selecciona Firefox | Historial | Limpiar el historial reciente.<\/li>\n\n\n\n<li>Al lado de \u00abDetalles\u00bb, haz clic en la flecha hacia abajo.<\/li>\n\n\n\n<li>Selecciona las siguientes casillas de verificaci\u00f3n: Cookies, Cach\u00e9, Inicios de sesi\u00f3n activos<\/li>\n\n\n\n<li>Usando el \u00abIntervalo de tiempo para borrar\u00bb en el men\u00fa desplegable, selecciona Todo.<\/li>\n\n\n\n<li>Haz clic en Borrar ahora.<\/li>\n\n\n\n<li>Cierra y reinicia el navegador.<\/li>\n<\/ul>\n\n\n\n<p>Puede aceptar o rechazar las cookies individualmente en las Preferencias de Firefox, en la secci\u00f3n Historial disponible en Herramientas &gt; Opciones &gt; Privacidad.<\/p>\n\n\n\n<p>Para m\u00e1s informaci\u00f3n sobre Mozilla Firefox pulse aqu\u00ed:\u00a0<a href=\"https:\/\/www.mozilla.org\/es-ES\/privacy\/websites\/#cookies\" target=\"_blank\" rel=\"noreferrer noopener\">https:\/\/www.mozilla.org\/es-ES\/privacy\/websites\/#cookies<\/a><\/p>\n\n\n\n<p><strong>Safari Versi\u00f3n 5.1<\/strong><\/p>\n\n\n\n<ol class=\"wp-block-list\">\n<li>Selecciona el icono de Safari \/ Editar | Restaurar Safari.<\/li>\n\n\n\n<li>Selecciona las siguientes casillas de verificaci\u00f3n: Borrar el historial, Eliminar todos los datos de sitio web.<\/li>\n\n\n\n<li>Haz clic en Restablecer.<\/li>\n\n\n\n<li>Cierra y reinicia el navegador.<\/li>\n<\/ol>\n\n\n\n<p>Para m\u00e1s informaci\u00f3n sobre Safari pulse aqu\u00ed:\u00a0<a href=\"https:\/\/www.apple.com\/legal\/privacy\/en-ww\/cookies\/\" target=\"_blank\" rel=\"noreferrer noopener\">https:\/\/www.apple.com\/legal\/privacy\/en-ww\/cookies\/<\/a><\/p>\n\n\n\n<p><strong>Opera<\/strong><\/p>\n\n\n\n<p>Opciones \u2013 Avanzado \u2013 Cookies.<\/p>\n\n\n\n<p>Las opciones de cookies controlan el modo en que Opera los maneja y por lo tanto su aceptaci\u00f3n o rechazo.<\/p>\n\n\n\n<p>Para m\u00e1s informaci\u00f3n sobre Opera pulse aqu\u00ed:\u00a0<a href=\"https:\/\/help.opera.com\/en\/latest\/security-and-privacy\/#clearBrowsingData\" target=\"_blank\" rel=\"noreferrer noopener\">https:\/\/help.opera.com\/en\/latest\/security-and-privacy\/#clearBrowsingData<\/a><\/p>\n\n\n\n<p><strong>Otros navegadores<\/strong><\/p>\n\n\n\n<p>Consulte la documentaci\u00f3n del navegador que tenga instalado.<\/p>","protected":false},"excerpt":{"rendered":"<p>INFORMACI\u00d3N SOBRE&nbsp;COOKIES Debido a la entrada en vigor de la referente modificaci\u00f3n de la \u201cLey de Servicios de la Sociedad de la Informaci\u00f3n\u201d (LSSICE) establecida por el Real Decreto 13\/2012, es de obligaci\u00f3n obtener el consentimiento expreso del usuario de todas las p\u00e1ginas web que usan&nbsp;cookies&nbsp;prescindibles,antes de que \u00e9ste navegue por ellas. &nbsp; \u00bfQU\u00c9 SON [&hellip;]<\/p>\n","protected":false},"author":1,"featured_media":0,"parent":0,"menu_order":0,"comment_status":"closed","ping_status":"closed","template":"","meta":{"_monsterinsights_skip_tracking":false,"_monsterinsights_sitenote_active":false,"_monsterinsights_sitenote_note":"","_monsterinsights_sitenote_category":0,"_joinchat":[],"footnotes":""},"class_list":["post-1715","page","type-page","status-publish","hentry"],"blocksy_meta":[],"yoast_head":"<!-- This site is optimized with the Yoast SEO plugin v26.8 - https:\/\/yoast.com\/product\/yoast-seo-wordpress\/ -->\n<title>Pol\u00edtica de Cookies - Maestro de Ceremonias Oficiante de Bodas Civiles y Eventos<\/title>\n<meta name=\"robots\" content=\"index, follow, max-snippet:-1, max-image-preview:large, max-video-preview:-1\" \/>\n<link rel=\"canonical\" href=\"https:\/\/maestrodeceremonias.es\/en\/politica-de-cookies\/\" \/>\n<meta property=\"og:locale\" content=\"en_GB\" \/>\n<meta property=\"og:type\" content=\"article\" \/>\n<meta property=\"og:title\" content=\"Pol\u00edtica de Cookies - Maestro de Ceremonias Oficiante de Bodas Civiles y Eventos\" \/>\n<meta property=\"og:description\" content=\"INFORMACI\u00d3N SOBRE&nbsp;COOKIES Debido a la entrada en vigor de la referente modificaci\u00f3n de la \u201cLey de Servicios de la Sociedad de la Informaci\u00f3n\u201d (LSSICE) establecida por el Real Decreto 13\/2012, es de obligaci\u00f3n obtener el consentimiento expreso del usuario de todas las p\u00e1ginas web que usan&nbsp;cookies&nbsp;prescindibles,antes de que \u00e9ste navegue por ellas. &nbsp; \u00bfQU\u00c9 SON [&hellip;]\" \/>\n<meta property=\"og:url\" content=\"https:\/\/maestrodeceremonias.es\/en\/politica-de-cookies\/\" \/>\n<meta property=\"og:site_name\" content=\"Maestro de Ceremonias Oficiante de Bodas Civiles y Eventos\" \/>\n<meta property=\"article:publisher\" content=\"https:\/\/www.facebook.com\/Maestrodeceremonias.presentador\" \/>\n<meta property=\"article:modified_time\" content=\"2023-06-09T05:11:50+00:00\" \/>\n<meta name=\"twitter:card\" content=\"summary_large_image\" \/>\n<meta name=\"twitter:site\" content=\"@presentador_mc\" \/>\n<meta name=\"twitter:label1\" content=\"Estimated reading time\" \/>\n\t<meta name=\"twitter:data1\" content=\"4 minutes\" \/>\n<script type=\"application\/ld+json\" class=\"yoast-schema-graph\">{\"@context\":\"https:\/\/schema.org\",\"@graph\":[{\"@type\":\"WebPage\",\"@id\":\"https:\/\/maestrodeceremonias.es\/politica-de-cookies\/\",\"url\":\"https:\/\/maestrodeceremonias.es\/politica-de-cookies\/\",\"name\":\"Pol\u00edtica de Cookies - Maestro de Ceremonias Oficiante de Bodas Civiles y Eventos\",\"isPartOf\":{\"@id\":\"https:\/\/maestrodeceremonias.es\/#website\"},\"datePublished\":\"2019-10-17T07:09:38+00:00\",\"dateModified\":\"2023-06-09T05:11:50+00:00\",\"breadcrumb\":{\"@id\":\"https:\/\/maestrodeceremonias.es\/politica-de-cookies\/#breadcrumb\"},\"inLanguage\":\"en-GB\",\"potentialAction\":[{\"@type\":\"ReadAction\",\"target\":[\"https:\/\/maestrodeceremonias.es\/politica-de-cookies\/\"]}]},{\"@type\":\"BreadcrumbList\",\"@id\":\"https:\/\/maestrodeceremonias.es\/politica-de-cookies\/#breadcrumb\",\"itemListElement\":[{\"@type\":\"ListItem\",\"position\":1,\"name\":\"Maestros de ceremonias\",\"item\":\"https:\/\/maestrodeceremonias.es\/\"},{\"@type\":\"ListItem\",\"position\":2,\"name\":\"Pol\u00edtica de Cookies\"}]},{\"@type\":\"WebSite\",\"@id\":\"https:\/\/maestrodeceremonias.es\/#website\",\"url\":\"https:\/\/maestrodeceremonias.es\/\",\"name\":\"Maestro de Ceremonias Oficiante de Bodas Civiles y Eventos\",\"description\":\"Necesitas contratar Maestros de Ceremonias Oficiantes de Boda  para tu celebraci\u00f3n de boda civil simb\u00f3lica. P\u00eddenos presupuesto. Prestamos servicio en Madrid y en toda Espa\u00f1a. Speakers y Presentadores de eventos profesionales biling\u00fces en todos los idiomas a un precio asequible. Preg\u00fantanos: email: mc@maestrodeceremonias.es Tel\u00e9fono y Whatsapp: 644 597 199\",\"publisher\":{\"@id\":\"https:\/\/maestrodeceremonias.es\/#organization\"},\"potentialAction\":[{\"@type\":\"SearchAction\",\"target\":{\"@type\":\"EntryPoint\",\"urlTemplate\":\"https:\/\/maestrodeceremonias.es\/?s={search_term_string}\"},\"query-input\":{\"@type\":\"PropertyValueSpecification\",\"valueRequired\":true,\"valueName\":\"search_term_string\"}}],\"inLanguage\":\"en-GB\"},{\"@type\":\"Organization\",\"@id\":\"https:\/\/maestrodeceremonias.es\/#organization\",\"name\":\"Maestro de Ceremonias Oficiante de Bodas Civiles y Eventos\",\"url\":\"https:\/\/maestrodeceremonias.es\/\",\"logo\":{\"@type\":\"ImageObject\",\"inLanguage\":\"en-GB\",\"@id\":\"https:\/\/maestrodeceremonias.es\/#\/schema\/logo\/image\/\",\"url\":\"https:\/\/maestrodeceremonias.es\/wp-content\/uploads\/2023\/07\/Maestro-oficiante-de-Boda-Ceremonia-cabecera-web.jpg\",\"contentUrl\":\"https:\/\/maestrodeceremonias.es\/wp-content\/uploads\/2023\/07\/Maestro-oficiante-de-Boda-Ceremonia-cabecera-web.jpg\",\"width\":960,\"height\":250,\"caption\":\"Maestro de Ceremonias Oficiante de Bodas Civiles y Eventos\"},\"image\":{\"@id\":\"https:\/\/maestrodeceremonias.es\/#\/schema\/logo\/image\/\"},\"sameAs\":[\"https:\/\/www.facebook.com\/Maestrodeceremonias.presentador\",\"https:\/\/x.com\/presentador_mc\",\"https:\/\/www.instagram.com\/maestrosdeceremonias\/\"]}]}<\/script>\n<!-- \/ Yoast SEO plugin. -->","yoast_head_json":{"title":"Pol\u00edtica de Cookies - Maestro de Ceremonias Oficiante de Bodas Civiles y Eventos","robots":{"index":"index","follow":"follow","max-snippet":"max-snippet:-1","max-image-preview":"max-image-preview:large","max-video-preview":"max-video-preview:-1"},"canonical":"https:\/\/maestrodeceremonias.es\/en\/politica-de-cookies\/","og_locale":"en_GB","og_type":"article","og_title":"Pol\u00edtica de Cookies - Maestro de Ceremonias Oficiante de Bodas Civiles y Eventos","og_description":"INFORMACI\u00d3N SOBRE&nbsp;COOKIES Debido a la entrada en vigor de la referente modificaci\u00f3n de la \u201cLey de Servicios de la Sociedad de la Informaci\u00f3n\u201d (LSSICE) establecida por el Real Decreto 13\/2012, es de obligaci\u00f3n obtener el consentimiento expreso del usuario de todas las p\u00e1ginas web que usan&nbsp;cookies&nbsp;prescindibles,antes de que \u00e9ste navegue por ellas. &nbsp; \u00bfQU\u00c9 SON [&hellip;]","og_url":"https:\/\/maestrodeceremonias.es\/en\/politica-de-cookies\/","og_site_name":"Maestro de Ceremonias Oficiante de Bodas Civiles y Eventos","article_publisher":"https:\/\/www.facebook.com\/Maestrodeceremonias.presentador","article_modified_time":"2023-06-09T05:11:50+00:00","twitter_card":"summary_large_image","twitter_site":"@presentador_mc","twitter_misc":{"Estimated reading time":"4 minutes"},"schema":{"@context":"https:\/\/schema.org","@graph":[{"@type":"WebPage","@id":"https:\/\/maestrodeceremonias.es\/politica-de-cookies\/","url":"https:\/\/maestrodeceremonias.es\/politica-de-cookies\/","name":"Pol\u00edtica de Cookies - Maestro de Ceremonias Oficiante de Bodas Civiles y Eventos","isPartOf":{"@id":"https:\/\/maestrodeceremonias.es\/#website"},"datePublished":"2019-10-17T07:09:38+00:00","dateModified":"2023-06-09T05:11:50+00:00","breadcrumb":{"@id":"https:\/\/maestrodeceremonias.es\/politica-de-cookies\/#breadcrumb"},"inLanguage":"en-GB","potentialAction":[{"@type":"ReadAction","target":["https:\/\/maestrodeceremonias.es\/politica-de-cookies\/"]}]},{"@type":"BreadcrumbList","@id":"https:\/\/maestrodeceremonias.es\/politica-de-cookies\/#breadcrumb","itemListElement":[{"@type":"ListItem","position":1,"name":"Maestros de ceremonias","item":"https:\/\/maestrodeceremonias.es\/"},{"@type":"ListItem","position":2,"name":"Pol\u00edtica de Cookies"}]},{"@type":"WebSite","@id":"https:\/\/maestrodeceremonias.es\/#website","url":"https:\/\/maestrodeceremonias.es\/","name":"Maestro de Ceremonias Oficiante de Bodas Civiles y Eventos","description":"Necesitas contratar Maestros de Ceremonias Oficiantes de Boda  para tu celebraci\u00f3n de boda civil simb\u00f3lica. P\u00eddenos presupuesto. Prestamos servicio en Madrid y en toda Espa\u00f1a. Speakers y Presentadores de eventos profesionales biling\u00fces en todos los idiomas a un precio asequible. Preg\u00fantanos: email: mc@maestrodeceremonias.es Tel\u00e9fono y Whatsapp: 644 597 199","publisher":{"@id":"https:\/\/maestrodeceremonias.es\/#organization"},"potentialAction":[{"@type":"SearchAction","target":{"@type":"EntryPoint","urlTemplate":"https:\/\/maestrodeceremonias.es\/?s={search_term_string}"},"query-input":{"@type":"PropertyValueSpecification","valueRequired":true,"valueName":"search_term_string"}}],"inLanguage":"en-GB"},{"@type":"Organization","@id":"https:\/\/maestrodeceremonias.es\/#organization","name":"Maestro de Ceremonias Oficiante de Bodas Civiles y Eventos","url":"https:\/\/maestrodeceremonias.es\/","logo":{"@type":"ImageObject","inLanguage":"en-GB","@id":"https:\/\/maestrodeceremonias.es\/#\/schema\/logo\/image\/","url":"https:\/\/maestrodeceremonias.es\/wp-content\/uploads\/2023\/07\/Maestro-oficiante-de-Boda-Ceremonia-cabecera-web.jpg","contentUrl":"https:\/\/maestrodeceremonias.es\/wp-content\/uploads\/2023\/07\/Maestro-oficiante-de-Boda-Ceremonia-cabecera-web.jpg","width":960,"height":250,"caption":"Maestro de Ceremonias Oficiante de Bodas Civiles y Eventos"},"image":{"@id":"https:\/\/maestrodeceremonias.es\/#\/schema\/logo\/image\/"},"sameAs":["https:\/\/www.facebook.com\/Maestrodeceremonias.presentador","https:\/\/x.com\/presentador_mc","https:\/\/www.instagram.com\/maestrosdeceremonias\/"]}]}},"_links":{"self":[{"href":"http:\/\/maestrodeceremonias.es\/en\/wp-json\/wp\/v2\/pages\/1715","targetHints":{"allow":["GET"]}}],"collection":[{"href":"http:\/\/maestrodeceremonias.es\/en\/wp-json\/wp\/v2\/pages"}],"about":[{"href":"http:\/\/maestrodeceremonias.es\/en\/wp-json\/wp\/v2\/types\/page"}],"author":[{"embeddable":true,"href":"http:\/\/maestrodeceremonias.es\/en\/wp-json\/wp\/v2\/users\/1"}],"replies":[{"embeddable":true,"href":"http:\/\/maestrodeceremonias.es\/en\/wp-json\/wp\/v2\/comments?post=1715"}],"version-history":[{"count":0,"href":"http:\/\/maestrodeceremonias.es\/en\/wp-json\/wp\/v2\/pages\/1715\/revisions"}],"wp:attachment":[{"href":"http:\/\/maestrodeceremonias.es\/en\/wp-json\/wp\/v2\/media?parent=1715"}],"curies":[{"name":"wp","href":"https:\/\/api.w.org\/{rel}","templated":true}]}}