{"id":1800,"date":"2020-04-03T09:27:31","date_gmt":"2020-04-03T09:27:31","guid":{"rendered":"https:\/\/maestrodeceremonias.es\/?page_id=1800"},"modified":"2023-06-09T07:21:34","modified_gmt":"2023-06-09T05:21:34","slug":"maestro-de-ceremonias-seguro-coronavirus-bodas","status":"publish","type":"page","link":"http:\/\/maestrodeceremonias.es\/en\/maestro-de-ceremonias-seguro-coronavirus-bodas\/","title":{"rendered":"Maestro de Ceremonias Seguro Coronavirus Bodas"},"content":{"rendered":"<p>Maestro de Ceremonias Seguro Coronavirus Bodas<\/p>\n\n\n\n<p>Si ya has contratado tu celebraci\u00f3n con nosotros o decides reservar ahora, no te preocupes si por causa de la <strong>crisis del coronavirus<\/strong> tuvieras que cambiar la fecha, puedes hacerlo sin coste alguno. Estamos con vosotros! Pronto volver\u00e1n los momentos Felices!<\/p>\n\n\n\n<p>No necesitar\u00e1s justificar nada, con tu palabra nos vale. Al trabajar en todos los idiomas y en toda Espa\u00f1a entendemos que puede afectaros tanto a vosotros como a vuestros invitados de cualquier parte de Espa\u00f1a, Europa o del resto del mundo.<\/p>\n\n\n\n<figure class=\"wp-block-image size-large\"><img loading=\"lazy\" decoding=\"async\" width=\"1024\" height=\"718\" src=\"https:\/\/maestrodeceremonias.es\/wp-content\/uploads\/2020\/04\/Maestro-de-Ceremonias-Momentos-Felices.jpeg\" alt=\"\" class=\"wp-image-1801\" srcset=\"https:\/\/maestrodeceremonias.es\/wp-content\/uploads\/2020\/04\/Maestro-de-Ceremonias-Momentos-Felices.jpeg 1024w, https:\/\/maestrodeceremonias.es\/wp-content\/uploads\/2020\/04\/Maestro-de-Ceremonias-Momentos-Felices-300x210.jpeg 300w, https:\/\/maestrodeceremonias.es\/wp-content\/uploads\/2020\/04\/Maestro-de-Ceremonias-Momentos-Felices-768x539.jpeg 768w\" sizes=\"auto, (max-width: 1024px) 100vw, 1024px\" \/><\/figure>\n\n\n\n<p>Estamos para apoyaros y queremos quitaros una preocupaci\u00f3n en estos momentos complicados, \u00a1vosotros por favor cuidaos mucho!<br>Nuestros mejores deseos para vosotros y los vuestros, \u00a1\u00e1nimo!<br>Si deseas m\u00e1s informaci\u00f3n:<\/p>\n\n\n\n<div class=\"wp-block-columns has-border-color has-palette-color-5-border-color has-palette-color-6-background-color has-background is-layout-flex wp-container-core-columns-is-layout-1 wp-block-columns-is-layout-flex\" style=\"border-width:1px;border-radius:5px;padding-top:0;padding-right:0;padding-bottom:0;padding-left:0\">\n<div class=\"wp-block-column is-layout-flow wp-block-column-is-layout-flow\" style=\"padding-top:var(--wp--preset--spacing--60);padding-right:var(--wp--preset--spacing--60);padding-bottom:var(--wp--preset--spacing--60);padding-left:var(--wp--preset--spacing--60)\"><div class='fluentform ff-default fluentform_wrapper_3 ffs_default_wrap'><form data-form_id=\"3\" id=\"fluentform_3\" class=\"frm-fluent-form fluent_form_3 ff-el-form-top ff_form_instance_3_1 ff-form-loading ff_has_v3_recptcha ffs_default\" data-form_instance=\"ff_form_instance_3_1\" method=\"POST\" data-recptcha_key=\"6LetqIAmAAAAAL1k1BmUALqCK3wk5Zzj-4ZFUzwI\" action=\"\" ><fieldset  style=\"border: none!important;margin: 0!important;padding: 0!important;background-color: transparent!important;box-shadow: none!important;outline: none!important; min-inline-size: 100%;\">\n                    <legend class=\"ff_screen_reader_title\" style=\"display: block; margin: 0!important;padding: 0!important;height: 0!important;text-indent: -999999px;width: 0!important;overflow:hidden;\">Contacto<\/legend>        <div\n                style=\"display: none!important; position: absolute!important; transform: translateX(1000%)!important;\"\n                class=\"ff-el-group ff-hpsf-container\"\n        >\n            <div class=\"ff-el-input--label asterisk-right\">\n                <label for=\"ff_3_item_sf\" aria-label=\"Subscribe\">\n                    Subscribe                <\/label>\n            <\/div>\n            <div class=\"ff-el-input--content\">\n                <input type=\"text\"\n                       name=\"item_3__fluent_sf\"\n                       class=\"ff-el-form-control\"\n                       id=\"ff_3_item_sf\"\n                \/>\n            <\/div>\n        <\/div>\n        <input type='hidden' name='__fluent_form_embded_post_id' value='1800' \/><input type=\"hidden\" id=\"_fluentform_3_fluentformnonce\" name=\"_fluentform_3_fluentformnonce\" value=\"dff5a76250\" \/><input type=\"hidden\" name=\"_wp_http_referer\" value=\"\/en\/wp-json\/wp\/v2\/pages\/1800\" \/><div class='ff-el-group'><div class=\"ff-el-input--label ff-el-is-required asterisk-right\"><label for='ff_3_input_text' id='label_ff_3_input_text' aria-label=\"Nombre\">Nombre<\/label><\/div><div class='ff-el-input--content'><input type=\"text\" name=\"input_text\" class=\"ff-el-form-control\" placeholder=\"Escribe tu nombre\" data-name=\"input_text\" id=\"ff_3_input_text\"  aria-invalid=\"false\" aria-required=\"true\"><\/div><\/div><div class='ff-el-group'><div class=\"ff-el-input--label ff-el-is-required asterisk-right\"><label for='ff_3_email' id='label_ff_3_email' aria-label=\"Correo electr\u00f3nico\">Correo electr\u00f3nico<\/label><\/div><div class='ff-el-input--content'><input type=\"email\" name=\"email\" id=\"ff_3_email\" class=\"ff-el-form-control\" placeholder=\"Escribe la direcci\u00f3n de tu correo electr\u00f3nico\" data-name=\"email\"  aria-invalid=\"false\" aria-required=\"true\"><\/div><\/div><div class='ff-el-group'><div class=\"ff-el-input--label asterisk-right\"><label for='ff_3_input_text_1' id='label_ff_3_input_text_1' aria-label=\"N\u00famero de tel\u00e9fono\">N\u00famero de tel\u00e9fono<\/label><\/div><div class='ff-el-input--content'><input type=\"text\" name=\"input_text_1\" class=\"ff-el-form-control\" placeholder=\"Escribe tu n\u00famero de tel\u00e9fono\" data-name=\"input_text_1\" id=\"ff_3_input_text_1\"  aria-invalid=\"false\" aria-required=\"false\"><\/div><\/div><div class='ff-el-group'><div class=\"ff-el-input--label asterisk-right\"><label for='ff_3_description' id='label_ff_3_description' aria-label=\"Mensaje\">Mensaje<\/label><\/div><div class='ff-el-input--content'><textarea aria-required=\"false\" aria-labelledby=\"label_ff_3_description\" name=\"description\" id=\"ff_3_description\" class=\"ff-el-form-control\" placeholder=\"Deja tu mensaje (Fecha, hora, lugar e idioma de la Ceremonia Tel\u00e9fono de contacto)\" rows=\"3\" cols=\"2\" data-name=\"description\" ><\/textarea><\/div><\/div><div class='ff-el-group    ff-el-input--content'><div class='ff-el-form-check ff-el-tc'><label aria-label='Terms and Conditions: He le\u00eddo y acepto las pol\u00edticas de privacidad. Contains 1 link. Use tab navigation to review.' class='ff-el-form-check-label ff_tc_label' for=\"gdpr-agreement_01e2bab9b25848dd4dfa2da3f554834c\"><span class='ff_tc_checkbox'><input type=\"checkbox\" name=\"gdpr-agreement\" class=\"ff-el-form-check-input ff_gdpr_field\" data-name=\"gdpr-agreement\" id=\"gdpr-agreement_01e2bab9b25848dd4dfa2da3f554834c\"  value='on' aria-invalid='false' aria-required=\"true\"><\/span> <div class='ff_t_c'>He le\u00eddo y acepto las <a href=\"https:\/\/maestrodeceremonias.es\/en\/politica-de-privacidad\/\" target=\"_blank\">pol\u00edticas de privacidad<\/a>.<\/div><\/label><\/div><\/div><div class='ff-el-group ff-text-left ff_submit_btn_wrapper'><button type=\"submit\" class=\"ff-btn ff-btn-submit ff-btn-md ff_btn_no_style\"  aria-label=\"Enviar mensaje\">Enviar mensaje<\/button><\/div><\/fieldset><input type=\"hidden\" name=\"trp-form-language\" value=\"en\"\/><\/form><div id='fluentform_3_errors' class='ff-errors-in-stack ff_form_instance_3_1 ff-form-loading_errors ff_form_instance_3_1_errors'><\/div><\/div>            <script type=\"text\/javascript\">\n                window.fluent_form_ff_form_instance_3_1 = {\"id\":\"3\",\"settings\":{\"layout\":{\"labelPlacement\":\"top\",\"helpMessagePlacement\":\"with_label\",\"errorMessagePlacement\":\"inline\",\"cssClassName\":\"\",\"asteriskPlacement\":\"asterisk-right\"},\"restrictions\":{\"denyEmptySubmission\":{\"enabled\":false}}},\"form_instance\":\"ff_form_instance_3_1\",\"form_id_selector\":\"fluentform_3\",\"rules\":{\"input_text\":{\"required\":{\"value\":true,\"message\":\"Este campo es requerido\",\"global\":false,\"global_message\":\"Este campo es obligatorio\"}},\"email\":{\"required\":{\"value\":true,\"message\":\"Este campo es requerido\",\"global\":false,\"global_message\":\"Este campo es obligatorio\"},\"email\":{\"value\":true,\"message\":\"Este campo debe contener un correo electr\\u00f3nico v\\u00e1lido\",\"global\":false,\"global_message\":\"Este campo debe contener un correo electr\\u00f3nico v\\u00e1lido\"}},\"input_text_1\":{\"required\":{\"value\":false,\"message\":\"This field is required\",\"global\":false,\"global_message\":\"Este campo es obligatorio\"}},\"description\":{\"required\":{\"value\":false,\"message\":\"This field is required\",\"global\":false,\"global_message\":\"Este campo es obligatorio\"}},\"gdpr-agreement\":{\"required\":{\"value\":true,\"message\":\"Este campo es requerido.\",\"global\":false,\"global_message\":\"Este campo es obligatorio\"}}},\"debounce_time\":300};\n                            <\/script>\n            \n<\/div>\n\n\n\n<div class=\"wp-block-column is-layout-flow wp-block-column-is-layout-flow\">\n<iframe loading=\"lazy\" style=\"border: 0;\" title=\"Maestro de Ceremonias Madrid\" src=\"https:\/\/www.google.com\/maps\/embed?pb=!1m18!1m12!1m3!1d3034.906834252269!2d-3.6990186846022337!3d40.47732607935823!2m3!1f0!2f0!3f0!3m2!1i1024!2i768!4f13.1!3m3!1m2!1s0x0%3A0xff3fcf4dade378dd!2sMaestro+Oficiante+de+ceremonias+de+bodas+civiles%2C!5e0!3m2!1ses!2ses!4v1525607504554\" width=\"100%\" height=\"550\" frameborder=\"0\" allowfullscreen=\"allowfullscreen\"><\/iframe>\n<\/div>\n<\/div>","protected":false},"excerpt":{"rendered":"<p>Maestro de Ceremonias Seguro Coronavirus Bodas Si ya has contratado tu celebraci\u00f3n con nosotros o decides reservar ahora, no te preocupes si por causa de la crisis del coronavirus tuvieras que cambiar la fecha, puedes hacerlo sin coste alguno. Estamos con vosotros! Pronto volver\u00e1n los momentos Felices! No necesitar\u00e1s justificar nada, con tu palabra nos [&hellip;]<\/p>\n","protected":false},"author":1,"featured_media":0,"parent":0,"menu_order":0,"comment_status":"closed","ping_status":"closed","template":"","meta":{"_monsterinsights_skip_tracking":false,"_monsterinsights_sitenote_active":false,"_monsterinsights_sitenote_note":"","_monsterinsights_sitenote_category":0,"_joinchat":[],"footnotes":""},"class_list":["post-1800","page","type-page","status-publish","hentry"],"blocksy_meta":[],"yoast_head":"<!-- This site is optimized with the Yoast SEO plugin v26.8 - https:\/\/yoast.com\/product\/yoast-seo-wordpress\/ -->\n<title>Maestro de Ceremonias Seguro Coronavirus Bodas<\/title>\n<meta name=\"description\" content=\"Maestro de Ceremonias Seguro Coronavirus Bodas Si la crisis afecta a tu celebraci\u00f3n aplazamos tu fecha sin coste. \u00c1nimo y a cuidarse mucho. Tel 644 597 199\" \/>\n<meta name=\"robots\" content=\"index, follow, max-snippet:-1, max-image-preview:large, max-video-preview:-1\" \/>\n<link rel=\"canonical\" href=\"https:\/\/maestrodeceremonias.es\/en\/maestro-de-ceremonias-seguro-coronavirus-bodas\/\" \/>\n<meta property=\"og:locale\" content=\"en_GB\" \/>\n<meta property=\"og:type\" content=\"article\" \/>\n<meta property=\"og:title\" content=\"Maestro de Ceremonias Seguro Coronavirus Bodas\" \/>\n<meta property=\"og:description\" content=\"Maestro de Ceremonias Seguro Coronavirus Bodas Si la crisis afecta a tu celebraci\u00f3n aplazamos tu fecha sin coste. \u00c1nimo y a cuidarse mucho. Tel 644 597 199\" \/>\n<meta property=\"og:url\" content=\"https:\/\/maestrodeceremonias.es\/en\/maestro-de-ceremonias-seguro-coronavirus-bodas\/\" \/>\n<meta property=\"og:site_name\" content=\"Maestro de Ceremonias Oficiante de Bodas Civiles y Eventos\" \/>\n<meta property=\"article:publisher\" content=\"https:\/\/www.facebook.com\/Maestrodeceremonias.presentador\" \/>\n<meta property=\"article:modified_time\" content=\"2023-06-09T05:21:34+00:00\" \/>\n<meta property=\"og:image\" content=\"https:\/\/maestrodeceremonias.es\/wp-content\/uploads\/2020\/04\/Maestro-de-Ceremonias-Momentos-Felices.jpeg\" \/>\n<meta name=\"twitter:card\" content=\"summary_large_image\" \/>\n<meta name=\"twitter:site\" content=\"@presentador_mc\" \/>\n<meta name=\"twitter:label1\" content=\"Estimated reading time\" \/>\n\t<meta name=\"twitter:data1\" content=\"1 minute\" \/>\n<script type=\"application\/ld+json\" class=\"yoast-schema-graph\">{\"@context\":\"https:\/\/schema.org\",\"@graph\":[{\"@type\":\"WebPage\",\"@id\":\"https:\/\/maestrodeceremonias.es\/maestro-de-ceremonias-seguro-coronavirus-bodas\/\",\"url\":\"https:\/\/maestrodeceremonias.es\/maestro-de-ceremonias-seguro-coronavirus-bodas\/\",\"name\":\"Maestro de Ceremonias Seguro Coronavirus Bodas\",\"isPartOf\":{\"@id\":\"https:\/\/maestrodeceremonias.es\/#website\"},\"primaryImageOfPage\":{\"@id\":\"https:\/\/maestrodeceremonias.es\/maestro-de-ceremonias-seguro-coronavirus-bodas\/#primaryimage\"},\"image\":{\"@id\":\"https:\/\/maestrodeceremonias.es\/maestro-de-ceremonias-seguro-coronavirus-bodas\/#primaryimage\"},\"thumbnailUrl\":\"https:\/\/maestrodeceremonias.es\/wp-content\/uploads\/2020\/04\/Maestro-de-Ceremonias-Momentos-Felices.jpeg\",\"datePublished\":\"2020-04-03T09:27:31+00:00\",\"dateModified\":\"2023-06-09T05:21:34+00:00\",\"description\":\"Maestro de Ceremonias Seguro Coronavirus Bodas Si la crisis afecta a tu celebraci\u00f3n aplazamos tu fecha sin coste. \u00c1nimo y a cuidarse mucho. Tel 644 597 199\",\"breadcrumb\":{\"@id\":\"https:\/\/maestrodeceremonias.es\/maestro-de-ceremonias-seguro-coronavirus-bodas\/#breadcrumb\"},\"inLanguage\":\"en-GB\",\"potentialAction\":[{\"@type\":\"ReadAction\",\"target\":[\"https:\/\/maestrodeceremonias.es\/maestro-de-ceremonias-seguro-coronavirus-bodas\/\"]}]},{\"@type\":\"ImageObject\",\"inLanguage\":\"en-GB\",\"@id\":\"https:\/\/maestrodeceremonias.es\/maestro-de-ceremonias-seguro-coronavirus-bodas\/#primaryimage\",\"url\":\"https:\/\/maestrodeceremonias.es\/wp-content\/uploads\/2020\/04\/Maestro-de-Ceremonias-Momentos-Felices.jpeg\",\"contentUrl\":\"https:\/\/maestrodeceremonias.es\/wp-content\/uploads\/2020\/04\/Maestro-de-Ceremonias-Momentos-Felices.jpeg\"},{\"@type\":\"BreadcrumbList\",\"@id\":\"https:\/\/maestrodeceremonias.es\/maestro-de-ceremonias-seguro-coronavirus-bodas\/#breadcrumb\",\"itemListElement\":[{\"@type\":\"ListItem\",\"position\":1,\"name\":\"Maestros de ceremonias\",\"item\":\"https:\/\/maestrodeceremonias.es\/\"},{\"@type\":\"ListItem\",\"position\":2,\"name\":\"Maestro de Ceremonias Seguro Coronavirus Bodas\"}]},{\"@type\":\"WebSite\",\"@id\":\"https:\/\/maestrodeceremonias.es\/#website\",\"url\":\"https:\/\/maestrodeceremonias.es\/\",\"name\":\"Maestro de Ceremonias Oficiante de Bodas Civiles y Eventos\",\"description\":\"Necesitas contratar Maestros de Ceremonias Oficiantes de Boda  para tu celebraci\u00f3n de boda civil simb\u00f3lica. P\u00eddenos presupuesto. Prestamos servicio en Madrid y en toda Espa\u00f1a. Speakers y Presentadores de eventos profesionales biling\u00fces en todos los idiomas a un precio asequible. Preg\u00fantanos: email: mc@maestrodeceremonias.es Tel\u00e9fono y Whatsapp: 644 597 199\",\"publisher\":{\"@id\":\"https:\/\/maestrodeceremonias.es\/#organization\"},\"potentialAction\":[{\"@type\":\"SearchAction\",\"target\":{\"@type\":\"EntryPoint\",\"urlTemplate\":\"https:\/\/maestrodeceremonias.es\/?s={search_term_string}\"},\"query-input\":{\"@type\":\"PropertyValueSpecification\",\"valueRequired\":true,\"valueName\":\"search_term_string\"}}],\"inLanguage\":\"en-GB\"},{\"@type\":\"Organization\",\"@id\":\"https:\/\/maestrodeceremonias.es\/#organization\",\"name\":\"Maestro de Ceremonias Oficiante de Bodas Civiles y Eventos\",\"url\":\"https:\/\/maestrodeceremonias.es\/\",\"logo\":{\"@type\":\"ImageObject\",\"inLanguage\":\"en-GB\",\"@id\":\"https:\/\/maestrodeceremonias.es\/#\/schema\/logo\/image\/\",\"url\":\"https:\/\/maestrodeceremonias.es\/wp-content\/uploads\/2023\/07\/Maestro-oficiante-de-Boda-Ceremonia-cabecera-web.jpg\",\"contentUrl\":\"https:\/\/maestrodeceremonias.es\/wp-content\/uploads\/2023\/07\/Maestro-oficiante-de-Boda-Ceremonia-cabecera-web.jpg\",\"width\":960,\"height\":250,\"caption\":\"Maestro de Ceremonias Oficiante de Bodas Civiles y Eventos\"},\"image\":{\"@id\":\"https:\/\/maestrodeceremonias.es\/#\/schema\/logo\/image\/\"},\"sameAs\":[\"https:\/\/www.facebook.com\/Maestrodeceremonias.presentador\",\"https:\/\/x.com\/presentador_mc\",\"https:\/\/www.instagram.com\/maestrosdeceremonias\/\"]}]}<\/script>\n<!-- \/ Yoast SEO plugin. -->","yoast_head_json":{"title":"Maestro de Ceremonias Seguro Coronavirus Bodas","description":"Maestro de Ceremonias Seguro Coronavirus Bodas Si la crisis afecta a tu celebraci\u00f3n aplazamos tu fecha sin coste. \u00c1nimo y a cuidarse mucho. Tel 644 597 199","robots":{"index":"index","follow":"follow","max-snippet":"max-snippet:-1","max-image-preview":"max-image-preview:large","max-video-preview":"max-video-preview:-1"},"canonical":"https:\/\/maestrodeceremonias.es\/en\/maestro-de-ceremonias-seguro-coronavirus-bodas\/","og_locale":"en_GB","og_type":"article","og_title":"Maestro de Ceremonias Seguro Coronavirus Bodas","og_description":"Maestro de Ceremonias Seguro Coronavirus Bodas Si la crisis afecta a tu celebraci\u00f3n aplazamos tu fecha sin coste. \u00c1nimo y a cuidarse mucho. Tel 644 597 199","og_url":"https:\/\/maestrodeceremonias.es\/en\/maestro-de-ceremonias-seguro-coronavirus-bodas\/","og_site_name":"Maestro de Ceremonias Oficiante de Bodas Civiles y Eventos","article_publisher":"https:\/\/www.facebook.com\/Maestrodeceremonias.presentador","article_modified_time":"2023-06-09T05:21:34+00:00","og_image":[{"url":"https:\/\/maestrodeceremonias.es\/wp-content\/uploads\/2020\/04\/Maestro-de-Ceremonias-Momentos-Felices.jpeg","type":"","width":"","height":""}],"twitter_card":"summary_large_image","twitter_site":"@presentador_mc","twitter_misc":{"Estimated reading time":"1 minute"},"schema":{"@context":"https:\/\/schema.org","@graph":[{"@type":"WebPage","@id":"https:\/\/maestrodeceremonias.es\/maestro-de-ceremonias-seguro-coronavirus-bodas\/","url":"https:\/\/maestrodeceremonias.es\/maestro-de-ceremonias-seguro-coronavirus-bodas\/","name":"Maestro de Ceremonias Seguro Coronavirus Bodas","isPartOf":{"@id":"https:\/\/maestrodeceremonias.es\/#website"},"primaryImageOfPage":{"@id":"https:\/\/maestrodeceremonias.es\/maestro-de-ceremonias-seguro-coronavirus-bodas\/#primaryimage"},"image":{"@id":"https:\/\/maestrodeceremonias.es\/maestro-de-ceremonias-seguro-coronavirus-bodas\/#primaryimage"},"thumbnailUrl":"https:\/\/maestrodeceremonias.es\/wp-content\/uploads\/2020\/04\/Maestro-de-Ceremonias-Momentos-Felices.jpeg","datePublished":"2020-04-03T09:27:31+00:00","dateModified":"2023-06-09T05:21:34+00:00","description":"Maestro de Ceremonias Seguro Coronavirus Bodas Si la crisis afecta a tu celebraci\u00f3n aplazamos tu fecha sin coste. \u00c1nimo y a cuidarse mucho. Tel 644 597 199","breadcrumb":{"@id":"https:\/\/maestrodeceremonias.es\/maestro-de-ceremonias-seguro-coronavirus-bodas\/#breadcrumb"},"inLanguage":"en-GB","potentialAction":[{"@type":"ReadAction","target":["https:\/\/maestrodeceremonias.es\/maestro-de-ceremonias-seguro-coronavirus-bodas\/"]}]},{"@type":"ImageObject","inLanguage":"en-GB","@id":"https:\/\/maestrodeceremonias.es\/maestro-de-ceremonias-seguro-coronavirus-bodas\/#primaryimage","url":"https:\/\/maestrodeceremonias.es\/wp-content\/uploads\/2020\/04\/Maestro-de-Ceremonias-Momentos-Felices.jpeg","contentUrl":"https:\/\/maestrodeceremonias.es\/wp-content\/uploads\/2020\/04\/Maestro-de-Ceremonias-Momentos-Felices.jpeg"},{"@type":"BreadcrumbList","@id":"https:\/\/maestrodeceremonias.es\/maestro-de-ceremonias-seguro-coronavirus-bodas\/#breadcrumb","itemListElement":[{"@type":"ListItem","position":1,"name":"Maestros de ceremonias","item":"https:\/\/maestrodeceremonias.es\/"},{"@type":"ListItem","position":2,"name":"Maestro de Ceremonias Seguro Coronavirus Bodas"}]},{"@type":"WebSite","@id":"https:\/\/maestrodeceremonias.es\/#website","url":"https:\/\/maestrodeceremonias.es\/","name":"Maestro de Ceremonias Oficiante de Bodas Civiles y Eventos","description":"Necesitas contratar Maestros de Ceremonias Oficiantes de Boda  para tu celebraci\u00f3n de boda civil simb\u00f3lica. P\u00eddenos presupuesto. Prestamos servicio en Madrid y en toda Espa\u00f1a. Speakers y Presentadores de eventos profesionales biling\u00fces en todos los idiomas a un precio asequible. Preg\u00fantanos: email: mc@maestrodeceremonias.es Tel\u00e9fono y Whatsapp: 644 597 199","publisher":{"@id":"https:\/\/maestrodeceremonias.es\/#organization"},"potentialAction":[{"@type":"SearchAction","target":{"@type":"EntryPoint","urlTemplate":"https:\/\/maestrodeceremonias.es\/?s={search_term_string}"},"query-input":{"@type":"PropertyValueSpecification","valueRequired":true,"valueName":"search_term_string"}}],"inLanguage":"en-GB"},{"@type":"Organization","@id":"https:\/\/maestrodeceremonias.es\/#organization","name":"Maestro de Ceremonias Oficiante de Bodas Civiles y Eventos","url":"https:\/\/maestrodeceremonias.es\/","logo":{"@type":"ImageObject","inLanguage":"en-GB","@id":"https:\/\/maestrodeceremonias.es\/#\/schema\/logo\/image\/","url":"https:\/\/maestrodeceremonias.es\/wp-content\/uploads\/2023\/07\/Maestro-oficiante-de-Boda-Ceremonia-cabecera-web.jpg","contentUrl":"https:\/\/maestrodeceremonias.es\/wp-content\/uploads\/2023\/07\/Maestro-oficiante-de-Boda-Ceremonia-cabecera-web.jpg","width":960,"height":250,"caption":"Maestro de Ceremonias Oficiante de Bodas Civiles y Eventos"},"image":{"@id":"https:\/\/maestrodeceremonias.es\/#\/schema\/logo\/image\/"},"sameAs":["https:\/\/www.facebook.com\/Maestrodeceremonias.presentador","https:\/\/x.com\/presentador_mc","https:\/\/www.instagram.com\/maestrosdeceremonias\/"]}]}},"_links":{"self":[{"href":"http:\/\/maestrodeceremonias.es\/en\/wp-json\/wp\/v2\/pages\/1800","targetHints":{"allow":["GET"]}}],"collection":[{"href":"http:\/\/maestrodeceremonias.es\/en\/wp-json\/wp\/v2\/pages"}],"about":[{"href":"http:\/\/maestrodeceremonias.es\/en\/wp-json\/wp\/v2\/types\/page"}],"author":[{"embeddable":true,"href":"http:\/\/maestrodeceremonias.es\/en\/wp-json\/wp\/v2\/users\/1"}],"replies":[{"embeddable":true,"href":"http:\/\/maestrodeceremonias.es\/en\/wp-json\/wp\/v2\/comments?post=1800"}],"version-history":[{"count":0,"href":"http:\/\/maestrodeceremonias.es\/en\/wp-json\/wp\/v2\/pages\/1800\/revisions"}],"wp:attachment":[{"href":"http:\/\/maestrodeceremonias.es\/en\/wp-json\/wp\/v2\/media?parent=1800"}],"curies":[{"name":"wp","href":"https:\/\/api.w.org\/{rel}","templated":true}]}}