{"id":1963,"date":"2023-02-13T17:01:49","date_gmt":"2023-02-13T17:01:49","guid":{"rendered":"https:\/\/maestrodeceremonias.es\/?page_id=1963"},"modified":"2023-06-11T16:55:51","modified_gmt":"2023-06-11T14:55:51","slug":"maestra-de-ceremonias-trilingue-spanish-english-deu","status":"publish","type":"page","link":"http:\/\/maestrodeceremonias.es\/en\/maestra-de-ceremonias-trilingue-spanish-english-deu\/","title":{"rendered":"Maestra de Ceremonias Triling\u00fce Spanish-English DEU"},"content":{"rendered":"<div class=\"wp-block-columns is-layout-flex wp-container-core-columns-is-layout-1 wp-block-columns-is-layout-flex\">\n<div class=\"wp-block-column is-layout-flow wp-block-column-is-layout-flow\" style=\"flex-basis:30%\">\n<figure class=\"wp-block-image is-resized\"><a href=\"http:\/\/presentadordeeventos.com\/wp-content\/uploads\/2018\/10\/AB-MC-DEU-ESP-ENG-2.jpg\"><img loading=\"lazy\" decoding=\"async\" src=\"http:\/\/presentadordeeventos.com\/wp-content\/uploads\/2018\/10\/AB-MC-DEU-ESP-ENG-2-300x283.jpg\" alt=\"\" class=\"wp-image-316\" width=\"300\" height=\"283\"\/><\/a><\/figure>\n\n\n\n<p><\/p>\n<\/div>\n\n\n\n<div class=\"wp-block-column is-layout-flow wp-block-column-is-layout-flow\" style=\"flex-basis:23%\">\n<figure class=\"wp-block-image is-resized\"><a href=\"http:\/\/presentadordeeventos.com\/wp-content\/uploads\/2018\/10\/AB-MC-DEU-ESP-ENG.jpg\"><img loading=\"lazy\" decoding=\"async\" src=\"http:\/\/presentadordeeventos.com\/wp-content\/uploads\/2018\/10\/AB-MC-DEU-ESP-ENG-224x300.jpg\" alt=\"Maestra de Ceremonia triling\u00fce ESpa\u00f1ol English Deutsch\" class=\"wp-image-315\" width=\"224\" height=\"300\"\/><\/a><\/figure>\n\n\n\n<p><\/p>\n<\/div>\n\n\n\n<div class=\"wp-block-column is-layout-flow wp-block-column-is-layout-flow\" style=\"flex-basis:47%\">\n<p>Presentadora, locutora y actriz con amplia experiencia internacional, ha conducido como Maestra de Ceremonias entre otros eventos internacionales la Feria de Hannover, El Open de tenis de Madrid en la Caja M\u00e1jica, programas de radio en Munich o el Magazine televisivo: Elton reist- Spanien.<br>Presenta en Espa\u00f1ol, Ingl\u00e9s y Alem\u00e1n cambiando de uno a otro con elegancia, fluidez, espontaneidad y simpat\u00eda.<\/p>\n\n\n\n<p><\/p>\n<\/div>\n<\/div>\n\n\n\n<figure class=\"wp-block-embed is-type-video is-provider-vimeo wp-block-embed-vimeo\"><div class=\"wp-block-embed__wrapper\">\n<iframe loading=\"lazy\" src=\"https:\/\/player.vimeo.com\/video\/229459059?dnt=1&amp;app_id=122963\" width=\"640\" height=\"480\" frameborder=\"0\" allow=\"autoplay; fullscreen; picture-in-picture\" allowfullscreen><\/iframe>\n<\/div><\/figure>","protected":false},"excerpt":{"rendered":"<p>Presentadora, locutora y actriz con amplia experiencia internacional, ha conducido como Maestra de Ceremonias entre otros eventos internacionales la Feria de Hannover, El Open de tenis de Madrid en la Caja M\u00e1jica, programas de radio en Munich o el Magazine televisivo: Elton reist- Spanien.Presenta en Espa\u00f1ol, Ingl\u00e9s y Alem\u00e1n cambiando de uno a otro con [&hellip;]<\/p>\n","protected":false},"author":1,"featured_media":0,"parent":0,"menu_order":0,"comment_status":"closed","ping_status":"closed","template":"","meta":{"_monsterinsights_skip_tracking":false,"_monsterinsights_sitenote_active":false,"_monsterinsights_sitenote_note":"","_monsterinsights_sitenote_category":0,"_joinchat":[],"footnotes":""},"class_list":["post-1963","page","type-page","status-publish","hentry"],"blocksy_meta":[],"yoast_head":"<!-- This site is optimized with the Yoast SEO plugin v26.8 - https:\/\/yoast.com\/product\/yoast-seo-wordpress\/ -->\n<title>Maestra de Ceremonias Triling\u00fce Spanish-English DEU - Maestro de Ceremonias Oficiante de Bodas Civiles y Eventos<\/title>\n<meta name=\"description\" content=\"Maestro de Ceremonias Oficiante de Bodas Eventos Speaker Biling\u00fces Espa\u00f1ol Alem\u00e1n Ingl\u00e9s Tel 644597199 Whatsapp\" \/>\n<meta name=\"robots\" content=\"index, follow, max-snippet:-1, max-image-preview:large, max-video-preview:-1\" \/>\n<link rel=\"canonical\" href=\"https:\/\/maestrodeceremonias.es\/en\/maestra-de-ceremonias-trilingue-spanish-english-deu\/\" \/>\n<meta property=\"og:locale\" content=\"en_GB\" \/>\n<meta property=\"og:type\" content=\"article\" \/>\n<meta property=\"og:title\" content=\"Maestra de Ceremonias Triling\u00fce Spanish-English DEU - Maestro de Ceremonias Oficiante de Bodas Civiles y Eventos\" \/>\n<meta property=\"og:description\" content=\"Maestro de Ceremonias Oficiante de Bodas Eventos Speaker Biling\u00fces Espa\u00f1ol Alem\u00e1n Ingl\u00e9s Tel 644597199 Whatsapp\" \/>\n<meta property=\"og:url\" content=\"https:\/\/maestrodeceremonias.es\/en\/maestra-de-ceremonias-trilingue-spanish-english-deu\/\" \/>\n<meta property=\"og:site_name\" content=\"Maestro de Ceremonias Oficiante de Bodas Civiles y Eventos\" \/>\n<meta property=\"article:publisher\" content=\"https:\/\/www.facebook.com\/Maestrodeceremonias.presentador\" \/>\n<meta property=\"article:modified_time\" content=\"2023-06-11T14:55:51+00:00\" \/>\n<meta property=\"og:image\" content=\"http:\/\/presentadordeeventos.com\/wp-content\/uploads\/2018\/10\/AB-MC-DEU-ESP-ENG-2-300x283.jpg\" \/>\n<meta name=\"twitter:card\" content=\"summary_large_image\" \/>\n<meta name=\"twitter:site\" content=\"@presentador_mc\" \/>\n<meta name=\"twitter:label1\" content=\"Estimated reading time\" \/>\n\t<meta name=\"twitter:data1\" content=\"1 minute\" \/>\n<script type=\"application\/ld+json\" class=\"yoast-schema-graph\">{\"@context\":\"https:\/\/schema.org\",\"@graph\":[{\"@type\":\"WebPage\",\"@id\":\"https:\/\/maestrodeceremonias.es\/maestra-de-ceremonias-trilingue-spanish-english-deu\/\",\"url\":\"https:\/\/maestrodeceremonias.es\/maestra-de-ceremonias-trilingue-spanish-english-deu\/\",\"name\":\"Maestra de Ceremonias Triling\u00fce Spanish-English DEU - Maestro de Ceremonias Oficiante de Bodas Civiles y Eventos\",\"isPartOf\":{\"@id\":\"https:\/\/maestrodeceremonias.es\/#website\"},\"primaryImageOfPage\":{\"@id\":\"https:\/\/maestrodeceremonias.es\/maestra-de-ceremonias-trilingue-spanish-english-deu\/#primaryimage\"},\"image\":{\"@id\":\"https:\/\/maestrodeceremonias.es\/maestra-de-ceremonias-trilingue-spanish-english-deu\/#primaryimage\"},\"thumbnailUrl\":\"http:\/\/presentadordeeventos.com\/wp-content\/uploads\/2018\/10\/AB-MC-DEU-ESP-ENG-2-300x283.jpg\",\"datePublished\":\"2023-02-13T17:01:49+00:00\",\"dateModified\":\"2023-06-11T14:55:51+00:00\",\"description\":\"Maestro de Ceremonias Oficiante de Bodas Eventos Speaker Biling\u00fces Espa\u00f1ol Alem\u00e1n Ingl\u00e9s Tel 644597199 Whatsapp\",\"breadcrumb\":{\"@id\":\"https:\/\/maestrodeceremonias.es\/maestra-de-ceremonias-trilingue-spanish-english-deu\/#breadcrumb\"},\"inLanguage\":\"en-GB\",\"potentialAction\":[{\"@type\":\"ReadAction\",\"target\":[\"https:\/\/maestrodeceremonias.es\/maestra-de-ceremonias-trilingue-spanish-english-deu\/\"]}]},{\"@type\":\"ImageObject\",\"inLanguage\":\"en-GB\",\"@id\":\"https:\/\/maestrodeceremonias.es\/maestra-de-ceremonias-trilingue-spanish-english-deu\/#primaryimage\",\"url\":\"http:\/\/presentadordeeventos.com\/wp-content\/uploads\/2018\/10\/AB-MC-DEU-ESP-ENG-2-300x283.jpg\",\"contentUrl\":\"http:\/\/presentadordeeventos.com\/wp-content\/uploads\/2018\/10\/AB-MC-DEU-ESP-ENG-2-300x283.jpg\"},{\"@type\":\"BreadcrumbList\",\"@id\":\"https:\/\/maestrodeceremonias.es\/maestra-de-ceremonias-trilingue-spanish-english-deu\/#breadcrumb\",\"itemListElement\":[{\"@type\":\"ListItem\",\"position\":1,\"name\":\"Maestros de ceremonias\",\"item\":\"https:\/\/maestrodeceremonias.es\/\"},{\"@type\":\"ListItem\",\"position\":2,\"name\":\"Maestra de Ceremonias Triling\u00fce Spanish-English DEU\"}]},{\"@type\":\"WebSite\",\"@id\":\"https:\/\/maestrodeceremonias.es\/#website\",\"url\":\"https:\/\/maestrodeceremonias.es\/\",\"name\":\"Maestro de Ceremonias Oficiante de Bodas Civiles y Eventos\",\"description\":\"Necesitas contratar Maestros de Ceremonias Oficiantes de Boda  para tu celebraci\u00f3n de boda civil simb\u00f3lica. P\u00eddenos presupuesto. Prestamos servicio en Madrid y en toda Espa\u00f1a. Speakers y Presentadores de eventos profesionales biling\u00fces en todos los idiomas a un precio asequible. Preg\u00fantanos: email: mc@maestrodeceremonias.es Tel\u00e9fono y Whatsapp: 644 597 199\",\"publisher\":{\"@id\":\"https:\/\/maestrodeceremonias.es\/#organization\"},\"potentialAction\":[{\"@type\":\"SearchAction\",\"target\":{\"@type\":\"EntryPoint\",\"urlTemplate\":\"https:\/\/maestrodeceremonias.es\/?s={search_term_string}\"},\"query-input\":{\"@type\":\"PropertyValueSpecification\",\"valueRequired\":true,\"valueName\":\"search_term_string\"}}],\"inLanguage\":\"en-GB\"},{\"@type\":\"Organization\",\"@id\":\"https:\/\/maestrodeceremonias.es\/#organization\",\"name\":\"Maestro de Ceremonias Oficiante de Bodas Civiles y Eventos\",\"url\":\"https:\/\/maestrodeceremonias.es\/\",\"logo\":{\"@type\":\"ImageObject\",\"inLanguage\":\"en-GB\",\"@id\":\"https:\/\/maestrodeceremonias.es\/#\/schema\/logo\/image\/\",\"url\":\"https:\/\/maestrodeceremonias.es\/wp-content\/uploads\/2023\/07\/Maestro-oficiante-de-Boda-Ceremonia-cabecera-web.jpg\",\"contentUrl\":\"https:\/\/maestrodeceremonias.es\/wp-content\/uploads\/2023\/07\/Maestro-oficiante-de-Boda-Ceremonia-cabecera-web.jpg\",\"width\":960,\"height\":250,\"caption\":\"Maestro de Ceremonias Oficiante de Bodas Civiles y Eventos\"},\"image\":{\"@id\":\"https:\/\/maestrodeceremonias.es\/#\/schema\/logo\/image\/\"},\"sameAs\":[\"https:\/\/www.facebook.com\/Maestrodeceremonias.presentador\",\"https:\/\/x.com\/presentador_mc\",\"https:\/\/www.instagram.com\/maestrosdeceremonias\/\"]}]}<\/script>\n<!-- \/ Yoast SEO plugin. -->","yoast_head_json":{"title":"Maestra de Ceremonias Triling\u00fce Spanish-English DEU - Maestro de Ceremonias Oficiante de Bodas Civiles y Eventos","description":"Maestro de Ceremonias Oficiante de Bodas Eventos Speaker Biling\u00fces Espa\u00f1ol Alem\u00e1n Ingl\u00e9s Tel 644597199 Whatsapp","robots":{"index":"index","follow":"follow","max-snippet":"max-snippet:-1","max-image-preview":"max-image-preview:large","max-video-preview":"max-video-preview:-1"},"canonical":"https:\/\/maestrodeceremonias.es\/en\/maestra-de-ceremonias-trilingue-spanish-english-deu\/","og_locale":"en_GB","og_type":"article","og_title":"Maestra de Ceremonias Triling\u00fce Spanish-English DEU - Maestro de Ceremonias Oficiante de Bodas Civiles y Eventos","og_description":"Maestro de Ceremonias Oficiante de Bodas Eventos Speaker Biling\u00fces Espa\u00f1ol Alem\u00e1n Ingl\u00e9s Tel 644597199 Whatsapp","og_url":"https:\/\/maestrodeceremonias.es\/en\/maestra-de-ceremonias-trilingue-spanish-english-deu\/","og_site_name":"Maestro de Ceremonias Oficiante de Bodas Civiles y Eventos","article_publisher":"https:\/\/www.facebook.com\/Maestrodeceremonias.presentador","article_modified_time":"2023-06-11T14:55:51+00:00","og_image":[{"url":"http:\/\/presentadordeeventos.com\/wp-content\/uploads\/2018\/10\/AB-MC-DEU-ESP-ENG-2-300x283.jpg","type":"","width":"","height":""}],"twitter_card":"summary_large_image","twitter_site":"@presentador_mc","twitter_misc":{"Estimated reading time":"1 minute"},"schema":{"@context":"https:\/\/schema.org","@graph":[{"@type":"WebPage","@id":"https:\/\/maestrodeceremonias.es\/maestra-de-ceremonias-trilingue-spanish-english-deu\/","url":"https:\/\/maestrodeceremonias.es\/maestra-de-ceremonias-trilingue-spanish-english-deu\/","name":"Maestra de Ceremonias Triling\u00fce Spanish-English DEU - Maestro de Ceremonias Oficiante de Bodas Civiles y Eventos","isPartOf":{"@id":"https:\/\/maestrodeceremonias.es\/#website"},"primaryImageOfPage":{"@id":"https:\/\/maestrodeceremonias.es\/maestra-de-ceremonias-trilingue-spanish-english-deu\/#primaryimage"},"image":{"@id":"https:\/\/maestrodeceremonias.es\/maestra-de-ceremonias-trilingue-spanish-english-deu\/#primaryimage"},"thumbnailUrl":"http:\/\/presentadordeeventos.com\/wp-content\/uploads\/2018\/10\/AB-MC-DEU-ESP-ENG-2-300x283.jpg","datePublished":"2023-02-13T17:01:49+00:00","dateModified":"2023-06-11T14:55:51+00:00","description":"Maestro de Ceremonias Oficiante de Bodas Eventos Speaker Biling\u00fces Espa\u00f1ol Alem\u00e1n Ingl\u00e9s Tel 644597199 Whatsapp","breadcrumb":{"@id":"https:\/\/maestrodeceremonias.es\/maestra-de-ceremonias-trilingue-spanish-english-deu\/#breadcrumb"},"inLanguage":"en-GB","potentialAction":[{"@type":"ReadAction","target":["https:\/\/maestrodeceremonias.es\/maestra-de-ceremonias-trilingue-spanish-english-deu\/"]}]},{"@type":"ImageObject","inLanguage":"en-GB","@id":"https:\/\/maestrodeceremonias.es\/maestra-de-ceremonias-trilingue-spanish-english-deu\/#primaryimage","url":"http:\/\/presentadordeeventos.com\/wp-content\/uploads\/2018\/10\/AB-MC-DEU-ESP-ENG-2-300x283.jpg","contentUrl":"http:\/\/presentadordeeventos.com\/wp-content\/uploads\/2018\/10\/AB-MC-DEU-ESP-ENG-2-300x283.jpg"},{"@type":"BreadcrumbList","@id":"https:\/\/maestrodeceremonias.es\/maestra-de-ceremonias-trilingue-spanish-english-deu\/#breadcrumb","itemListElement":[{"@type":"ListItem","position":1,"name":"Maestros de ceremonias","item":"https:\/\/maestrodeceremonias.es\/"},{"@type":"ListItem","position":2,"name":"Maestra de Ceremonias Triling\u00fce Spanish-English DEU"}]},{"@type":"WebSite","@id":"https:\/\/maestrodeceremonias.es\/#website","url":"https:\/\/maestrodeceremonias.es\/","name":"Maestro de Ceremonias Oficiante de Bodas Civiles y Eventos","description":"Necesitas contratar Maestros de Ceremonias Oficiantes de Boda  para tu celebraci\u00f3n de boda civil simb\u00f3lica. P\u00eddenos presupuesto. Prestamos servicio en Madrid y en toda Espa\u00f1a. Speakers y Presentadores de eventos profesionales biling\u00fces en todos los idiomas a un precio asequible. Preg\u00fantanos: email: mc@maestrodeceremonias.es Tel\u00e9fono y Whatsapp: 644 597 199","publisher":{"@id":"https:\/\/maestrodeceremonias.es\/#organization"},"potentialAction":[{"@type":"SearchAction","target":{"@type":"EntryPoint","urlTemplate":"https:\/\/maestrodeceremonias.es\/?s={search_term_string}"},"query-input":{"@type":"PropertyValueSpecification","valueRequired":true,"valueName":"search_term_string"}}],"inLanguage":"en-GB"},{"@type":"Organization","@id":"https:\/\/maestrodeceremonias.es\/#organization","name":"Maestro de Ceremonias Oficiante de Bodas Civiles y Eventos","url":"https:\/\/maestrodeceremonias.es\/","logo":{"@type":"ImageObject","inLanguage":"en-GB","@id":"https:\/\/maestrodeceremonias.es\/#\/schema\/logo\/image\/","url":"https:\/\/maestrodeceremonias.es\/wp-content\/uploads\/2023\/07\/Maestro-oficiante-de-Boda-Ceremonia-cabecera-web.jpg","contentUrl":"https:\/\/maestrodeceremonias.es\/wp-content\/uploads\/2023\/07\/Maestro-oficiante-de-Boda-Ceremonia-cabecera-web.jpg","width":960,"height":250,"caption":"Maestro de Ceremonias Oficiante de Bodas Civiles y Eventos"},"image":{"@id":"https:\/\/maestrodeceremonias.es\/#\/schema\/logo\/image\/"},"sameAs":["https:\/\/www.facebook.com\/Maestrodeceremonias.presentador","https:\/\/x.com\/presentador_mc","https:\/\/www.instagram.com\/maestrosdeceremonias\/"]}]}},"_links":{"self":[{"href":"http:\/\/maestrodeceremonias.es\/en\/wp-json\/wp\/v2\/pages\/1963","targetHints":{"allow":["GET"]}}],"collection":[{"href":"http:\/\/maestrodeceremonias.es\/en\/wp-json\/wp\/v2\/pages"}],"about":[{"href":"http:\/\/maestrodeceremonias.es\/en\/wp-json\/wp\/v2\/types\/page"}],"author":[{"embeddable":true,"href":"http:\/\/maestrodeceremonias.es\/en\/wp-json\/wp\/v2\/users\/1"}],"replies":[{"embeddable":true,"href":"http:\/\/maestrodeceremonias.es\/en\/wp-json\/wp\/v2\/comments?post=1963"}],"version-history":[{"count":0,"href":"http:\/\/maestrodeceremonias.es\/en\/wp-json\/wp\/v2\/pages\/1963\/revisions"}],"wp:attachment":[{"href":"http:\/\/maestrodeceremonias.es\/en\/wp-json\/wp\/v2\/media?parent=1963"}],"curies":[{"name":"wp","href":"https:\/\/api.w.org\/{rel}","templated":true}]}}