{"id":208,"date":"2015-11-29T13:08:59","date_gmt":"2015-11-29T13:08:59","guid":{"rendered":"http:\/\/maestrodeceremonias.es\/?page_id=208"},"modified":"2023-06-11T17:47:57","modified_gmt":"2023-06-11T15:47:57","slug":"maestros-de-ceremonias-presentadores-eventos-toda-espana-todos-los-idiomas","status":"publish","type":"page","link":"http:\/\/maestrodeceremonias.es\/en\/maestros-de-ceremonias-presentadores-eventos-toda-espana-todos-los-idiomas\/","title":{"rendered":"Maestros de Oficiantes de Ceremonias y Presentadores de Eventos en toda Espa\u00f1a y en todos los idiomas"},"content":{"rendered":"<figure class=\"wp-block-image size-large\"><img loading=\"lazy\" decoding=\"async\" width=\"1024\" height=\"256\" src=\"https:\/\/maestrodeceremonias.es\/wp-content\/uploads\/2023\/06\/Friso-Maestro-de-Ceremonias-1-1024x256.jpg\" alt=\"\" class=\"wp-image-2340\" srcset=\"https:\/\/maestrodeceremonias.es\/wp-content\/uploads\/2023\/06\/Friso-Maestro-de-Ceremonias-1-1024x256.jpg 1024w, https:\/\/maestrodeceremonias.es\/wp-content\/uploads\/2023\/06\/Friso-Maestro-de-Ceremonias-1-300x75.jpg 300w, https:\/\/maestrodeceremonias.es\/wp-content\/uploads\/2023\/06\/Friso-Maestro-de-Ceremonias-1-768x192.jpg 768w, https:\/\/maestrodeceremonias.es\/wp-content\/uploads\/2023\/06\/Friso-Maestro-de-Ceremonias-1.jpg 1200w\" sizes=\"auto, (max-width: 1024px) 100vw, 1024px\" \/><\/figure>\n\n\n\n<p>Buenos D\u00edas!<br>Desde Oficiantes de boda civil os deseamos un estupendo cierre de a\u00f1o profesional.<br>Queremos recordaros que estamos all\u00ed d\u00f3nde y cu\u00e1ndo nos necesit\u00e9is, incluso con esos buenos clientes a los que les surge la necesidad a \u00faltima hora.<br>Os recordamos que siempre pod\u00e9is contar con nosotros si necesit\u00e1is\u00a0<a href=\"http:\/\/maestrodeceremonias.mailrelay-ii.com\/newslink\/97388\/7.html\" target=\"_blank\" rel=\"noreferrer noopener\">Maestros de Ceremonias<\/a>\u00a0y\u00a0<a href=\"http:\/\/maestrodeceremonias.mailrelay-ii.com\/newslink\/97388\/40.html\" target=\"_blank\" rel=\"noreferrer noopener\">Presentadores de Eventos<\/a>\u00a0Biling\u00fces Oficiantes de boda civil\u00a0en toda Espa\u00f1a.<br>Los Mejores profesionales a precios asequibles a tu disposici\u00f3n. Un saludo.<\/p>\n\n\n\n<p><a href=\"http:\/\/maestrodeceremonias.mailrelay-ii.com\/newslink\/97388\/41.html\" target=\"_blank\" rel=\"noreferrer noopener\">Guillermo Casta\u00f1ares<\/a><br><a href=\"http:\/\/maestrodeceremonias.mailrelay-ii.com\/newslink\/97388\/49.html\" target=\"_blank\" rel=\"noreferrer noopener\">www.presentadordeeventos.com<\/a><br><a href=\"http:\/\/maestrodeceremonias.mailrelay-ii.com\/newslink\/97388\/9.html\" target=\"_blank\" rel=\"noreferrer noopener\">www.maestrodeceremonias.es<\/a><\/p>\n\n\n\n<p><strong>Rese\u00f1as de Google<\/strong><\/p>\n\n\n\n<div class=\"r-ipvTdblNlE7A\">\n<div>\n<div class=\"_A7k\">\n<figure><a class=\"fl\" href=\"https:\/\/www.google.com\/maps\/contrib\/117256707017645332834\/reviews\"><img decoding=\"async\" class=\"_F7k\" src=\"https:\/\/lh5.googleusercontent.com\/-p6S65rDhuwo\/AAAAAAAAAAI\/AAAAAAAAAAA\/3Kg1SYA04Mk\/s40-c-k-mo\/photo.jpg\" alt=\"Rafael Servan\"><\/a><\/figure><p><\/p>\n<div class=\"_B7k\">\n<div class=\"_G7k\"><a class=\"_e8k\" href=\"https:\/\/www.google.com\/maps\/contrib\/117256707017645332834\/reviews\">Rafael Servan<\/a><\/div>\n<div class=\"_Q7k\">Hace una semana<\/div>\n<div>\n<div class=\"_ucl\" data-async-context=\"feature_id:0xd4229739477a987%3A0xff3fcf4dade378dd;max_num:1;sort_by:qualityScore;start_index:0\"><span class=\"r-i18aQ_VXGAOc\"><span class=\"r-i18aQ_VXGAOc\"><span class=\"review-full-text\">Busc\u00e1bamos oficiante en Madrid para una celebraci\u00f3n simb\u00f3lica de boda civil desenfadada y con humor, fueron r\u00e1pidos,serios,un trato inmejorable y con un m\u00e9todo de creaci\u00f3n de gui\u00f3n para la ceremonia excelente. Un acierto. Su email es mc@maestrodeceremonias.es<br>Desde aqu\u00ed un saludo.<br>Gracias<br>Rafa S.<\/span><\/span><\/span>&nbsp;\n<\/div>\n<\/div>\n<\/div>\n<\/div>\n<div class=\"_A7k\">\n<figure><a class=\"fl\" href=\"https:\/\/www.google.com\/maps\/contrib\/107566380928817627780\/reviews\"><img decoding=\"async\" class=\"_F7k\" src=\"https:\/\/lh6.googleusercontent.com\/-bSlAMTBk1VA\/AAAAAAAAAAI\/AAAAAAAA-ZI\/rTjwhfq6Efc\/photo.jpg?sz=40\" alt=\"mar caballero\"><\/a><\/figure><p><\/p>\n<div class=\"_B7k\">\n<div class=\"_G7k\"><a class=\"_e8k\" href=\"https:\/\/www.google.com\/maps\/contrib\/107566380928817627780\/reviews\">mar caballero<\/a><\/div>\n<div class=\"_Q7k\">Hace 2 meses<\/div>\n<div>\n<div class=\"_ucl\" data-async-context=\"feature_id:0xd4229739477a987%3A0xff3fcf4dade378dd;max_num:1;sort_by:qualityScore;start_index:1\"><span class=\"r-igrN3QUvEMwE\">Nunca hab\u00eda asistido a una celebraci\u00f3n de boda tan emotiva, algo nada esperable trat\u00e1ndose de una boda civil. Y, gracias al maestro de ceremonias oficiante, tambi\u00e9n ha sido la m\u00e1s divertida. La primera vez que no me aburro en una boda ni me arrepiento de haberme comprado un vestido car\u00edsimo&#8230;<\/span><\/div>\n<\/div>\n<\/div>\n<\/div>\n<div class=\"_A7k\">\n<figure><a class=\"fl\" href=\"https:\/\/www.google.com\/maps\/contrib\/101212229176760789928\/reviews\"><img decoding=\"async\" class=\"_F7k\" src=\"https:\/\/lh5.googleusercontent.com\/-_Erg9MrDJzc\/AAAAAAAAAAI\/AAAAAAAAABo\/shmuJw-omxc\/photo.jpg?sz=40\" alt=\"Marta Mu\u00f1oz\"><\/a><\/figure><p><\/p>\n<div class=\"_B7k\">\n<div class=\"_G7k\"><a class=\"_e8k\" href=\"https:\/\/www.google.com\/maps\/contrib\/101212229176760789928\/reviews\">Marta Mu\u00f1oz<\/a><\/div>\n<div class=\"_Q7k\">Hace 7 meses<\/div>\n<div>\n<div class=\"_ucl\" data-async-context=\"feature_id:0xd4229739477a987%3A0xff3fcf4dade378dd;max_num:1;sort_by:qualityScore;start_index:2\"><span class=\"r-iDESB72mgn4c\"><span class=\"review-full-text\">Enhorabuena www.maestrodecerremonias.es por vuestro trabajo en nuestra ceremonia de boda civil, le disteis el toque de humor y originalidad que dese\u00e1bamos al guion de la celebraci\u00f3n con elegancia y buen gusto. Vuestro oficiante de boda fue puntual y siempre hab\u00e9is estado ah\u00ed para los cambios que os hemos pedido. Muchas gracias, os recomendamos de coraz\u00f3n!<\/span><\/span><\/div>\n<\/div>\n<\/div>\n<\/div>\n<\/div>\n<\/div>","protected":false},"excerpt":{"rendered":"<p>Buenos D\u00edas!Desde Oficiantes de boda civil os deseamos un estupendo cierre de a\u00f1o profesional.Queremos recordaros que estamos all\u00ed d\u00f3nde y cu\u00e1ndo nos necesit\u00e9is, incluso con esos buenos clientes a los que les surge la necesidad a \u00faltima hora.Os recordamos que siempre pod\u00e9is contar con nosotros si necesit\u00e1is\u00a0Maestros de Ceremonias\u00a0y\u00a0Presentadores de Eventos\u00a0Biling\u00fces Oficiantes de boda civil\u00a0en [&hellip;]<\/p>\n","protected":false},"author":1,"featured_media":0,"parent":0,"menu_order":0,"comment_status":"closed","ping_status":"closed","template":"","meta":{"_monsterinsights_skip_tracking":false,"_monsterinsights_sitenote_active":false,"_monsterinsights_sitenote_note":"","_monsterinsights_sitenote_category":0,"_joinchat":[],"footnotes":""},"class_list":["post-208","page","type-page","status-publish","hentry"],"blocksy_meta":[],"yoast_head":"<!-- This site is optimized with the Yoast SEO plugin v26.8 - https:\/\/yoast.com\/product\/yoast-seo-wordpress\/ -->\n<title>Oficiantes de boda civil, presentadores de eventos<\/title>\n<meta name=\"description\" content=\"Oficiantes de boda civil, presentadores de eventos en toda Espa\u00f1a 2016 Guiones a medida para vuestra ceremonia, eleg\u00eds el tono y contenido de vuestra boda.\" \/>\n<meta name=\"robots\" content=\"index, follow, max-snippet:-1, max-image-preview:large, max-video-preview:-1\" \/>\n<link rel=\"canonical\" href=\"https:\/\/maestrodeceremonias.es\/en\/maestros-de-ceremonias-presentadores-eventos-toda-espana-todos-los-idiomas\/\" \/>\n<meta property=\"og:locale\" content=\"en_GB\" \/>\n<meta property=\"og:type\" content=\"article\" \/>\n<meta property=\"og:title\" content=\"Oficiantes de boda civil, presentadores de eventos\" \/>\n<meta property=\"og:description\" content=\"Oficiantes de boda civil, presentadores de eventos en toda Espa\u00f1a 2016 Guiones a medida para vuestra ceremonia, eleg\u00eds el tono y contenido de vuestra boda.\" \/>\n<meta property=\"og:url\" content=\"https:\/\/maestrodeceremonias.es\/en\/maestros-de-ceremonias-presentadores-eventos-toda-espana-todos-los-idiomas\/\" \/>\n<meta property=\"og:site_name\" content=\"Maestro de Ceremonias Oficiante de Bodas Civiles y Eventos\" \/>\n<meta property=\"article:publisher\" content=\"https:\/\/www.facebook.com\/Maestrodeceremonias.presentador\" \/>\n<meta property=\"article:modified_time\" content=\"2023-06-11T15:47:57+00:00\" \/>\n<meta property=\"og:image\" content=\"https:\/\/maestrodeceremonias.es\/wp-content\/uploads\/2023\/06\/Friso-Maestro-de-Ceremonias-1-1024x256.jpg\" \/>\n<meta name=\"twitter:card\" content=\"summary_large_image\" \/>\n<meta name=\"twitter:site\" content=\"@presentador_mc\" \/>\n<meta name=\"twitter:label1\" content=\"Estimated reading time\" \/>\n\t<meta name=\"twitter:data1\" content=\"2 minutes\" \/>\n<script type=\"application\/ld+json\" class=\"yoast-schema-graph\">{\"@context\":\"https:\/\/schema.org\",\"@graph\":[{\"@type\":\"WebPage\",\"@id\":\"https:\/\/maestrodeceremonias.es\/maestros-de-ceremonias-presentadores-eventos-toda-espana-todos-los-idiomas\/\",\"url\":\"https:\/\/maestrodeceremonias.es\/maestros-de-ceremonias-presentadores-eventos-toda-espana-todos-los-idiomas\/\",\"name\":\"Oficiantes de boda civil, presentadores de eventos\",\"isPartOf\":{\"@id\":\"https:\/\/maestrodeceremonias.es\/#website\"},\"primaryImageOfPage\":{\"@id\":\"https:\/\/maestrodeceremonias.es\/maestros-de-ceremonias-presentadores-eventos-toda-espana-todos-los-idiomas\/#primaryimage\"},\"image\":{\"@id\":\"https:\/\/maestrodeceremonias.es\/maestros-de-ceremonias-presentadores-eventos-toda-espana-todos-los-idiomas\/#primaryimage\"},\"thumbnailUrl\":\"https:\/\/maestrodeceremonias.es\/wp-content\/uploads\/2023\/06\/Friso-Maestro-de-Ceremonias-1-1024x256.jpg\",\"datePublished\":\"2015-11-29T13:08:59+00:00\",\"dateModified\":\"2023-06-11T15:47:57+00:00\",\"description\":\"Oficiantes de boda civil, presentadores de eventos en toda Espa\u00f1a 2016 Guiones a medida para vuestra ceremonia, eleg\u00eds el tono y contenido de vuestra boda.\",\"breadcrumb\":{\"@id\":\"https:\/\/maestrodeceremonias.es\/maestros-de-ceremonias-presentadores-eventos-toda-espana-todos-los-idiomas\/#breadcrumb\"},\"inLanguage\":\"en-GB\",\"potentialAction\":[{\"@type\":\"ReadAction\",\"target\":[\"https:\/\/maestrodeceremonias.es\/maestros-de-ceremonias-presentadores-eventos-toda-espana-todos-los-idiomas\/\"]}]},{\"@type\":\"ImageObject\",\"inLanguage\":\"en-GB\",\"@id\":\"https:\/\/maestrodeceremonias.es\/maestros-de-ceremonias-presentadores-eventos-toda-espana-todos-los-idiomas\/#primaryimage\",\"url\":\"https:\/\/maestrodeceremonias.es\/wp-content\/uploads\/2023\/06\/Friso-Maestro-de-Ceremonias-1-1024x256.jpg\",\"contentUrl\":\"https:\/\/maestrodeceremonias.es\/wp-content\/uploads\/2023\/06\/Friso-Maestro-de-Ceremonias-1-1024x256.jpg\"},{\"@type\":\"BreadcrumbList\",\"@id\":\"https:\/\/maestrodeceremonias.es\/maestros-de-ceremonias-presentadores-eventos-toda-espana-todos-los-idiomas\/#breadcrumb\",\"itemListElement\":[{\"@type\":\"ListItem\",\"position\":1,\"name\":\"Maestros de ceremonias\",\"item\":\"https:\/\/maestrodeceremonias.es\/\"},{\"@type\":\"ListItem\",\"position\":2,\"name\":\"Maestros de Oficiantes de Ceremonias y Presentadores de Eventos en toda Espa\u00f1a y en todos los idiomas\"}]},{\"@type\":\"WebSite\",\"@id\":\"https:\/\/maestrodeceremonias.es\/#website\",\"url\":\"https:\/\/maestrodeceremonias.es\/\",\"name\":\"Maestro de Ceremonias Oficiante de Bodas Civiles y Eventos\",\"description\":\"Necesitas contratar Maestros de Ceremonias Oficiantes de Boda  para tu celebraci\u00f3n de boda civil simb\u00f3lica. P\u00eddenos presupuesto. Prestamos servicio en Madrid y en toda Espa\u00f1a. Speakers y Presentadores de eventos profesionales biling\u00fces en todos los idiomas a un precio asequible. Preg\u00fantanos: email: mc@maestrodeceremonias.es Tel\u00e9fono y Whatsapp: 644 597 199\",\"publisher\":{\"@id\":\"https:\/\/maestrodeceremonias.es\/#organization\"},\"potentialAction\":[{\"@type\":\"SearchAction\",\"target\":{\"@type\":\"EntryPoint\",\"urlTemplate\":\"https:\/\/maestrodeceremonias.es\/?s={search_term_string}\"},\"query-input\":{\"@type\":\"PropertyValueSpecification\",\"valueRequired\":true,\"valueName\":\"search_term_string\"}}],\"inLanguage\":\"en-GB\"},{\"@type\":\"Organization\",\"@id\":\"https:\/\/maestrodeceremonias.es\/#organization\",\"name\":\"Maestro de Ceremonias Oficiante de Bodas Civiles y Eventos\",\"url\":\"https:\/\/maestrodeceremonias.es\/\",\"logo\":{\"@type\":\"ImageObject\",\"inLanguage\":\"en-GB\",\"@id\":\"https:\/\/maestrodeceremonias.es\/#\/schema\/logo\/image\/\",\"url\":\"https:\/\/maestrodeceremonias.es\/wp-content\/uploads\/2023\/07\/Maestro-oficiante-de-Boda-Ceremonia-cabecera-web.jpg\",\"contentUrl\":\"https:\/\/maestrodeceremonias.es\/wp-content\/uploads\/2023\/07\/Maestro-oficiante-de-Boda-Ceremonia-cabecera-web.jpg\",\"width\":960,\"height\":250,\"caption\":\"Maestro de Ceremonias Oficiante de Bodas Civiles y Eventos\"},\"image\":{\"@id\":\"https:\/\/maestrodeceremonias.es\/#\/schema\/logo\/image\/\"},\"sameAs\":[\"https:\/\/www.facebook.com\/Maestrodeceremonias.presentador\",\"https:\/\/x.com\/presentador_mc\",\"https:\/\/www.instagram.com\/maestrosdeceremonias\/\"]}]}<\/script>\n<!-- \/ Yoast SEO plugin. -->","yoast_head_json":{"title":"Oficiantes de boda civil, presentadores de eventos","description":"Oficiantes de boda civil, presentadores de eventos en toda Espa\u00f1a 2016 Guiones a medida para vuestra ceremonia, eleg\u00eds el tono y contenido de vuestra boda.","robots":{"index":"index","follow":"follow","max-snippet":"max-snippet:-1","max-image-preview":"max-image-preview:large","max-video-preview":"max-video-preview:-1"},"canonical":"https:\/\/maestrodeceremonias.es\/en\/maestros-de-ceremonias-presentadores-eventos-toda-espana-todos-los-idiomas\/","og_locale":"en_GB","og_type":"article","og_title":"Oficiantes de boda civil, presentadores de eventos","og_description":"Oficiantes de boda civil, presentadores de eventos en toda Espa\u00f1a 2016 Guiones a medida para vuestra ceremonia, eleg\u00eds el tono y contenido de vuestra boda.","og_url":"https:\/\/maestrodeceremonias.es\/en\/maestros-de-ceremonias-presentadores-eventos-toda-espana-todos-los-idiomas\/","og_site_name":"Maestro de Ceremonias Oficiante de Bodas Civiles y Eventos","article_publisher":"https:\/\/www.facebook.com\/Maestrodeceremonias.presentador","article_modified_time":"2023-06-11T15:47:57+00:00","og_image":[{"url":"https:\/\/maestrodeceremonias.es\/wp-content\/uploads\/2023\/06\/Friso-Maestro-de-Ceremonias-1-1024x256.jpg","type":"","width":"","height":""}],"twitter_card":"summary_large_image","twitter_site":"@presentador_mc","twitter_misc":{"Estimated reading time":"2 minutes"},"schema":{"@context":"https:\/\/schema.org","@graph":[{"@type":"WebPage","@id":"https:\/\/maestrodeceremonias.es\/maestros-de-ceremonias-presentadores-eventos-toda-espana-todos-los-idiomas\/","url":"https:\/\/maestrodeceremonias.es\/maestros-de-ceremonias-presentadores-eventos-toda-espana-todos-los-idiomas\/","name":"Oficiantes de boda civil, presentadores de eventos","isPartOf":{"@id":"https:\/\/maestrodeceremonias.es\/#website"},"primaryImageOfPage":{"@id":"https:\/\/maestrodeceremonias.es\/maestros-de-ceremonias-presentadores-eventos-toda-espana-todos-los-idiomas\/#primaryimage"},"image":{"@id":"https:\/\/maestrodeceremonias.es\/maestros-de-ceremonias-presentadores-eventos-toda-espana-todos-los-idiomas\/#primaryimage"},"thumbnailUrl":"https:\/\/maestrodeceremonias.es\/wp-content\/uploads\/2023\/06\/Friso-Maestro-de-Ceremonias-1-1024x256.jpg","datePublished":"2015-11-29T13:08:59+00:00","dateModified":"2023-06-11T15:47:57+00:00","description":"Oficiantes de boda civil, presentadores de eventos en toda Espa\u00f1a 2016 Guiones a medida para vuestra ceremonia, eleg\u00eds el tono y contenido de vuestra boda.","breadcrumb":{"@id":"https:\/\/maestrodeceremonias.es\/maestros-de-ceremonias-presentadores-eventos-toda-espana-todos-los-idiomas\/#breadcrumb"},"inLanguage":"en-GB","potentialAction":[{"@type":"ReadAction","target":["https:\/\/maestrodeceremonias.es\/maestros-de-ceremonias-presentadores-eventos-toda-espana-todos-los-idiomas\/"]}]},{"@type":"ImageObject","inLanguage":"en-GB","@id":"https:\/\/maestrodeceremonias.es\/maestros-de-ceremonias-presentadores-eventos-toda-espana-todos-los-idiomas\/#primaryimage","url":"https:\/\/maestrodeceremonias.es\/wp-content\/uploads\/2023\/06\/Friso-Maestro-de-Ceremonias-1-1024x256.jpg","contentUrl":"https:\/\/maestrodeceremonias.es\/wp-content\/uploads\/2023\/06\/Friso-Maestro-de-Ceremonias-1-1024x256.jpg"},{"@type":"BreadcrumbList","@id":"https:\/\/maestrodeceremonias.es\/maestros-de-ceremonias-presentadores-eventos-toda-espana-todos-los-idiomas\/#breadcrumb","itemListElement":[{"@type":"ListItem","position":1,"name":"Maestros de ceremonias","item":"https:\/\/maestrodeceremonias.es\/"},{"@type":"ListItem","position":2,"name":"Maestros de Oficiantes de Ceremonias y Presentadores de Eventos en toda Espa\u00f1a y en todos los idiomas"}]},{"@type":"WebSite","@id":"https:\/\/maestrodeceremonias.es\/#website","url":"https:\/\/maestrodeceremonias.es\/","name":"Maestro de Ceremonias Oficiante de Bodas Civiles y Eventos","description":"Necesitas contratar Maestros de Ceremonias Oficiantes de Boda  para tu celebraci\u00f3n de boda civil simb\u00f3lica. P\u00eddenos presupuesto. Prestamos servicio en Madrid y en toda Espa\u00f1a. Speakers y Presentadores de eventos profesionales biling\u00fces en todos los idiomas a un precio asequible. Preg\u00fantanos: email: mc@maestrodeceremonias.es Tel\u00e9fono y Whatsapp: 644 597 199","publisher":{"@id":"https:\/\/maestrodeceremonias.es\/#organization"},"potentialAction":[{"@type":"SearchAction","target":{"@type":"EntryPoint","urlTemplate":"https:\/\/maestrodeceremonias.es\/?s={search_term_string}"},"query-input":{"@type":"PropertyValueSpecification","valueRequired":true,"valueName":"search_term_string"}}],"inLanguage":"en-GB"},{"@type":"Organization","@id":"https:\/\/maestrodeceremonias.es\/#organization","name":"Maestro de Ceremonias Oficiante de Bodas Civiles y Eventos","url":"https:\/\/maestrodeceremonias.es\/","logo":{"@type":"ImageObject","inLanguage":"en-GB","@id":"https:\/\/maestrodeceremonias.es\/#\/schema\/logo\/image\/","url":"https:\/\/maestrodeceremonias.es\/wp-content\/uploads\/2023\/07\/Maestro-oficiante-de-Boda-Ceremonia-cabecera-web.jpg","contentUrl":"https:\/\/maestrodeceremonias.es\/wp-content\/uploads\/2023\/07\/Maestro-oficiante-de-Boda-Ceremonia-cabecera-web.jpg","width":960,"height":250,"caption":"Maestro de Ceremonias Oficiante de Bodas Civiles y Eventos"},"image":{"@id":"https:\/\/maestrodeceremonias.es\/#\/schema\/logo\/image\/"},"sameAs":["https:\/\/www.facebook.com\/Maestrodeceremonias.presentador","https:\/\/x.com\/presentador_mc","https:\/\/www.instagram.com\/maestrosdeceremonias\/"]}]}},"_links":{"self":[{"href":"http:\/\/maestrodeceremonias.es\/en\/wp-json\/wp\/v2\/pages\/208","targetHints":{"allow":["GET"]}}],"collection":[{"href":"http:\/\/maestrodeceremonias.es\/en\/wp-json\/wp\/v2\/pages"}],"about":[{"href":"http:\/\/maestrodeceremonias.es\/en\/wp-json\/wp\/v2\/types\/page"}],"author":[{"embeddable":true,"href":"http:\/\/maestrodeceremonias.es\/en\/wp-json\/wp\/v2\/users\/1"}],"replies":[{"embeddable":true,"href":"http:\/\/maestrodeceremonias.es\/en\/wp-json\/wp\/v2\/comments?post=208"}],"version-history":[{"count":0,"href":"http:\/\/maestrodeceremonias.es\/en\/wp-json\/wp\/v2\/pages\/208\/revisions"}],"wp:attachment":[{"href":"http:\/\/maestrodeceremonias.es\/en\/wp-json\/wp\/v2\/media?parent=208"}],"curies":[{"name":"wp","href":"https:\/\/api.w.org\/{rel}","templated":true}]}}