{"id":104,"date":"2015-10-09T10:22:29","date_gmt":"2015-10-09T10:22:29","guid":{"rendered":"http:\/\/maestrodeceremonias.es\/?page_id=104"},"modified":"2023-06-11T16:49:52","modified_gmt":"2023-06-11T14:49:52","slug":"wedding-officiant-master-of-ceremonies-any-languages-any-where-in-spain","status":"publish","type":"page","link":"https:\/\/maestrodeceremonias.es\/en\/wedding-officiant-master-of-ceremonies-any-languages-any-where-in-spain\/","title":{"rendered":"Wedding officiant Master of Ceremonies any languages any where in Spain"},"content":{"rendered":"<div class=\"wp-block-columns is-layout-flex wp-container-core-columns-is-layout-1 wp-block-columns-is-layout-flex\">\n<div class=\"wp-block-column is-layout-flow wp-block-column-is-layout-flow\" style=\"flex-basis:33.33%\">\n<figure class=\"wp-block-image size-full\"><img loading=\"lazy\" decoding=\"async\" width=\"1024\" height=\"718\" src=\"https:\/\/maestrodeceremonias.es\/wp-content\/uploads\/2020\/04\/Maestro-de-Ceremonias-Momentos-Felices.jpeg\" alt=\"\" class=\"wp-image-1801\" srcset=\"https:\/\/maestrodeceremonias.es\/wp-content\/uploads\/2020\/04\/Maestro-de-Ceremonias-Momentos-Felices.jpeg 1024w, https:\/\/maestrodeceremonias.es\/wp-content\/uploads\/2020\/04\/Maestro-de-Ceremonias-Momentos-Felices-300x210.jpeg 300w, https:\/\/maestrodeceremonias.es\/wp-content\/uploads\/2020\/04\/Maestro-de-Ceremonias-Momentos-Felices-768x539.jpeg 768w\" sizes=\"auto, (max-width: 1024px) 100vw, 1024px\" \/><figcaption class=\"wp-element-caption\">Wedding officiant Master of Ceremonies any languages any where in Spain<\/figcaption><\/figure>\n<\/div>\n\n\n\n<div class=\"wp-block-column is-layout-flow wp-block-column-is-layout-flow\" style=\"flex-basis:66.66%\">\n<p>Master Officiant wedding Ceremonies Spain : Any celebration or event that gathers over twenty people needs someone to plan, organize and execute it, so that everybody can enjoy a successful experience. Wedding officiant Master of Ceremonies any languages any where in Spain<\/p>\n<\/div>\n<\/div>\n\n\n\n<h2 class=\"wp-block-heading has-medium-font-size\">The Master of wedding Ceremonies will drive the event from the beginning to the end, keeping attention focused, communicating the desired messages and making your event a dynamic and enjoyable experience.<\/h2>\n\n\n\n<p>If you are planning an event, from a civil wedding to a corporate event or any other social activity, and considering the services of a professional Master of Ceremonies, do get in touch with us. The development of the event will be one thing less for you to worry about, so you can concentrate on what really matters to you.<\/p>\n\n\n\n<h2 class=\"wp-block-heading has-medium-font-size\">Contact our team:<\/h2>\n\n\n\n<p>To find out how we can help. With over twelve years experience, our team of professionals will ensure the success of your event. We are flexible and fit around your needs, working anywhere in Spain and abroad, offering a multilingual service, including Spanish, English, French, Portuguese and German.<\/p>\n\n\n\n<p>The celebration of each and every ceremony, no matter what the theme, will always grow and become a success if there is a professional MC in the team.<\/p>\n\n\n\n<p>Contact&nbsp;<a href=\"https:\/\/maestrodeceremonias.es\/en\/\">Master Officiant wedding Ceremonies<\/a>&nbsp;Spain <a href=\"mailto:mc@maestrodeceremonias.es\">mc@maestrodeceremonias.es<\/a><\/p>\n\n\n\n<h2 class=\"wp-block-heading\">Wedding officiant Master of Ceremonies any languages any where in Spain<\/h2>\n\n\n\n<p>Nuestras tags:&nbsp;Master Officiant wedding Ceremonies Spain, Oficiantes de bodas, Ceremonia civil, recreaci\u00f3n de ceremonias, Recreaci\u00f3n, organizaci\u00f3n, eventos, recreaci\u00f3n boda, sal\u00f3n de bodas, enlace matrimonial, representaci\u00f3n, boda, enlace matrimonial, esponsales, Aniversarios de boda, cumplea\u00f1os, Servicios para Eventos, Organizador de Eventos, buscar organizadores, organizar eventos, organizador de matrimonios, organizador de fiestas, organizador de eventos , organizador de graduaciones, servicios de Bautizos y Nacimientos, Matrimonios, Conciertos, Cumplea\u00f1os, Despedidas, Eventos de Beneficencia, Eventos Empresariales, Premieres, Shows, &nbsp;Espect\u00e1culos, Otros ,Oficiante de bodas, Animaci\u00f3n de boda, Oficiantes para bodas, Proveedores Oficiantes para bodas, Bodas simb\u00f3licas, Oficiantes para bodas, Boda parip\u00e9, Oficiantes para bodas, Animaci\u00f3n ceremonias, Bodas tem\u00e1ticas, Proveedores eventos, Proveedores&nbsp;Boda,&nbsp;Precio ceremonia de&nbsp;Boda,&nbsp;Precio Ceremonia civil, guion ceremonia civil, guion bodas de plata.&nbsp;<\/p>","protected":false},"excerpt":{"rendered":"<p>Master Officiant wedding Ceremonies Spain : Any celebration or event that gathers over twenty people needs someone to plan, organize and execute it, so that everybody can enjoy a successful experience. Wedding officiant Master of Ceremonies any languages any where in Spain The Master of wedding Ceremonies will drive the event from the beginning to [&hellip;]<\/p>\n","protected":false},"author":1,"featured_media":0,"parent":0,"menu_order":0,"comment_status":"closed","ping_status":"closed","template":"","meta":{"_monsterinsights_skip_tracking":false,"_monsterinsights_sitenote_active":false,"_monsterinsights_sitenote_note":"","_monsterinsights_sitenote_category":0,"_joinchat":[],"footnotes":""},"class_list":["post-104","page","type-page","status-publish","hentry"],"blocksy_meta":[],"yoast_head":"<!-- This site is optimized with the Yoast SEO plugin v26.8 - https:\/\/yoast.com\/product\/yoast-seo-wordpress\/ -->\n<title>Wedding officiant Master of Ceremonies any languages any where in Spain<\/title>\n<meta name=\"description\" content=\"Wedding officiant Master of Ceremonies any languages any where in Spain, contact us and ask for a quote for afordable professional services\" \/>\n<meta name=\"robots\" content=\"index, follow, max-snippet:-1, max-image-preview:large, max-video-preview:-1\" \/>\n<link rel=\"canonical\" href=\"https:\/\/maestrodeceremonias.es\/en\/wedding-officiant-master-of-ceremonies-any-languages-any-where-in-spain\/\" \/>\n<meta property=\"og:locale\" content=\"en_GB\" \/>\n<meta property=\"og:type\" content=\"article\" \/>\n<meta property=\"og:title\" content=\"Wedding officiant Master of Ceremonies any languages any where in Spain\" \/>\n<meta property=\"og:description\" content=\"Wedding officiant Master of Ceremonies any languages any where in Spain, contact us and ask for a quote for afordable professional services\" \/>\n<meta property=\"og:url\" content=\"https:\/\/maestrodeceremonias.es\/en\/wedding-officiant-master-of-ceremonies-any-languages-any-where-in-spain\/\" \/>\n<meta property=\"og:site_name\" content=\"Maestro de Ceremonias Oficiante de Bodas Civiles y Eventos\" \/>\n<meta property=\"article:publisher\" content=\"https:\/\/www.facebook.com\/Maestrodeceremonias.presentador\" \/>\n<meta property=\"article:modified_time\" content=\"2023-06-11T14:49:52+00:00\" \/>\n<meta property=\"og:image\" content=\"https:\/\/maestrodeceremonias.es\/wp-content\/uploads\/2020\/04\/Maestro-de-Ceremonias-Momentos-Felices.jpeg\" \/>\n<meta name=\"twitter:card\" content=\"summary_large_image\" \/>\n<meta name=\"twitter:site\" content=\"@presentador_mc\" \/>\n<meta name=\"twitter:label1\" content=\"Estimated reading time\" \/>\n\t<meta name=\"twitter:data1\" content=\"2 minutes\" \/>\n<script type=\"application\/ld+json\" class=\"yoast-schema-graph\">{\"@context\":\"https:\/\/schema.org\",\"@graph\":[{\"@type\":\"WebPage\",\"@id\":\"https:\/\/maestrodeceremonias.es\/wedding-officiant-master-of-ceremonies-any-languages-any-where-in-spain\/\",\"url\":\"https:\/\/maestrodeceremonias.es\/wedding-officiant-master-of-ceremonies-any-languages-any-where-in-spain\/\",\"name\":\"Wedding officiant Master of Ceremonies any languages any where in Spain\",\"isPartOf\":{\"@id\":\"https:\/\/maestrodeceremonias.es\/#website\"},\"primaryImageOfPage\":{\"@id\":\"https:\/\/maestrodeceremonias.es\/wedding-officiant-master-of-ceremonies-any-languages-any-where-in-spain\/#primaryimage\"},\"image\":{\"@id\":\"https:\/\/maestrodeceremonias.es\/wedding-officiant-master-of-ceremonies-any-languages-any-where-in-spain\/#primaryimage\"},\"thumbnailUrl\":\"https:\/\/maestrodeceremonias.es\/wp-content\/uploads\/2020\/04\/Maestro-de-Ceremonias-Momentos-Felices.jpeg\",\"datePublished\":\"2015-10-09T10:22:29+00:00\",\"dateModified\":\"2023-06-11T14:49:52+00:00\",\"description\":\"Wedding officiant Master of Ceremonies any languages any where in Spain, contact us and ask for a quote for afordable professional services\",\"breadcrumb\":{\"@id\":\"https:\/\/maestrodeceremonias.es\/wedding-officiant-master-of-ceremonies-any-languages-any-where-in-spain\/#breadcrumb\"},\"inLanguage\":\"en-GB\",\"potentialAction\":[{\"@type\":\"ReadAction\",\"target\":[\"https:\/\/maestrodeceremonias.es\/wedding-officiant-master-of-ceremonies-any-languages-any-where-in-spain\/\"]}]},{\"@type\":\"ImageObject\",\"inLanguage\":\"en-GB\",\"@id\":\"https:\/\/maestrodeceremonias.es\/wedding-officiant-master-of-ceremonies-any-languages-any-where-in-spain\/#primaryimage\",\"url\":\"https:\/\/maestrodeceremonias.es\/wp-content\/uploads\/2020\/04\/Maestro-de-Ceremonias-Momentos-Felices.jpeg\",\"contentUrl\":\"https:\/\/maestrodeceremonias.es\/wp-content\/uploads\/2020\/04\/Maestro-de-Ceremonias-Momentos-Felices.jpeg\"},{\"@type\":\"BreadcrumbList\",\"@id\":\"https:\/\/maestrodeceremonias.es\/wedding-officiant-master-of-ceremonies-any-languages-any-where-in-spain\/#breadcrumb\",\"itemListElement\":[{\"@type\":\"ListItem\",\"position\":1,\"name\":\"Maestros de ceremonias\",\"item\":\"https:\/\/maestrodeceremonias.es\/\"},{\"@type\":\"ListItem\",\"position\":2,\"name\":\"Wedding officiant Master of Ceremonies any languages any where in Spain\"}]},{\"@type\":\"WebSite\",\"@id\":\"https:\/\/maestrodeceremonias.es\/#website\",\"url\":\"https:\/\/maestrodeceremonias.es\/\",\"name\":\"Maestro de Ceremonias Oficiante de Bodas Civiles y Eventos\",\"description\":\"Necesitas contratar Maestros de Ceremonias Oficiantes de Boda  para tu celebraci\u00f3n de boda civil simb\u00f3lica. P\u00eddenos presupuesto. Prestamos servicio en Madrid y en toda Espa\u00f1a. Speakers y Presentadores de eventos profesionales biling\u00fces en todos los idiomas a un precio asequible. Preg\u00fantanos: email: mc@maestrodeceremonias.es Tel\u00e9fono y Whatsapp: 644 597 199\",\"publisher\":{\"@id\":\"https:\/\/maestrodeceremonias.es\/#organization\"},\"potentialAction\":[{\"@type\":\"SearchAction\",\"target\":{\"@type\":\"EntryPoint\",\"urlTemplate\":\"https:\/\/maestrodeceremonias.es\/?s={search_term_string}\"},\"query-input\":{\"@type\":\"PropertyValueSpecification\",\"valueRequired\":true,\"valueName\":\"search_term_string\"}}],\"inLanguage\":\"en-GB\"},{\"@type\":\"Organization\",\"@id\":\"https:\/\/maestrodeceremonias.es\/#organization\",\"name\":\"Maestro de Ceremonias Oficiante de Bodas Civiles y Eventos\",\"url\":\"https:\/\/maestrodeceremonias.es\/\",\"logo\":{\"@type\":\"ImageObject\",\"inLanguage\":\"en-GB\",\"@id\":\"https:\/\/maestrodeceremonias.es\/#\/schema\/logo\/image\/\",\"url\":\"https:\/\/maestrodeceremonias.es\/wp-content\/uploads\/2023\/07\/Maestro-oficiante-de-Boda-Ceremonia-cabecera-web.jpg\",\"contentUrl\":\"https:\/\/maestrodeceremonias.es\/wp-content\/uploads\/2023\/07\/Maestro-oficiante-de-Boda-Ceremonia-cabecera-web.jpg\",\"width\":960,\"height\":250,\"caption\":\"Maestro de Ceremonias Oficiante de Bodas Civiles y Eventos\"},\"image\":{\"@id\":\"https:\/\/maestrodeceremonias.es\/#\/schema\/logo\/image\/\"},\"sameAs\":[\"https:\/\/www.facebook.com\/Maestrodeceremonias.presentador\",\"https:\/\/x.com\/presentador_mc\",\"https:\/\/www.instagram.com\/maestrosdeceremonias\/\"]}]}<\/script>\n<!-- \/ Yoast SEO plugin. -->","yoast_head_json":{"title":"Wedding officiant Master of Ceremonies any languages any where in Spain","description":"Wedding officiant Master of Ceremonies any languages any where in Spain, contact us and ask for a quote for afordable professional services","robots":{"index":"index","follow":"follow","max-snippet":"max-snippet:-1","max-image-preview":"max-image-preview:large","max-video-preview":"max-video-preview:-1"},"canonical":"https:\/\/maestrodeceremonias.es\/en\/wedding-officiant-master-of-ceremonies-any-languages-any-where-in-spain\/","og_locale":"en_GB","og_type":"article","og_title":"Wedding officiant Master of Ceremonies any languages any where in Spain","og_description":"Wedding officiant Master of Ceremonies any languages any where in Spain, contact us and ask for a quote for afordable professional services","og_url":"https:\/\/maestrodeceremonias.es\/en\/wedding-officiant-master-of-ceremonies-any-languages-any-where-in-spain\/","og_site_name":"Maestro de Ceremonias Oficiante de Bodas Civiles y Eventos","article_publisher":"https:\/\/www.facebook.com\/Maestrodeceremonias.presentador","article_modified_time":"2023-06-11T14:49:52+00:00","og_image":[{"url":"https:\/\/maestrodeceremonias.es\/wp-content\/uploads\/2020\/04\/Maestro-de-Ceremonias-Momentos-Felices.jpeg","type":"","width":"","height":""}],"twitter_card":"summary_large_image","twitter_site":"@presentador_mc","twitter_misc":{"Estimated reading time":"2 minutes"},"schema":{"@context":"https:\/\/schema.org","@graph":[{"@type":"WebPage","@id":"https:\/\/maestrodeceremonias.es\/wedding-officiant-master-of-ceremonies-any-languages-any-where-in-spain\/","url":"https:\/\/maestrodeceremonias.es\/wedding-officiant-master-of-ceremonies-any-languages-any-where-in-spain\/","name":"Wedding officiant Master of Ceremonies any languages any where in Spain","isPartOf":{"@id":"https:\/\/maestrodeceremonias.es\/#website"},"primaryImageOfPage":{"@id":"https:\/\/maestrodeceremonias.es\/wedding-officiant-master-of-ceremonies-any-languages-any-where-in-spain\/#primaryimage"},"image":{"@id":"https:\/\/maestrodeceremonias.es\/wedding-officiant-master-of-ceremonies-any-languages-any-where-in-spain\/#primaryimage"},"thumbnailUrl":"https:\/\/maestrodeceremonias.es\/wp-content\/uploads\/2020\/04\/Maestro-de-Ceremonias-Momentos-Felices.jpeg","datePublished":"2015-10-09T10:22:29+00:00","dateModified":"2023-06-11T14:49:52+00:00","description":"Wedding officiant Master of Ceremonies any languages any where in Spain, contact us and ask for a quote for afordable professional services","breadcrumb":{"@id":"https:\/\/maestrodeceremonias.es\/wedding-officiant-master-of-ceremonies-any-languages-any-where-in-spain\/#breadcrumb"},"inLanguage":"en-GB","potentialAction":[{"@type":"ReadAction","target":["https:\/\/maestrodeceremonias.es\/wedding-officiant-master-of-ceremonies-any-languages-any-where-in-spain\/"]}]},{"@type":"ImageObject","inLanguage":"en-GB","@id":"https:\/\/maestrodeceremonias.es\/wedding-officiant-master-of-ceremonies-any-languages-any-where-in-spain\/#primaryimage","url":"https:\/\/maestrodeceremonias.es\/wp-content\/uploads\/2020\/04\/Maestro-de-Ceremonias-Momentos-Felices.jpeg","contentUrl":"https:\/\/maestrodeceremonias.es\/wp-content\/uploads\/2020\/04\/Maestro-de-Ceremonias-Momentos-Felices.jpeg"},{"@type":"BreadcrumbList","@id":"https:\/\/maestrodeceremonias.es\/wedding-officiant-master-of-ceremonies-any-languages-any-where-in-spain\/#breadcrumb","itemListElement":[{"@type":"ListItem","position":1,"name":"Maestros de ceremonias","item":"https:\/\/maestrodeceremonias.es\/"},{"@type":"ListItem","position":2,"name":"Wedding officiant Master of Ceremonies any languages any where in Spain"}]},{"@type":"WebSite","@id":"https:\/\/maestrodeceremonias.es\/#website","url":"https:\/\/maestrodeceremonias.es\/","name":"Maestro de Ceremonias Oficiante de Bodas Civiles y Eventos","description":"Necesitas contratar Maestros de Ceremonias Oficiantes de Boda  para tu celebraci\u00f3n de boda civil simb\u00f3lica. P\u00eddenos presupuesto. Prestamos servicio en Madrid y en toda Espa\u00f1a. Speakers y Presentadores de eventos profesionales biling\u00fces en todos los idiomas a un precio asequible. Preg\u00fantanos: email: mc@maestrodeceremonias.es Tel\u00e9fono y Whatsapp: 644 597 199","publisher":{"@id":"https:\/\/maestrodeceremonias.es\/#organization"},"potentialAction":[{"@type":"SearchAction","target":{"@type":"EntryPoint","urlTemplate":"https:\/\/maestrodeceremonias.es\/?s={search_term_string}"},"query-input":{"@type":"PropertyValueSpecification","valueRequired":true,"valueName":"search_term_string"}}],"inLanguage":"en-GB"},{"@type":"Organization","@id":"https:\/\/maestrodeceremonias.es\/#organization","name":"Maestro de Ceremonias Oficiante de Bodas Civiles y Eventos","url":"https:\/\/maestrodeceremonias.es\/","logo":{"@type":"ImageObject","inLanguage":"en-GB","@id":"https:\/\/maestrodeceremonias.es\/#\/schema\/logo\/image\/","url":"https:\/\/maestrodeceremonias.es\/wp-content\/uploads\/2023\/07\/Maestro-oficiante-de-Boda-Ceremonia-cabecera-web.jpg","contentUrl":"https:\/\/maestrodeceremonias.es\/wp-content\/uploads\/2023\/07\/Maestro-oficiante-de-Boda-Ceremonia-cabecera-web.jpg","width":960,"height":250,"caption":"Maestro de Ceremonias Oficiante de Bodas Civiles y Eventos"},"image":{"@id":"https:\/\/maestrodeceremonias.es\/#\/schema\/logo\/image\/"},"sameAs":["https:\/\/www.facebook.com\/Maestrodeceremonias.presentador","https:\/\/x.com\/presentador_mc","https:\/\/www.instagram.com\/maestrosdeceremonias\/"]}]}},"_links":{"self":[{"href":"https:\/\/maestrodeceremonias.es\/en\/wp-json\/wp\/v2\/pages\/104","targetHints":{"allow":["GET"]}}],"collection":[{"href":"https:\/\/maestrodeceremonias.es\/en\/wp-json\/wp\/v2\/pages"}],"about":[{"href":"https:\/\/maestrodeceremonias.es\/en\/wp-json\/wp\/v2\/types\/page"}],"author":[{"embeddable":true,"href":"https:\/\/maestrodeceremonias.es\/en\/wp-json\/wp\/v2\/users\/1"}],"replies":[{"embeddable":true,"href":"https:\/\/maestrodeceremonias.es\/en\/wp-json\/wp\/v2\/comments?post=104"}],"version-history":[{"count":0,"href":"https:\/\/maestrodeceremonias.es\/en\/wp-json\/wp\/v2\/pages\/104\/revisions"}],"wp:attachment":[{"href":"https:\/\/maestrodeceremonias.es\/en\/wp-json\/wp\/v2\/media?parent=104"}],"curies":[{"name":"wp","href":"https:\/\/api.w.org\/{rel}","templated":true}]}}