{"id":1142,"date":"2018-05-31T09:28:56","date_gmt":"2018-05-31T09:28:56","guid":{"rendered":"http:\/\/maestrodeceremonias.es\/?page_id=1142"},"modified":"2023-06-11T06:16:53","modified_gmt":"2023-06-11T04:16:53","slug":"ceremonia-de-boda-civil-como-celebrarla-y-donde","status":"publish","type":"page","link":"https:\/\/maestrodeceremonias.es\/en\/ceremonia-de-boda-civil-como-celebrarla-y-donde\/","title":{"rendered":"Ceremonia de Boda Civil : como celebrarla y d\u00f3nde"},"content":{"rendered":"<p>Ya os hab\u00e9is encontrado, os hab\u00e9is enamorado, y hab\u00e9is decidido uniros en matrimonio. Sois unos afortunados y quer\u00e9is celebrarlo con toda la gente que os aprecia y quer\u00e9is hacerlo a vuestra manera eligiendo el lugar, la hora, el sitio y la manera en la que transcurrir\u00e1 tanto la ceremonia como la posterior celebraci\u00f3n. Vais a juntar a todos vuestros amigos y seres queridos y ante ellos quer\u00e9is celebrar vuestra ceremonia de boda civil para lo cual necesitar\u00e9is dos cosas un buen gui\u00f3n, y un maestro oficiante de ceremonia profesional.<\/p>\n\n\n\n<div class=\"wp-block-columns is-layout-flex wp-container-core-columns-is-layout-1 wp-block-columns-is-layout-flex\">\n<div class=\"wp-block-column is-layout-flow wp-block-column-is-layout-flow\">\n<figure class=\"wp-block-image\"><a href=\"https:\/\/maestrodeceremonias.es\/wp-content\/uploads\/2017\/06\/18809381_434510210245769_1601812086017490944_n.jpg\"><img loading=\"lazy\" decoding=\"async\" width=\"640\" height=\"480\" src=\"https:\/\/maestrodeceremonias.es\/wp-content\/uploads\/2017\/06\/18809381_434510210245769_1601812086017490944_n.jpg\" alt=\"Ceremonia de Boda Civil : como celebrarla y d\u00f3nde\" class=\"wp-image-845\" srcset=\"https:\/\/maestrodeceremonias.es\/wp-content\/uploads\/2017\/06\/18809381_434510210245769_1601812086017490944_n.jpg 640w, https:\/\/maestrodeceremonias.es\/wp-content\/uploads\/2017\/06\/18809381_434510210245769_1601812086017490944_n-300x225.jpg 300w\" sizes=\"auto, (max-width: 640px) 100vw, 640px\" \/><\/a><\/figure>\n<\/div>\n\n\n\n<div class=\"wp-block-column is-layout-flow wp-block-column-is-layout-flow\">\n<p>A veces un amigo o familiar al que se le da bien a parar el p\u00fablico se ofrece para conducir vuestra ceremonia si es as\u00ed, y est\u00e1is seguros de qu\u00e9 es capaz y que a \u00faltima hora no le entrar\u00e1 el tembleque al ponerse delante de un gran grupo de personas, cosa que si no es profesional, sucede a menudo y puede aguar un d\u00eda tan especial, adelante. Si no es as\u00ed es el momento de que elij\u00e1is a vuestro oficiante , lo importante es, que sea d\u00factil, que se adapte a vosotros a vuestros gustos, si quer\u00e9is una ceremonia seria, si la quer\u00e9is de fantas\u00eda, si la quer\u00e9is con toques de humor, si la quer\u00e9is formal, si la quer\u00e9is con textos religiosos, incluso si quer\u00e9is que <a href=\"https:\/\/maestrodeceremonias.es\/en\/elvis-boda-las-vegas-madrid-maestro-de-ceremonias\/\">os case Elvis<\/a>&#8230; es vuestra fiesta y vosotros decid\u00eds.<\/p>\n\n\n\n<p>Sin duda otra de las variables que ten\u00e9is que contemplar es el precio del servicio. Generalmente lo barato sale caro, dentro del presupuesto de una boda un oficiante profesional no es una gran partida de gastos sin embargo si que puede hacer que el evento sea un \u00e9xito o un fracaso total.<\/p>\n<\/div>\n<\/div>\n\n\n\n<h2 class=\"wp-block-heading\"><strong>Ceremonia de Boda Civil : como celebrarla y d\u00f3nde<\/strong><\/h2>\n\n\n\n<p>Por ello es importante que os fij\u00e9is que sean empresas que tengan buenas cr\u00edticas, que sean serias, que hagan factura y cuyo personal este asegurado y sea profesional para evitar consecuencias posteriores.<\/p>\n\n\n\n<p>Tened cuidado con las empresas que no cobran IVA si no son serias con sus impuestos seguramente tampoco lo sean con sus clientes.<br>Quiz\u00e1 parte de vuestros invitados sean de otros pa\u00edses por lo que ser\u00eda bueno estudiar la posibilidad de hacer una ceremonia biling\u00fce para ello ten\u00e9is que aseguraros que el maestro de ceremonias habla bien ambos idiomas y as\u00ed para que todos los invitados se sientan parte de la ceremonia y puedan seguirla.<\/p>\n\n\n\n<p>Si deseas saber mas sobre como oficiar una boda civil escr\u00edbenos a <a href=\"mailto:mc@maestrodeceremonias.es\">mc@maestrodeceremonias.es<\/a>&nbsp;tambi\u00e9n podemos ayudarte con el&nbsp;discurso oficiante boda civil para que puedas tener una&nbsp;ceremonia boda civil original u&nbsp;organizar una boda civil diferente.<\/p>\n\n\n\n<p>Somos especialistas con experiencia en&nbsp;ceremonias de boda originales, diferentes, tradicionales, elegantes, graciosas, divertidas, desenfadadas, todo lo que necesitas para tu boda.<\/p>\n\n\n\n<p><a href=\"http:\/\/presentadordeeventos.com\/\">Si lo que dese\u00e1is un presentador de eventos de empresa o un speaker deportivo pulsad aqu\u00ed &gt;&gt;<\/a><\/p>","protected":false},"excerpt":{"rendered":"<p>Ya os hab\u00e9is encontrado, os hab\u00e9is enamorado, y hab\u00e9is decidido uniros en matrimonio. Sois unos afortunados y quer\u00e9is celebrarlo con toda la gente que os aprecia y quer\u00e9is hacerlo a vuestra manera eligiendo el lugar, la hora, el sitio y la manera en la que transcurrir\u00e1 tanto la ceremonia como la posterior celebraci\u00f3n. Vais a [&hellip;]<\/p>\n","protected":false},"author":1,"featured_media":0,"parent":0,"menu_order":0,"comment_status":"closed","ping_status":"closed","template":"","meta":{"_monsterinsights_skip_tracking":false,"_monsterinsights_sitenote_active":false,"_monsterinsights_sitenote_note":"","_monsterinsights_sitenote_category":0,"_joinchat":[],"footnotes":""},"class_list":["post-1142","page","type-page","status-publish","hentry"],"blocksy_meta":[],"yoast_head":"<!-- This site is optimized with the Yoast SEO plugin v26.8 - https:\/\/yoast.com\/product\/yoast-seo-wordpress\/ -->\n<title>Ceremonia de Boda Civil : como celebrarla y d\u00f3nde<\/title>\n<meta name=\"description\" content=\"Ceremonia de Boda Civil : como celebrarla y d\u00f3nde Maestro Oficiante de Ceremonias email: mc@maestrodeceremonias.es Tel\u00e9fono y Whatsapp: 644 597 199\" \/>\n<meta name=\"robots\" content=\"index, follow, max-snippet:-1, max-image-preview:large, max-video-preview:-1\" \/>\n<link rel=\"canonical\" href=\"https:\/\/maestrodeceremonias.es\/en\/ceremonia-de-boda-civil-como-celebrarla-y-donde\/\" \/>\n<meta property=\"og:locale\" content=\"en_GB\" \/>\n<meta property=\"og:type\" content=\"article\" \/>\n<meta property=\"og:title\" content=\"Ceremonia de Boda Civil : como celebrarla y d\u00f3nde\" \/>\n<meta property=\"og:description\" content=\"Ceremonia de Boda Civil : como celebrarla y d\u00f3nde Maestro Oficiante de Ceremonias email: mc@maestrodeceremonias.es Tel\u00e9fono y Whatsapp: 644 597 199\" \/>\n<meta property=\"og:url\" content=\"https:\/\/maestrodeceremonias.es\/en\/ceremonia-de-boda-civil-como-celebrarla-y-donde\/\" \/>\n<meta property=\"og:site_name\" content=\"Maestro de Ceremonias Oficiante de Bodas Civiles y Eventos\" \/>\n<meta property=\"article:publisher\" content=\"https:\/\/www.facebook.com\/Maestrodeceremonias.presentador\" \/>\n<meta property=\"article:modified_time\" content=\"2023-06-11T04:16:53+00:00\" \/>\n<meta property=\"og:image\" content=\"https:\/\/maestrodeceremonias.es\/wp-content\/uploads\/2017\/06\/18809381_434510210245769_1601812086017490944_n.jpg\" \/>\n<meta name=\"twitter:card\" content=\"summary_large_image\" \/>\n<meta name=\"twitter:site\" content=\"@presentador_mc\" \/>\n<meta name=\"twitter:label1\" content=\"Estimated reading time\" \/>\n\t<meta name=\"twitter:data1\" content=\"3 minutes\" \/>\n<script type=\"application\/ld+json\" class=\"yoast-schema-graph\">{\"@context\":\"https:\/\/schema.org\",\"@graph\":[{\"@type\":\"WebPage\",\"@id\":\"https:\/\/maestrodeceremonias.es\/ceremonia-de-boda-civil-como-celebrarla-y-donde\/\",\"url\":\"https:\/\/maestrodeceremonias.es\/ceremonia-de-boda-civil-como-celebrarla-y-donde\/\",\"name\":\"Ceremonia de Boda Civil : como celebrarla y d\u00f3nde\",\"isPartOf\":{\"@id\":\"https:\/\/maestrodeceremonias.es\/#website\"},\"primaryImageOfPage\":{\"@id\":\"https:\/\/maestrodeceremonias.es\/ceremonia-de-boda-civil-como-celebrarla-y-donde\/#primaryimage\"},\"image\":{\"@id\":\"https:\/\/maestrodeceremonias.es\/ceremonia-de-boda-civil-como-celebrarla-y-donde\/#primaryimage\"},\"thumbnailUrl\":\"https:\/\/maestrodeceremonias.es\/wp-content\/uploads\/2017\/06\/18809381_434510210245769_1601812086017490944_n.jpg\",\"datePublished\":\"2018-05-31T09:28:56+00:00\",\"dateModified\":\"2023-06-11T04:16:53+00:00\",\"description\":\"Ceremonia de Boda Civil : como celebrarla y d\u00f3nde Maestro Oficiante de Ceremonias email: mc@maestrodeceremonias.es Tel\u00e9fono y Whatsapp: 644 597 199\",\"breadcrumb\":{\"@id\":\"https:\/\/maestrodeceremonias.es\/ceremonia-de-boda-civil-como-celebrarla-y-donde\/#breadcrumb\"},\"inLanguage\":\"en-GB\",\"potentialAction\":[{\"@type\":\"ReadAction\",\"target\":[\"https:\/\/maestrodeceremonias.es\/ceremonia-de-boda-civil-como-celebrarla-y-donde\/\"]}]},{\"@type\":\"ImageObject\",\"inLanguage\":\"en-GB\",\"@id\":\"https:\/\/maestrodeceremonias.es\/ceremonia-de-boda-civil-como-celebrarla-y-donde\/#primaryimage\",\"url\":\"https:\/\/maestrodeceremonias.es\/wp-content\/uploads\/2017\/06\/18809381_434510210245769_1601812086017490944_n.jpg\",\"contentUrl\":\"https:\/\/maestrodeceremonias.es\/wp-content\/uploads\/2017\/06\/18809381_434510210245769_1601812086017490944_n.jpg\"},{\"@type\":\"BreadcrumbList\",\"@id\":\"https:\/\/maestrodeceremonias.es\/ceremonia-de-boda-civil-como-celebrarla-y-donde\/#breadcrumb\",\"itemListElement\":[{\"@type\":\"ListItem\",\"position\":1,\"name\":\"Maestros de ceremonias\",\"item\":\"https:\/\/maestrodeceremonias.es\/\"},{\"@type\":\"ListItem\",\"position\":2,\"name\":\"Ceremonia de Boda Civil : como celebrarla y d\u00f3nde\"}]},{\"@type\":\"WebSite\",\"@id\":\"https:\/\/maestrodeceremonias.es\/#website\",\"url\":\"https:\/\/maestrodeceremonias.es\/\",\"name\":\"Maestro de Ceremonias Oficiante de Bodas Civiles y Eventos\",\"description\":\"Necesitas contratar Maestros de Ceremonias Oficiantes de Boda  para tu celebraci\u00f3n de boda civil simb\u00f3lica. P\u00eddenos presupuesto. Prestamos servicio en Madrid y en toda Espa\u00f1a. Speakers y Presentadores de eventos profesionales biling\u00fces en todos los idiomas a un precio asequible. Preg\u00fantanos: email: mc@maestrodeceremonias.es Tel\u00e9fono y Whatsapp: 644 597 199\",\"publisher\":{\"@id\":\"https:\/\/maestrodeceremonias.es\/#organization\"},\"potentialAction\":[{\"@type\":\"SearchAction\",\"target\":{\"@type\":\"EntryPoint\",\"urlTemplate\":\"https:\/\/maestrodeceremonias.es\/?s={search_term_string}\"},\"query-input\":{\"@type\":\"PropertyValueSpecification\",\"valueRequired\":true,\"valueName\":\"search_term_string\"}}],\"inLanguage\":\"en-GB\"},{\"@type\":\"Organization\",\"@id\":\"https:\/\/maestrodeceremonias.es\/#organization\",\"name\":\"Maestro de Ceremonias Oficiante de Bodas Civiles y Eventos\",\"url\":\"https:\/\/maestrodeceremonias.es\/\",\"logo\":{\"@type\":\"ImageObject\",\"inLanguage\":\"en-GB\",\"@id\":\"https:\/\/maestrodeceremonias.es\/#\/schema\/logo\/image\/\",\"url\":\"https:\/\/maestrodeceremonias.es\/wp-content\/uploads\/2023\/07\/Maestro-oficiante-de-Boda-Ceremonia-cabecera-web.jpg\",\"contentUrl\":\"https:\/\/maestrodeceremonias.es\/wp-content\/uploads\/2023\/07\/Maestro-oficiante-de-Boda-Ceremonia-cabecera-web.jpg\",\"width\":960,\"height\":250,\"caption\":\"Maestro de Ceremonias Oficiante de Bodas Civiles y Eventos\"},\"image\":{\"@id\":\"https:\/\/maestrodeceremonias.es\/#\/schema\/logo\/image\/\"},\"sameAs\":[\"https:\/\/www.facebook.com\/Maestrodeceremonias.presentador\",\"https:\/\/x.com\/presentador_mc\",\"https:\/\/www.instagram.com\/maestrosdeceremonias\/\"]}]}<\/script>\n<!-- \/ Yoast SEO plugin. -->","yoast_head_json":{"title":"Ceremonia de Boda Civil : como celebrarla y d\u00f3nde","description":"Ceremonia de Boda Civil : como celebrarla y d\u00f3nde Maestro Oficiante de Ceremonias email: mc@maestrodeceremonias.es Tel\u00e9fono y Whatsapp: 644 597 199","robots":{"index":"index","follow":"follow","max-snippet":"max-snippet:-1","max-image-preview":"max-image-preview:large","max-video-preview":"max-video-preview:-1"},"canonical":"https:\/\/maestrodeceremonias.es\/en\/ceremonia-de-boda-civil-como-celebrarla-y-donde\/","og_locale":"en_GB","og_type":"article","og_title":"Ceremonia de Boda Civil : como celebrarla y d\u00f3nde","og_description":"Ceremonia de Boda Civil : como celebrarla y d\u00f3nde Maestro Oficiante de Ceremonias email: mc@maestrodeceremonias.es Tel\u00e9fono y Whatsapp: 644 597 199","og_url":"https:\/\/maestrodeceremonias.es\/en\/ceremonia-de-boda-civil-como-celebrarla-y-donde\/","og_site_name":"Maestro de Ceremonias Oficiante de Bodas Civiles y Eventos","article_publisher":"https:\/\/www.facebook.com\/Maestrodeceremonias.presentador","article_modified_time":"2023-06-11T04:16:53+00:00","og_image":[{"url":"https:\/\/maestrodeceremonias.es\/wp-content\/uploads\/2017\/06\/18809381_434510210245769_1601812086017490944_n.jpg","type":"","width":"","height":""}],"twitter_card":"summary_large_image","twitter_site":"@presentador_mc","twitter_misc":{"Estimated reading time":"3 minutes"},"schema":{"@context":"https:\/\/schema.org","@graph":[{"@type":"WebPage","@id":"https:\/\/maestrodeceremonias.es\/ceremonia-de-boda-civil-como-celebrarla-y-donde\/","url":"https:\/\/maestrodeceremonias.es\/ceremonia-de-boda-civil-como-celebrarla-y-donde\/","name":"Ceremonia de Boda Civil : como celebrarla y d\u00f3nde","isPartOf":{"@id":"https:\/\/maestrodeceremonias.es\/#website"},"primaryImageOfPage":{"@id":"https:\/\/maestrodeceremonias.es\/ceremonia-de-boda-civil-como-celebrarla-y-donde\/#primaryimage"},"image":{"@id":"https:\/\/maestrodeceremonias.es\/ceremonia-de-boda-civil-como-celebrarla-y-donde\/#primaryimage"},"thumbnailUrl":"https:\/\/maestrodeceremonias.es\/wp-content\/uploads\/2017\/06\/18809381_434510210245769_1601812086017490944_n.jpg","datePublished":"2018-05-31T09:28:56+00:00","dateModified":"2023-06-11T04:16:53+00:00","description":"Ceremonia de Boda Civil : como celebrarla y d\u00f3nde Maestro Oficiante de Ceremonias email: mc@maestrodeceremonias.es Tel\u00e9fono y Whatsapp: 644 597 199","breadcrumb":{"@id":"https:\/\/maestrodeceremonias.es\/ceremonia-de-boda-civil-como-celebrarla-y-donde\/#breadcrumb"},"inLanguage":"en-GB","potentialAction":[{"@type":"ReadAction","target":["https:\/\/maestrodeceremonias.es\/ceremonia-de-boda-civil-como-celebrarla-y-donde\/"]}]},{"@type":"ImageObject","inLanguage":"en-GB","@id":"https:\/\/maestrodeceremonias.es\/ceremonia-de-boda-civil-como-celebrarla-y-donde\/#primaryimage","url":"https:\/\/maestrodeceremonias.es\/wp-content\/uploads\/2017\/06\/18809381_434510210245769_1601812086017490944_n.jpg","contentUrl":"https:\/\/maestrodeceremonias.es\/wp-content\/uploads\/2017\/06\/18809381_434510210245769_1601812086017490944_n.jpg"},{"@type":"BreadcrumbList","@id":"https:\/\/maestrodeceremonias.es\/ceremonia-de-boda-civil-como-celebrarla-y-donde\/#breadcrumb","itemListElement":[{"@type":"ListItem","position":1,"name":"Maestros de ceremonias","item":"https:\/\/maestrodeceremonias.es\/"},{"@type":"ListItem","position":2,"name":"Ceremonia de Boda Civil : como celebrarla y d\u00f3nde"}]},{"@type":"WebSite","@id":"https:\/\/maestrodeceremonias.es\/#website","url":"https:\/\/maestrodeceremonias.es\/","name":"Maestro de Ceremonias Oficiante de Bodas Civiles y Eventos","description":"Necesitas contratar Maestros de Ceremonias Oficiantes de Boda  para tu celebraci\u00f3n de boda civil simb\u00f3lica. P\u00eddenos presupuesto. Prestamos servicio en Madrid y en toda Espa\u00f1a. Speakers y Presentadores de eventos profesionales biling\u00fces en todos los idiomas a un precio asequible. Preg\u00fantanos: email: mc@maestrodeceremonias.es Tel\u00e9fono y Whatsapp: 644 597 199","publisher":{"@id":"https:\/\/maestrodeceremonias.es\/#organization"},"potentialAction":[{"@type":"SearchAction","target":{"@type":"EntryPoint","urlTemplate":"https:\/\/maestrodeceremonias.es\/?s={search_term_string}"},"query-input":{"@type":"PropertyValueSpecification","valueRequired":true,"valueName":"search_term_string"}}],"inLanguage":"en-GB"},{"@type":"Organization","@id":"https:\/\/maestrodeceremonias.es\/#organization","name":"Maestro de Ceremonias Oficiante de Bodas Civiles y Eventos","url":"https:\/\/maestrodeceremonias.es\/","logo":{"@type":"ImageObject","inLanguage":"en-GB","@id":"https:\/\/maestrodeceremonias.es\/#\/schema\/logo\/image\/","url":"https:\/\/maestrodeceremonias.es\/wp-content\/uploads\/2023\/07\/Maestro-oficiante-de-Boda-Ceremonia-cabecera-web.jpg","contentUrl":"https:\/\/maestrodeceremonias.es\/wp-content\/uploads\/2023\/07\/Maestro-oficiante-de-Boda-Ceremonia-cabecera-web.jpg","width":960,"height":250,"caption":"Maestro de Ceremonias Oficiante de Bodas Civiles y Eventos"},"image":{"@id":"https:\/\/maestrodeceremonias.es\/#\/schema\/logo\/image\/"},"sameAs":["https:\/\/www.facebook.com\/Maestrodeceremonias.presentador","https:\/\/x.com\/presentador_mc","https:\/\/www.instagram.com\/maestrosdeceremonias\/"]}]}},"_links":{"self":[{"href":"https:\/\/maestrodeceremonias.es\/en\/wp-json\/wp\/v2\/pages\/1142","targetHints":{"allow":["GET"]}}],"collection":[{"href":"https:\/\/maestrodeceremonias.es\/en\/wp-json\/wp\/v2\/pages"}],"about":[{"href":"https:\/\/maestrodeceremonias.es\/en\/wp-json\/wp\/v2\/types\/page"}],"author":[{"embeddable":true,"href":"https:\/\/maestrodeceremonias.es\/en\/wp-json\/wp\/v2\/users\/1"}],"replies":[{"embeddable":true,"href":"https:\/\/maestrodeceremonias.es\/en\/wp-json\/wp\/v2\/comments?post=1142"}],"version-history":[{"count":0,"href":"https:\/\/maestrodeceremonias.es\/en\/wp-json\/wp\/v2\/pages\/1142\/revisions"}],"wp:attachment":[{"href":"https:\/\/maestrodeceremonias.es\/en\/wp-json\/wp\/v2\/media?parent=1142"}],"curies":[{"name":"wp","href":"https:\/\/api.w.org\/{rel}","templated":true}]}}