{"id":117,"date":"2015-10-09T11:48:39","date_gmt":"2015-10-09T11:48:39","guid":{"rendered":"http:\/\/maestrodeceremonias.es\/?page_id=117"},"modified":"2023-06-11T06:21:13","modified_gmt":"2023-06-11T04:21:13","slug":"civil-wedding","status":"publish","type":"page","link":"https:\/\/maestrodeceremonias.es\/en\/civil-wedding\/","title":{"rendered":"Civil Wedding"},"content":{"rendered":"<h2 class=\"wp-block-heading\">Civil Wedding Celebration<\/h2>\n\n\n\n<div class=\"wp-block-columns is-layout-flex wp-container-core-columns-is-layout-1 wp-block-columns-is-layout-flex\">\n<div class=\"wp-block-column is-layout-flow wp-block-column-is-layout-flow\" style=\"flex-basis:33.33%\">\n<figure class=\"wp-block-image size-full\"><img loading=\"lazy\" decoding=\"async\" width=\"960\" height=\"960\" src=\"https:\/\/maestrodeceremonias.es\/wp-content\/uploads\/2015\/10\/Maestro-de-Ceremonias-al-a-ire-libre-boda.jpg\" alt=\"Bodas civiles al aire libre\" class=\"wp-image-49\" srcset=\"https:\/\/maestrodeceremonias.es\/wp-content\/uploads\/2015\/10\/Maestro-de-Ceremonias-al-a-ire-libre-boda.jpg 960w, https:\/\/maestrodeceremonias.es\/wp-content\/uploads\/2015\/10\/Maestro-de-Ceremonias-al-a-ire-libre-boda-300x300.jpg 300w, https:\/\/maestrodeceremonias.es\/wp-content\/uploads\/2015\/10\/Maestro-de-Ceremonias-al-a-ire-libre-boda-150x150.jpg 150w, https:\/\/maestrodeceremonias.es\/wp-content\/uploads\/2015\/10\/Maestro-de-Ceremonias-al-a-ire-libre-boda-768x768.jpg 768w\" sizes=\"auto, (max-width: 960px) 100vw, 960px\" \/><\/figure>\n<\/div>\n\n\n\n<div class=\"wp-block-column is-layout-flow wp-block-column-is-layout-flow\" style=\"flex-basis:66.66%\">\n<p>Are you wishing you could celebrate your civil wedding in Spain, with a ceremony in which you could choose the venue, the day and time, the script, the readings, the participants, the structure and the number of attendants? Well, now you can.<\/p>\n\n\n\n<p>&nbsp;Your&nbsp;<strong>Civil Wedding is one of the most important moments in your life.<\/strong>During the ceremony we celebrate the moment in which two people share their commitment of love and their vows with the people that matter to them.<\/p>\n\n\n\n<p>&nbsp;We can make this&nbsp;<strong>special time a unique occasion<\/strong>&nbsp;for you to share with your chosen people, friends, family, colleagues, whoever you want.<\/p>\n\n\n\n<p>\u00a0The legal part of the ceremony is necessary but can be bureaucratic, restrictive and limiting in terms of venue, time and attendants.\u00a0<\/p>\n<\/div>\n<\/div>\n\n\n\n<div class=\"wp-block-columns is-layout-flex wp-container-core-columns-is-layout-2 wp-block-columns-is-layout-flex\">\n<div class=\"wp-block-column is-layout-flow wp-block-column-is-layout-flow\" style=\"flex-basis:33.33%\">\n<figure class=\"wp-block-image size-full\"><img loading=\"lazy\" decoding=\"async\" width=\"280\" height=\"373\" src=\"https:\/\/maestrodeceremonias.es\/wp-content\/uploads\/2015\/10\/Maestro-de-ceremonias-Bodas-Civiles.jpg\" alt=\"Ceremonia de boda finca privada\" class=\"wp-image-50\" srcset=\"https:\/\/maestrodeceremonias.es\/wp-content\/uploads\/2015\/10\/Maestro-de-ceremonias-Bodas-Civiles.jpg 280w, https:\/\/maestrodeceremonias.es\/wp-content\/uploads\/2015\/10\/Maestro-de-ceremonias-Bodas-Civiles-225x300.jpg 225w\" sizes=\"auto, (max-width: 280px) 100vw, 280px\" \/><\/figure>\n<\/div>\n\n\n\n<div class=\"wp-block-column is-layout-flow wp-block-column-is-layout-flow\" style=\"flex-basis:66.66%\">\n<p>Our professional&nbsp;<strong>Master of Ceremonies service&nbsp;<\/strong>will make the event unique and special for each couple.&nbsp;<\/p>\n\n\n\n<p>&nbsp;We offer a completely&nbsp;<strong>bespoke service<\/strong>, with a personalised script for each couple, &nbsp;tone, readings and speeches, making every ceremony a unique, different and unforgettable event for the couple and their guests.<\/p>\n\n\n\n<p>\u00a0<strong>Location:\u00a0<\/strong>enjoy the advantage of choosing any venue: a boat, beach, mountain, hotel, restaurant. holding the Ceremony and Celebration in the same place means there is no need for transport.<\/p>\n\n\n\n<p>\u00a0<strong>Length:\u00a0<\/strong>you set the duration to suit your needs, depending on the number of Readings, translation service, music choice.. There is no hurry, it is your day..<\/p>\n\n\n\n<p>\u00a0<strong>Contents:<\/strong>\u00a0choose your Readings, Vows, participants, music\u2026 we configure a step by step outline for the MC to drive your event in a dynamic and personalized way, making your day special and a great moment to cherish for the rest of your life.<\/p>\n<\/div>\n<\/div>\n\n\n\n<p><span style=\"color: #8a7c41;\"> <\/span><\/p>\n\n\n\n<p><strong>Tone:\u00a0<\/strong>you will choose the tone of the ceremony, from official or serious to comic, to chilled and relaxed, or perhaps a transition among several tones trough different parts of the ceremony.<\/p>\n\n\n\n<p><strong>Languages:\u00a0<\/strong>we offer the possibility of\u00a0<strong>a multi language ceremony,<\/strong>\u00a0with a choice of Spanish, German, French, Italian, Portuguese\u2026 if you need any other languages, do let us know so we can a perfect solution.<\/p>\n\n\n\n<figure class=\"wp-block-table\"><table><tbody><tr><td>Ceremonias de boda civil en A Coru\u00f1a<\/td><td>Ceremonias de boda civil en Girona<\/td><td>Ceremonias de boda civil en Orense<\/td><\/tr><tr><td>Ceremonias de boda civil en \u00c1lava<\/td><td>Ceremonias de boda civil en Gran Canaria<\/td><td>Ceremonias de boda civil en Palencia<\/td><\/tr><tr><td>Ceremonias de boda civil en Albacete<\/td><td>Ceremonias de boda civil en Granada<\/td><td>Ceremonias de boda civil en Pontevedra<\/td><\/tr><tr><td>Ceremonias de boda civil en Alicante<\/td><td>Ceremonias de boda civil en Guadalajara<\/td><td>Ceremonias de boda civil en Salamanca<\/td><\/tr><tr><td>Ceremonias de boda civil en Almer\u00eda<\/td><td>Ceremonias de boda civil en Guip\u00fazcoa<\/td><td>Ceremonias de boda civil en Segovia<\/td><\/tr><tr><td>Ceremonias de boda civil en Asturias<\/td><td>Ceremonias de boda civil en Huelva<\/td><td>Ceremonias de boda civil en Sevilla<\/td><\/tr><tr><td>Ceremonias de boda civil en \u00c1vila<\/td><td>Ceremonias de boda civil en Huesca<\/td><td>Ceremonias de boda civil en Soria<\/td><\/tr><tr><td>Ceremonias de boda civil en Badajoz<\/td><td>Ceremonias de boda civil en Islas Baleares<\/td><td>Ceremonias de boda civil en Tarragona<\/td><\/tr><tr><td>Ceremonias de boda civil en Barcelona<\/td><td>Ceremonias de boda civil en Ja\u00e9n<\/td><td>Ceremonias de boda civil en Tenerife<\/td><\/tr><tr><td>Ceremonias de boda civil en Burgos<\/td><td>Ceremonias de boda civil en La Rioja<\/td><td>Ceremonias de boda civil en Teruel<\/td><\/tr><tr><td>Ceremonias de boda civil en C\u00e1ceres<\/td><td>Ceremonias de boda civil en Le\u00f3n<\/td><td>Ceremonias de boda civil en Toledo<\/td><\/tr><tr><td>Ceremonias de boda civil en C\u00e1diz<\/td><td>Ceremonias de boda civil en Lleida<\/td><td>Ceremonias de boda civil en Valencia<\/td><\/tr><tr><td>Ceremonias de boda civil en Cantabria<\/td><td>Ceremonias de boda civil en Lugo<\/td><td>Ceremonias de boda civil en Valladolid<\/td><\/tr><tr><td>Ceremonias de boda civil en Castell\u00f3n<\/td><td>Ceremonias de boda civil en Madrid<\/td><td>Ceremonias de boda civil en Vizcaya<\/td><\/tr><tr><td>Ceremonias de boda civil en Ceuta<\/td><td>Ceremonias de boda civil en M\u00e1laga<\/td><td>Ceremonias de boda civil en Zamora<\/td><\/tr><tr><td>Ceremonias de boda civil en Ciudad Real<\/td><td>Ceremonias de boda civil en Melilla<\/td><td>Ceremonias de boda civil en Zaragoza<\/td><\/tr><tr><td>Ceremonias de boda civil en C\u00f3rdoba<\/td><td>Ceremonias de boda civil en Murcia<\/td><td>&nbsp;<\/td><\/tr><tr><td>Ceremonias de boda civil en Cuenca<\/td><td>Ceremonias de boda civil en Navarra<\/td><\/tr><\/tbody><\/table><\/figure>","protected":false},"excerpt":{"rendered":"<p>Civil Wedding Celebration Are you wishing you could celebrate your civil wedding in Spain, with a ceremony in which you could choose the venue, the day and time, the script, the readings, the participants, the structure and the number of attendants? Well, now you can. &nbsp;Your&nbsp;Civil Wedding is one of the most important moments in [&hellip;]<\/p>\n","protected":false},"author":1,"featured_media":0,"parent":0,"menu_order":0,"comment_status":"closed","ping_status":"closed","template":"","meta":{"_monsterinsights_skip_tracking":false,"_monsterinsights_sitenote_active":false,"_monsterinsights_sitenote_note":"","_monsterinsights_sitenote_category":0,"_joinchat":[],"footnotes":""},"class_list":["post-117","page","type-page","status-publish","hentry"],"blocksy_meta":[],"yoast_head":"<!-- This site is optimized with the Yoast SEO plugin v26.8 - https:\/\/yoast.com\/product\/yoast-seo-wordpress\/ -->\n<title>Civil wedding celebration<\/title>\n<meta name=\"robots\" content=\"index, follow, max-snippet:-1, max-image-preview:large, max-video-preview:-1\" \/>\n<link rel=\"canonical\" href=\"https:\/\/maestrodeceremonias.es\/en\/civil-wedding\/\" \/>\n<meta property=\"og:locale\" content=\"en_GB\" \/>\n<meta property=\"og:type\" content=\"article\" \/>\n<meta property=\"og:title\" content=\"Civil wedding celebration\" \/>\n<meta property=\"og:description\" content=\"Civil Wedding Celebration Are you wishing you could celebrate your civil wedding in Spain, with a ceremony in which you could choose the venue, the day and time, the script, the readings, the participants, the structure and the number of attendants? Well, now you can. &nbsp;Your&nbsp;Civil Wedding is one of the most important moments in [&hellip;]\" \/>\n<meta property=\"og:url\" content=\"https:\/\/maestrodeceremonias.es\/en\/civil-wedding\/\" \/>\n<meta property=\"og:site_name\" content=\"Maestro de Ceremonias Oficiante de Bodas Civiles y Eventos\" \/>\n<meta property=\"article:publisher\" content=\"https:\/\/www.facebook.com\/Maestrodeceremonias.presentador\" \/>\n<meta property=\"article:modified_time\" content=\"2023-06-11T04:21:13+00:00\" \/>\n<meta property=\"og:image\" content=\"https:\/\/maestrodeceremonias.es\/wp-content\/uploads\/2015\/10\/Maestro-de-Ceremonias-al-a-ire-libre-boda.jpg\" \/>\n<meta name=\"twitter:card\" content=\"summary_large_image\" \/>\n<meta name=\"twitter:site\" content=\"@presentador_mc\" \/>\n<meta name=\"twitter:label1\" content=\"Estimated reading time\" \/>\n\t<meta name=\"twitter:data1\" content=\"4 minutes\" \/>\n<script type=\"application\/ld+json\" class=\"yoast-schema-graph\">{\"@context\":\"https:\/\/schema.org\",\"@graph\":[{\"@type\":\"WebPage\",\"@id\":\"https:\/\/maestrodeceremonias.es\/civil-wedding\/\",\"url\":\"https:\/\/maestrodeceremonias.es\/civil-wedding\/\",\"name\":\"Civil wedding celebration\",\"isPartOf\":{\"@id\":\"https:\/\/maestrodeceremonias.es\/#website\"},\"primaryImageOfPage\":{\"@id\":\"https:\/\/maestrodeceremonias.es\/civil-wedding\/#primaryimage\"},\"image\":{\"@id\":\"https:\/\/maestrodeceremonias.es\/civil-wedding\/#primaryimage\"},\"thumbnailUrl\":\"https:\/\/maestrodeceremonias.es\/wp-content\/uploads\/2015\/10\/Maestro-de-Ceremonias-al-a-ire-libre-boda.jpg\",\"datePublished\":\"2015-10-09T11:48:39+00:00\",\"dateModified\":\"2023-06-11T04:21:13+00:00\",\"breadcrumb\":{\"@id\":\"https:\/\/maestrodeceremonias.es\/civil-wedding\/#breadcrumb\"},\"inLanguage\":\"en-GB\",\"potentialAction\":[{\"@type\":\"ReadAction\",\"target\":[\"https:\/\/maestrodeceremonias.es\/civil-wedding\/\"]}]},{\"@type\":\"ImageObject\",\"inLanguage\":\"en-GB\",\"@id\":\"https:\/\/maestrodeceremonias.es\/civil-wedding\/#primaryimage\",\"url\":\"https:\/\/maestrodeceremonias.es\/wp-content\/uploads\/2015\/10\/Maestro-de-Ceremonias-al-a-ire-libre-boda.jpg\",\"contentUrl\":\"https:\/\/maestrodeceremonias.es\/wp-content\/uploads\/2015\/10\/Maestro-de-Ceremonias-al-a-ire-libre-boda.jpg\"},{\"@type\":\"BreadcrumbList\",\"@id\":\"https:\/\/maestrodeceremonias.es\/civil-wedding\/#breadcrumb\",\"itemListElement\":[{\"@type\":\"ListItem\",\"position\":1,\"name\":\"Maestros de ceremonias\",\"item\":\"https:\/\/maestrodeceremonias.es\/\"},{\"@type\":\"ListItem\",\"position\":2,\"name\":\"Civil Wedding\"}]},{\"@type\":\"WebSite\",\"@id\":\"https:\/\/maestrodeceremonias.es\/#website\",\"url\":\"https:\/\/maestrodeceremonias.es\/\",\"name\":\"Maestro de Ceremonias Oficiante de Bodas Civiles y Eventos\",\"description\":\"Necesitas contratar Maestros de Ceremonias Oficiantes de Boda  para tu celebraci\u00f3n de boda civil simb\u00f3lica. P\u00eddenos presupuesto. Prestamos servicio en Madrid y en toda Espa\u00f1a. Speakers y Presentadores de eventos profesionales biling\u00fces en todos los idiomas a un precio asequible. Preg\u00fantanos: email: mc@maestrodeceremonias.es Tel\u00e9fono y Whatsapp: 644 597 199\",\"publisher\":{\"@id\":\"https:\/\/maestrodeceremonias.es\/#organization\"},\"potentialAction\":[{\"@type\":\"SearchAction\",\"target\":{\"@type\":\"EntryPoint\",\"urlTemplate\":\"https:\/\/maestrodeceremonias.es\/?s={search_term_string}\"},\"query-input\":{\"@type\":\"PropertyValueSpecification\",\"valueRequired\":true,\"valueName\":\"search_term_string\"}}],\"inLanguage\":\"en-GB\"},{\"@type\":\"Organization\",\"@id\":\"https:\/\/maestrodeceremonias.es\/#organization\",\"name\":\"Maestro de Ceremonias Oficiante de Bodas Civiles y Eventos\",\"url\":\"https:\/\/maestrodeceremonias.es\/\",\"logo\":{\"@type\":\"ImageObject\",\"inLanguage\":\"en-GB\",\"@id\":\"https:\/\/maestrodeceremonias.es\/#\/schema\/logo\/image\/\",\"url\":\"https:\/\/maestrodeceremonias.es\/wp-content\/uploads\/2023\/07\/Maestro-oficiante-de-Boda-Ceremonia-cabecera-web.jpg\",\"contentUrl\":\"https:\/\/maestrodeceremonias.es\/wp-content\/uploads\/2023\/07\/Maestro-oficiante-de-Boda-Ceremonia-cabecera-web.jpg\",\"width\":960,\"height\":250,\"caption\":\"Maestro de Ceremonias Oficiante de Bodas Civiles y Eventos\"},\"image\":{\"@id\":\"https:\/\/maestrodeceremonias.es\/#\/schema\/logo\/image\/\"},\"sameAs\":[\"https:\/\/www.facebook.com\/Maestrodeceremonias.presentador\",\"https:\/\/x.com\/presentador_mc\",\"https:\/\/www.instagram.com\/maestrosdeceremonias\/\"]}]}<\/script>\n<!-- \/ Yoast SEO plugin. -->","yoast_head_json":{"title":"Civil wedding celebration","robots":{"index":"index","follow":"follow","max-snippet":"max-snippet:-1","max-image-preview":"max-image-preview:large","max-video-preview":"max-video-preview:-1"},"canonical":"https:\/\/maestrodeceremonias.es\/en\/civil-wedding\/","og_locale":"en_GB","og_type":"article","og_title":"Civil wedding celebration","og_description":"Civil Wedding Celebration Are you wishing you could celebrate your civil wedding in Spain, with a ceremony in which you could choose the venue, the day and time, the script, the readings, the participants, the structure and the number of attendants? Well, now you can. &nbsp;Your&nbsp;Civil Wedding is one of the most important moments in [&hellip;]","og_url":"https:\/\/maestrodeceremonias.es\/en\/civil-wedding\/","og_site_name":"Maestro de Ceremonias Oficiante de Bodas Civiles y Eventos","article_publisher":"https:\/\/www.facebook.com\/Maestrodeceremonias.presentador","article_modified_time":"2023-06-11T04:21:13+00:00","og_image":[{"url":"https:\/\/maestrodeceremonias.es\/wp-content\/uploads\/2015\/10\/Maestro-de-Ceremonias-al-a-ire-libre-boda.jpg","type":"","width":"","height":""}],"twitter_card":"summary_large_image","twitter_site":"@presentador_mc","twitter_misc":{"Estimated reading time":"4 minutes"},"schema":{"@context":"https:\/\/schema.org","@graph":[{"@type":"WebPage","@id":"https:\/\/maestrodeceremonias.es\/civil-wedding\/","url":"https:\/\/maestrodeceremonias.es\/civil-wedding\/","name":"Civil wedding celebration","isPartOf":{"@id":"https:\/\/maestrodeceremonias.es\/#website"},"primaryImageOfPage":{"@id":"https:\/\/maestrodeceremonias.es\/civil-wedding\/#primaryimage"},"image":{"@id":"https:\/\/maestrodeceremonias.es\/civil-wedding\/#primaryimage"},"thumbnailUrl":"https:\/\/maestrodeceremonias.es\/wp-content\/uploads\/2015\/10\/Maestro-de-Ceremonias-al-a-ire-libre-boda.jpg","datePublished":"2015-10-09T11:48:39+00:00","dateModified":"2023-06-11T04:21:13+00:00","breadcrumb":{"@id":"https:\/\/maestrodeceremonias.es\/civil-wedding\/#breadcrumb"},"inLanguage":"en-GB","potentialAction":[{"@type":"ReadAction","target":["https:\/\/maestrodeceremonias.es\/civil-wedding\/"]}]},{"@type":"ImageObject","inLanguage":"en-GB","@id":"https:\/\/maestrodeceremonias.es\/civil-wedding\/#primaryimage","url":"https:\/\/maestrodeceremonias.es\/wp-content\/uploads\/2015\/10\/Maestro-de-Ceremonias-al-a-ire-libre-boda.jpg","contentUrl":"https:\/\/maestrodeceremonias.es\/wp-content\/uploads\/2015\/10\/Maestro-de-Ceremonias-al-a-ire-libre-boda.jpg"},{"@type":"BreadcrumbList","@id":"https:\/\/maestrodeceremonias.es\/civil-wedding\/#breadcrumb","itemListElement":[{"@type":"ListItem","position":1,"name":"Maestros de ceremonias","item":"https:\/\/maestrodeceremonias.es\/"},{"@type":"ListItem","position":2,"name":"Civil Wedding"}]},{"@type":"WebSite","@id":"https:\/\/maestrodeceremonias.es\/#website","url":"https:\/\/maestrodeceremonias.es\/","name":"Maestro de Ceremonias Oficiante de Bodas Civiles y Eventos","description":"Necesitas contratar Maestros de Ceremonias Oficiantes de Boda  para tu celebraci\u00f3n de boda civil simb\u00f3lica. P\u00eddenos presupuesto. Prestamos servicio en Madrid y en toda Espa\u00f1a. Speakers y Presentadores de eventos profesionales biling\u00fces en todos los idiomas a un precio asequible. Preg\u00fantanos: email: mc@maestrodeceremonias.es Tel\u00e9fono y Whatsapp: 644 597 199","publisher":{"@id":"https:\/\/maestrodeceremonias.es\/#organization"},"potentialAction":[{"@type":"SearchAction","target":{"@type":"EntryPoint","urlTemplate":"https:\/\/maestrodeceremonias.es\/?s={search_term_string}"},"query-input":{"@type":"PropertyValueSpecification","valueRequired":true,"valueName":"search_term_string"}}],"inLanguage":"en-GB"},{"@type":"Organization","@id":"https:\/\/maestrodeceremonias.es\/#organization","name":"Maestro de Ceremonias Oficiante de Bodas Civiles y Eventos","url":"https:\/\/maestrodeceremonias.es\/","logo":{"@type":"ImageObject","inLanguage":"en-GB","@id":"https:\/\/maestrodeceremonias.es\/#\/schema\/logo\/image\/","url":"https:\/\/maestrodeceremonias.es\/wp-content\/uploads\/2023\/07\/Maestro-oficiante-de-Boda-Ceremonia-cabecera-web.jpg","contentUrl":"https:\/\/maestrodeceremonias.es\/wp-content\/uploads\/2023\/07\/Maestro-oficiante-de-Boda-Ceremonia-cabecera-web.jpg","width":960,"height":250,"caption":"Maestro de Ceremonias Oficiante de Bodas Civiles y Eventos"},"image":{"@id":"https:\/\/maestrodeceremonias.es\/#\/schema\/logo\/image\/"},"sameAs":["https:\/\/www.facebook.com\/Maestrodeceremonias.presentador","https:\/\/x.com\/presentador_mc","https:\/\/www.instagram.com\/maestrosdeceremonias\/"]}]}},"_links":{"self":[{"href":"https:\/\/maestrodeceremonias.es\/en\/wp-json\/wp\/v2\/pages\/117","targetHints":{"allow":["GET"]}}],"collection":[{"href":"https:\/\/maestrodeceremonias.es\/en\/wp-json\/wp\/v2\/pages"}],"about":[{"href":"https:\/\/maestrodeceremonias.es\/en\/wp-json\/wp\/v2\/types\/page"}],"author":[{"embeddable":true,"href":"https:\/\/maestrodeceremonias.es\/en\/wp-json\/wp\/v2\/users\/1"}],"replies":[{"embeddable":true,"href":"https:\/\/maestrodeceremonias.es\/en\/wp-json\/wp\/v2\/comments?post=117"}],"version-history":[{"count":0,"href":"https:\/\/maestrodeceremonias.es\/en\/wp-json\/wp\/v2\/pages\/117\/revisions"}],"wp:attachment":[{"href":"https:\/\/maestrodeceremonias.es\/en\/wp-json\/wp\/v2\/media?parent=117"}],"curies":[{"name":"wp","href":"https:\/\/api.w.org\/{rel}","templated":true}]}}