{"id":128,"date":"2015-10-09T12:05:39","date_gmt":"2015-10-09T12:05:39","guid":{"rendered":"http:\/\/maestrodeceremonias.es\/?page_id=128"},"modified":"2023-06-11T06:13:38","modified_gmt":"2023-06-11T04:13:38","slug":"celebrations-ceremonies-mcs-speakers","status":"publish","type":"page","link":"https:\/\/maestrodeceremonias.es\/en\/celebrations-ceremonies-mcs-speakers\/","title":{"rendered":"Celebrations Ceremonies MCS and Speakers"},"content":{"rendered":"<h2 class=\"wp-block-heading\"><strong>Master of\u00a0Ceremonies\u00a0for Social\u00a0Events, in\u00a0Spain<\/strong><\/h2>\n\n\n\n<p>Bespoke service. We write a bespoke script to suit your ceremony orevent. All our ceremonies are unique and special, created specifically forthe people involved.\u00a0\u00a0We value and celebrate each person\u2019s individuality. Celebrations Ceremonies MCS Speakers.<\/p>\n\n\n\n<p><strong>We have extensive experience in a wide range of ceremonies:<\/strong><\/p>\n\n\n\n<div class=\"wp-block-columns is-layout-flex wp-container-core-columns-is-layout-1 wp-block-columns-is-layout-flex\">\n<div class=\"wp-block-column is-layout-flow wp-block-column-is-layout-flow\" style=\"flex-basis:33.33%\">\n<figure class=\"wp-block-image size-full\"><img loading=\"lazy\" decoding=\"async\" width=\"640\" height=\"640\" src=\"https:\/\/maestrodeceremonias.es\/wp-content\/uploads\/2016\/10\/14449171_1768133766792472_3955868250612432896_n.jpg\" alt=\"\" class=\"wp-image-562\" srcset=\"https:\/\/maestrodeceremonias.es\/wp-content\/uploads\/2016\/10\/14449171_1768133766792472_3955868250612432896_n.jpg 640w, https:\/\/maestrodeceremonias.es\/wp-content\/uploads\/2016\/10\/14449171_1768133766792472_3955868250612432896_n-300x300.jpg 300w, https:\/\/maestrodeceremonias.es\/wp-content\/uploads\/2016\/10\/14449171_1768133766792472_3955868250612432896_n-150x150.jpg 150w\" sizes=\"auto, (max-width: 640px) 100vw, 640px\" \/><\/figure>\n<\/div>\n\n\n\n<div class=\"wp-block-column is-layout-flow wp-block-column-is-layout-flow\" style=\"flex-basis:66.66%\">\n<ul class=\"wp-block-list\">\n<li>Wedding ceremonies\u00a0<\/li>\n\n\n\n<li>Golden and silver wedding celebrations<\/li>\n\n\n\n<li>Stag and Hen night celebrations<\/li>\n\n\n\n<li>Birthday and Anniversary celebrations<\/li>\n\n\n\n<li>Naming ceremonies<\/li>\n\n\n\n<li>Memorials and Commemoration ceremonies\u00a0<\/li>\n\n\n\n<li>Homage and tribute ceremonies<\/li>\n\n\n\n<li>Public premiere ceremonies\u00a0<\/li>\n\n\n\n<li>Corporate events<\/li>\n\n\n\n<li>Funeral ceremonies<\/li>\n\n\n\n<li>Gala Dinners<\/li>\n<\/ul>\n<\/div>\n<\/div>\n\n\n\n<div class=\"wp-block-columns is-layout-flex wp-container-core-columns-is-layout-2 wp-block-columns-is-layout-flex\">\n<div class=\"wp-block-column is-layout-flow wp-block-column-is-layout-flow\" style=\"flex-basis:33.33%\">\n<figure class=\"wp-block-image size-full\"><img loading=\"lazy\" decoding=\"async\" width=\"201\" height=\"322\" src=\"https:\/\/maestrodeceremonias.es\/wp-content\/uploads\/2015\/10\/presentador-eventos-corporativos-biligue-espana1.png\" alt=\"\u00e7events Presenter, Event Host\" class=\"wp-image-129\" srcset=\"https:\/\/maestrodeceremonias.es\/wp-content\/uploads\/2015\/10\/presentador-eventos-corporativos-biligue-espana1.png 201w, https:\/\/maestrodeceremonias.es\/wp-content\/uploads\/2015\/10\/presentador-eventos-corporativos-biligue-espana1-187x300.png 187w\" sizes=\"auto, (max-width: 201px) 100vw, 201px\" \/><\/figure>\n<\/div>\n\n\n\n<div class=\"wp-block-column is-layout-flow wp-block-column-is-layout-flow\" style=\"flex-basis:66.66%\">\n<p>Society develops with time, as do beliefs, traditions and culture. But the human being always needs to share the most important moments of their lives with those around them. In times past, members of a group gathered to celebrate through rites or religious ceremonies.<\/p>\n\n\n\n<p>&nbsp;Today, we have MC\u2019s to help satisfy the need for gathering and sharing significant experiences.<\/p>\n\n\n\n<p><a href=\"https:\/\/maestrodeceremonias.es\/en\/\"><strong>www.maestrodeceremonias.es<\/strong><\/a><\/p>\n<\/div>\n<\/div>","protected":false},"excerpt":{"rendered":"<p>Master of\u00a0Ceremonies\u00a0for Social\u00a0Events, in\u00a0Spain Bespoke service. We write a bespoke script to suit your ceremony orevent. All our ceremonies are unique and special, created specifically forthe people involved.\u00a0\u00a0We value and celebrate each person\u2019s individuality. Celebrations Ceremonies MCS Speakers. We have extensive experience in a wide range of ceremonies: Society develops with time, as do beliefs, [&hellip;]<\/p>\n","protected":false},"author":1,"featured_media":0,"parent":0,"menu_order":0,"comment_status":"closed","ping_status":"closed","template":"","meta":{"_monsterinsights_skip_tracking":false,"_monsterinsights_sitenote_active":false,"_monsterinsights_sitenote_note":"","_monsterinsights_sitenote_category":0,"_joinchat":[],"footnotes":""},"class_list":["post-128","page","type-page","status-publish","hentry"],"blocksy_meta":[],"yoast_head":"<!-- This site is optimized with the Yoast SEO plugin v26.8 - https:\/\/yoast.com\/product\/yoast-seo-wordpress\/ -->\n<title>Celebrations Ceremonies MCS Speakers<\/title>\n<meta name=\"description\" content=\"Celebrations Ceremonies MCS Speakers in al of SPain in All Languages +34 644 597 199 mc@maestrodeceremonias.es Professional Master of Ceremon ies\" \/>\n<meta name=\"robots\" content=\"index, follow, max-snippet:-1, max-image-preview:large, max-video-preview:-1\" \/>\n<link rel=\"canonical\" href=\"https:\/\/maestrodeceremonias.es\/en\/celebrations-ceremonies-mcs-speakers\/\" \/>\n<meta property=\"og:locale\" content=\"en_GB\" \/>\n<meta property=\"og:type\" content=\"article\" \/>\n<meta property=\"og:title\" content=\"Celebrations Ceremonies MCS Speakers\" \/>\n<meta property=\"og:description\" content=\"Celebrations Ceremonies MCS Speakers in al of SPain in All Languages +34 644 597 199 mc@maestrodeceremonias.es Professional Master of Ceremon ies\" \/>\n<meta property=\"og:url\" content=\"https:\/\/maestrodeceremonias.es\/en\/celebrations-ceremonies-mcs-speakers\/\" \/>\n<meta property=\"og:site_name\" content=\"Maestro de Ceremonias Oficiante de Bodas Civiles y Eventos\" \/>\n<meta property=\"article:publisher\" content=\"https:\/\/www.facebook.com\/Maestrodeceremonias.presentador\" \/>\n<meta property=\"article:modified_time\" content=\"2023-06-11T04:13:38+00:00\" \/>\n<meta property=\"og:image\" content=\"https:\/\/maestrodeceremonias.es\/wp-content\/uploads\/2016\/10\/14449171_1768133766792472_3955868250612432896_n.jpg\" \/>\n<meta name=\"twitter:card\" content=\"summary_large_image\" \/>\n<meta name=\"twitter:site\" content=\"@presentador_mc\" \/>\n<meta name=\"twitter:label1\" content=\"Estimated reading time\" \/>\n\t<meta name=\"twitter:data1\" content=\"2 minutes\" \/>\n<script type=\"application\/ld+json\" class=\"yoast-schema-graph\">{\"@context\":\"https:\/\/schema.org\",\"@graph\":[{\"@type\":\"WebPage\",\"@id\":\"https:\/\/maestrodeceremonias.es\/celebrations-ceremonies-mcs-speakers\/\",\"url\":\"https:\/\/maestrodeceremonias.es\/celebrations-ceremonies-mcs-speakers\/\",\"name\":\"Celebrations Ceremonies MCS Speakers\",\"isPartOf\":{\"@id\":\"https:\/\/maestrodeceremonias.es\/#website\"},\"primaryImageOfPage\":{\"@id\":\"https:\/\/maestrodeceremonias.es\/celebrations-ceremonies-mcs-speakers\/#primaryimage\"},\"image\":{\"@id\":\"https:\/\/maestrodeceremonias.es\/celebrations-ceremonies-mcs-speakers\/#primaryimage\"},\"thumbnailUrl\":\"https:\/\/maestrodeceremonias.es\/wp-content\/uploads\/2016\/10\/14449171_1768133766792472_3955868250612432896_n.jpg\",\"datePublished\":\"2015-10-09T12:05:39+00:00\",\"dateModified\":\"2023-06-11T04:13:38+00:00\",\"description\":\"Celebrations Ceremonies MCS Speakers in al of SPain in All Languages +34 644 597 199 mc@maestrodeceremonias.es Professional Master of Ceremon ies\",\"breadcrumb\":{\"@id\":\"https:\/\/maestrodeceremonias.es\/celebrations-ceremonies-mcs-speakers\/#breadcrumb\"},\"inLanguage\":\"en-GB\",\"potentialAction\":[{\"@type\":\"ReadAction\",\"target\":[\"https:\/\/maestrodeceremonias.es\/celebrations-ceremonies-mcs-speakers\/\"]}]},{\"@type\":\"ImageObject\",\"inLanguage\":\"en-GB\",\"@id\":\"https:\/\/maestrodeceremonias.es\/celebrations-ceremonies-mcs-speakers\/#primaryimage\",\"url\":\"https:\/\/maestrodeceremonias.es\/wp-content\/uploads\/2016\/10\/14449171_1768133766792472_3955868250612432896_n.jpg\",\"contentUrl\":\"https:\/\/maestrodeceremonias.es\/wp-content\/uploads\/2016\/10\/14449171_1768133766792472_3955868250612432896_n.jpg\"},{\"@type\":\"BreadcrumbList\",\"@id\":\"https:\/\/maestrodeceremonias.es\/celebrations-ceremonies-mcs-speakers\/#breadcrumb\",\"itemListElement\":[{\"@type\":\"ListItem\",\"position\":1,\"name\":\"Maestros de ceremonias\",\"item\":\"https:\/\/maestrodeceremonias.es\/\"},{\"@type\":\"ListItem\",\"position\":2,\"name\":\"Celebrations Ceremonies MCS and Speakers\"}]},{\"@type\":\"WebSite\",\"@id\":\"https:\/\/maestrodeceremonias.es\/#website\",\"url\":\"https:\/\/maestrodeceremonias.es\/\",\"name\":\"Maestro de Ceremonias Oficiante de Bodas Civiles y Eventos\",\"description\":\"Necesitas contratar Maestros de Ceremonias Oficiantes de Boda  para tu celebraci\u00f3n de boda civil simb\u00f3lica. P\u00eddenos presupuesto. Prestamos servicio en Madrid y en toda Espa\u00f1a. Speakers y Presentadores de eventos profesionales biling\u00fces en todos los idiomas a un precio asequible. Preg\u00fantanos: email: mc@maestrodeceremonias.es Tel\u00e9fono y Whatsapp: 644 597 199\",\"publisher\":{\"@id\":\"https:\/\/maestrodeceremonias.es\/#organization\"},\"potentialAction\":[{\"@type\":\"SearchAction\",\"target\":{\"@type\":\"EntryPoint\",\"urlTemplate\":\"https:\/\/maestrodeceremonias.es\/?s={search_term_string}\"},\"query-input\":{\"@type\":\"PropertyValueSpecification\",\"valueRequired\":true,\"valueName\":\"search_term_string\"}}],\"inLanguage\":\"en-GB\"},{\"@type\":\"Organization\",\"@id\":\"https:\/\/maestrodeceremonias.es\/#organization\",\"name\":\"Maestro de Ceremonias Oficiante de Bodas Civiles y Eventos\",\"url\":\"https:\/\/maestrodeceremonias.es\/\",\"logo\":{\"@type\":\"ImageObject\",\"inLanguage\":\"en-GB\",\"@id\":\"https:\/\/maestrodeceremonias.es\/#\/schema\/logo\/image\/\",\"url\":\"https:\/\/maestrodeceremonias.es\/wp-content\/uploads\/2023\/07\/Maestro-oficiante-de-Boda-Ceremonia-cabecera-web.jpg\",\"contentUrl\":\"https:\/\/maestrodeceremonias.es\/wp-content\/uploads\/2023\/07\/Maestro-oficiante-de-Boda-Ceremonia-cabecera-web.jpg\",\"width\":960,\"height\":250,\"caption\":\"Maestro de Ceremonias Oficiante de Bodas Civiles y Eventos\"},\"image\":{\"@id\":\"https:\/\/maestrodeceremonias.es\/#\/schema\/logo\/image\/\"},\"sameAs\":[\"https:\/\/www.facebook.com\/Maestrodeceremonias.presentador\",\"https:\/\/x.com\/presentador_mc\",\"https:\/\/www.instagram.com\/maestrosdeceremonias\/\"]}]}<\/script>\n<!-- \/ Yoast SEO plugin. -->","yoast_head_json":{"title":"Celebrations Ceremonies MCS Speakers","description":"Celebrations Ceremonies MCS Speakers in al of SPain in All Languages +34 644 597 199 mc@maestrodeceremonias.es Professional Master of Ceremon ies","robots":{"index":"index","follow":"follow","max-snippet":"max-snippet:-1","max-image-preview":"max-image-preview:large","max-video-preview":"max-video-preview:-1"},"canonical":"https:\/\/maestrodeceremonias.es\/en\/celebrations-ceremonies-mcs-speakers\/","og_locale":"en_GB","og_type":"article","og_title":"Celebrations Ceremonies MCS Speakers","og_description":"Celebrations Ceremonies MCS Speakers in al of SPain in All Languages +34 644 597 199 mc@maestrodeceremonias.es Professional Master of Ceremon ies","og_url":"https:\/\/maestrodeceremonias.es\/en\/celebrations-ceremonies-mcs-speakers\/","og_site_name":"Maestro de Ceremonias Oficiante de Bodas Civiles y Eventos","article_publisher":"https:\/\/www.facebook.com\/Maestrodeceremonias.presentador","article_modified_time":"2023-06-11T04:13:38+00:00","og_image":[{"url":"https:\/\/maestrodeceremonias.es\/wp-content\/uploads\/2016\/10\/14449171_1768133766792472_3955868250612432896_n.jpg","type":"","width":"","height":""}],"twitter_card":"summary_large_image","twitter_site":"@presentador_mc","twitter_misc":{"Estimated reading time":"2 minutes"},"schema":{"@context":"https:\/\/schema.org","@graph":[{"@type":"WebPage","@id":"https:\/\/maestrodeceremonias.es\/celebrations-ceremonies-mcs-speakers\/","url":"https:\/\/maestrodeceremonias.es\/celebrations-ceremonies-mcs-speakers\/","name":"Celebrations Ceremonies MCS Speakers","isPartOf":{"@id":"https:\/\/maestrodeceremonias.es\/#website"},"primaryImageOfPage":{"@id":"https:\/\/maestrodeceremonias.es\/celebrations-ceremonies-mcs-speakers\/#primaryimage"},"image":{"@id":"https:\/\/maestrodeceremonias.es\/celebrations-ceremonies-mcs-speakers\/#primaryimage"},"thumbnailUrl":"https:\/\/maestrodeceremonias.es\/wp-content\/uploads\/2016\/10\/14449171_1768133766792472_3955868250612432896_n.jpg","datePublished":"2015-10-09T12:05:39+00:00","dateModified":"2023-06-11T04:13:38+00:00","description":"Celebrations Ceremonies MCS Speakers in al of SPain in All Languages +34 644 597 199 mc@maestrodeceremonias.es Professional Master of Ceremon ies","breadcrumb":{"@id":"https:\/\/maestrodeceremonias.es\/celebrations-ceremonies-mcs-speakers\/#breadcrumb"},"inLanguage":"en-GB","potentialAction":[{"@type":"ReadAction","target":["https:\/\/maestrodeceremonias.es\/celebrations-ceremonies-mcs-speakers\/"]}]},{"@type":"ImageObject","inLanguage":"en-GB","@id":"https:\/\/maestrodeceremonias.es\/celebrations-ceremonies-mcs-speakers\/#primaryimage","url":"https:\/\/maestrodeceremonias.es\/wp-content\/uploads\/2016\/10\/14449171_1768133766792472_3955868250612432896_n.jpg","contentUrl":"https:\/\/maestrodeceremonias.es\/wp-content\/uploads\/2016\/10\/14449171_1768133766792472_3955868250612432896_n.jpg"},{"@type":"BreadcrumbList","@id":"https:\/\/maestrodeceremonias.es\/celebrations-ceremonies-mcs-speakers\/#breadcrumb","itemListElement":[{"@type":"ListItem","position":1,"name":"Maestros de ceremonias","item":"https:\/\/maestrodeceremonias.es\/"},{"@type":"ListItem","position":2,"name":"Celebrations Ceremonies MCS and Speakers"}]},{"@type":"WebSite","@id":"https:\/\/maestrodeceremonias.es\/#website","url":"https:\/\/maestrodeceremonias.es\/","name":"Maestro de Ceremonias Oficiante de Bodas Civiles y Eventos","description":"Necesitas contratar Maestros de Ceremonias Oficiantes de Boda  para tu celebraci\u00f3n de boda civil simb\u00f3lica. P\u00eddenos presupuesto. Prestamos servicio en Madrid y en toda Espa\u00f1a. Speakers y Presentadores de eventos profesionales biling\u00fces en todos los idiomas a un precio asequible. Preg\u00fantanos: email: mc@maestrodeceremonias.es Tel\u00e9fono y Whatsapp: 644 597 199","publisher":{"@id":"https:\/\/maestrodeceremonias.es\/#organization"},"potentialAction":[{"@type":"SearchAction","target":{"@type":"EntryPoint","urlTemplate":"https:\/\/maestrodeceremonias.es\/?s={search_term_string}"},"query-input":{"@type":"PropertyValueSpecification","valueRequired":true,"valueName":"search_term_string"}}],"inLanguage":"en-GB"},{"@type":"Organization","@id":"https:\/\/maestrodeceremonias.es\/#organization","name":"Maestro de Ceremonias Oficiante de Bodas Civiles y Eventos","url":"https:\/\/maestrodeceremonias.es\/","logo":{"@type":"ImageObject","inLanguage":"en-GB","@id":"https:\/\/maestrodeceremonias.es\/#\/schema\/logo\/image\/","url":"https:\/\/maestrodeceremonias.es\/wp-content\/uploads\/2023\/07\/Maestro-oficiante-de-Boda-Ceremonia-cabecera-web.jpg","contentUrl":"https:\/\/maestrodeceremonias.es\/wp-content\/uploads\/2023\/07\/Maestro-oficiante-de-Boda-Ceremonia-cabecera-web.jpg","width":960,"height":250,"caption":"Maestro de Ceremonias Oficiante de Bodas Civiles y Eventos"},"image":{"@id":"https:\/\/maestrodeceremonias.es\/#\/schema\/logo\/image\/"},"sameAs":["https:\/\/www.facebook.com\/Maestrodeceremonias.presentador","https:\/\/x.com\/presentador_mc","https:\/\/www.instagram.com\/maestrosdeceremonias\/"]}]}},"_links":{"self":[{"href":"https:\/\/maestrodeceremonias.es\/en\/wp-json\/wp\/v2\/pages\/128","targetHints":{"allow":["GET"]}}],"collection":[{"href":"https:\/\/maestrodeceremonias.es\/en\/wp-json\/wp\/v2\/pages"}],"about":[{"href":"https:\/\/maestrodeceremonias.es\/en\/wp-json\/wp\/v2\/types\/page"}],"author":[{"embeddable":true,"href":"https:\/\/maestrodeceremonias.es\/en\/wp-json\/wp\/v2\/users\/1"}],"replies":[{"embeddable":true,"href":"https:\/\/maestrodeceremonias.es\/en\/wp-json\/wp\/v2\/comments?post=128"}],"version-history":[{"count":0,"href":"https:\/\/maestrodeceremonias.es\/en\/wp-json\/wp\/v2\/pages\/128\/revisions"}],"wp:attachment":[{"href":"https:\/\/maestrodeceremonias.es\/en\/wp-json\/wp\/v2\/media?parent=128"}],"curies":[{"name":"wp","href":"https:\/\/api.w.org\/{rel}","templated":true}]}}