{"id":1891,"date":"2021-10-27T17:47:25","date_gmt":"2021-10-27T17:47:25","guid":{"rendered":"https:\/\/maestrodeceremonias.es\/?page_id=1891"},"modified":"2023-06-09T07:33:12","modified_gmt":"2023-06-09T05:33:12","slug":"que-es-un-oficiante-de-boda-o-ceremoniante","status":"publish","type":"page","link":"https:\/\/maestrodeceremonias.es\/en\/que-es-un-oficiante-de-boda-o-ceremoniante\/","title":{"rendered":"\u00bfQu\u00e9 es un Oficiante de ceremonia de Boda o Ceremoniante?"},"content":{"rendered":"<p>Tambi\u00e9n denominado <strong>Maestro de Ceremonias de boda,<\/strong> es la persona que se encarga de conducir la ceremonia de boda. Si hacemos el paralelismo con una boda religiosa se equiparar\u00eda a la figura del sacerdote pero l\u00f3gicamente sin el componente religioso.<\/p>\n\n\n\n<p>El oficiante de una ceremonia simb\u00f3lica ser\u00e1 el responsable de conducir el evento, el presentador.<\/p>\n\n\n\n<figure class=\"wp-block-image size-large\"><a href=\"https:\/\/maestrodeceremonias.es\/wp-content\/uploads\/2021\/10\/Que-es-un-Oficiante-de-Boda-o-Ceremoniante.jpeg\"><img loading=\"lazy\" decoding=\"async\" width=\"1024\" height=\"419\" src=\"https:\/\/maestrodeceremonias.es\/wp-content\/uploads\/2021\/10\/Que-es-un-Oficiante-de-Boda-o-Ceremoniante-1024x419.jpeg\" alt=\"\" class=\"wp-image-1892\" srcset=\"https:\/\/maestrodeceremonias.es\/wp-content\/uploads\/2021\/10\/Que-es-un-Oficiante-de-Boda-o-Ceremoniante-1024x419.jpeg 1024w, https:\/\/maestrodeceremonias.es\/wp-content\/uploads\/2021\/10\/Que-es-un-Oficiante-de-Boda-o-Ceremoniante-300x123.jpeg 300w, https:\/\/maestrodeceremonias.es\/wp-content\/uploads\/2021\/10\/Que-es-un-Oficiante-de-Boda-o-Ceremoniante-768x314.jpeg 768w, https:\/\/maestrodeceremonias.es\/wp-content\/uploads\/2021\/10\/Que-es-un-Oficiante-de-Boda-o-Ceremoniante-1536x629.jpeg 1536w, https:\/\/maestrodeceremonias.es\/wp-content\/uploads\/2021\/10\/Que-es-un-Oficiante-de-Boda-o-Ceremoniante.jpeg 2048w\" sizes=\"auto, (max-width: 1024px) 100vw, 1024px\" \/><\/a><\/figure>\n\n\n\n<h2 class=\"wp-block-heading\">Para ser oficiante de Ceremonia de boda es necesario:<\/h2>\n\n\n\n<ul class=\"wp-block-list\">\n<li>Tener experiencia hablando ante un auditorio, hablar en p\u00fablico con soltura.<\/li>\n\n\n\n<li>La vocalizaci\u00f3n y la proyecci\u00f3n correcta de la voz para que la inteligilibilidad del texto sea excelente han de ser habilidades trabajadas.<\/li>\n\n\n\n<li>La entonaci\u00f3n, el timbre de la voz y el tono han de ajustarse a cada momento de la ceremonia y no ser ni mon\u00f3tonos ni monocordes para que la ceremonia se haga llevadera.<\/li>\n\n\n\n<li>Ha de tener capacidad para transitar por diferentes emociones durante la ceremonia y hacer que el p\u00fablico le acompa\u00f1e en ese transitar.<\/li>\n\n\n\n<li>Es necesario que sea capaz de trabajar en equipo con los diferentes intervinientes en la ceremonia, m\u00fasicos, t\u00e9cnicos de sonido, DJ, personal de apoyo, wedding planner, seguridad.<\/li>\n\n\n\n<li>La puntualidad es imprescindible, acudir con tiempo suficiente para hacer frente con holgura a cualquier incidente que pudiera surgir en el trayecto o ya en el lugar de la ceremonia sin que este afecte al inicio a la hora planificada.<\/li>\n\n\n\n<li>El vestuario ha de ser adecuado a los requerimientos de los novios. Generalmente las bodas son un evento formal y elegante por lo que el Oficiante ha de ajustarse a eso. Es aconsejable el uso de colores oscuros no llamativos pues el protagonismo ha de ser de la pareja que se casa. Es cierto que hay bodas blancas, ibicencas, tem\u00e1ticas, de fantas\u00eda&#8230; en ese caso se pactar\u00e1 con los novios el vestuario para adecuarse a sus deseos.<\/li>\n<\/ul>\n\n\n\n<p class=\"has-text-align-left\"><strong>Puedes ver alg\u00fan ejemplo de ceremonia de boda en youtube:<\/strong><\/p>\n\n\n\n<figure class=\"wp-block-embed is-type-video is-provider-youtube wp-block-embed-youtube wp-embed-aspect-16-9 wp-has-aspect-ratio\"><div class=\"wp-block-embed__wrapper\">\n<iframe loading=\"lazy\" title=\"Maestro Oficiante de Ceremonia de Boda Civil Divertida Guion con toques de Humor\" width=\"1000\" height=\"563\" src=\"https:\/\/www.youtube.com\/embed\/kw2kIUwHs2A?feature=oembed\" frameborder=\"0\" allow=\"accelerometer; autoplay; clipboard-write; encrypted-media; gyroscope; picture-in-picture; web-share\" allowfullscreen><\/iframe>\n<\/div><\/figure>\n\n\n\n<div class=\"wp-block-columns is-layout-flex wp-container-core-columns-is-layout-1 wp-block-columns-is-layout-flex\">\n<div class=\"wp-block-column is-layout-flow wp-block-column-is-layout-flow\">\n<figure class=\"wp-block-image aligncenter size-large\"><a href=\"https:\/\/maestrodeceremonias.es\/wp-content\/uploads\/2021\/10\/Oficiante-de-boda-divertido-1.jpeg\"><img loading=\"lazy\" decoding=\"async\" width=\"480\" height=\"300\" src=\"https:\/\/maestrodeceremonias.es\/wp-content\/uploads\/2021\/10\/Oficiante-de-boda-divertido-1.jpeg\" alt=\"\" class=\"wp-image-1894\" srcset=\"https:\/\/maestrodeceremonias.es\/wp-content\/uploads\/2021\/10\/Oficiante-de-boda-divertido-1.jpeg 480w, https:\/\/maestrodeceremonias.es\/wp-content\/uploads\/2021\/10\/Oficiante-de-boda-divertido-1-300x188.jpeg 300w\" sizes=\"auto, (max-width: 480px) 100vw, 480px\" \/><\/a><\/figure>\n<\/div>\n\n\n\n<div class=\"wp-block-column is-layout-flow wp-block-column-is-layout-flow\">\n<h2 class=\"wp-block-heading\">\u00bfQui\u00e9n puede ser Oficiante de Ceremonia de boda?<\/h2>\n\n\n\n<p>Dependiendo de si es una ceremonia simb\u00f3lica o una ceremonia de boda civil con validez legal.<\/p>\n\n\n\n<p>En el caso de ser una ceremonia simb\u00f3lica cualquiera puede serlo pero no cualquiera puede hacerlo bien. Lo m\u00e1s aconsejable es contrata a un <a href=\"https:\/\/maestrodeceremonias.es\/en\/\">Maestro de Ceremonias <\/a>profesional pues cumplir\u00e1 con su labor con seguridad, es un servicio que merece la pena contratar. Otra opci\u00f3n es que lo haga un amigo o un familiar, en esta caso corremos varios riesgos que no son nada deseables:<\/p>\n<\/div>\n<\/div>\n\n\n\n<ul class=\"wp-block-list\">\n<li>En el \u00faltimo momento de echa para atr\u00e1s por nervios o por que no le da tiempo a prepararse y os pod\u00e9is quedar sin oficiante de ceremonias.<\/li>\n\n\n\n<li>Se decide a hacer la ceremonia pero al ser su primera vez se encuentra de frente con todas las dificultades con las que un profesional ya ha lidiado y ha superado con anterioridad y con suerte las afrontar\u00e1 con mayor o menor \u00e9xito pero pasando un mal rato y haci\u00e9ndoselo pasar a los novios e invitados.<\/li>\n\n\n\n<li>Cargamos con una responsabilidad y un trabajo a un ser querido que lo acepta pero que habr\u00e1 de dedicar tiempo a preparar el guion y preparase para oficiar la ceremonia en lugar de disfrutar de vuestro d\u00eda como desear\u00edais.<\/li>\n<\/ul>","protected":false},"excerpt":{"rendered":"<p>Tambi\u00e9n denominado Maestro de Ceremonias de boda, es la persona que se encarga de conducir la ceremonia de boda. Si hacemos el paralelismo con una boda religiosa se equiparar\u00eda a la figura del sacerdote pero l\u00f3gicamente sin el componente religioso. El oficiante de una ceremonia simb\u00f3lica ser\u00e1 el responsable de conducir el evento, el presentador. [&hellip;]<\/p>\n","protected":false},"author":1,"featured_media":0,"parent":0,"menu_order":0,"comment_status":"closed","ping_status":"closed","template":"","meta":{"_monsterinsights_skip_tracking":false,"_monsterinsights_sitenote_active":false,"_monsterinsights_sitenote_note":"","_monsterinsights_sitenote_category":0,"_joinchat":[],"footnotes":""},"class_list":["post-1891","page","type-page","status-publish","hentry"],"blocksy_meta":[],"yoast_head":"<!-- This site is optimized with the Yoast SEO plugin v26.8 - https:\/\/yoast.com\/product\/yoast-seo-wordpress\/ -->\n<title>Qu\u00e9 es un Oficiante de Boda o Ceremoniante<\/title>\n<meta name=\"description\" content=\"Maestro de Ceremonias Oficiante de Bodas Eventos Speaker Biling\u00fces , Qu\u00e9 es un Oficiante de Boda o Ceremoniante\" \/>\n<meta name=\"robots\" content=\"index, follow, max-snippet:-1, max-image-preview:large, max-video-preview:-1\" \/>\n<link rel=\"canonical\" href=\"https:\/\/maestrodeceremonias.es\/en\/que-es-un-oficiante-de-boda-o-ceremoniante\/\" \/>\n<meta property=\"og:locale\" content=\"en_GB\" \/>\n<meta property=\"og:type\" content=\"article\" \/>\n<meta property=\"og:title\" content=\"Qu\u00e9 es un Oficiante de Boda o Ceremoniante\" \/>\n<meta property=\"og:description\" content=\"Maestro de Ceremonias Oficiante de Bodas Eventos Speaker Biling\u00fces , Qu\u00e9 es un Oficiante de Boda o Ceremoniante\" \/>\n<meta property=\"og:url\" content=\"https:\/\/maestrodeceremonias.es\/en\/que-es-un-oficiante-de-boda-o-ceremoniante\/\" \/>\n<meta property=\"og:site_name\" content=\"Maestro de Ceremonias Oficiante de Bodas Civiles y Eventos\" \/>\n<meta property=\"article:publisher\" content=\"https:\/\/www.facebook.com\/Maestrodeceremonias.presentador\" \/>\n<meta property=\"article:modified_time\" content=\"2023-06-09T05:33:12+00:00\" \/>\n<meta property=\"og:image\" content=\"https:\/\/maestrodeceremonias.es\/wp-content\/uploads\/2021\/10\/Que-es-un-Oficiante-de-Boda-o-Ceremoniante-1024x419.jpeg\" \/>\n<meta name=\"twitter:card\" content=\"summary_large_image\" \/>\n<meta name=\"twitter:site\" content=\"@presentador_mc\" \/>\n<meta name=\"twitter:label1\" content=\"Estimated reading time\" \/>\n\t<meta name=\"twitter:data1\" content=\"3 minutes\" \/>\n<script type=\"application\/ld+json\" class=\"yoast-schema-graph\">{\"@context\":\"https:\/\/schema.org\",\"@graph\":[{\"@type\":\"WebPage\",\"@id\":\"https:\/\/maestrodeceremonias.es\/que-es-un-oficiante-de-boda-o-ceremoniante\/\",\"url\":\"https:\/\/maestrodeceremonias.es\/que-es-un-oficiante-de-boda-o-ceremoniante\/\",\"name\":\"Qu\u00e9 es un Oficiante de Boda o Ceremoniante\",\"isPartOf\":{\"@id\":\"https:\/\/maestrodeceremonias.es\/#website\"},\"primaryImageOfPage\":{\"@id\":\"https:\/\/maestrodeceremonias.es\/que-es-un-oficiante-de-boda-o-ceremoniante\/#primaryimage\"},\"image\":{\"@id\":\"https:\/\/maestrodeceremonias.es\/que-es-un-oficiante-de-boda-o-ceremoniante\/#primaryimage\"},\"thumbnailUrl\":\"https:\/\/maestrodeceremonias.es\/wp-content\/uploads\/2021\/10\/Que-es-un-Oficiante-de-Boda-o-Ceremoniante-1024x419.jpeg\",\"datePublished\":\"2021-10-27T17:47:25+00:00\",\"dateModified\":\"2023-06-09T05:33:12+00:00\",\"description\":\"Maestro de Ceremonias Oficiante de Bodas Eventos Speaker Biling\u00fces , Qu\u00e9 es un Oficiante de Boda o Ceremoniante\",\"breadcrumb\":{\"@id\":\"https:\/\/maestrodeceremonias.es\/que-es-un-oficiante-de-boda-o-ceremoniante\/#breadcrumb\"},\"inLanguage\":\"en-GB\",\"potentialAction\":[{\"@type\":\"ReadAction\",\"target\":[\"https:\/\/maestrodeceremonias.es\/que-es-un-oficiante-de-boda-o-ceremoniante\/\"]}]},{\"@type\":\"ImageObject\",\"inLanguage\":\"en-GB\",\"@id\":\"https:\/\/maestrodeceremonias.es\/que-es-un-oficiante-de-boda-o-ceremoniante\/#primaryimage\",\"url\":\"https:\/\/maestrodeceremonias.es\/wp-content\/uploads\/2021\/10\/Que-es-un-Oficiante-de-Boda-o-Ceremoniante-1024x419.jpeg\",\"contentUrl\":\"https:\/\/maestrodeceremonias.es\/wp-content\/uploads\/2021\/10\/Que-es-un-Oficiante-de-Boda-o-Ceremoniante-1024x419.jpeg\"},{\"@type\":\"BreadcrumbList\",\"@id\":\"https:\/\/maestrodeceremonias.es\/que-es-un-oficiante-de-boda-o-ceremoniante\/#breadcrumb\",\"itemListElement\":[{\"@type\":\"ListItem\",\"position\":1,\"name\":\"Maestros de ceremonias\",\"item\":\"https:\/\/maestrodeceremonias.es\/\"},{\"@type\":\"ListItem\",\"position\":2,\"name\":\"\u00bfQu\u00e9 es un Oficiante de ceremonia de Boda o Ceremoniante?\"}]},{\"@type\":\"WebSite\",\"@id\":\"https:\/\/maestrodeceremonias.es\/#website\",\"url\":\"https:\/\/maestrodeceremonias.es\/\",\"name\":\"Maestro de Ceremonias Oficiante de Bodas Civiles y Eventos\",\"description\":\"Necesitas contratar Maestros de Ceremonias Oficiantes de Boda  para tu celebraci\u00f3n de boda civil simb\u00f3lica. P\u00eddenos presupuesto. Prestamos servicio en Madrid y en toda Espa\u00f1a. Speakers y Presentadores de eventos profesionales biling\u00fces en todos los idiomas a un precio asequible. Preg\u00fantanos: email: mc@maestrodeceremonias.es Tel\u00e9fono y Whatsapp: 644 597 199\",\"publisher\":{\"@id\":\"https:\/\/maestrodeceremonias.es\/#organization\"},\"potentialAction\":[{\"@type\":\"SearchAction\",\"target\":{\"@type\":\"EntryPoint\",\"urlTemplate\":\"https:\/\/maestrodeceremonias.es\/?s={search_term_string}\"},\"query-input\":{\"@type\":\"PropertyValueSpecification\",\"valueRequired\":true,\"valueName\":\"search_term_string\"}}],\"inLanguage\":\"en-GB\"},{\"@type\":\"Organization\",\"@id\":\"https:\/\/maestrodeceremonias.es\/#organization\",\"name\":\"Maestro de Ceremonias Oficiante de Bodas Civiles y Eventos\",\"url\":\"https:\/\/maestrodeceremonias.es\/\",\"logo\":{\"@type\":\"ImageObject\",\"inLanguage\":\"en-GB\",\"@id\":\"https:\/\/maestrodeceremonias.es\/#\/schema\/logo\/image\/\",\"url\":\"https:\/\/maestrodeceremonias.es\/wp-content\/uploads\/2023\/07\/Maestro-oficiante-de-Boda-Ceremonia-cabecera-web.jpg\",\"contentUrl\":\"https:\/\/maestrodeceremonias.es\/wp-content\/uploads\/2023\/07\/Maestro-oficiante-de-Boda-Ceremonia-cabecera-web.jpg\",\"width\":960,\"height\":250,\"caption\":\"Maestro de Ceremonias Oficiante de Bodas Civiles y Eventos\"},\"image\":{\"@id\":\"https:\/\/maestrodeceremonias.es\/#\/schema\/logo\/image\/\"},\"sameAs\":[\"https:\/\/www.facebook.com\/Maestrodeceremonias.presentador\",\"https:\/\/x.com\/presentador_mc\",\"https:\/\/www.instagram.com\/maestrosdeceremonias\/\"]}]}<\/script>\n<!-- \/ Yoast SEO plugin. -->","yoast_head_json":{"title":"Qu\u00e9 es un Oficiante de Boda o Ceremoniante","description":"Maestro de Ceremonias Oficiante de Bodas Eventos Speaker Biling\u00fces , Qu\u00e9 es un Oficiante de Boda o Ceremoniante","robots":{"index":"index","follow":"follow","max-snippet":"max-snippet:-1","max-image-preview":"max-image-preview:large","max-video-preview":"max-video-preview:-1"},"canonical":"https:\/\/maestrodeceremonias.es\/en\/que-es-un-oficiante-de-boda-o-ceremoniante\/","og_locale":"en_GB","og_type":"article","og_title":"Qu\u00e9 es un Oficiante de Boda o Ceremoniante","og_description":"Maestro de Ceremonias Oficiante de Bodas Eventos Speaker Biling\u00fces , Qu\u00e9 es un Oficiante de Boda o Ceremoniante","og_url":"https:\/\/maestrodeceremonias.es\/en\/que-es-un-oficiante-de-boda-o-ceremoniante\/","og_site_name":"Maestro de Ceremonias Oficiante de Bodas Civiles y Eventos","article_publisher":"https:\/\/www.facebook.com\/Maestrodeceremonias.presentador","article_modified_time":"2023-06-09T05:33:12+00:00","og_image":[{"url":"https:\/\/maestrodeceremonias.es\/wp-content\/uploads\/2021\/10\/Que-es-un-Oficiante-de-Boda-o-Ceremoniante-1024x419.jpeg","type":"","width":"","height":""}],"twitter_card":"summary_large_image","twitter_site":"@presentador_mc","twitter_misc":{"Estimated reading time":"3 minutes"},"schema":{"@context":"https:\/\/schema.org","@graph":[{"@type":"WebPage","@id":"https:\/\/maestrodeceremonias.es\/que-es-un-oficiante-de-boda-o-ceremoniante\/","url":"https:\/\/maestrodeceremonias.es\/que-es-un-oficiante-de-boda-o-ceremoniante\/","name":"Qu\u00e9 es un Oficiante de Boda o Ceremoniante","isPartOf":{"@id":"https:\/\/maestrodeceremonias.es\/#website"},"primaryImageOfPage":{"@id":"https:\/\/maestrodeceremonias.es\/que-es-un-oficiante-de-boda-o-ceremoniante\/#primaryimage"},"image":{"@id":"https:\/\/maestrodeceremonias.es\/que-es-un-oficiante-de-boda-o-ceremoniante\/#primaryimage"},"thumbnailUrl":"https:\/\/maestrodeceremonias.es\/wp-content\/uploads\/2021\/10\/Que-es-un-Oficiante-de-Boda-o-Ceremoniante-1024x419.jpeg","datePublished":"2021-10-27T17:47:25+00:00","dateModified":"2023-06-09T05:33:12+00:00","description":"Maestro de Ceremonias Oficiante de Bodas Eventos Speaker Biling\u00fces , Qu\u00e9 es un Oficiante de Boda o Ceremoniante","breadcrumb":{"@id":"https:\/\/maestrodeceremonias.es\/que-es-un-oficiante-de-boda-o-ceremoniante\/#breadcrumb"},"inLanguage":"en-GB","potentialAction":[{"@type":"ReadAction","target":["https:\/\/maestrodeceremonias.es\/que-es-un-oficiante-de-boda-o-ceremoniante\/"]}]},{"@type":"ImageObject","inLanguage":"en-GB","@id":"https:\/\/maestrodeceremonias.es\/que-es-un-oficiante-de-boda-o-ceremoniante\/#primaryimage","url":"https:\/\/maestrodeceremonias.es\/wp-content\/uploads\/2021\/10\/Que-es-un-Oficiante-de-Boda-o-Ceremoniante-1024x419.jpeg","contentUrl":"https:\/\/maestrodeceremonias.es\/wp-content\/uploads\/2021\/10\/Que-es-un-Oficiante-de-Boda-o-Ceremoniante-1024x419.jpeg"},{"@type":"BreadcrumbList","@id":"https:\/\/maestrodeceremonias.es\/que-es-un-oficiante-de-boda-o-ceremoniante\/#breadcrumb","itemListElement":[{"@type":"ListItem","position":1,"name":"Maestros de ceremonias","item":"https:\/\/maestrodeceremonias.es\/"},{"@type":"ListItem","position":2,"name":"\u00bfQu\u00e9 es un Oficiante de ceremonia de Boda o Ceremoniante?"}]},{"@type":"WebSite","@id":"https:\/\/maestrodeceremonias.es\/#website","url":"https:\/\/maestrodeceremonias.es\/","name":"Maestro de Ceremonias Oficiante de Bodas Civiles y Eventos","description":"Necesitas contratar Maestros de Ceremonias Oficiantes de Boda  para tu celebraci\u00f3n de boda civil simb\u00f3lica. P\u00eddenos presupuesto. Prestamos servicio en Madrid y en toda Espa\u00f1a. Speakers y Presentadores de eventos profesionales biling\u00fces en todos los idiomas a un precio asequible. Preg\u00fantanos: email: mc@maestrodeceremonias.es Tel\u00e9fono y Whatsapp: 644 597 199","publisher":{"@id":"https:\/\/maestrodeceremonias.es\/#organization"},"potentialAction":[{"@type":"SearchAction","target":{"@type":"EntryPoint","urlTemplate":"https:\/\/maestrodeceremonias.es\/?s={search_term_string}"},"query-input":{"@type":"PropertyValueSpecification","valueRequired":true,"valueName":"search_term_string"}}],"inLanguage":"en-GB"},{"@type":"Organization","@id":"https:\/\/maestrodeceremonias.es\/#organization","name":"Maestro de Ceremonias Oficiante de Bodas Civiles y Eventos","url":"https:\/\/maestrodeceremonias.es\/","logo":{"@type":"ImageObject","inLanguage":"en-GB","@id":"https:\/\/maestrodeceremonias.es\/#\/schema\/logo\/image\/","url":"https:\/\/maestrodeceremonias.es\/wp-content\/uploads\/2023\/07\/Maestro-oficiante-de-Boda-Ceremonia-cabecera-web.jpg","contentUrl":"https:\/\/maestrodeceremonias.es\/wp-content\/uploads\/2023\/07\/Maestro-oficiante-de-Boda-Ceremonia-cabecera-web.jpg","width":960,"height":250,"caption":"Maestro de Ceremonias Oficiante de Bodas Civiles y Eventos"},"image":{"@id":"https:\/\/maestrodeceremonias.es\/#\/schema\/logo\/image\/"},"sameAs":["https:\/\/www.facebook.com\/Maestrodeceremonias.presentador","https:\/\/x.com\/presentador_mc","https:\/\/www.instagram.com\/maestrosdeceremonias\/"]}]}},"_links":{"self":[{"href":"https:\/\/maestrodeceremonias.es\/en\/wp-json\/wp\/v2\/pages\/1891","targetHints":{"allow":["GET"]}}],"collection":[{"href":"https:\/\/maestrodeceremonias.es\/en\/wp-json\/wp\/v2\/pages"}],"about":[{"href":"https:\/\/maestrodeceremonias.es\/en\/wp-json\/wp\/v2\/types\/page"}],"author":[{"embeddable":true,"href":"https:\/\/maestrodeceremonias.es\/en\/wp-json\/wp\/v2\/users\/1"}],"replies":[{"embeddable":true,"href":"https:\/\/maestrodeceremonias.es\/en\/wp-json\/wp\/v2\/comments?post=1891"}],"version-history":[{"count":0,"href":"https:\/\/maestrodeceremonias.es\/en\/wp-json\/wp\/v2\/pages\/1891\/revisions"}],"wp:attachment":[{"href":"https:\/\/maestrodeceremonias.es\/en\/wp-json\/wp\/v2\/media?parent=1891"}],"curies":[{"name":"wp","href":"https:\/\/api.w.org\/{rel}","templated":true}]}}