{"id":1947,"date":"2022-09-27T15:19:30","date_gmt":"2022-09-27T15:19:30","guid":{"rendered":"https:\/\/maestrodeceremonias.es\/?page_id=1947"},"modified":"2023-06-11T06:37:13","modified_gmt":"2023-06-11T04:37:13","slug":"elopment-wedding-spain-master-of-ceremonies","status":"publish","type":"page","link":"https:\/\/maestrodeceremonias.es\/en\/elopment-wedding-spain-master-of-ceremonies\/","title":{"rendered":"Elopment Wedding Spain Master of Ceremonies"},"content":{"rendered":"<p>Elopment Wedding Spain Master of Ceremonies. Any where just you, te bride and the groom and your love, and perhaps some atendeees.<\/p>\n\n\n\n<p>Boda privada solo vosotros, los novios y vuestro amor y quiza algunos invitados. D\u00f3nde quer\u00e1is y cuando os apetezca.<\/p>\n\n\n\n<figure class=\"wp-block-embed is-type-video is-provider-youtube wp-block-embed-youtube wp-embed-aspect-16-9 wp-has-aspect-ratio\"><div class=\"wp-block-embed__wrapper\">\n<iframe loading=\"lazy\" title=\"Elopement wedding celebration Master of ceremony ibiza Formentera Officiant also in Oficiante\" width=\"1000\" height=\"563\" src=\"https:\/\/www.youtube.com\/embed\/WPObb9IbqUA?feature=oembed\" frameborder=\"0\" allow=\"accelerometer; autoplay; clipboard-write; encrypted-media; gyroscope; picture-in-picture; web-share\" allowfullscreen><\/iframe>\n<\/div><\/figure>\n\n\n\n<p>\u00bfQu\u00e9 es un <strong>elopment Wedding<\/strong>? Aqu\u00ed nuestro <strong>Maestro de Ceremonias <\/strong>os da una explicaci\u00f3n completa.<\/p>\n\n\n\n<p> \u00bfWhat is an <strong>elopment wedding<\/strong>? Here our <strong>Master of ceremonies<\/strong> gives you a full explanation.<\/p>\n\n\n\n<figure class=\"wp-block-embed is-type-video is-provider-youtube wp-block-embed-youtube wp-embed-aspect-4-3 wp-has-aspect-ratio\"><div class=\"wp-block-embed__wrapper\">\n<iframe loading=\"lazy\" title=\"Elopment wedding Madrid Master of Ceremonies Royal Palace\" width=\"1000\" height=\"750\" src=\"https:\/\/www.youtube.com\/embed\/iLnh6N58KEU?feature=oembed\" frameborder=\"0\" allow=\"accelerometer; autoplay; clipboard-write; encrypted-media; gyroscope; picture-in-picture; web-share\" allowfullscreen><\/iframe>\n<\/div><\/figure>\n\n\n\n<p>Casarse es una de las decisiones m\u00e1s importantes de la vida. Para celebrar la boda hay que tomar un mont\u00f3n de decisiones importantes que n\u00famero de invitados, el lugar, la fecha la hora el tipo de ceremonia. Hay parejas que deciden hacerlo en privado como a ellos dos solos o como mucho unos pocos invitados. <\/p>\n\n\n\n<p>Es lo que llaman una elopment wedding o una<strong> boda a la fuga<\/strong>, muchas veces se hace en secreto como algo \u00edntimo para la pareja. Hay veces que para organizarlo se contrata a una<strong> wedding planner <\/strong>para que prepare todo y la pareja solo se preocupe de disfrutar de los momentos. El maestro de ceremonias se encargar\u00e1 de que el momento de la ceremonia tenga una estructura, un guion personalizado. Ser\u00e1 el que conduzca la ceremonia para que la pareja disfrute de su momento. Las ventajas de la<strong> elopment wedding<\/strong> es que se puede uno casar en casi cualquier lugar una bonita playa, un acantilado, el pico de una monta\u00f1a, una plaza de una ciudad o unos bonitos jardines. Muchas parejas adem\u00e1s contratan a un fot\u00f3grafo, un vide\u00f3grafo, a veces incluso hasta una c\u00e1mara en un dron para inmortalizar este momento y que no se pueda borrar nunca de su memoria, porque van a tener un soporte que se lo recordar\u00e1 y con el cual podr\u00e1n compartir con sus seres queridos un momento que disfrutaron ellos dos.<\/p>","protected":false},"excerpt":{"rendered":"<p>Elopment Wedding Spain Master of Ceremonies. Any where just you, te bride and the groom and your love, and perhaps some atendeees. Boda privada solo vosotros, los novios y vuestro amor y quiza algunos invitados. D\u00f3nde quer\u00e1is y cuando os apetezca. \u00bfQu\u00e9 es un elopment Wedding? Aqu\u00ed nuestro Maestro de Ceremonias os da una explicaci\u00f3n [&hellip;]<\/p>\n","protected":false},"author":1,"featured_media":0,"parent":0,"menu_order":0,"comment_status":"closed","ping_status":"closed","template":"","meta":{"_monsterinsights_skip_tracking":false,"_monsterinsights_sitenote_active":false,"_monsterinsights_sitenote_note":"","_monsterinsights_sitenote_category":0,"_joinchat":[],"footnotes":""},"class_list":["post-1947","page","type-page","status-publish","hentry"],"blocksy_meta":[],"yoast_head":"<!-- This site is optimized with the Yoast SEO plugin v26.8 - https:\/\/yoast.com\/product\/yoast-seo-wordpress\/ -->\n<title>Elopment Wedding Spain Master of Ceremonies<\/title>\n<meta name=\"description\" content=\"Elopment Wedding Spain Master of Ceremonies Maestro de Ceremonias Oficiante de Bodas Eventos Speaker Biling\u00fces, \u00bfQu\u00e9 es un elopment Wedding?\" \/>\n<meta name=\"robots\" content=\"index, follow, max-snippet:-1, max-image-preview:large, max-video-preview:-1\" \/>\n<link rel=\"canonical\" href=\"https:\/\/maestrodeceremonias.es\/en\/elopment-wedding-spain-master-of-ceremonies\/\" \/>\n<meta property=\"og:locale\" content=\"en_GB\" \/>\n<meta property=\"og:type\" content=\"article\" \/>\n<meta property=\"og:title\" content=\"Elopment Wedding Spain Master of Ceremonies\" \/>\n<meta property=\"og:description\" content=\"Elopment Wedding Spain Master of Ceremonies Maestro de Ceremonias Oficiante de Bodas Eventos Speaker Biling\u00fces, \u00bfQu\u00e9 es un elopment Wedding?\" \/>\n<meta property=\"og:url\" content=\"https:\/\/maestrodeceremonias.es\/en\/elopment-wedding-spain-master-of-ceremonies\/\" \/>\n<meta property=\"og:site_name\" content=\"Maestro de Ceremonias Oficiante de Bodas Civiles y Eventos\" \/>\n<meta property=\"article:publisher\" content=\"https:\/\/www.facebook.com\/Maestrodeceremonias.presentador\" \/>\n<meta property=\"article:modified_time\" content=\"2023-06-11T04:37:13+00:00\" \/>\n<meta name=\"twitter:card\" content=\"summary_large_image\" \/>\n<meta name=\"twitter:site\" content=\"@presentador_mc\" \/>\n<meta name=\"twitter:label1\" content=\"Estimated reading time\" \/>\n\t<meta name=\"twitter:data1\" content=\"2 minutes\" \/>\n<script type=\"application\/ld+json\" class=\"yoast-schema-graph\">{\"@context\":\"https:\/\/schema.org\",\"@graph\":[{\"@type\":\"WebPage\",\"@id\":\"https:\/\/maestrodeceremonias.es\/elopment-wedding-spain-master-of-ceremonies\/\",\"url\":\"https:\/\/maestrodeceremonias.es\/elopment-wedding-spain-master-of-ceremonies\/\",\"name\":\"Elopment Wedding Spain Master of Ceremonies\",\"isPartOf\":{\"@id\":\"https:\/\/maestrodeceremonias.es\/#website\"},\"datePublished\":\"2022-09-27T15:19:30+00:00\",\"dateModified\":\"2023-06-11T04:37:13+00:00\",\"description\":\"Elopment Wedding Spain Master of Ceremonies Maestro de Ceremonias Oficiante de Bodas Eventos Speaker Biling\u00fces, \u00bfQu\u00e9 es un elopment Wedding?\",\"breadcrumb\":{\"@id\":\"https:\/\/maestrodeceremonias.es\/elopment-wedding-spain-master-of-ceremonies\/#breadcrumb\"},\"inLanguage\":\"en-GB\",\"potentialAction\":[{\"@type\":\"ReadAction\",\"target\":[\"https:\/\/maestrodeceremonias.es\/elopment-wedding-spain-master-of-ceremonies\/\"]}]},{\"@type\":\"BreadcrumbList\",\"@id\":\"https:\/\/maestrodeceremonias.es\/elopment-wedding-spain-master-of-ceremonies\/#breadcrumb\",\"itemListElement\":[{\"@type\":\"ListItem\",\"position\":1,\"name\":\"Maestros de ceremonias\",\"item\":\"https:\/\/maestrodeceremonias.es\/\"},{\"@type\":\"ListItem\",\"position\":2,\"name\":\"Elopment Wedding Spain Master of Ceremonies\"}]},{\"@type\":\"WebSite\",\"@id\":\"https:\/\/maestrodeceremonias.es\/#website\",\"url\":\"https:\/\/maestrodeceremonias.es\/\",\"name\":\"Maestro de Ceremonias Oficiante de Bodas Civiles y Eventos\",\"description\":\"Necesitas contratar Maestros de Ceremonias Oficiantes de Boda  para tu celebraci\u00f3n de boda civil simb\u00f3lica. P\u00eddenos presupuesto. Prestamos servicio en Madrid y en toda Espa\u00f1a. Speakers y Presentadores de eventos profesionales biling\u00fces en todos los idiomas a un precio asequible. Preg\u00fantanos: email: mc@maestrodeceremonias.es Tel\u00e9fono y Whatsapp: 644 597 199\",\"publisher\":{\"@id\":\"https:\/\/maestrodeceremonias.es\/#organization\"},\"potentialAction\":[{\"@type\":\"SearchAction\",\"target\":{\"@type\":\"EntryPoint\",\"urlTemplate\":\"https:\/\/maestrodeceremonias.es\/?s={search_term_string}\"},\"query-input\":{\"@type\":\"PropertyValueSpecification\",\"valueRequired\":true,\"valueName\":\"search_term_string\"}}],\"inLanguage\":\"en-GB\"},{\"@type\":\"Organization\",\"@id\":\"https:\/\/maestrodeceremonias.es\/#organization\",\"name\":\"Maestro de Ceremonias Oficiante de Bodas Civiles y Eventos\",\"url\":\"https:\/\/maestrodeceremonias.es\/\",\"logo\":{\"@type\":\"ImageObject\",\"inLanguage\":\"en-GB\",\"@id\":\"https:\/\/maestrodeceremonias.es\/#\/schema\/logo\/image\/\",\"url\":\"https:\/\/maestrodeceremonias.es\/wp-content\/uploads\/2023\/07\/Maestro-oficiante-de-Boda-Ceremonia-cabecera-web.jpg\",\"contentUrl\":\"https:\/\/maestrodeceremonias.es\/wp-content\/uploads\/2023\/07\/Maestro-oficiante-de-Boda-Ceremonia-cabecera-web.jpg\",\"width\":960,\"height\":250,\"caption\":\"Maestro de Ceremonias Oficiante de Bodas Civiles y Eventos\"},\"image\":{\"@id\":\"https:\/\/maestrodeceremonias.es\/#\/schema\/logo\/image\/\"},\"sameAs\":[\"https:\/\/www.facebook.com\/Maestrodeceremonias.presentador\",\"https:\/\/x.com\/presentador_mc\",\"https:\/\/www.instagram.com\/maestrosdeceremonias\/\"]}]}<\/script>\n<!-- \/ Yoast SEO plugin. -->","yoast_head_json":{"title":"Elopment Wedding Spain Master of Ceremonies","description":"Elopment Wedding Spain Master of Ceremonies Maestro de Ceremonias Oficiante de Bodas Eventos Speaker Biling\u00fces, \u00bfQu\u00e9 es un elopment Wedding?","robots":{"index":"index","follow":"follow","max-snippet":"max-snippet:-1","max-image-preview":"max-image-preview:large","max-video-preview":"max-video-preview:-1"},"canonical":"https:\/\/maestrodeceremonias.es\/en\/elopment-wedding-spain-master-of-ceremonies\/","og_locale":"en_GB","og_type":"article","og_title":"Elopment Wedding Spain Master of Ceremonies","og_description":"Elopment Wedding Spain Master of Ceremonies Maestro de Ceremonias Oficiante de Bodas Eventos Speaker Biling\u00fces, \u00bfQu\u00e9 es un elopment Wedding?","og_url":"https:\/\/maestrodeceremonias.es\/en\/elopment-wedding-spain-master-of-ceremonies\/","og_site_name":"Maestro de Ceremonias Oficiante de Bodas Civiles y Eventos","article_publisher":"https:\/\/www.facebook.com\/Maestrodeceremonias.presentador","article_modified_time":"2023-06-11T04:37:13+00:00","twitter_card":"summary_large_image","twitter_site":"@presentador_mc","twitter_misc":{"Estimated reading time":"2 minutes"},"schema":{"@context":"https:\/\/schema.org","@graph":[{"@type":"WebPage","@id":"https:\/\/maestrodeceremonias.es\/elopment-wedding-spain-master-of-ceremonies\/","url":"https:\/\/maestrodeceremonias.es\/elopment-wedding-spain-master-of-ceremonies\/","name":"Elopment Wedding Spain Master of Ceremonies","isPartOf":{"@id":"https:\/\/maestrodeceremonias.es\/#website"},"datePublished":"2022-09-27T15:19:30+00:00","dateModified":"2023-06-11T04:37:13+00:00","description":"Elopment Wedding Spain Master of Ceremonies Maestro de Ceremonias Oficiante de Bodas Eventos Speaker Biling\u00fces, \u00bfQu\u00e9 es un elopment Wedding?","breadcrumb":{"@id":"https:\/\/maestrodeceremonias.es\/elopment-wedding-spain-master-of-ceremonies\/#breadcrumb"},"inLanguage":"en-GB","potentialAction":[{"@type":"ReadAction","target":["https:\/\/maestrodeceremonias.es\/elopment-wedding-spain-master-of-ceremonies\/"]}]},{"@type":"BreadcrumbList","@id":"https:\/\/maestrodeceremonias.es\/elopment-wedding-spain-master-of-ceremonies\/#breadcrumb","itemListElement":[{"@type":"ListItem","position":1,"name":"Maestros de ceremonias","item":"https:\/\/maestrodeceremonias.es\/"},{"@type":"ListItem","position":2,"name":"Elopment Wedding Spain Master of Ceremonies"}]},{"@type":"WebSite","@id":"https:\/\/maestrodeceremonias.es\/#website","url":"https:\/\/maestrodeceremonias.es\/","name":"Maestro de Ceremonias Oficiante de Bodas Civiles y Eventos","description":"Necesitas contratar Maestros de Ceremonias Oficiantes de Boda  para tu celebraci\u00f3n de boda civil simb\u00f3lica. P\u00eddenos presupuesto. Prestamos servicio en Madrid y en toda Espa\u00f1a. Speakers y Presentadores de eventos profesionales biling\u00fces en todos los idiomas a un precio asequible. Preg\u00fantanos: email: mc@maestrodeceremonias.es Tel\u00e9fono y Whatsapp: 644 597 199","publisher":{"@id":"https:\/\/maestrodeceremonias.es\/#organization"},"potentialAction":[{"@type":"SearchAction","target":{"@type":"EntryPoint","urlTemplate":"https:\/\/maestrodeceremonias.es\/?s={search_term_string}"},"query-input":{"@type":"PropertyValueSpecification","valueRequired":true,"valueName":"search_term_string"}}],"inLanguage":"en-GB"},{"@type":"Organization","@id":"https:\/\/maestrodeceremonias.es\/#organization","name":"Maestro de Ceremonias Oficiante de Bodas Civiles y Eventos","url":"https:\/\/maestrodeceremonias.es\/","logo":{"@type":"ImageObject","inLanguage":"en-GB","@id":"https:\/\/maestrodeceremonias.es\/#\/schema\/logo\/image\/","url":"https:\/\/maestrodeceremonias.es\/wp-content\/uploads\/2023\/07\/Maestro-oficiante-de-Boda-Ceremonia-cabecera-web.jpg","contentUrl":"https:\/\/maestrodeceremonias.es\/wp-content\/uploads\/2023\/07\/Maestro-oficiante-de-Boda-Ceremonia-cabecera-web.jpg","width":960,"height":250,"caption":"Maestro de Ceremonias Oficiante de Bodas Civiles y Eventos"},"image":{"@id":"https:\/\/maestrodeceremonias.es\/#\/schema\/logo\/image\/"},"sameAs":["https:\/\/www.facebook.com\/Maestrodeceremonias.presentador","https:\/\/x.com\/presentador_mc","https:\/\/www.instagram.com\/maestrosdeceremonias\/"]}]}},"_links":{"self":[{"href":"https:\/\/maestrodeceremonias.es\/en\/wp-json\/wp\/v2\/pages\/1947","targetHints":{"allow":["GET"]}}],"collection":[{"href":"https:\/\/maestrodeceremonias.es\/en\/wp-json\/wp\/v2\/pages"}],"about":[{"href":"https:\/\/maestrodeceremonias.es\/en\/wp-json\/wp\/v2\/types\/page"}],"author":[{"embeddable":true,"href":"https:\/\/maestrodeceremonias.es\/en\/wp-json\/wp\/v2\/users\/1"}],"replies":[{"embeddable":true,"href":"https:\/\/maestrodeceremonias.es\/en\/wp-json\/wp\/v2\/comments?post=1947"}],"version-history":[{"count":0,"href":"https:\/\/maestrodeceremonias.es\/en\/wp-json\/wp\/v2\/pages\/1947\/revisions"}],"wp:attachment":[{"href":"https:\/\/maestrodeceremonias.es\/en\/wp-json\/wp\/v2\/media?parent=1947"}],"curies":[{"name":"wp","href":"https:\/\/api.w.org\/{rel}","templated":true}]}}