{"id":1969,"date":"2023-02-13T17:17:00","date_gmt":"2023-02-13T17:17:00","guid":{"rendered":"https:\/\/maestrodeceremonias.es\/?page_id=1969"},"modified":"2023-06-11T16:44:40","modified_gmt":"2023-06-11T14:44:40","slug":"presentadora-de-eventos-multilingue-aleman-ingles-frances-espanol-catalan","status":"publish","type":"page","link":"https:\/\/maestrodeceremonias.es\/en\/presentadora-de-eventos-multilingue-aleman-ingles-frances-espanol-catalan\/","title":{"rendered":"Presentadora de Eventos Multiling\u00fce Alem\u00e1n Ingl\u00e9s Franc\u00e9s Espa\u00f1ol Catal\u00e1n"},"content":{"rendered":"<figure class=\"wp-block-image size-large\"><a href=\"https:\/\/maestrodeceremonias.es\/wp-content\/uploads\/2023\/02\/Maestra-de-ceremonias-Monica-Catalan-Ingles-Aleman-Espanol.jpg\"><img loading=\"lazy\" decoding=\"async\" width=\"1024\" height=\"256\" src=\"https:\/\/maestrodeceremonias.es\/wp-content\/uploads\/2023\/02\/Maestra-de-ceremonias-Monica-Catalan-Ingles-Aleman-Espanol-1024x256.jpg\" alt=\"\" class=\"wp-image-1970\" srcset=\"https:\/\/maestrodeceremonias.es\/wp-content\/uploads\/2023\/02\/Maestra-de-ceremonias-Monica-Catalan-Ingles-Aleman-Espanol-1024x256.jpg 1024w, https:\/\/maestrodeceremonias.es\/wp-content\/uploads\/2023\/02\/Maestra-de-ceremonias-Monica-Catalan-Ingles-Aleman-Espanol-300x75.jpg 300w, https:\/\/maestrodeceremonias.es\/wp-content\/uploads\/2023\/02\/Maestra-de-ceremonias-Monica-Catalan-Ingles-Aleman-Espanol-768x192.jpg 768w, https:\/\/maestrodeceremonias.es\/wp-content\/uploads\/2023\/02\/Maestra-de-ceremonias-Monica-Catalan-Ingles-Aleman-Espanol.jpg 1200w\" sizes=\"auto, (max-width: 1024px) 100vw, 1024px\" \/><\/a><\/figure>\n\n\n\n<p>M\u00f3nica is a professional host in many events such as:<\/p>\n\n\n\n<p>Since 2017, hostess and singer for the W\u00dcRTH SPAIN awards in many symbolic places in Barcelona, for people coming all around Spain.<\/p>\n\n\n\n<p>From 2014 till 2018, hostess for the event SING-ALONG Spain.<\/p>\n\n\n\n<p>Hostess for the CAIXA ESCENA tour event, for La Caixa, for several years in many cities around Spain.<\/p>\n\n\n\n<p>Hostess in private events such as anniversarys and weddings in many languages: spanish, english, german, french ans catalan.<\/p>\n\n\n\n<p>Shes got a <strong>BA in Translation and\u00a0Interpretation<\/strong> in Deutsch, English and French. She is also a professional actress, singer anf yoga teacher.<\/p>\n\n\n\n<div class=\"wp-block-columns is-layout-flex wp-container-core-columns-is-layout-1 wp-block-columns-is-layout-flex\">\n<div class=\"wp-block-column is-layout-flow wp-block-column-is-layout-flow\">\n<figure class=\"wp-block-embed is-type-video is-provider-vimeo wp-block-embed-vimeo wp-embed-aspect-16-9 wp-has-aspect-ratio\"><div class=\"wp-block-embed__wrapper\">\n<iframe loading=\"lazy\" src=\"https:\/\/player.vimeo.com\/video\/714170127?dnt=1&amp;app_id=122963\" width=\"1000\" height=\"563\" frameborder=\"0\" allow=\"autoplay; fullscreen; picture-in-picture\" allowfullscreen><\/iframe>\n<\/div><\/figure>\n<\/div>\n\n\n\n<div class=\"wp-block-column is-layout-flow wp-block-column-is-layout-flow\">\n<figure class=\"wp-block-embed is-type-video is-provider-vimeo wp-block-embed-vimeo wp-embed-aspect-16-9 wp-has-aspect-ratio\"><div class=\"wp-block-embed__wrapper\">\n<iframe loading=\"lazy\" title=\"mc M\u00f3nica Catal\u00e1n Actriz cantante.mp4\" src=\"https:\/\/player.vimeo.com\/video\/726818485?dnt=1&amp;app_id=122963\" width=\"1000\" height=\"563\" frameborder=\"0\" allow=\"autoplay; fullscreen; picture-in-picture\" allowfullscreen><\/iframe>\n<\/div><\/figure>\n<\/div>\n<\/div>","protected":false},"excerpt":{"rendered":"<p>M\u00f3nica is a professional host in many events such as: Since 2017, hostess and singer for the W\u00dcRTH SPAIN awards in many symbolic places in Barcelona, for people coming all around Spain. From 2014 till 2018, hostess for the event SING-ALONG Spain. Hostess for the CAIXA ESCENA tour event, for La Caixa, for several years [&hellip;]<\/p>\n","protected":false},"author":1,"featured_media":0,"parent":0,"menu_order":0,"comment_status":"closed","ping_status":"closed","template":"","meta":{"_monsterinsights_skip_tracking":false,"_monsterinsights_sitenote_active":false,"_monsterinsights_sitenote_note":"","_monsterinsights_sitenote_category":0,"_joinchat":[],"footnotes":""},"class_list":["post-1969","page","type-page","status-publish","hentry"],"blocksy_meta":[],"yoast_head":"<!-- This site is optimized with the Yoast SEO plugin v26.8 - https:\/\/yoast.com\/product\/yoast-seo-wordpress\/ -->\n<title>Presentadora de Eventos Multiling\u00fce Alem\u00e1n Ingl\u00e9s Franc\u00e9s Espa\u00f1ol Catal\u00e1n - Maestro de Ceremonias Oficiante de Bodas Civiles y Eventos<\/title>\n<meta name=\"robots\" content=\"index, follow, max-snippet:-1, max-image-preview:large, max-video-preview:-1\" \/>\n<link rel=\"canonical\" href=\"https:\/\/maestrodeceremonias.es\/en\/presentadora-de-eventos-multilingue-aleman-ingles-frances-espanol-catalan\/\" \/>\n<meta property=\"og:locale\" content=\"en_GB\" \/>\n<meta property=\"og:type\" content=\"article\" \/>\n<meta property=\"og:title\" content=\"Presentadora de Eventos Multiling\u00fce Alem\u00e1n Ingl\u00e9s Franc\u00e9s Espa\u00f1ol Catal\u00e1n - Maestro de Ceremonias Oficiante de Bodas Civiles y Eventos\" \/>\n<meta property=\"og:description\" content=\"M\u00f3nica is a professional host in many events such as: Since 2017, hostess and singer for the W\u00dcRTH SPAIN awards in many symbolic places in Barcelona, for people coming all around Spain. From 2014 till 2018, hostess for the event SING-ALONG Spain. Hostess for the CAIXA ESCENA tour event, for La Caixa, for several years [&hellip;]\" \/>\n<meta property=\"og:url\" content=\"https:\/\/maestrodeceremonias.es\/en\/presentadora-de-eventos-multilingue-aleman-ingles-frances-espanol-catalan\/\" \/>\n<meta property=\"og:site_name\" content=\"Maestro de Ceremonias Oficiante de Bodas Civiles y Eventos\" \/>\n<meta property=\"article:publisher\" content=\"https:\/\/www.facebook.com\/Maestrodeceremonias.presentador\" \/>\n<meta property=\"article:modified_time\" content=\"2023-06-11T14:44:40+00:00\" \/>\n<meta property=\"og:image\" content=\"https:\/\/maestrodeceremonias.es\/wp-content\/uploads\/2023\/02\/Maestra-de-ceremonias-Monica-Catalan-Ingles-Aleman-Espanol-1024x256.jpg\" \/>\n<meta name=\"twitter:card\" content=\"summary_large_image\" \/>\n<meta name=\"twitter:site\" content=\"@presentador_mc\" \/>\n<meta name=\"twitter:label1\" content=\"Estimated reading time\" \/>\n\t<meta name=\"twitter:data1\" content=\"1 minute\" \/>\n<script type=\"application\/ld+json\" class=\"yoast-schema-graph\">{\"@context\":\"https:\/\/schema.org\",\"@graph\":[{\"@type\":\"WebPage\",\"@id\":\"https:\/\/maestrodeceremonias.es\/presentadora-de-eventos-multilingue-aleman-ingles-frances-espanol-catalan\/\",\"url\":\"https:\/\/maestrodeceremonias.es\/presentadora-de-eventos-multilingue-aleman-ingles-frances-espanol-catalan\/\",\"name\":\"Presentadora de Eventos Multiling\u00fce Alem\u00e1n Ingl\u00e9s Franc\u00e9s Espa\u00f1ol Catal\u00e1n - Maestro de Ceremonias Oficiante de Bodas Civiles y Eventos\",\"isPartOf\":{\"@id\":\"https:\/\/maestrodeceremonias.es\/#website\"},\"primaryImageOfPage\":{\"@id\":\"https:\/\/maestrodeceremonias.es\/presentadora-de-eventos-multilingue-aleman-ingles-frances-espanol-catalan\/#primaryimage\"},\"image\":{\"@id\":\"https:\/\/maestrodeceremonias.es\/presentadora-de-eventos-multilingue-aleman-ingles-frances-espanol-catalan\/#primaryimage\"},\"thumbnailUrl\":\"https:\/\/maestrodeceremonias.es\/wp-content\/uploads\/2023\/02\/Maestra-de-ceremonias-Monica-Catalan-Ingles-Aleman-Espanol-1024x256.jpg\",\"datePublished\":\"2023-02-13T17:17:00+00:00\",\"dateModified\":\"2023-06-11T14:44:40+00:00\",\"breadcrumb\":{\"@id\":\"https:\/\/maestrodeceremonias.es\/presentadora-de-eventos-multilingue-aleman-ingles-frances-espanol-catalan\/#breadcrumb\"},\"inLanguage\":\"en-GB\",\"potentialAction\":[{\"@type\":\"ReadAction\",\"target\":[\"https:\/\/maestrodeceremonias.es\/presentadora-de-eventos-multilingue-aleman-ingles-frances-espanol-catalan\/\"]}]},{\"@type\":\"ImageObject\",\"inLanguage\":\"en-GB\",\"@id\":\"https:\/\/maestrodeceremonias.es\/presentadora-de-eventos-multilingue-aleman-ingles-frances-espanol-catalan\/#primaryimage\",\"url\":\"https:\/\/maestrodeceremonias.es\/wp-content\/uploads\/2023\/02\/Maestra-de-ceremonias-Monica-Catalan-Ingles-Aleman-Espanol-1024x256.jpg\",\"contentUrl\":\"https:\/\/maestrodeceremonias.es\/wp-content\/uploads\/2023\/02\/Maestra-de-ceremonias-Monica-Catalan-Ingles-Aleman-Espanol-1024x256.jpg\"},{\"@type\":\"BreadcrumbList\",\"@id\":\"https:\/\/maestrodeceremonias.es\/presentadora-de-eventos-multilingue-aleman-ingles-frances-espanol-catalan\/#breadcrumb\",\"itemListElement\":[{\"@type\":\"ListItem\",\"position\":1,\"name\":\"Maestros de ceremonias\",\"item\":\"https:\/\/maestrodeceremonias.es\/\"},{\"@type\":\"ListItem\",\"position\":2,\"name\":\"Presentadora de Eventos Multiling\u00fce Alem\u00e1n Ingl\u00e9s Franc\u00e9s Espa\u00f1ol Catal\u00e1n\"}]},{\"@type\":\"WebSite\",\"@id\":\"https:\/\/maestrodeceremonias.es\/#website\",\"url\":\"https:\/\/maestrodeceremonias.es\/\",\"name\":\"Maestro de Ceremonias Oficiante de Bodas Civiles y Eventos\",\"description\":\"Necesitas contratar Maestros de Ceremonias Oficiantes de Boda  para tu celebraci\u00f3n de boda civil simb\u00f3lica. P\u00eddenos presupuesto. Prestamos servicio en Madrid y en toda Espa\u00f1a. Speakers y Presentadores de eventos profesionales biling\u00fces en todos los idiomas a un precio asequible. Preg\u00fantanos: email: mc@maestrodeceremonias.es Tel\u00e9fono y Whatsapp: 644 597 199\",\"publisher\":{\"@id\":\"https:\/\/maestrodeceremonias.es\/#organization\"},\"potentialAction\":[{\"@type\":\"SearchAction\",\"target\":{\"@type\":\"EntryPoint\",\"urlTemplate\":\"https:\/\/maestrodeceremonias.es\/?s={search_term_string}\"},\"query-input\":{\"@type\":\"PropertyValueSpecification\",\"valueRequired\":true,\"valueName\":\"search_term_string\"}}],\"inLanguage\":\"en-GB\"},{\"@type\":\"Organization\",\"@id\":\"https:\/\/maestrodeceremonias.es\/#organization\",\"name\":\"Maestro de Ceremonias Oficiante de Bodas Civiles y Eventos\",\"url\":\"https:\/\/maestrodeceremonias.es\/\",\"logo\":{\"@type\":\"ImageObject\",\"inLanguage\":\"en-GB\",\"@id\":\"https:\/\/maestrodeceremonias.es\/#\/schema\/logo\/image\/\",\"url\":\"https:\/\/maestrodeceremonias.es\/wp-content\/uploads\/2023\/07\/Maestro-oficiante-de-Boda-Ceremonia-cabecera-web.jpg\",\"contentUrl\":\"https:\/\/maestrodeceremonias.es\/wp-content\/uploads\/2023\/07\/Maestro-oficiante-de-Boda-Ceremonia-cabecera-web.jpg\",\"width\":960,\"height\":250,\"caption\":\"Maestro de Ceremonias Oficiante de Bodas Civiles y Eventos\"},\"image\":{\"@id\":\"https:\/\/maestrodeceremonias.es\/#\/schema\/logo\/image\/\"},\"sameAs\":[\"https:\/\/www.facebook.com\/Maestrodeceremonias.presentador\",\"https:\/\/x.com\/presentador_mc\",\"https:\/\/www.instagram.com\/maestrosdeceremonias\/\"]}]}<\/script>\n<!-- \/ Yoast SEO plugin. -->","yoast_head_json":{"title":"Presentadora de Eventos Multiling\u00fce Alem\u00e1n Ingl\u00e9s Franc\u00e9s Espa\u00f1ol Catal\u00e1n - Maestro de Ceremonias Oficiante de Bodas Civiles y Eventos","robots":{"index":"index","follow":"follow","max-snippet":"max-snippet:-1","max-image-preview":"max-image-preview:large","max-video-preview":"max-video-preview:-1"},"canonical":"https:\/\/maestrodeceremonias.es\/en\/presentadora-de-eventos-multilingue-aleman-ingles-frances-espanol-catalan\/","og_locale":"en_GB","og_type":"article","og_title":"Presentadora de Eventos Multiling\u00fce Alem\u00e1n Ingl\u00e9s Franc\u00e9s Espa\u00f1ol Catal\u00e1n - Maestro de Ceremonias Oficiante de Bodas Civiles y Eventos","og_description":"M\u00f3nica is a professional host in many events such as: Since 2017, hostess and singer for the W\u00dcRTH SPAIN awards in many symbolic places in Barcelona, for people coming all around Spain. From 2014 till 2018, hostess for the event SING-ALONG Spain. Hostess for the CAIXA ESCENA tour event, for La Caixa, for several years [&hellip;]","og_url":"https:\/\/maestrodeceremonias.es\/en\/presentadora-de-eventos-multilingue-aleman-ingles-frances-espanol-catalan\/","og_site_name":"Maestro de Ceremonias Oficiante de Bodas Civiles y Eventos","article_publisher":"https:\/\/www.facebook.com\/Maestrodeceremonias.presentador","article_modified_time":"2023-06-11T14:44:40+00:00","og_image":[{"url":"https:\/\/maestrodeceremonias.es\/wp-content\/uploads\/2023\/02\/Maestra-de-ceremonias-Monica-Catalan-Ingles-Aleman-Espanol-1024x256.jpg","type":"","width":"","height":""}],"twitter_card":"summary_large_image","twitter_site":"@presentador_mc","twitter_misc":{"Estimated reading time":"1 minute"},"schema":{"@context":"https:\/\/schema.org","@graph":[{"@type":"WebPage","@id":"https:\/\/maestrodeceremonias.es\/presentadora-de-eventos-multilingue-aleman-ingles-frances-espanol-catalan\/","url":"https:\/\/maestrodeceremonias.es\/presentadora-de-eventos-multilingue-aleman-ingles-frances-espanol-catalan\/","name":"Presentadora de Eventos Multiling\u00fce Alem\u00e1n Ingl\u00e9s Franc\u00e9s Espa\u00f1ol Catal\u00e1n - Maestro de Ceremonias Oficiante de Bodas Civiles y Eventos","isPartOf":{"@id":"https:\/\/maestrodeceremonias.es\/#website"},"primaryImageOfPage":{"@id":"https:\/\/maestrodeceremonias.es\/presentadora-de-eventos-multilingue-aleman-ingles-frances-espanol-catalan\/#primaryimage"},"image":{"@id":"https:\/\/maestrodeceremonias.es\/presentadora-de-eventos-multilingue-aleman-ingles-frances-espanol-catalan\/#primaryimage"},"thumbnailUrl":"https:\/\/maestrodeceremonias.es\/wp-content\/uploads\/2023\/02\/Maestra-de-ceremonias-Monica-Catalan-Ingles-Aleman-Espanol-1024x256.jpg","datePublished":"2023-02-13T17:17:00+00:00","dateModified":"2023-06-11T14:44:40+00:00","breadcrumb":{"@id":"https:\/\/maestrodeceremonias.es\/presentadora-de-eventos-multilingue-aleman-ingles-frances-espanol-catalan\/#breadcrumb"},"inLanguage":"en-GB","potentialAction":[{"@type":"ReadAction","target":["https:\/\/maestrodeceremonias.es\/presentadora-de-eventos-multilingue-aleman-ingles-frances-espanol-catalan\/"]}]},{"@type":"ImageObject","inLanguage":"en-GB","@id":"https:\/\/maestrodeceremonias.es\/presentadora-de-eventos-multilingue-aleman-ingles-frances-espanol-catalan\/#primaryimage","url":"https:\/\/maestrodeceremonias.es\/wp-content\/uploads\/2023\/02\/Maestra-de-ceremonias-Monica-Catalan-Ingles-Aleman-Espanol-1024x256.jpg","contentUrl":"https:\/\/maestrodeceremonias.es\/wp-content\/uploads\/2023\/02\/Maestra-de-ceremonias-Monica-Catalan-Ingles-Aleman-Espanol-1024x256.jpg"},{"@type":"BreadcrumbList","@id":"https:\/\/maestrodeceremonias.es\/presentadora-de-eventos-multilingue-aleman-ingles-frances-espanol-catalan\/#breadcrumb","itemListElement":[{"@type":"ListItem","position":1,"name":"Maestros de ceremonias","item":"https:\/\/maestrodeceremonias.es\/"},{"@type":"ListItem","position":2,"name":"Presentadora de Eventos Multiling\u00fce Alem\u00e1n Ingl\u00e9s Franc\u00e9s Espa\u00f1ol Catal\u00e1n"}]},{"@type":"WebSite","@id":"https:\/\/maestrodeceremonias.es\/#website","url":"https:\/\/maestrodeceremonias.es\/","name":"Maestro de Ceremonias Oficiante de Bodas Civiles y Eventos","description":"Necesitas contratar Maestros de Ceremonias Oficiantes de Boda  para tu celebraci\u00f3n de boda civil simb\u00f3lica. P\u00eddenos presupuesto. Prestamos servicio en Madrid y en toda Espa\u00f1a. Speakers y Presentadores de eventos profesionales biling\u00fces en todos los idiomas a un precio asequible. Preg\u00fantanos: email: mc@maestrodeceremonias.es Tel\u00e9fono y Whatsapp: 644 597 199","publisher":{"@id":"https:\/\/maestrodeceremonias.es\/#organization"},"potentialAction":[{"@type":"SearchAction","target":{"@type":"EntryPoint","urlTemplate":"https:\/\/maestrodeceremonias.es\/?s={search_term_string}"},"query-input":{"@type":"PropertyValueSpecification","valueRequired":true,"valueName":"search_term_string"}}],"inLanguage":"en-GB"},{"@type":"Organization","@id":"https:\/\/maestrodeceremonias.es\/#organization","name":"Maestro de Ceremonias Oficiante de Bodas Civiles y Eventos","url":"https:\/\/maestrodeceremonias.es\/","logo":{"@type":"ImageObject","inLanguage":"en-GB","@id":"https:\/\/maestrodeceremonias.es\/#\/schema\/logo\/image\/","url":"https:\/\/maestrodeceremonias.es\/wp-content\/uploads\/2023\/07\/Maestro-oficiante-de-Boda-Ceremonia-cabecera-web.jpg","contentUrl":"https:\/\/maestrodeceremonias.es\/wp-content\/uploads\/2023\/07\/Maestro-oficiante-de-Boda-Ceremonia-cabecera-web.jpg","width":960,"height":250,"caption":"Maestro de Ceremonias Oficiante de Bodas Civiles y Eventos"},"image":{"@id":"https:\/\/maestrodeceremonias.es\/#\/schema\/logo\/image\/"},"sameAs":["https:\/\/www.facebook.com\/Maestrodeceremonias.presentador","https:\/\/x.com\/presentador_mc","https:\/\/www.instagram.com\/maestrosdeceremonias\/"]}]}},"_links":{"self":[{"href":"https:\/\/maestrodeceremonias.es\/en\/wp-json\/wp\/v2\/pages\/1969","targetHints":{"allow":["GET"]}}],"collection":[{"href":"https:\/\/maestrodeceremonias.es\/en\/wp-json\/wp\/v2\/pages"}],"about":[{"href":"https:\/\/maestrodeceremonias.es\/en\/wp-json\/wp\/v2\/types\/page"}],"author":[{"embeddable":true,"href":"https:\/\/maestrodeceremonias.es\/en\/wp-json\/wp\/v2\/users\/1"}],"replies":[{"embeddable":true,"href":"https:\/\/maestrodeceremonias.es\/en\/wp-json\/wp\/v2\/comments?post=1969"}],"version-history":[{"count":0,"href":"https:\/\/maestrodeceremonias.es\/en\/wp-json\/wp\/v2\/pages\/1969\/revisions"}],"wp:attachment":[{"href":"https:\/\/maestrodeceremonias.es\/en\/wp-json\/wp\/v2\/media?parent=1969"}],"curies":[{"name":"wp","href":"https:\/\/api.w.org\/{rel}","templated":true}]}}