{"id":1991,"date":"2023-03-07T18:54:52","date_gmt":"2023-03-07T18:54:52","guid":{"rendered":"https:\/\/maestrodeceremonias.es\/?page_id=1991"},"modified":"2023-03-07T18:54:52","modified_gmt":"2023-03-07T18:54:52","slug":"oficiante-de-boda","status":"publish","type":"page","link":"https:\/\/maestrodeceremonias.es\/en\/oficiante-de-boda\/","title":{"rendered":"Oficiante de boda"},"content":{"rendered":"<p>Si hab\u00e9is decidido celebrar vuestra boda civil con una ceremonia simb\u00f3lica llega el momento de elegir al<strong> oficiante de boda <\/strong>tambi\u00e9n llamado <strong>maestro de ceremonias<\/strong> o ceremoniante.<\/p>\n\n\n\n<figure class=\"wp-block-image size-large\"><a href=\"https:\/\/maestrodeceremonias.es\/wp-content\/uploads\/2023\/03\/Friso-Maestro-Oficiante-de-Ceremonias-Bodas-2023.jpg\"><img loading=\"lazy\" decoding=\"async\" width=\"1024\" height=\"256\" src=\"https:\/\/maestrodeceremonias.es\/wp-content\/uploads\/2023\/03\/Friso-Maestro-Oficiante-de-Ceremonias-Bodas-2023-1024x256.jpg\" alt=\"Oficiante de Boda\" class=\"wp-image-1990\" srcset=\"https:\/\/maestrodeceremonias.es\/wp-content\/uploads\/2023\/03\/Friso-Maestro-Oficiante-de-Ceremonias-Bodas-2023-1024x256.jpg 1024w, https:\/\/maestrodeceremonias.es\/wp-content\/uploads\/2023\/03\/Friso-Maestro-Oficiante-de-Ceremonias-Bodas-2023-300x75.jpg 300w, https:\/\/maestrodeceremonias.es\/wp-content\/uploads\/2023\/03\/Friso-Maestro-Oficiante-de-Ceremonias-Bodas-2023-768x192.jpg 768w, https:\/\/maestrodeceremonias.es\/wp-content\/uploads\/2023\/03\/Friso-Maestro-Oficiante-de-Ceremonias-Bodas-2023.jpg 1200w\" sizes=\"auto, (max-width: 1024px) 100vw, 1024px\" \/><\/a><\/figure>\n\n\n\n<h2 class=\"wp-block-heading\"> \u00bfQu\u00e9 hace el oficiante de boda?  <\/h2>\n\n\n\n<p>La funci\u00f3n del oficial de boda es conducir la ceremonia de principio a fin con \u00e9xito siguiendo el guion que habr\u00e1 creado junto con los novios personaliz\u00e1ndolo al gusto de estos.<\/p>\n\n\n\n<h2 class=\"wp-block-heading\"> \u00bfQui\u00e9n puede ser oficiante de boda? <\/h2>\n\n\n\n<p>Al tratarse de ceremonias de boda simb\u00f3licas, es decir que no tienen validez legal puesto que para tenerla tendr\u00edan que realizarse o en el Ayuntamiento o en el Registro Civil o ante notario, cualquier persona puede hacerlo. Pero el recurrir a un Maestro de Ceremonias de boda profesional, nos asegura el \u00e9xito del evento, y al ser un d\u00eda tan importante y en el que hemos invertido tanta ilusi\u00f3n tiempo y dinero merecer\u00e1 la pena asegurarse el \u00e9xito y que todo salga como se ha planeado.<\/p>\n\n\n\n<h2 class=\"wp-block-heading\"> \u00bfUn amigo o familiar como Ceremoniante de boda? <\/h2>\n\n\n\n<p>Casi todos tenemos un amigo, a un familiar, un conocido al que se le da bien hablar en p\u00fablico, contar chistes y es el alma de las fiestas.<br>Pero no es lo mismo una reuni\u00f3n entre amigos en o un cumplea\u00f1os que una ceremonia debo de civil al que acuden m\u00e1s de 30 personas, en ocasiones m\u00e1s de 300, y hay que coordinarse con los dem\u00e1s profesionales, sonido, dj, m\u00fasicos \u2026 en este caso en la mayor\u00eda de las ocasiones si no es un profesional le entrar\u00e1n en los nervios y se cometen gran fallos que marcar\u00e1n el resultado de un d\u00eda tan especial.<\/p>\n\n\n\n<h2 class=\"wp-block-heading\"> \u00bf Se puede contratar un oficial de boda biling\u00fce? <\/h2>\n\n\n\n<p>Cuando los asistentes de la boda ya sean familiares o amigos hablan en diferentes lenguas por proceder de diferentes pa\u00edses, lo ideal es contratar un oficial de boda que sea biling\u00fce en ambos idiomas. As\u00ed lograremos que todos los asistentes se sientan part\u00edcipes de la ceremonia y nuestros invitados se sentir\u00e1n agasajados pues hemos tenido la atenci\u00f3n de que se les hable en su propia lengua.<\/p>\n\n\n\n<h2 class=\"wp-block-heading\"> \u00bfCu\u00e1nto cuesta un oficiante de boda? <\/h2>\n\n\n\n<p>El presupuesto que se dedica al oficiante var\u00eda en funci\u00f3n de la localizaci\u00f3n de la ceremonia y la distancia a las capitales donde los oficiantes de bodas residen.<br>Tambi\u00e9n influir\u00e1 si contratamos a una empresa que cumpla con la legislaci\u00f3n vigente pagu\u00e9 sus impuestos y su Seguro Sociales, haciendo esto evitaremos sorpresas por inspecciones que puedan estropear nuestro d\u00eda de la ceremonia de boda. <\/p>\n\n\n\n<p>El incluir varios idiomas tambi\u00e9n har\u00e1 que el presupuesto del oficiante de boda se incremente. Hemos de considerar todo esto y tambi\u00e9n valorar que al contratar un <strong>oficiante de boda <\/strong>profesional con experiencia nos aseguraremos que de los momentos m\u00e1s importantes del d\u00eda sea un \u00e9xito, un momento muy importante y \u00fanico pues ser\u00e1 durante el cual todos los asistentes de la ceremonia y los novios tengan centrada la atenci\u00f3n en un mismo foco. <\/p>\n\n\n\n<p>Por lo tanto para hacernos una idea multipliquemos por por tres el precio del cubierto medio de un invitado y ese ser\u00e1 un presupuesto l\u00f3gico para este momento tan importante. Esto ser\u00eda unos 300\u20ac para un <a href=\"https:\/\/maestrodeceremonias.es\/en\/\">Maestro de ceremonias<\/a> en una capital de provincia. Si es en un pueblo hemos de sumarle tiempo de desplazamiento y coste de combustible.<\/p>\n\n\n\n<h2 class=\"wp-block-heading\">\u00bfD\u00f3nde puedo contratar un oficiante de boda profesional?<\/h2>\n\n\n\n<p>Hemos celebrado en las fincas de&nbsp; \u00c1lava y como Oficiante de boda biling\u00fce en los salones de banquetes Albacete,&nbsp;tambi\u00e9n tenemos celebrantes de boda civil en Alicante.&nbsp;&nbsp;&nbsp;&nbsp;&nbsp;&nbsp; <\/p>\n\n\n\n<p>We have celebrated as Oficiante de ceremonia de oro en la provincia de Almer\u00eda and Maestro de Ceremonias de Bodas de Plata en Asturias, also Wedding Officiant en la provincia \u00c1vila and too Oficiante de Bautizo civil en la zona Badajoz.&nbsp;&nbsp;&nbsp;&nbsp;&nbsp;&nbsp;&nbsp;&nbsp;<\/p>\n\n\n\n<p>Si busc\u00e1is un Oficiante de funeral en la ciudad Baleares o un Oficiante de evento social en el territorio Barcelona, o tambi\u00e9n un Oficial de ceremonia de Boda por todo Burgos. Ofrecemos Maestro de Ceremonias biling\u00fce de boda en los pueblos de C\u00e1ceres y Oficiante profesional en los hoteles de&nbsp; C\u00e1diz, tambi\u00e9n&nbsp; Oficiante divertido en las fincas de&nbsp; Cantabria adem\u00e1s de&nbsp; Oficiante original en los salones de banquetes Castell\u00f3n y Oficiante con humor en Ceuta u Oficial de Boda en la provincia de Ciudad Real. Pedidnos presupuesto para Ceremoniante en C\u00f3rdoba, o para Ceremoniante de boda en la provincia Coru\u00f1a, La tambi\u00e9n para Oficiante de boda biling\u00fce en la zona Cuenca, u Oficiante de boda civil en la ciudad Gerona.<\/p>\n\n\n\n<p>Si dese\u00e1is<strong> Oficiante de Bodas <\/strong>de oro en el territorio Granada o un Oficial de Bodas de Plata por todo Guadalajara o&nbsp; Wedding Officiant en los pueblos de Guip\u00fazcoa tambi\u00e9n ofrecemos servicio de&nbsp; Oficiante de Bautizo civil en los hoteles de&nbsp; Huelva y para Oficiante de funeral en las fincas de&nbsp;Huesca o una Oficiante de evento social en los salones de banquetes Ja\u00e9n o si quieren&nbsp; Oficiador de ceremonia de Boda en Le\u00f3n Est\u00e1is buscando&nbsp; Oficiante biling\u00fce de boda en la provincia de L\u00e9rida&nbsp;&nbsp;o Presentador profesional en Lugo.<\/p>\n\n\n\n<p>Necesit\u00e1is un Oficiante divertido en la provincia Madrid y Oficiante original en la zona M\u00e1laga tambi\u00e9n&nbsp; Oficiante con humor en la ciudad Melilla adem\u00e1s de&nbsp;Oficial de Boda en el territorio Murcia, y&nbsp; Ceremoniante por todo Navarra o&nbsp; Ceremoniante de boda en los pueblos de Orense.<\/p>\n\n\n\n<p>Hemos celebrado como <strong>Oficiante biling\u00fce<\/strong> en los hoteles de Palencia y Oficiante de boda civil en las fincas de Las Palmas tambi\u00e9n Maestro de ceremonias de bodas de oro en los salones de banquetes Pontevedra.&nbsp;&nbsp;&nbsp;&nbsp;&nbsp;&nbsp;&nbsp;&nbsp;<\/p>\n\n\n\n<p>We have celebrate as Oficial de Bodas de Plata en la Rioja and Wedding Officiant en la provincia de Salamanca&nbsp; also Oficial de Bautizo civil en S.C. de Tenerife and too Oficiante de funeral en la provincia Segovia. Si busc\u00e1is&nbsp; Oficiante de evento social en la zona Sevilla o Celebrante de ceremonia de Boda en la ciudad Soria o tambi\u00e9n&nbsp; Oficiante biling\u00fce de boda en el territorio Tarragona.<\/p>\n\n\n\n<p>Ofrecemos Oficial profesional por todo Teruel y Oficiante divertido en los pueblos de Toledo tambi\u00e9n&nbsp; Oficiante original en los hoteles de&nbsp; Valencia, adem\u00e1s de&nbsp;Oficiante con humor en las fincas de&nbsp; Valladolid y&nbsp; Oficial de Boda en los salones de banquetes Vizcaya o&nbsp; Ceremoniante en Zamora o Ceremoniante de boda en la provincia de Zaragoza.<\/p>","protected":false},"excerpt":{"rendered":"<p>Si hab\u00e9is decidido celebrar vuestra boda civil con una ceremonia simb\u00f3lica llega el momento de elegir al oficiante de boda tambi\u00e9n llamado maestro de ceremonias o ceremoniante. \u00bfQu\u00e9 hace el oficiante de boda? La funci\u00f3n del oficial de boda es conducir la ceremonia de principio a fin con \u00e9xito siguiendo el guion que habr\u00e1 creado [&hellip;]<\/p>\n","protected":false},"author":1,"featured_media":0,"parent":0,"menu_order":0,"comment_status":"closed","ping_status":"closed","template":"","meta":{"_monsterinsights_skip_tracking":false,"_monsterinsights_sitenote_active":false,"_monsterinsights_sitenote_note":"","_monsterinsights_sitenote_category":0,"_joinchat":[],"footnotes":""},"class_list":["post-1991","page","type-page","status-publish","hentry"],"blocksy_meta":[],"yoast_head":"<!-- This site is optimized with the Yoast SEO plugin v26.8 - https:\/\/yoast.com\/product\/yoast-seo-wordpress\/ -->\n<title>Oficiante de boda<\/title>\n<meta name=\"description\" content=\"Oficiante de boda Maestro de Ceremonias Oficiante de Bodas Eventos Speaker Biling\u00fces en toda Espa\u00f1a en todos los idiomas\" \/>\n<meta name=\"robots\" content=\"index, follow, max-snippet:-1, max-image-preview:large, max-video-preview:-1\" \/>\n<link rel=\"canonical\" href=\"https:\/\/maestrodeceremonias.es\/en\/oficiante-de-boda\/\" \/>\n<meta property=\"og:locale\" content=\"en_GB\" \/>\n<meta property=\"og:type\" content=\"article\" \/>\n<meta property=\"og:title\" content=\"Oficiante de boda\" \/>\n<meta property=\"og:description\" content=\"Oficiante de boda Maestro de Ceremonias Oficiante de Bodas Eventos Speaker Biling\u00fces en toda Espa\u00f1a en todos los idiomas\" \/>\n<meta property=\"og:url\" content=\"https:\/\/maestrodeceremonias.es\/en\/oficiante-de-boda\/\" \/>\n<meta property=\"og:site_name\" content=\"Maestro de Ceremonias Oficiante de Bodas Civiles y Eventos\" \/>\n<meta property=\"article:publisher\" content=\"https:\/\/www.facebook.com\/Maestrodeceremonias.presentador\" \/>\n<meta property=\"og:image\" content=\"https:\/\/maestrodeceremonias.es\/wp-content\/uploads\/2023\/03\/Friso-Maestro-Oficiante-de-Ceremonias-Bodas-2023-1024x256.jpg\" \/>\n<meta name=\"twitter:card\" content=\"summary_large_image\" \/>\n<meta name=\"twitter:site\" content=\"@presentador_mc\" \/>\n<meta name=\"twitter:label1\" content=\"Estimated reading time\" \/>\n\t<meta name=\"twitter:data1\" content=\"5 minutes\" \/>\n<script type=\"application\/ld+json\" class=\"yoast-schema-graph\">{\"@context\":\"https:\/\/schema.org\",\"@graph\":[{\"@type\":\"WebPage\",\"@id\":\"https:\/\/maestrodeceremonias.es\/oficiante-de-boda\/\",\"url\":\"https:\/\/maestrodeceremonias.es\/oficiante-de-boda\/\",\"name\":\"Oficiante de boda\",\"isPartOf\":{\"@id\":\"https:\/\/maestrodeceremonias.es\/#website\"},\"primaryImageOfPage\":{\"@id\":\"https:\/\/maestrodeceremonias.es\/oficiante-de-boda\/#primaryimage\"},\"image\":{\"@id\":\"https:\/\/maestrodeceremonias.es\/oficiante-de-boda\/#primaryimage\"},\"thumbnailUrl\":\"https:\/\/maestrodeceremonias.es\/wp-content\/uploads\/2023\/03\/Friso-Maestro-Oficiante-de-Ceremonias-Bodas-2023-1024x256.jpg\",\"datePublished\":\"2023-03-07T18:54:52+00:00\",\"description\":\"Oficiante de boda Maestro de Ceremonias Oficiante de Bodas Eventos Speaker Biling\u00fces en toda Espa\u00f1a en todos los idiomas\",\"breadcrumb\":{\"@id\":\"https:\/\/maestrodeceremonias.es\/oficiante-de-boda\/#breadcrumb\"},\"inLanguage\":\"en-GB\",\"potentialAction\":[{\"@type\":\"ReadAction\",\"target\":[\"https:\/\/maestrodeceremonias.es\/oficiante-de-boda\/\"]}]},{\"@type\":\"ImageObject\",\"inLanguage\":\"en-GB\",\"@id\":\"https:\/\/maestrodeceremonias.es\/oficiante-de-boda\/#primaryimage\",\"url\":\"https:\/\/maestrodeceremonias.es\/wp-content\/uploads\/2023\/03\/Friso-Maestro-Oficiante-de-Ceremonias-Bodas-2023-1024x256.jpg\",\"contentUrl\":\"https:\/\/maestrodeceremonias.es\/wp-content\/uploads\/2023\/03\/Friso-Maestro-Oficiante-de-Ceremonias-Bodas-2023-1024x256.jpg\"},{\"@type\":\"BreadcrumbList\",\"@id\":\"https:\/\/maestrodeceremonias.es\/oficiante-de-boda\/#breadcrumb\",\"itemListElement\":[{\"@type\":\"ListItem\",\"position\":1,\"name\":\"Maestros de ceremonias\",\"item\":\"https:\/\/maestrodeceremonias.es\/\"},{\"@type\":\"ListItem\",\"position\":2,\"name\":\"Oficiante de boda\"}]},{\"@type\":\"WebSite\",\"@id\":\"https:\/\/maestrodeceremonias.es\/#website\",\"url\":\"https:\/\/maestrodeceremonias.es\/\",\"name\":\"Maestro de Ceremonias Oficiante de Bodas Civiles y Eventos\",\"description\":\"Necesitas contratar Maestros de Ceremonias Oficiantes de Boda  para tu celebraci\u00f3n de boda civil simb\u00f3lica. P\u00eddenos presupuesto. Prestamos servicio en Madrid y en toda Espa\u00f1a. Speakers y Presentadores de eventos profesionales biling\u00fces en todos los idiomas a un precio asequible. Preg\u00fantanos: email: mc@maestrodeceremonias.es Tel\u00e9fono y Whatsapp: 644 597 199\",\"publisher\":{\"@id\":\"https:\/\/maestrodeceremonias.es\/#organization\"},\"potentialAction\":[{\"@type\":\"SearchAction\",\"target\":{\"@type\":\"EntryPoint\",\"urlTemplate\":\"https:\/\/maestrodeceremonias.es\/?s={search_term_string}\"},\"query-input\":{\"@type\":\"PropertyValueSpecification\",\"valueRequired\":true,\"valueName\":\"search_term_string\"}}],\"inLanguage\":\"en-GB\"},{\"@type\":\"Organization\",\"@id\":\"https:\/\/maestrodeceremonias.es\/#organization\",\"name\":\"Maestro de Ceremonias Oficiante de Bodas Civiles y Eventos\",\"url\":\"https:\/\/maestrodeceremonias.es\/\",\"logo\":{\"@type\":\"ImageObject\",\"inLanguage\":\"en-GB\",\"@id\":\"https:\/\/maestrodeceremonias.es\/#\/schema\/logo\/image\/\",\"url\":\"https:\/\/maestrodeceremonias.es\/wp-content\/uploads\/2023\/07\/Maestro-oficiante-de-Boda-Ceremonia-cabecera-web.jpg\",\"contentUrl\":\"https:\/\/maestrodeceremonias.es\/wp-content\/uploads\/2023\/07\/Maestro-oficiante-de-Boda-Ceremonia-cabecera-web.jpg\",\"width\":960,\"height\":250,\"caption\":\"Maestro de Ceremonias Oficiante de Bodas Civiles y Eventos\"},\"image\":{\"@id\":\"https:\/\/maestrodeceremonias.es\/#\/schema\/logo\/image\/\"},\"sameAs\":[\"https:\/\/www.facebook.com\/Maestrodeceremonias.presentador\",\"https:\/\/x.com\/presentador_mc\",\"https:\/\/www.instagram.com\/maestrosdeceremonias\/\"]}]}<\/script>\n<!-- \/ Yoast SEO plugin. -->","yoast_head_json":{"title":"Oficiante de boda","description":"Oficiante de boda Maestro de Ceremonias Oficiante de Bodas Eventos Speaker Biling\u00fces en toda Espa\u00f1a en todos los idiomas","robots":{"index":"index","follow":"follow","max-snippet":"max-snippet:-1","max-image-preview":"max-image-preview:large","max-video-preview":"max-video-preview:-1"},"canonical":"https:\/\/maestrodeceremonias.es\/en\/oficiante-de-boda\/","og_locale":"en_GB","og_type":"article","og_title":"Oficiante de boda","og_description":"Oficiante de boda Maestro de Ceremonias Oficiante de Bodas Eventos Speaker Biling\u00fces en toda Espa\u00f1a en todos los idiomas","og_url":"https:\/\/maestrodeceremonias.es\/en\/oficiante-de-boda\/","og_site_name":"Maestro de Ceremonias Oficiante de Bodas Civiles y Eventos","article_publisher":"https:\/\/www.facebook.com\/Maestrodeceremonias.presentador","og_image":[{"url":"https:\/\/maestrodeceremonias.es\/wp-content\/uploads\/2023\/03\/Friso-Maestro-Oficiante-de-Ceremonias-Bodas-2023-1024x256.jpg","type":"","width":"","height":""}],"twitter_card":"summary_large_image","twitter_site":"@presentador_mc","twitter_misc":{"Estimated reading time":"5 minutes"},"schema":{"@context":"https:\/\/schema.org","@graph":[{"@type":"WebPage","@id":"https:\/\/maestrodeceremonias.es\/oficiante-de-boda\/","url":"https:\/\/maestrodeceremonias.es\/oficiante-de-boda\/","name":"Oficiante de boda","isPartOf":{"@id":"https:\/\/maestrodeceremonias.es\/#website"},"primaryImageOfPage":{"@id":"https:\/\/maestrodeceremonias.es\/oficiante-de-boda\/#primaryimage"},"image":{"@id":"https:\/\/maestrodeceremonias.es\/oficiante-de-boda\/#primaryimage"},"thumbnailUrl":"https:\/\/maestrodeceremonias.es\/wp-content\/uploads\/2023\/03\/Friso-Maestro-Oficiante-de-Ceremonias-Bodas-2023-1024x256.jpg","datePublished":"2023-03-07T18:54:52+00:00","description":"Oficiante de boda Maestro de Ceremonias Oficiante de Bodas Eventos Speaker Biling\u00fces en toda Espa\u00f1a en todos los idiomas","breadcrumb":{"@id":"https:\/\/maestrodeceremonias.es\/oficiante-de-boda\/#breadcrumb"},"inLanguage":"en-GB","potentialAction":[{"@type":"ReadAction","target":["https:\/\/maestrodeceremonias.es\/oficiante-de-boda\/"]}]},{"@type":"ImageObject","inLanguage":"en-GB","@id":"https:\/\/maestrodeceremonias.es\/oficiante-de-boda\/#primaryimage","url":"https:\/\/maestrodeceremonias.es\/wp-content\/uploads\/2023\/03\/Friso-Maestro-Oficiante-de-Ceremonias-Bodas-2023-1024x256.jpg","contentUrl":"https:\/\/maestrodeceremonias.es\/wp-content\/uploads\/2023\/03\/Friso-Maestro-Oficiante-de-Ceremonias-Bodas-2023-1024x256.jpg"},{"@type":"BreadcrumbList","@id":"https:\/\/maestrodeceremonias.es\/oficiante-de-boda\/#breadcrumb","itemListElement":[{"@type":"ListItem","position":1,"name":"Maestros de ceremonias","item":"https:\/\/maestrodeceremonias.es\/"},{"@type":"ListItem","position":2,"name":"Oficiante de boda"}]},{"@type":"WebSite","@id":"https:\/\/maestrodeceremonias.es\/#website","url":"https:\/\/maestrodeceremonias.es\/","name":"Maestro de Ceremonias Oficiante de Bodas Civiles y Eventos","description":"Necesitas contratar Maestros de Ceremonias Oficiantes de Boda  para tu celebraci\u00f3n de boda civil simb\u00f3lica. P\u00eddenos presupuesto. Prestamos servicio en Madrid y en toda Espa\u00f1a. Speakers y Presentadores de eventos profesionales biling\u00fces en todos los idiomas a un precio asequible. Preg\u00fantanos: email: mc@maestrodeceremonias.es Tel\u00e9fono y Whatsapp: 644 597 199","publisher":{"@id":"https:\/\/maestrodeceremonias.es\/#organization"},"potentialAction":[{"@type":"SearchAction","target":{"@type":"EntryPoint","urlTemplate":"https:\/\/maestrodeceremonias.es\/?s={search_term_string}"},"query-input":{"@type":"PropertyValueSpecification","valueRequired":true,"valueName":"search_term_string"}}],"inLanguage":"en-GB"},{"@type":"Organization","@id":"https:\/\/maestrodeceremonias.es\/#organization","name":"Maestro de Ceremonias Oficiante de Bodas Civiles y Eventos","url":"https:\/\/maestrodeceremonias.es\/","logo":{"@type":"ImageObject","inLanguage":"en-GB","@id":"https:\/\/maestrodeceremonias.es\/#\/schema\/logo\/image\/","url":"https:\/\/maestrodeceremonias.es\/wp-content\/uploads\/2023\/07\/Maestro-oficiante-de-Boda-Ceremonia-cabecera-web.jpg","contentUrl":"https:\/\/maestrodeceremonias.es\/wp-content\/uploads\/2023\/07\/Maestro-oficiante-de-Boda-Ceremonia-cabecera-web.jpg","width":960,"height":250,"caption":"Maestro de Ceremonias Oficiante de Bodas Civiles y Eventos"},"image":{"@id":"https:\/\/maestrodeceremonias.es\/#\/schema\/logo\/image\/"},"sameAs":["https:\/\/www.facebook.com\/Maestrodeceremonias.presentador","https:\/\/x.com\/presentador_mc","https:\/\/www.instagram.com\/maestrosdeceremonias\/"]}]}},"_links":{"self":[{"href":"https:\/\/maestrodeceremonias.es\/en\/wp-json\/wp\/v2\/pages\/1991","targetHints":{"allow":["GET"]}}],"collection":[{"href":"https:\/\/maestrodeceremonias.es\/en\/wp-json\/wp\/v2\/pages"}],"about":[{"href":"https:\/\/maestrodeceremonias.es\/en\/wp-json\/wp\/v2\/types\/page"}],"author":[{"embeddable":true,"href":"https:\/\/maestrodeceremonias.es\/en\/wp-json\/wp\/v2\/users\/1"}],"replies":[{"embeddable":true,"href":"https:\/\/maestrodeceremonias.es\/en\/wp-json\/wp\/v2\/comments?post=1991"}],"version-history":[{"count":0,"href":"https:\/\/maestrodeceremonias.es\/en\/wp-json\/wp\/v2\/pages\/1991\/revisions"}],"wp:attachment":[{"href":"https:\/\/maestrodeceremonias.es\/en\/wp-json\/wp\/v2\/media?parent=1991"}],"curies":[{"name":"wp","href":"https:\/\/api.w.org\/{rel}","templated":true}]}}