{"id":218,"date":"2016-02-20T18:55:41","date_gmt":"2016-02-20T18:55:41","guid":{"rendered":"http:\/\/maestrodeceremonias.es\/?page_id=218"},"modified":"2023-06-11T05:54:29","modified_gmt":"2023-06-11T03:54:29","slug":"adios-215-maestros-ceremonias-bilingues-toda-espana-www-presentadordeeventos-com","status":"publish","type":"page","link":"https:\/\/maestrodeceremonias.es\/en\/adios-215-maestros-ceremonias-bilingues-toda-espana-www-presentadordeeventos-com\/","title":{"rendered":"Adios 215 &#8211; Maestros de Ceremonias Biling\u00fces en toda Espa\u00f1a www.presentadordeeventos.com"},"content":{"rendered":"<p>\u00bfPrefieres ver este correo en tu navegador?\u00a0<a href=\"http:\/\/maestrodeceremonias.mailrelay-ii.com\/campaign\/114874\/38.html?t=5759494859050f56504904510155006409525354505d06095a5c06545750085259471f5e030652511756\">Si,gracias<\/a>. \u00bfNo deseas recibir m\u00e1s informaci\u00f3n?\u00a0<a href=\"http:\/\/maestrodeceremonias.mailrelay-ii.com\/ccm\/unsubscribe\/index\/email\/--0902331409544415161c530107084336050e585f501a1f554a0257055755075c02434b5b02535856410451050806605156550f555053010b0e56?c=5759\">desuscr\u00edbete al instante<\/a>.<\/p>\n\n\n\n<p><strong><em>Diciembre 2015<\/em><\/strong><\/p>\n\n\n\n<p>Buenos D\u00edas!<br>Os deseamos un estupendo cierre de a\u00f1o profesional.<br>Queremos recordaros que estamos all\u00ed d\u00f3nde y cu\u00e1ndo nos necesit\u00e9is, incluso con esos buenos clientes a los que les surge la necesidad a \u00faltima hora.<br>Os recordamos que siempre pod\u00e9is contar con nosotros si necesit\u00e1is&nbsp;<a href=\"http:\/\/maestrodeceremonias.mailrelay-ii.com\/newslink\/114874\/7.html\">Maestros de Ceremonias<\/a>&nbsp;y&nbsp;<a href=\"http:\/\/maestrodeceremonias.mailrelay-ii.com\/newslink\/114874\/40.html\">Presentadores de Eventos<\/a>&nbsp;Biling\u00fces en toda Espa\u00f1a.<br>Los Mejores profesionales a precios asequibles a tu disposici\u00f3n.<\/p>\n\n\n\n<p>Un saludo<br><a href=\"http:\/\/maestrodeceremonias.mailrelay-ii.com\/newslink\/114874\/41.html\">Guillermo Casta\u00f1ares<\/a><br><a href=\"http:\/\/maestrodeceremonias.mailrelay-ii.com\/newslink\/114874\/49.html\">www.presentadordeeventos.com<\/a><br><a href=\"http:\/\/maestrodeceremonias.mailrelay-ii.com\/newslink\/114874\/9.html\">www.maestrodeceremonias.es<\/a><br>Tel: 644 597 199<br><a href=\"http:\/\/maestrodeceremonias.mailrelay-ii.com\/newslink\/114874\/21.html\"><strong>Mas informaci\u00f3n &gt;&gt;<\/strong><\/a><\/p>","protected":false},"excerpt":{"rendered":"<p>\u00bfPrefieres ver este correo en tu navegador?\u00a0Si,gracias. \u00bfNo deseas recibir m\u00e1s informaci\u00f3n?\u00a0desuscr\u00edbete al instante. Diciembre 2015 Buenos D\u00edas!Os deseamos un estupendo cierre de a\u00f1o profesional.Queremos recordaros que estamos all\u00ed d\u00f3nde y cu\u00e1ndo nos necesit\u00e9is, incluso con esos buenos clientes a los que les surge la necesidad a \u00faltima hora.Os recordamos que siempre pod\u00e9is contar con [&hellip;]<\/p>\n","protected":false},"author":1,"featured_media":0,"parent":0,"menu_order":0,"comment_status":"closed","ping_status":"closed","template":"","meta":{"_monsterinsights_skip_tracking":false,"_monsterinsights_sitenote_active":false,"_monsterinsights_sitenote_note":"","_monsterinsights_sitenote_category":0,"_joinchat":[],"footnotes":""},"class_list":["post-218","page","type-page","status-publish","hentry"],"blocksy_meta":[],"yoast_head":"<!-- This site is optimized with the Yoast SEO plugin v26.8 - https:\/\/yoast.com\/product\/yoast-seo-wordpress\/ -->\n<title>Adios 215 - Maestros de Ceremonias Biling\u00fces en toda Espa\u00f1a www.presentadordeeventos.com - Maestro de Ceremonias Oficiante de Bodas Civiles y Eventos<\/title>\n<meta name=\"robots\" content=\"index, follow, max-snippet:-1, max-image-preview:large, max-video-preview:-1\" \/>\n<link rel=\"canonical\" href=\"https:\/\/maestrodeceremonias.es\/en\/adios-215-maestros-ceremonias-bilingues-toda-espana-www-presentadordeeventos-com\/\" \/>\n<meta property=\"og:locale\" content=\"en_GB\" \/>\n<meta property=\"og:type\" content=\"article\" \/>\n<meta property=\"og:title\" content=\"Adios 215 - Maestros de Ceremonias Biling\u00fces en toda Espa\u00f1a www.presentadordeeventos.com - Maestro de Ceremonias Oficiante de Bodas Civiles y Eventos\" \/>\n<meta property=\"og:description\" content=\"\u00bfPrefieres ver este correo en tu navegador?\u00a0Si,gracias. \u00bfNo deseas recibir m\u00e1s informaci\u00f3n?\u00a0desuscr\u00edbete al instante. Diciembre 2015 Buenos D\u00edas!Os deseamos un estupendo cierre de a\u00f1o profesional.Queremos recordaros que estamos all\u00ed d\u00f3nde y cu\u00e1ndo nos necesit\u00e9is, incluso con esos buenos clientes a los que les surge la necesidad a \u00faltima hora.Os recordamos que siempre pod\u00e9is contar con [&hellip;]\" \/>\n<meta property=\"og:url\" content=\"https:\/\/maestrodeceremonias.es\/en\/adios-215-maestros-ceremonias-bilingues-toda-espana-www-presentadordeeventos-com\/\" \/>\n<meta property=\"og:site_name\" content=\"Maestro de Ceremonias Oficiante de Bodas Civiles y Eventos\" \/>\n<meta property=\"article:publisher\" content=\"https:\/\/www.facebook.com\/Maestrodeceremonias.presentador\" \/>\n<meta property=\"article:modified_time\" content=\"2023-06-11T03:54:29+00:00\" \/>\n<meta name=\"twitter:card\" content=\"summary_large_image\" \/>\n<meta name=\"twitter:site\" content=\"@presentador_mc\" \/>\n<meta name=\"twitter:label1\" content=\"Estimated reading time\" \/>\n\t<meta name=\"twitter:data1\" content=\"1 minute\" \/>\n<script type=\"application\/ld+json\" class=\"yoast-schema-graph\">{\"@context\":\"https:\/\/schema.org\",\"@graph\":[{\"@type\":\"WebPage\",\"@id\":\"https:\/\/maestrodeceremonias.es\/adios-215-maestros-ceremonias-bilingues-toda-espana-www-presentadordeeventos-com\/\",\"url\":\"https:\/\/maestrodeceremonias.es\/adios-215-maestros-ceremonias-bilingues-toda-espana-www-presentadordeeventos-com\/\",\"name\":\"Adios 215 - Maestros de Ceremonias Biling\u00fces en toda Espa\u00f1a www.presentadordeeventos.com - Maestro de Ceremonias Oficiante de Bodas Civiles y Eventos\",\"isPartOf\":{\"@id\":\"https:\/\/maestrodeceremonias.es\/#website\"},\"datePublished\":\"2016-02-20T18:55:41+00:00\",\"dateModified\":\"2023-06-11T03:54:29+00:00\",\"breadcrumb\":{\"@id\":\"https:\/\/maestrodeceremonias.es\/adios-215-maestros-ceremonias-bilingues-toda-espana-www-presentadordeeventos-com\/#breadcrumb\"},\"inLanguage\":\"en-GB\",\"potentialAction\":[{\"@type\":\"ReadAction\",\"target\":[\"https:\/\/maestrodeceremonias.es\/adios-215-maestros-ceremonias-bilingues-toda-espana-www-presentadordeeventos-com\/\"]}]},{\"@type\":\"BreadcrumbList\",\"@id\":\"https:\/\/maestrodeceremonias.es\/adios-215-maestros-ceremonias-bilingues-toda-espana-www-presentadordeeventos-com\/#breadcrumb\",\"itemListElement\":[{\"@type\":\"ListItem\",\"position\":1,\"name\":\"Maestros de ceremonias\",\"item\":\"https:\/\/maestrodeceremonias.es\/\"},{\"@type\":\"ListItem\",\"position\":2,\"name\":\"Adios 215 &#8211; Maestros de Ceremonias Biling\u00fces en toda Espa\u00f1a www.presentadordeeventos.com\"}]},{\"@type\":\"WebSite\",\"@id\":\"https:\/\/maestrodeceremonias.es\/#website\",\"url\":\"https:\/\/maestrodeceremonias.es\/\",\"name\":\"Maestro de Ceremonias Oficiante de Bodas Civiles y Eventos\",\"description\":\"Necesitas contratar Maestros de Ceremonias Oficiantes de Boda  para tu celebraci\u00f3n de boda civil simb\u00f3lica. P\u00eddenos presupuesto. Prestamos servicio en Madrid y en toda Espa\u00f1a. Speakers y Presentadores de eventos profesionales biling\u00fces en todos los idiomas a un precio asequible. Preg\u00fantanos: email: mc@maestrodeceremonias.es Tel\u00e9fono y Whatsapp: 644 597 199\",\"publisher\":{\"@id\":\"https:\/\/maestrodeceremonias.es\/#organization\"},\"potentialAction\":[{\"@type\":\"SearchAction\",\"target\":{\"@type\":\"EntryPoint\",\"urlTemplate\":\"https:\/\/maestrodeceremonias.es\/?s={search_term_string}\"},\"query-input\":{\"@type\":\"PropertyValueSpecification\",\"valueRequired\":true,\"valueName\":\"search_term_string\"}}],\"inLanguage\":\"en-GB\"},{\"@type\":\"Organization\",\"@id\":\"https:\/\/maestrodeceremonias.es\/#organization\",\"name\":\"Maestro de Ceremonias Oficiante de Bodas Civiles y Eventos\",\"url\":\"https:\/\/maestrodeceremonias.es\/\",\"logo\":{\"@type\":\"ImageObject\",\"inLanguage\":\"en-GB\",\"@id\":\"https:\/\/maestrodeceremonias.es\/#\/schema\/logo\/image\/\",\"url\":\"https:\/\/maestrodeceremonias.es\/wp-content\/uploads\/2023\/07\/Maestro-oficiante-de-Boda-Ceremonia-cabecera-web.jpg\",\"contentUrl\":\"https:\/\/maestrodeceremonias.es\/wp-content\/uploads\/2023\/07\/Maestro-oficiante-de-Boda-Ceremonia-cabecera-web.jpg\",\"width\":960,\"height\":250,\"caption\":\"Maestro de Ceremonias Oficiante de Bodas Civiles y Eventos\"},\"image\":{\"@id\":\"https:\/\/maestrodeceremonias.es\/#\/schema\/logo\/image\/\"},\"sameAs\":[\"https:\/\/www.facebook.com\/Maestrodeceremonias.presentador\",\"https:\/\/x.com\/presentador_mc\",\"https:\/\/www.instagram.com\/maestrosdeceremonias\/\"]}]}<\/script>\n<!-- \/ Yoast SEO plugin. -->","yoast_head_json":{"title":"Adios 215 - Maestros de Ceremonias Biling\u00fces en toda Espa\u00f1a www.presentadordeeventos.com - Maestro de Ceremonias Oficiante de Bodas Civiles y Eventos","robots":{"index":"index","follow":"follow","max-snippet":"max-snippet:-1","max-image-preview":"max-image-preview:large","max-video-preview":"max-video-preview:-1"},"canonical":"https:\/\/maestrodeceremonias.es\/en\/adios-215-maestros-ceremonias-bilingues-toda-espana-www-presentadordeeventos-com\/","og_locale":"en_GB","og_type":"article","og_title":"Adios 215 - Maestros de Ceremonias Biling\u00fces en toda Espa\u00f1a www.presentadordeeventos.com - Maestro de Ceremonias Oficiante de Bodas Civiles y Eventos","og_description":"\u00bfPrefieres ver este correo en tu navegador?\u00a0Si,gracias. \u00bfNo deseas recibir m\u00e1s informaci\u00f3n?\u00a0desuscr\u00edbete al instante. Diciembre 2015 Buenos D\u00edas!Os deseamos un estupendo cierre de a\u00f1o profesional.Queremos recordaros que estamos all\u00ed d\u00f3nde y cu\u00e1ndo nos necesit\u00e9is, incluso con esos buenos clientes a los que les surge la necesidad a \u00faltima hora.Os recordamos que siempre pod\u00e9is contar con [&hellip;]","og_url":"https:\/\/maestrodeceremonias.es\/en\/adios-215-maestros-ceremonias-bilingues-toda-espana-www-presentadordeeventos-com\/","og_site_name":"Maestro de Ceremonias Oficiante de Bodas Civiles y Eventos","article_publisher":"https:\/\/www.facebook.com\/Maestrodeceremonias.presentador","article_modified_time":"2023-06-11T03:54:29+00:00","twitter_card":"summary_large_image","twitter_site":"@presentador_mc","twitter_misc":{"Estimated reading time":"1 minute"},"schema":{"@context":"https:\/\/schema.org","@graph":[{"@type":"WebPage","@id":"https:\/\/maestrodeceremonias.es\/adios-215-maestros-ceremonias-bilingues-toda-espana-www-presentadordeeventos-com\/","url":"https:\/\/maestrodeceremonias.es\/adios-215-maestros-ceremonias-bilingues-toda-espana-www-presentadordeeventos-com\/","name":"Adios 215 - Maestros de Ceremonias Biling\u00fces en toda Espa\u00f1a www.presentadordeeventos.com - Maestro de Ceremonias Oficiante de Bodas Civiles y Eventos","isPartOf":{"@id":"https:\/\/maestrodeceremonias.es\/#website"},"datePublished":"2016-02-20T18:55:41+00:00","dateModified":"2023-06-11T03:54:29+00:00","breadcrumb":{"@id":"https:\/\/maestrodeceremonias.es\/adios-215-maestros-ceremonias-bilingues-toda-espana-www-presentadordeeventos-com\/#breadcrumb"},"inLanguage":"en-GB","potentialAction":[{"@type":"ReadAction","target":["https:\/\/maestrodeceremonias.es\/adios-215-maestros-ceremonias-bilingues-toda-espana-www-presentadordeeventos-com\/"]}]},{"@type":"BreadcrumbList","@id":"https:\/\/maestrodeceremonias.es\/adios-215-maestros-ceremonias-bilingues-toda-espana-www-presentadordeeventos-com\/#breadcrumb","itemListElement":[{"@type":"ListItem","position":1,"name":"Maestros de ceremonias","item":"https:\/\/maestrodeceremonias.es\/"},{"@type":"ListItem","position":2,"name":"Adios 215 &#8211; Maestros de Ceremonias Biling\u00fces en toda Espa\u00f1a www.presentadordeeventos.com"}]},{"@type":"WebSite","@id":"https:\/\/maestrodeceremonias.es\/#website","url":"https:\/\/maestrodeceremonias.es\/","name":"Maestro de Ceremonias Oficiante de Bodas Civiles y Eventos","description":"Necesitas contratar Maestros de Ceremonias Oficiantes de Boda  para tu celebraci\u00f3n de boda civil simb\u00f3lica. P\u00eddenos presupuesto. Prestamos servicio en Madrid y en toda Espa\u00f1a. Speakers y Presentadores de eventos profesionales biling\u00fces en todos los idiomas a un precio asequible. Preg\u00fantanos: email: mc@maestrodeceremonias.es Tel\u00e9fono y Whatsapp: 644 597 199","publisher":{"@id":"https:\/\/maestrodeceremonias.es\/#organization"},"potentialAction":[{"@type":"SearchAction","target":{"@type":"EntryPoint","urlTemplate":"https:\/\/maestrodeceremonias.es\/?s={search_term_string}"},"query-input":{"@type":"PropertyValueSpecification","valueRequired":true,"valueName":"search_term_string"}}],"inLanguage":"en-GB"},{"@type":"Organization","@id":"https:\/\/maestrodeceremonias.es\/#organization","name":"Maestro de Ceremonias Oficiante de Bodas Civiles y Eventos","url":"https:\/\/maestrodeceremonias.es\/","logo":{"@type":"ImageObject","inLanguage":"en-GB","@id":"https:\/\/maestrodeceremonias.es\/#\/schema\/logo\/image\/","url":"https:\/\/maestrodeceremonias.es\/wp-content\/uploads\/2023\/07\/Maestro-oficiante-de-Boda-Ceremonia-cabecera-web.jpg","contentUrl":"https:\/\/maestrodeceremonias.es\/wp-content\/uploads\/2023\/07\/Maestro-oficiante-de-Boda-Ceremonia-cabecera-web.jpg","width":960,"height":250,"caption":"Maestro de Ceremonias Oficiante de Bodas Civiles y Eventos"},"image":{"@id":"https:\/\/maestrodeceremonias.es\/#\/schema\/logo\/image\/"},"sameAs":["https:\/\/www.facebook.com\/Maestrodeceremonias.presentador","https:\/\/x.com\/presentador_mc","https:\/\/www.instagram.com\/maestrosdeceremonias\/"]}]}},"_links":{"self":[{"href":"https:\/\/maestrodeceremonias.es\/en\/wp-json\/wp\/v2\/pages\/218","targetHints":{"allow":["GET"]}}],"collection":[{"href":"https:\/\/maestrodeceremonias.es\/en\/wp-json\/wp\/v2\/pages"}],"about":[{"href":"https:\/\/maestrodeceremonias.es\/en\/wp-json\/wp\/v2\/types\/page"}],"author":[{"embeddable":true,"href":"https:\/\/maestrodeceremonias.es\/en\/wp-json\/wp\/v2\/users\/1"}],"replies":[{"embeddable":true,"href":"https:\/\/maestrodeceremonias.es\/en\/wp-json\/wp\/v2\/comments?post=218"}],"version-history":[{"count":0,"href":"https:\/\/maestrodeceremonias.es\/en\/wp-json\/wp\/v2\/pages\/218\/revisions"}],"wp:attachment":[{"href":"https:\/\/maestrodeceremonias.es\/en\/wp-json\/wp\/v2\/media?parent=218"}],"curies":[{"name":"wp","href":"https:\/\/api.w.org\/{rel}","templated":true}]}}