{"id":2374,"date":"2023-07-31T17:48:02","date_gmt":"2023-07-31T15:48:02","guid":{"rendered":"https:\/\/maestrodeceremonias.es\/?page_id=2374"},"modified":"2026-03-24T10:23:45","modified_gmt":"2026-03-24T09:23:45","slug":"bodas-elvis","status":"publish","type":"page","link":"https:\/\/maestrodeceremonias.es\/en\/bodas-elvis\/","title":{"rendered":"Bodas Elvis Oficiante de Boda estilo Las Vegas"},"content":{"rendered":"<p>Bodas Elvis, est\u00e1 vivo y puede ser el Oficiante de tu ceremonia de Boda, un Maestro de Ceremonias Rock and Roll que le va a dar un toque original y divertido a tu evento. Desde Tupelo, Mississippi a Memphis, Tennessee, de all\u00ed a las Vegas, Nevada y de all\u00ed a d\u00f3nde t\u00fa quieras. Elvis Oficiante de Boda estilo Las Vegas. Bodas Elvis d\u00f3nde tu quieras!<\/p>\n\n\n\n<figure class=\"wp-block-image size-large\"><img loading=\"lazy\" decoding=\"async\" width=\"1024\" height=\"212\" src=\"https:\/\/maestrodeceremonias.es\/wp-content\/uploads\/2023\/07\/ELVIS-Maestro-Oficiante-de-Ceremonias-Bodas-1024x212.jpg\" alt=\"Elvis Oficiante de Boda estilo Las Vegas\" class=\"wp-image-2378\" title=\"Elvis Oficiante de Boda estilo Las Vegas\" srcset=\"https:\/\/maestrodeceremonias.es\/wp-content\/uploads\/2023\/07\/ELVIS-Maestro-Oficiante-de-Ceremonias-Bodas-1024x212.jpg 1024w, https:\/\/maestrodeceremonias.es\/wp-content\/uploads\/2023\/07\/ELVIS-Maestro-Oficiante-de-Ceremonias-Bodas-300x62.jpg 300w, https:\/\/maestrodeceremonias.es\/wp-content\/uploads\/2023\/07\/ELVIS-Maestro-Oficiante-de-Ceremonias-Bodas-768x159.jpg 768w, https:\/\/maestrodeceremonias.es\/wp-content\/uploads\/2023\/07\/ELVIS-Maestro-Oficiante-de-Ceremonias-Bodas.jpg 1446w\" sizes=\"auto, (max-width: 1024px) 100vw, 1024px\" \/><\/figure>\n\n\n<h3>ELVIS Bodas estilo Las Vegas en Antena 3<\/h3>\n<p><iframe loading=\"lazy\" title=\"YouTube video player\" src=\"https:\/\/www.youtube.com\/embed\/PvEpPN6CiSI?si=laE-qsIXzARL1ffs\" width=\"560\" height=\"315\" frameborder=\"0\" allowfullscreen=\"allowfullscreen\"><\/iframe><\/p>\n<h3>ELVIS Bodas estilo Las Vegas en Televisi\u00f3n Espa\u00f1ola, La 1\u00a0 TVE<\/h3>\n<p><iframe loading=\"lazy\" title=\"YouTube video player\" src=\"https:\/\/www.youtube.com\/embed\/gSoFOzk1S3E\" width=\"560\" height=\"315\" frameborder=\"0\" allowfullscreen=\"allowfullscreen\"><\/iframe><\/p>\n<p><iframe loading=\"lazy\" title=\"YouTube video player\" src=\"https:\/\/www.youtube.com\/embed\/tAfreEuZwg8\" width=\"560\" height=\"315\" frameborder=\"0\" allowfullscreen=\"allowfullscreen\"><\/iframe><\/p>\n<h2>ELVIS en tu Evento &#8211; Elvis Events Spain<\/h2>\n<p><iframe loading=\"lazy\" title=\"vimeo-player\" src=\"https:\/\/player.vimeo.com\/video\/1176483676?h=993dd9bdc7\" width=\"640\" height=\"360\" frameborder=\"0\" allowfullscreen=\"allowfullscreen\"><\/iframe><\/p>\n\n\n<p>Elvis Oficiante de Boda estilo Las Vegas, Contratar e <a href=\"https:\/\/www.instagram.com\/elvismaestrodeceremonias\">Elvis como Maestro de Ceremonias<\/a> para tu boda o Evento, para que os case a vosotros o a vuestros invitados y se lleven un recuerdo inolvidable.<\/p>\n\n\n\n<p>Las bodas de Elvis estilo Las Vegas son un fen\u00f3meno cultural ic\u00f3nico que ha perdurado a lo largo de las d\u00e9cadas. Esta tradici\u00f3n divertida con un toque extravagante combina el amor, la m\u00fasica Rock and Roll cl\u00e1sica y el esp\u00edritu festivo de la ciudad del entretenimiento por excelencia.<\/p>\n\n\n\n<p>Desde los a\u00f1os 60, Elvis, el legendario cantante de rock and roll, ha sido un s\u00edmbolo inolvidable en miles y oficiante de bodas en el m\u00e1s puro estilo de Las Vegas, a\u00f1adiendo un toque de autenticidad y diversi\u00f3n a cada ceremonia.<\/p>\n\n\n\n<p>Igual que en la llamada \u00abCapital Mundial de las Bodas\u00bb, Las Vegas, ofrecemos una variedad de opciones para las parejas que desean unirse en matrimonio con un Oficiante al estilo de Elvis. Puedes optar ahora tambi\u00e9n en Espa\u00f1a por una ceremonia donde Elvis oficiar\u00e1 la boda y la novia entrar\u00e1 de su brazo mientras suenan canciones emblem\u00e1ticas, como \u00abLove Me Tender\u00bb. Es una experiencia m\u00e1s inmersiva, donde Elvis igual que en Las Vegas celebra la boda.<\/p>\n\n\n\n<p>Call ELVIS +34 644 597 199<\/p>\n\n\n\n<figure class=\"wp-block-image size-large\"><img loading=\"lazy\" decoding=\"async\" width=\"1024\" height=\"1019\" src=\"https:\/\/maestrodeceremonias.es\/wp-content\/uploads\/2024\/04\/Elvis-Maestro-de-Ceremonias-para-Eventos-1024x1019.jpeg\" alt=\"Elvis-Maestro-de-Ceremonias-para-Eventos\" class=\"wp-image-2432\" srcset=\"https:\/\/maestrodeceremonias.es\/wp-content\/uploads\/2024\/04\/Elvis-Maestro-de-Ceremonias-para-Eventos-1024x1019.jpeg 1024w, https:\/\/maestrodeceremonias.es\/wp-content\/uploads\/2024\/04\/Elvis-Maestro-de-Ceremonias-para-Eventos-300x300.jpeg 300w, https:\/\/maestrodeceremonias.es\/wp-content\/uploads\/2024\/04\/Elvis-Maestro-de-Ceremonias-para-Eventos-150x150.jpeg 150w, https:\/\/maestrodeceremonias.es\/wp-content\/uploads\/2024\/04\/Elvis-Maestro-de-Ceremonias-para-Eventos-768x764.jpeg 768w, https:\/\/maestrodeceremonias.es\/wp-content\/uploads\/2024\/04\/Elvis-Maestro-de-Ceremonias-para-Eventos-1536x1529.jpeg 1536w, https:\/\/maestrodeceremonias.es\/wp-content\/uploads\/2024\/04\/Elvis-Maestro-de-Ceremonias-para-Eventos-12x12.jpeg 12w, https:\/\/maestrodeceremonias.es\/wp-content\/uploads\/2024\/04\/Elvis-Maestro-de-Ceremonias-para-Eventos.jpeg 2048w\" sizes=\"auto, (max-width: 1024px) 100vw, 1024px\" \/><\/figure>\n\n\n\n<h2 class=\"wp-block-heading\">Las bodas Elvis como oficiante estilo Las Vegas:<\/h2>\n\n\n\n<p>Son bodas Elvis que atraen a parejas de todo el mundo, buscando un enlace \u00fanico y memorable. Estas ceremonias son a menudo r\u00e1pidas y llenas de alegr\u00eda, lo que refleja el ambiente divertido de la ciudad. Puedes optar por hacer una decoraci\u00f3n tem\u00e1tica que te permiten casarte como Elvis y Priscilla en su boda de 1967, con trajes a juego y la m\u00fasica del Rey.<\/p>\n\n\n\n<p>Lo m\u00e1s importante es que estas ceremonias de boda simb\u00f3lica encapsulan la esencia de Bodas Elvis estilo Las Vegas: la emoci\u00f3n, la espontaneidad y la promesa de un futuro lleno de diversi\u00f3n, aventura y Rock and Roll. Para muchas parejas, una boda en la que el Maestro de Ceremonias sea Elvis el Rey del rock and Roll estilo Las Vegas es un recuerdo que atesorar\u00e1n durante toda la vida.<\/p>\n\n\n\n<p>Las bodas de Elvis estilo Las Vegas son una tradici\u00f3n que combina la m\u00fasica, la diversi\u00f3n y el amor en un paquete inolvidable. Elegir a Elvis como oficiante de vuestra ceremonia unir\u00e1 la diversi\u00f3n, la magia de la Ciudad del Pecado y del Rock and Roll con ello mantenemos viva la leyenda de <strong>Elvis Oficiante de Boda estilo Las Vegas <\/strong>y a\u00f1adimos un toque \u00fanico a la celebraci\u00f3n del matrimonio por el poder del Rey del Rock and Roll. <a href=\"https:\/\/www.instagram.com\/bodas_elvis\/\">https:\/\/www.instagram.com\/bodas_elvis\/<\/a><\/p>\n\n\n\n<figure class=\"wp-block-gallery has-nested-images columns-default is-cropped wp-block-gallery-1 is-layout-flex wp-block-gallery-is-layout-flex\">\n<figure class=\"wp-block-image size-large\"><a href=\"https:\/\/www.instagram.com\/bodas_elvis\/\"><img loading=\"lazy\" decoding=\"async\" width=\"525\" height=\"623\" data-id=\"2480\" src=\"https:\/\/maestrodeceremonias.es\/wp-content\/uploads\/2025\/02\/Bodas-Elvis-Maestro-de-Ceremonias-instagram-bodas_elvis.jpg\" alt=\"\" class=\"wp-image-2480\" srcset=\"https:\/\/maestrodeceremonias.es\/wp-content\/uploads\/2025\/02\/Bodas-Elvis-Maestro-de-Ceremonias-instagram-bodas_elvis.jpg 525w, https:\/\/maestrodeceremonias.es\/wp-content\/uploads\/2025\/02\/Bodas-Elvis-Maestro-de-Ceremonias-instagram-bodas_elvis-253x300.jpg 253w, https:\/\/maestrodeceremonias.es\/wp-content\/uploads\/2025\/02\/Bodas-Elvis-Maestro-de-Ceremonias-instagram-bodas_elvis-10x12.jpg 10w\" sizes=\"auto, (max-width: 525px) 100vw, 525px\" \/><\/a><\/figure>\n<\/figure>\n\n\n\n<p><strong>Bodas Elvis: Vive una Experiencia \u00danica y Divertida al Estilo Las Vegas<\/strong><\/p>\n\n\n\n<p>Si sue\u00f1as con una boda diferente, divertida y llena de ritmo, <strong>Bodas Elvis<\/strong> es la opci\u00f3n perfecta para ti. Imagina decir \u00abS\u00ed, quiero\u00bb con la energ\u00eda y el carisma del mism\u00edsimo Rey del Rock como maestro de ceremonias. Ya sea una boda real, una renovaci\u00f3n de votos o una ceremonia simb\u00f3lica, Elvis har\u00e1 de tu enlace un momento inolvidable.<\/p>\n\n\n\n<p>Nuestro <strong>Elvis oficiante<\/strong> recrea la esencia de Las Vegas, con su inconfundible traje, su voz inigualable y su actitud carism\u00e1tica. Con un toque de humor, romanticismo y mucha m\u00fasica, har\u00e1s que tu boda sea \u00fanica y original. Adem\u00e1s, podemos adaptar la ceremonia a tus gustos, incluyendo las cl\u00e1sicas canciones de Elvis Presley que convertir\u00e1n el momento en un espect\u00e1culo lleno de emoci\u00f3n y alegr\u00eda.<\/p>\n\n\n\n<p>Pero la magia no termina ah\u00ed. Si organizas un evento especial y quieres sorprender a tus invitados, <strong>Bodas Elvis tambi\u00e9n ofrece bodas expr\u00e9s<\/strong>. En estas ceremonias r\u00e1pidas y divertidas, tus amigos y familiares podr\u00e1n casarse simb\u00f3licamente en el mismo evento, llev\u00e1ndose un recuerdo inolvidable. Con certificados de boda personalizados y la mejor ambientaci\u00f3n al estilo Vegas, cada pareja disfrutar\u00e1 de un momento \u00fanico lleno de risas y emoci\u00f3n.<\/p>\n\n\n\n<p>Ya sea en una boda \u00edntima, un gran evento o una fiesta tem\u00e1tica, contar con <strong>Elvis como oficiante<\/strong> har\u00e1 que la experiencia sea inolvidable. Desde el primer \u00abViva Las Vegas\u00bb hasta el \u00faltimo beso, cada detalle est\u00e1 dise\u00f1ado para crear un recuerdo imborrable tanto para los novios como para los asistentes.<\/p>\n\n\n\n<p>Si quieres que tu boda tenga ese toque especial, lleno de glamour, humor y el esp\u00edritu de Las Vegas, no dudes en elegir <strong>Bodas Elvis<\/strong>. \u00a1Deja que el Rey del Rock bendiga tu amor con su inconfundible estilo y convierte tu d\u00eda en una aut\u00e9ntica fiesta inolvidable!<\/p>","protected":false},"excerpt":{"rendered":"<p>Bodas Elvis, est\u00e1 vivo y puede ser el Oficiante de tu ceremonia de Boda, un Maestro de Ceremonias Rock and Roll que le va a dar un toque original y divertido a tu evento. Desde Tupelo, Mississippi a Memphis, Tennessee, de all\u00ed a las Vegas, Nevada y de all\u00ed a d\u00f3nde t\u00fa quieras. Elvis Oficiante [&hellip;]<\/p>\n","protected":false},"author":1,"featured_media":2432,"parent":0,"menu_order":0,"comment_status":"closed","ping_status":"closed","template":"","meta":{"_monsterinsights_skip_tracking":false,"_monsterinsights_sitenote_active":false,"_monsterinsights_sitenote_note":"","_monsterinsights_sitenote_category":0,"_joinchat":[],"footnotes":""},"class_list":["post-2374","page","type-page","status-publish","has-post-thumbnail","hentry"],"blocksy_meta":[],"yoast_head":"<!-- This site is optimized with the Yoast SEO plugin v26.8 - https:\/\/yoast.com\/product\/yoast-seo-wordpress\/ -->\n<title>Bodas Elvis Oficiante de Boda estilo Las Vegas - Maestro de Ceremonias Oficiante de Bodas Civiles y Eventos<\/title>\n<meta name=\"description\" content=\"Bodas Elvis Oficiante estilo Las Vegas, Contratar e Elvis como Maestro de Ceremonias para tu boda o Evento\" \/>\n<meta name=\"robots\" content=\"index, follow, max-snippet:-1, max-image-preview:large, max-video-preview:-1\" \/>\n<link rel=\"canonical\" href=\"https:\/\/maestrodeceremonias.es\/en\/bodas-elvis\/\" \/>\n<meta property=\"og:locale\" content=\"en_GB\" \/>\n<meta property=\"og:type\" content=\"article\" \/>\n<meta property=\"og:title\" content=\"Bodas Elvis Oficiante de Boda estilo Las Vegas - Maestro de Ceremonias Oficiante de Bodas Civiles y Eventos\" \/>\n<meta property=\"og:description\" content=\"Bodas Elvis Oficiante estilo Las Vegas, Contratar e Elvis como Maestro de Ceremonias para tu boda o Evento\" \/>\n<meta property=\"og:url\" content=\"https:\/\/maestrodeceremonias.es\/en\/bodas-elvis\/\" \/>\n<meta property=\"og:site_name\" content=\"Maestro de Ceremonias Oficiante de Bodas Civiles y Eventos\" \/>\n<meta property=\"article:publisher\" content=\"https:\/\/www.facebook.com\/Maestrodeceremonias.presentador\" \/>\n<meta property=\"article:modified_time\" content=\"2026-03-24T09:23:45+00:00\" \/>\n<meta property=\"og:image\" content=\"https:\/\/maestrodeceremonias.es\/wp-content\/uploads\/2024\/04\/Elvis-Maestro-de-Ceremonias-para-Eventos.jpeg\" \/>\n\t<meta property=\"og:image:width\" content=\"2048\" \/>\n\t<meta property=\"og:image:height\" content=\"2038\" \/>\n\t<meta property=\"og:image:type\" content=\"image\/jpeg\" \/>\n<meta name=\"twitter:card\" content=\"summary_large_image\" \/>\n<meta name=\"twitter:site\" content=\"@presentador_mc\" \/>\n<meta name=\"twitter:label1\" content=\"Estimated reading time\" \/>\n\t<meta name=\"twitter:data1\" content=\"5 minutes\" \/>\n<script type=\"application\/ld+json\" class=\"yoast-schema-graph\">{\"@context\":\"https:\/\/schema.org\",\"@graph\":[{\"@type\":\"WebPage\",\"@id\":\"https:\/\/maestrodeceremonias.es\/bodas-elvis\/\",\"url\":\"https:\/\/maestrodeceremonias.es\/bodas-elvis\/\",\"name\":\"Bodas Elvis Oficiante de Boda estilo Las Vegas - Maestro de Ceremonias Oficiante de Bodas Civiles y Eventos\",\"isPartOf\":{\"@id\":\"https:\/\/maestrodeceremonias.es\/#website\"},\"primaryImageOfPage\":{\"@id\":\"https:\/\/maestrodeceremonias.es\/bodas-elvis\/#primaryimage\"},\"image\":{\"@id\":\"https:\/\/maestrodeceremonias.es\/bodas-elvis\/#primaryimage\"},\"thumbnailUrl\":\"https:\/\/maestrodeceremonias.es\/wp-content\/uploads\/2024\/04\/Elvis-Maestro-de-Ceremonias-para-Eventos.jpeg\",\"datePublished\":\"2023-07-31T15:48:02+00:00\",\"dateModified\":\"2026-03-24T09:23:45+00:00\",\"description\":\"Bodas Elvis Oficiante estilo Las Vegas, Contratar e Elvis como Maestro de Ceremonias para tu boda o Evento\",\"breadcrumb\":{\"@id\":\"https:\/\/maestrodeceremonias.es\/bodas-elvis\/#breadcrumb\"},\"inLanguage\":\"en-GB\",\"potentialAction\":[{\"@type\":\"ReadAction\",\"target\":[\"https:\/\/maestrodeceremonias.es\/bodas-elvis\/\"]}]},{\"@type\":\"ImageObject\",\"inLanguage\":\"en-GB\",\"@id\":\"https:\/\/maestrodeceremonias.es\/bodas-elvis\/#primaryimage\",\"url\":\"https:\/\/maestrodeceremonias.es\/wp-content\/uploads\/2024\/04\/Elvis-Maestro-de-Ceremonias-para-Eventos.jpeg\",\"contentUrl\":\"https:\/\/maestrodeceremonias.es\/wp-content\/uploads\/2024\/04\/Elvis-Maestro-de-Ceremonias-para-Eventos.jpeg\",\"width\":2048,\"height\":2038,\"caption\":\"Elvis-Maestro-de-Ceremonias-para-Eventos\"},{\"@type\":\"BreadcrumbList\",\"@id\":\"https:\/\/maestrodeceremonias.es\/bodas-elvis\/#breadcrumb\",\"itemListElement\":[{\"@type\":\"ListItem\",\"position\":1,\"name\":\"Maestros de ceremonias\",\"item\":\"https:\/\/maestrodeceremonias.es\/\"},{\"@type\":\"ListItem\",\"position\":2,\"name\":\"Bodas Elvis Oficiante de Boda estilo Las Vegas\"}]},{\"@type\":\"WebSite\",\"@id\":\"https:\/\/maestrodeceremonias.es\/#website\",\"url\":\"https:\/\/maestrodeceremonias.es\/\",\"name\":\"Maestro de Ceremonias Oficiante de Bodas Civiles y Eventos\",\"description\":\"Necesitas contratar Maestros de Ceremonias Oficiantes de Boda  para tu celebraci\u00f3n de boda civil simb\u00f3lica. P\u00eddenos presupuesto. Prestamos servicio en Madrid y en toda Espa\u00f1a. Speakers y Presentadores de eventos profesionales biling\u00fces en todos los idiomas a un precio asequible. Preg\u00fantanos: email: mc@maestrodeceremonias.es Tel\u00e9fono y Whatsapp: 644 597 199\",\"publisher\":{\"@id\":\"https:\/\/maestrodeceremonias.es\/#organization\"},\"potentialAction\":[{\"@type\":\"SearchAction\",\"target\":{\"@type\":\"EntryPoint\",\"urlTemplate\":\"https:\/\/maestrodeceremonias.es\/?s={search_term_string}\"},\"query-input\":{\"@type\":\"PropertyValueSpecification\",\"valueRequired\":true,\"valueName\":\"search_term_string\"}}],\"inLanguage\":\"en-GB\"},{\"@type\":\"Organization\",\"@id\":\"https:\/\/maestrodeceremonias.es\/#organization\",\"name\":\"Maestro de Ceremonias Oficiante de Bodas Civiles y Eventos\",\"url\":\"https:\/\/maestrodeceremonias.es\/\",\"logo\":{\"@type\":\"ImageObject\",\"inLanguage\":\"en-GB\",\"@id\":\"https:\/\/maestrodeceremonias.es\/#\/schema\/logo\/image\/\",\"url\":\"https:\/\/maestrodeceremonias.es\/wp-content\/uploads\/2023\/07\/Maestro-oficiante-de-Boda-Ceremonia-cabecera-web.jpg\",\"contentUrl\":\"https:\/\/maestrodeceremonias.es\/wp-content\/uploads\/2023\/07\/Maestro-oficiante-de-Boda-Ceremonia-cabecera-web.jpg\",\"width\":960,\"height\":250,\"caption\":\"Maestro de Ceremonias Oficiante de Bodas Civiles y Eventos\"},\"image\":{\"@id\":\"https:\/\/maestrodeceremonias.es\/#\/schema\/logo\/image\/\"},\"sameAs\":[\"https:\/\/www.facebook.com\/Maestrodeceremonias.presentador\",\"https:\/\/x.com\/presentador_mc\",\"https:\/\/www.instagram.com\/maestrosdeceremonias\/\"]}]}<\/script>\n<!-- \/ Yoast SEO plugin. -->","yoast_head_json":{"title":"Bodas Elvis Oficiante de Boda estilo Las Vegas - Maestro de Ceremonias Oficiante de Bodas Civiles y Eventos","description":"Bodas Elvis Oficiante estilo Las Vegas, Contratar e Elvis como Maestro de Ceremonias para tu boda o Evento","robots":{"index":"index","follow":"follow","max-snippet":"max-snippet:-1","max-image-preview":"max-image-preview:large","max-video-preview":"max-video-preview:-1"},"canonical":"https:\/\/maestrodeceremonias.es\/en\/bodas-elvis\/","og_locale":"en_GB","og_type":"article","og_title":"Bodas Elvis Oficiante de Boda estilo Las Vegas - Maestro de Ceremonias Oficiante de Bodas Civiles y Eventos","og_description":"Bodas Elvis Oficiante estilo Las Vegas, Contratar e Elvis como Maestro de Ceremonias para tu boda o Evento","og_url":"https:\/\/maestrodeceremonias.es\/en\/bodas-elvis\/","og_site_name":"Maestro de Ceremonias Oficiante de Bodas Civiles y Eventos","article_publisher":"https:\/\/www.facebook.com\/Maestrodeceremonias.presentador","article_modified_time":"2026-03-24T09:23:45+00:00","og_image":[{"width":2048,"height":2038,"url":"https:\/\/maestrodeceremonias.es\/wp-content\/uploads\/2024\/04\/Elvis-Maestro-de-Ceremonias-para-Eventos.jpeg","type":"image\/jpeg"}],"twitter_card":"summary_large_image","twitter_site":"@presentador_mc","twitter_misc":{"Estimated reading time":"5 minutes"},"schema":{"@context":"https:\/\/schema.org","@graph":[{"@type":"WebPage","@id":"https:\/\/maestrodeceremonias.es\/bodas-elvis\/","url":"https:\/\/maestrodeceremonias.es\/bodas-elvis\/","name":"Bodas Elvis Oficiante de Boda estilo Las Vegas - Maestro de Ceremonias Oficiante de Bodas Civiles y Eventos","isPartOf":{"@id":"https:\/\/maestrodeceremonias.es\/#website"},"primaryImageOfPage":{"@id":"https:\/\/maestrodeceremonias.es\/bodas-elvis\/#primaryimage"},"image":{"@id":"https:\/\/maestrodeceremonias.es\/bodas-elvis\/#primaryimage"},"thumbnailUrl":"https:\/\/maestrodeceremonias.es\/wp-content\/uploads\/2024\/04\/Elvis-Maestro-de-Ceremonias-para-Eventos.jpeg","datePublished":"2023-07-31T15:48:02+00:00","dateModified":"2026-03-24T09:23:45+00:00","description":"Bodas Elvis Oficiante estilo Las Vegas, Contratar e Elvis como Maestro de Ceremonias para tu boda o Evento","breadcrumb":{"@id":"https:\/\/maestrodeceremonias.es\/bodas-elvis\/#breadcrumb"},"inLanguage":"en-GB","potentialAction":[{"@type":"ReadAction","target":["https:\/\/maestrodeceremonias.es\/bodas-elvis\/"]}]},{"@type":"ImageObject","inLanguage":"en-GB","@id":"https:\/\/maestrodeceremonias.es\/bodas-elvis\/#primaryimage","url":"https:\/\/maestrodeceremonias.es\/wp-content\/uploads\/2024\/04\/Elvis-Maestro-de-Ceremonias-para-Eventos.jpeg","contentUrl":"https:\/\/maestrodeceremonias.es\/wp-content\/uploads\/2024\/04\/Elvis-Maestro-de-Ceremonias-para-Eventos.jpeg","width":2048,"height":2038,"caption":"Elvis-Maestro-de-Ceremonias-para-Eventos"},{"@type":"BreadcrumbList","@id":"https:\/\/maestrodeceremonias.es\/bodas-elvis\/#breadcrumb","itemListElement":[{"@type":"ListItem","position":1,"name":"Maestros de ceremonias","item":"https:\/\/maestrodeceremonias.es\/"},{"@type":"ListItem","position":2,"name":"Bodas Elvis Oficiante de Boda estilo Las Vegas"}]},{"@type":"WebSite","@id":"https:\/\/maestrodeceremonias.es\/#website","url":"https:\/\/maestrodeceremonias.es\/","name":"Maestro de Ceremonias Oficiante de Bodas Civiles y Eventos","description":"Necesitas contratar Maestros de Ceremonias Oficiantes de Boda  para tu celebraci\u00f3n de boda civil simb\u00f3lica. P\u00eddenos presupuesto. Prestamos servicio en Madrid y en toda Espa\u00f1a. Speakers y Presentadores de eventos profesionales biling\u00fces en todos los idiomas a un precio asequible. Preg\u00fantanos: email: mc@maestrodeceremonias.es Tel\u00e9fono y Whatsapp: 644 597 199","publisher":{"@id":"https:\/\/maestrodeceremonias.es\/#organization"},"potentialAction":[{"@type":"SearchAction","target":{"@type":"EntryPoint","urlTemplate":"https:\/\/maestrodeceremonias.es\/?s={search_term_string}"},"query-input":{"@type":"PropertyValueSpecification","valueRequired":true,"valueName":"search_term_string"}}],"inLanguage":"en-GB"},{"@type":"Organization","@id":"https:\/\/maestrodeceremonias.es\/#organization","name":"Maestro de Ceremonias Oficiante de Bodas Civiles y Eventos","url":"https:\/\/maestrodeceremonias.es\/","logo":{"@type":"ImageObject","inLanguage":"en-GB","@id":"https:\/\/maestrodeceremonias.es\/#\/schema\/logo\/image\/","url":"https:\/\/maestrodeceremonias.es\/wp-content\/uploads\/2023\/07\/Maestro-oficiante-de-Boda-Ceremonia-cabecera-web.jpg","contentUrl":"https:\/\/maestrodeceremonias.es\/wp-content\/uploads\/2023\/07\/Maestro-oficiante-de-Boda-Ceremonia-cabecera-web.jpg","width":960,"height":250,"caption":"Maestro de Ceremonias Oficiante de Bodas Civiles y Eventos"},"image":{"@id":"https:\/\/maestrodeceremonias.es\/#\/schema\/logo\/image\/"},"sameAs":["https:\/\/www.facebook.com\/Maestrodeceremonias.presentador","https:\/\/x.com\/presentador_mc","https:\/\/www.instagram.com\/maestrosdeceremonias\/"]}]}},"_links":{"self":[{"href":"https:\/\/maestrodeceremonias.es\/en\/wp-json\/wp\/v2\/pages\/2374","targetHints":{"allow":["GET"]}}],"collection":[{"href":"https:\/\/maestrodeceremonias.es\/en\/wp-json\/wp\/v2\/pages"}],"about":[{"href":"https:\/\/maestrodeceremonias.es\/en\/wp-json\/wp\/v2\/types\/page"}],"author":[{"embeddable":true,"href":"https:\/\/maestrodeceremonias.es\/en\/wp-json\/wp\/v2\/users\/1"}],"replies":[{"embeddable":true,"href":"https:\/\/maestrodeceremonias.es\/en\/wp-json\/wp\/v2\/comments?post=2374"}],"version-history":[{"count":15,"href":"https:\/\/maestrodeceremonias.es\/en\/wp-json\/wp\/v2\/pages\/2374\/revisions"}],"predecessor-version":[{"id":2638,"href":"https:\/\/maestrodeceremonias.es\/en\/wp-json\/wp\/v2\/pages\/2374\/revisions\/2638"}],"wp:featuredmedia":[{"embeddable":true,"href":"https:\/\/maestrodeceremonias.es\/en\/wp-json\/wp\/v2\/media\/2432"}],"wp:attachment":[{"href":"https:\/\/maestrodeceremonias.es\/en\/wp-json\/wp\/v2\/media?parent=2374"}],"curies":[{"name":"wp","href":"https:\/\/api.w.org\/{rel}","templated":true}]}}