{"id":2436,"date":"2024-04-13T19:08:47","date_gmt":"2024-04-13T17:08:47","guid":{"rendered":"https:\/\/maestrodeceremonias.es\/?page_id=2436"},"modified":"2024-04-13T19:10:41","modified_gmt":"2024-04-13T17:10:41","slug":"juan-maestro-de-ceremonias-malaga","status":"publish","type":"page","link":"https:\/\/maestrodeceremonias.es\/en\/juan-maestro-de-ceremonias-malaga\/","title":{"rendered":"Juan Maestro de Ceremonias M\u00e1laga"},"content":{"rendered":"<p>Uno de los mejores profesionales del sector, serio, elegante y con un toque de humor con mucho estilo.<\/p>\n\n\n\n<p>Tiene mucha experiencia presentando eventos tanto corporativos como sociales, es licenciado en la Escuela Superior de Arte Dram\u00e1tico y disfruta mucho con su trabajo y haciendo que los clientes disfruten tambi\u00e9n.<\/p>\n\n\n\n<figure class=\"wp-block-gallery has-nested-images columns-default is-cropped wp-block-gallery-1 is-layout-flex wp-block-gallery-is-layout-flex\">\n\n\n<figure class=\"wp-block-image size-large\"><img loading=\"lazy\" decoding=\"async\" width=\"952\" height=\"634\" data-id=\"2441\" src=\"https:\/\/maestrodeceremonias.es\/wp-content\/uploads\/2024\/04\/Juan-C-Maestro-de-Ceremonias-Malaga-Oficiante-1.jpg\" alt=\"\" class=\"wp-image-2441\" srcset=\"https:\/\/maestrodeceremonias.es\/wp-content\/uploads\/2024\/04\/Juan-C-Maestro-de-Ceremonias-Malaga-Oficiante-1.jpg 952w, https:\/\/maestrodeceremonias.es\/wp-content\/uploads\/2024\/04\/Juan-C-Maestro-de-Ceremonias-Malaga-Oficiante-1-300x200.jpg 300w, https:\/\/maestrodeceremonias.es\/wp-content\/uploads\/2024\/04\/Juan-C-Maestro-de-Ceremonias-Malaga-Oficiante-1-768x511.jpg 768w, https:\/\/maestrodeceremonias.es\/wp-content\/uploads\/2024\/04\/Juan-C-Maestro-de-Ceremonias-Malaga-Oficiante-1-18x12.jpg 18w\" sizes=\"auto, (max-width: 952px) 100vw, 952px\" \/><\/figure>\n\n\n\n<figure class=\"wp-block-image size-large\"><img loading=\"lazy\" decoding=\"async\" width=\"475\" height=\"634\" data-id=\"2440\" src=\"https:\/\/maestrodeceremonias.es\/wp-content\/uploads\/2024\/04\/Juan-C-Maestro-de-Ceremonias-Malaga-Oficiante-2.jpg\" alt=\"\" class=\"wp-image-2440\" srcset=\"https:\/\/maestrodeceremonias.es\/wp-content\/uploads\/2024\/04\/Juan-C-Maestro-de-Ceremonias-Malaga-Oficiante-2.jpg 475w, https:\/\/maestrodeceremonias.es\/wp-content\/uploads\/2024\/04\/Juan-C-Maestro-de-Ceremonias-Malaga-Oficiante-2-225x300.jpg 225w, https:\/\/maestrodeceremonias.es\/wp-content\/uploads\/2024\/04\/Juan-C-Maestro-de-Ceremonias-Malaga-Oficiante-2-9x12.jpg 9w\" sizes=\"auto, (max-width: 475px) 100vw, 475px\" \/><\/figure>\n\n\n\n<figure class=\"wp-block-image size-large\"><img loading=\"lazy\" decoding=\"async\" width=\"508\" height=\"634\" data-id=\"2443\" src=\"https:\/\/maestrodeceremonias.es\/wp-content\/uploads\/2024\/04\/Juan-C-Maestro-de-Ceremonias-Malaga-Oficiante-ellas.jpg\" alt=\"\" class=\"wp-image-2443\" srcset=\"https:\/\/maestrodeceremonias.es\/wp-content\/uploads\/2024\/04\/Juan-C-Maestro-de-Ceremonias-Malaga-Oficiante-ellas.jpg 508w, https:\/\/maestrodeceremonias.es\/wp-content\/uploads\/2024\/04\/Juan-C-Maestro-de-Ceremonias-Malaga-Oficiante-ellas-240x300.jpg 240w, https:\/\/maestrodeceremonias.es\/wp-content\/uploads\/2024\/04\/Juan-C-Maestro-de-Ceremonias-Malaga-Oficiante-ellas-10x12.jpg 10w\" sizes=\"auto, (max-width: 508px) 100vw, 508px\" \/><\/figure>\n\n\n\n<figure class=\"wp-block-image size-large\"><img loading=\"lazy\" decoding=\"async\" width=\"846\" height=\"634\" data-id=\"2444\" src=\"https:\/\/maestrodeceremonias.es\/wp-content\/uploads\/2024\/04\/Juan-C-Maestro-de-Ceremonias-Malaga-Oficiante.jpg\" alt=\"\" class=\"wp-image-2444\" srcset=\"https:\/\/maestrodeceremonias.es\/wp-content\/uploads\/2024\/04\/Juan-C-Maestro-de-Ceremonias-Malaga-Oficiante.jpg 846w, https:\/\/maestrodeceremonias.es\/wp-content\/uploads\/2024\/04\/Juan-C-Maestro-de-Ceremonias-Malaga-Oficiante-300x225.jpg 300w, https:\/\/maestrodeceremonias.es\/wp-content\/uploads\/2024\/04\/Juan-C-Maestro-de-Ceremonias-Malaga-Oficiante-768x576.jpg 768w, https:\/\/maestrodeceremonias.es\/wp-content\/uploads\/2024\/04\/Juan-C-Maestro-de-Ceremonias-Malaga-Oficiante-16x12.jpg 16w\" sizes=\"auto, (max-width: 846px) 100vw, 846px\" \/><\/figure>\n\n\n\n<figure class=\"wp-block-image size-large\"><img loading=\"lazy\" decoding=\"async\" width=\"849\" height=\"634\" data-id=\"2442\" src=\"https:\/\/maestrodeceremonias.es\/wp-content\/uploads\/2024\/04\/Juan-C-Maestro-de-Ceremonias-Malaga.jpg\" alt=\"\" class=\"wp-image-2442\" srcset=\"https:\/\/maestrodeceremonias.es\/wp-content\/uploads\/2024\/04\/Juan-C-Maestro-de-Ceremonias-Malaga.jpg 849w, https:\/\/maestrodeceremonias.es\/wp-content\/uploads\/2024\/04\/Juan-C-Maestro-de-Ceremonias-Malaga-300x224.jpg 300w, https:\/\/maestrodeceremonias.es\/wp-content\/uploads\/2024\/04\/Juan-C-Maestro-de-Ceremonias-Malaga-768x574.jpg 768w, https:\/\/maestrodeceremonias.es\/wp-content\/uploads\/2024\/04\/Juan-C-Maestro-de-Ceremonias-Malaga-16x12.jpg 16w\" sizes=\"auto, (max-width: 849px) 100vw, 849px\" \/><\/figure>\n\n\n\n<figure class=\"wp-block-image size-large\"><img loading=\"lazy\" decoding=\"async\" width=\"800\" height=\"600\" data-id=\"2439\" src=\"https:\/\/maestrodeceremonias.es\/wp-content\/uploads\/2024\/04\/Juan-Carlos.jpg\" alt=\"\" class=\"wp-image-2439\" srcset=\"https:\/\/maestrodeceremonias.es\/wp-content\/uploads\/2024\/04\/Juan-Carlos.jpg 800w, https:\/\/maestrodeceremonias.es\/wp-content\/uploads\/2024\/04\/Juan-Carlos-300x225.jpg 300w, https:\/\/maestrodeceremonias.es\/wp-content\/uploads\/2024\/04\/Juan-Carlos-768x576.jpg 768w, https:\/\/maestrodeceremonias.es\/wp-content\/uploads\/2024\/04\/Juan-Carlos-16x12.jpg 16w\" sizes=\"auto, (max-width: 800px) 100vw, 800px\" \/><\/figure>\n<\/figure>\n\n\n<p><iframe loading=\"lazy\" title=\"vimeo-player\" src=\"https:\/\/player.vimeo.com\/video\/934300391?h=798a1686df\" width=\"640\" height=\"360\" frameborder=\"0\"    allowfullscreen><\/iframe><\/p>","protected":false},"excerpt":{"rendered":"<p>Uno de los mejores profesionales del sector, serio, elegante y con un toque de humor con mucho estilo. Tiene mucha experiencia presentando eventos tanto corporativos como sociales, es licenciado en la Escuela Superior de Arte Dram\u00e1tico y disfruta mucho con su trabajo y haciendo que los clientes disfruten tambi\u00e9n.<\/p>","protected":false},"author":1,"featured_media":0,"parent":0,"menu_order":0,"comment_status":"closed","ping_status":"closed","template":"","meta":{"_monsterinsights_skip_tracking":false,"_monsterinsights_sitenote_active":false,"_monsterinsights_sitenote_note":"","_monsterinsights_sitenote_category":0,"_joinchat":[],"footnotes":""},"class_list":["post-2436","page","type-page","status-publish","hentry"],"blocksy_meta":[],"yoast_head":"<!-- This site is optimized with the Yoast SEO plugin v26.8 - https:\/\/yoast.com\/product\/yoast-seo-wordpress\/ -->\n<title>Juan Maestro de Ceremonias M\u00e1laga - Maestro de Ceremonias Oficiante de Bodas Civiles y Eventos<\/title>\n<meta name=\"robots\" content=\"index, follow, max-snippet:-1, max-image-preview:large, max-video-preview:-1\" \/>\n<link rel=\"canonical\" href=\"https:\/\/maestrodeceremonias.es\/en\/juan-maestro-de-ceremonias-malaga\/\" \/>\n<meta property=\"og:locale\" content=\"en_GB\" \/>\n<meta property=\"og:type\" content=\"article\" \/>\n<meta property=\"og:title\" content=\"Juan Maestro de Ceremonias M\u00e1laga - Maestro de Ceremonias Oficiante de Bodas Civiles y Eventos\" \/>\n<meta property=\"og:description\" content=\"Uno de los mejores profesionales del sector, serio, elegante y con un toque de humor con mucho estilo. Tiene mucha experiencia presentando eventos tanto corporativos como sociales, es licenciado en la Escuela Superior de Arte Dram\u00e1tico y disfruta mucho con su trabajo y haciendo que los clientes disfruten tambi\u00e9n.\" \/>\n<meta property=\"og:url\" content=\"https:\/\/maestrodeceremonias.es\/en\/juan-maestro-de-ceremonias-malaga\/\" \/>\n<meta property=\"og:site_name\" content=\"Maestro de Ceremonias Oficiante de Bodas Civiles y Eventos\" \/>\n<meta property=\"article:publisher\" content=\"https:\/\/www.facebook.com\/Maestrodeceremonias.presentador\" \/>\n<meta property=\"article:modified_time\" content=\"2024-04-13T17:10:41+00:00\" \/>\n<meta property=\"og:image\" content=\"https:\/\/maestrodeceremonias.es\/wp-content\/uploads\/2024\/04\/Juan-C-Maestro-de-Ceremonias-Malaga-Oficiante-1.jpg\" \/>\n<meta name=\"twitter:card\" content=\"summary_large_image\" \/>\n<meta name=\"twitter:site\" content=\"@presentador_mc\" \/>\n<meta name=\"twitter:label1\" content=\"Estimated reading time\" \/>\n\t<meta name=\"twitter:data1\" content=\"2 minutes\" \/>\n<script type=\"application\/ld+json\" class=\"yoast-schema-graph\">{\"@context\":\"https:\/\/schema.org\",\"@graph\":[{\"@type\":\"WebPage\",\"@id\":\"https:\/\/maestrodeceremonias.es\/juan-maestro-de-ceremonias-malaga\/\",\"url\":\"https:\/\/maestrodeceremonias.es\/juan-maestro-de-ceremonias-malaga\/\",\"name\":\"Juan Maestro de Ceremonias M\u00e1laga - Maestro de Ceremonias Oficiante de Bodas Civiles y Eventos\",\"isPartOf\":{\"@id\":\"https:\/\/maestrodeceremonias.es\/#website\"},\"primaryImageOfPage\":{\"@id\":\"https:\/\/maestrodeceremonias.es\/juan-maestro-de-ceremonias-malaga\/#primaryimage\"},\"image\":{\"@id\":\"https:\/\/maestrodeceremonias.es\/juan-maestro-de-ceremonias-malaga\/#primaryimage\"},\"thumbnailUrl\":\"https:\/\/maestrodeceremonias.es\/wp-content\/uploads\/2024\/04\/Juan-C-Maestro-de-Ceremonias-Malaga-Oficiante-1.jpg\",\"datePublished\":\"2024-04-13T17:08:47+00:00\",\"dateModified\":\"2024-04-13T17:10:41+00:00\",\"breadcrumb\":{\"@id\":\"https:\/\/maestrodeceremonias.es\/juan-maestro-de-ceremonias-malaga\/#breadcrumb\"},\"inLanguage\":\"en-GB\",\"potentialAction\":[{\"@type\":\"ReadAction\",\"target\":[\"https:\/\/maestrodeceremonias.es\/juan-maestro-de-ceremonias-malaga\/\"]}]},{\"@type\":\"ImageObject\",\"inLanguage\":\"en-GB\",\"@id\":\"https:\/\/maestrodeceremonias.es\/juan-maestro-de-ceremonias-malaga\/#primaryimage\",\"url\":\"https:\/\/maestrodeceremonias.es\/wp-content\/uploads\/2024\/04\/Juan-C-Maestro-de-Ceremonias-Malaga-Oficiante-1.jpg\",\"contentUrl\":\"https:\/\/maestrodeceremonias.es\/wp-content\/uploads\/2024\/04\/Juan-C-Maestro-de-Ceremonias-Malaga-Oficiante-1.jpg\"},{\"@type\":\"BreadcrumbList\",\"@id\":\"https:\/\/maestrodeceremonias.es\/juan-maestro-de-ceremonias-malaga\/#breadcrumb\",\"itemListElement\":[{\"@type\":\"ListItem\",\"position\":1,\"name\":\"Maestros de ceremonias\",\"item\":\"https:\/\/maestrodeceremonias.es\/\"},{\"@type\":\"ListItem\",\"position\":2,\"name\":\"Juan Maestro de Ceremonias M\u00e1laga\"}]},{\"@type\":\"WebSite\",\"@id\":\"https:\/\/maestrodeceremonias.es\/#website\",\"url\":\"https:\/\/maestrodeceremonias.es\/\",\"name\":\"Maestro de Ceremonias Oficiante de Bodas Civiles y Eventos\",\"description\":\"Necesitas contratar Maestros de Ceremonias Oficiantes de Boda  para tu celebraci\u00f3n de boda civil simb\u00f3lica. P\u00eddenos presupuesto. Prestamos servicio en Madrid y en toda Espa\u00f1a. Speakers y Presentadores de eventos profesionales biling\u00fces en todos los idiomas a un precio asequible. Preg\u00fantanos: email: mc@maestrodeceremonias.es Tel\u00e9fono y Whatsapp: 644 597 199\",\"publisher\":{\"@id\":\"https:\/\/maestrodeceremonias.es\/#organization\"},\"potentialAction\":[{\"@type\":\"SearchAction\",\"target\":{\"@type\":\"EntryPoint\",\"urlTemplate\":\"https:\/\/maestrodeceremonias.es\/?s={search_term_string}\"},\"query-input\":{\"@type\":\"PropertyValueSpecification\",\"valueRequired\":true,\"valueName\":\"search_term_string\"}}],\"inLanguage\":\"en-GB\"},{\"@type\":\"Organization\",\"@id\":\"https:\/\/maestrodeceremonias.es\/#organization\",\"name\":\"Maestro de Ceremonias Oficiante de Bodas Civiles y Eventos\",\"url\":\"https:\/\/maestrodeceremonias.es\/\",\"logo\":{\"@type\":\"ImageObject\",\"inLanguage\":\"en-GB\",\"@id\":\"https:\/\/maestrodeceremonias.es\/#\/schema\/logo\/image\/\",\"url\":\"https:\/\/maestrodeceremonias.es\/wp-content\/uploads\/2023\/07\/Maestro-oficiante-de-Boda-Ceremonia-cabecera-web.jpg\",\"contentUrl\":\"https:\/\/maestrodeceremonias.es\/wp-content\/uploads\/2023\/07\/Maestro-oficiante-de-Boda-Ceremonia-cabecera-web.jpg\",\"width\":960,\"height\":250,\"caption\":\"Maestro de Ceremonias Oficiante de Bodas Civiles y Eventos\"},\"image\":{\"@id\":\"https:\/\/maestrodeceremonias.es\/#\/schema\/logo\/image\/\"},\"sameAs\":[\"https:\/\/www.facebook.com\/Maestrodeceremonias.presentador\",\"https:\/\/x.com\/presentador_mc\",\"https:\/\/www.instagram.com\/maestrosdeceremonias\/\"]}]}<\/script>\n<!-- \/ Yoast SEO plugin. -->","yoast_head_json":{"title":"Juan Maestro de Ceremonias M\u00e1laga - Maestro de Ceremonias Oficiante de Bodas Civiles y Eventos","robots":{"index":"index","follow":"follow","max-snippet":"max-snippet:-1","max-image-preview":"max-image-preview:large","max-video-preview":"max-video-preview:-1"},"canonical":"https:\/\/maestrodeceremonias.es\/en\/juan-maestro-de-ceremonias-malaga\/","og_locale":"en_GB","og_type":"article","og_title":"Juan Maestro de Ceremonias M\u00e1laga - Maestro de Ceremonias Oficiante de Bodas Civiles y Eventos","og_description":"Uno de los mejores profesionales del sector, serio, elegante y con un toque de humor con mucho estilo. Tiene mucha experiencia presentando eventos tanto corporativos como sociales, es licenciado en la Escuela Superior de Arte Dram\u00e1tico y disfruta mucho con su trabajo y haciendo que los clientes disfruten tambi\u00e9n.","og_url":"https:\/\/maestrodeceremonias.es\/en\/juan-maestro-de-ceremonias-malaga\/","og_site_name":"Maestro de Ceremonias Oficiante de Bodas Civiles y Eventos","article_publisher":"https:\/\/www.facebook.com\/Maestrodeceremonias.presentador","article_modified_time":"2024-04-13T17:10:41+00:00","og_image":[{"url":"https:\/\/maestrodeceremonias.es\/wp-content\/uploads\/2024\/04\/Juan-C-Maestro-de-Ceremonias-Malaga-Oficiante-1.jpg","type":"","width":"","height":""}],"twitter_card":"summary_large_image","twitter_site":"@presentador_mc","twitter_misc":{"Estimated reading time":"2 minutes"},"schema":{"@context":"https:\/\/schema.org","@graph":[{"@type":"WebPage","@id":"https:\/\/maestrodeceremonias.es\/juan-maestro-de-ceremonias-malaga\/","url":"https:\/\/maestrodeceremonias.es\/juan-maestro-de-ceremonias-malaga\/","name":"Juan Maestro de Ceremonias M\u00e1laga - Maestro de Ceremonias Oficiante de Bodas Civiles y Eventos","isPartOf":{"@id":"https:\/\/maestrodeceremonias.es\/#website"},"primaryImageOfPage":{"@id":"https:\/\/maestrodeceremonias.es\/juan-maestro-de-ceremonias-malaga\/#primaryimage"},"image":{"@id":"https:\/\/maestrodeceremonias.es\/juan-maestro-de-ceremonias-malaga\/#primaryimage"},"thumbnailUrl":"https:\/\/maestrodeceremonias.es\/wp-content\/uploads\/2024\/04\/Juan-C-Maestro-de-Ceremonias-Malaga-Oficiante-1.jpg","datePublished":"2024-04-13T17:08:47+00:00","dateModified":"2024-04-13T17:10:41+00:00","breadcrumb":{"@id":"https:\/\/maestrodeceremonias.es\/juan-maestro-de-ceremonias-malaga\/#breadcrumb"},"inLanguage":"en-GB","potentialAction":[{"@type":"ReadAction","target":["https:\/\/maestrodeceremonias.es\/juan-maestro-de-ceremonias-malaga\/"]}]},{"@type":"ImageObject","inLanguage":"en-GB","@id":"https:\/\/maestrodeceremonias.es\/juan-maestro-de-ceremonias-malaga\/#primaryimage","url":"https:\/\/maestrodeceremonias.es\/wp-content\/uploads\/2024\/04\/Juan-C-Maestro-de-Ceremonias-Malaga-Oficiante-1.jpg","contentUrl":"https:\/\/maestrodeceremonias.es\/wp-content\/uploads\/2024\/04\/Juan-C-Maestro-de-Ceremonias-Malaga-Oficiante-1.jpg"},{"@type":"BreadcrumbList","@id":"https:\/\/maestrodeceremonias.es\/juan-maestro-de-ceremonias-malaga\/#breadcrumb","itemListElement":[{"@type":"ListItem","position":1,"name":"Maestros de ceremonias","item":"https:\/\/maestrodeceremonias.es\/"},{"@type":"ListItem","position":2,"name":"Juan Maestro de Ceremonias M\u00e1laga"}]},{"@type":"WebSite","@id":"https:\/\/maestrodeceremonias.es\/#website","url":"https:\/\/maestrodeceremonias.es\/","name":"Maestro de Ceremonias Oficiante de Bodas Civiles y Eventos","description":"Necesitas contratar Maestros de Ceremonias Oficiantes de Boda  para tu celebraci\u00f3n de boda civil simb\u00f3lica. P\u00eddenos presupuesto. Prestamos servicio en Madrid y en toda Espa\u00f1a. Speakers y Presentadores de eventos profesionales biling\u00fces en todos los idiomas a un precio asequible. Preg\u00fantanos: email: mc@maestrodeceremonias.es Tel\u00e9fono y Whatsapp: 644 597 199","publisher":{"@id":"https:\/\/maestrodeceremonias.es\/#organization"},"potentialAction":[{"@type":"SearchAction","target":{"@type":"EntryPoint","urlTemplate":"https:\/\/maestrodeceremonias.es\/?s={search_term_string}"},"query-input":{"@type":"PropertyValueSpecification","valueRequired":true,"valueName":"search_term_string"}}],"inLanguage":"en-GB"},{"@type":"Organization","@id":"https:\/\/maestrodeceremonias.es\/#organization","name":"Maestro de Ceremonias Oficiante de Bodas Civiles y Eventos","url":"https:\/\/maestrodeceremonias.es\/","logo":{"@type":"ImageObject","inLanguage":"en-GB","@id":"https:\/\/maestrodeceremonias.es\/#\/schema\/logo\/image\/","url":"https:\/\/maestrodeceremonias.es\/wp-content\/uploads\/2023\/07\/Maestro-oficiante-de-Boda-Ceremonia-cabecera-web.jpg","contentUrl":"https:\/\/maestrodeceremonias.es\/wp-content\/uploads\/2023\/07\/Maestro-oficiante-de-Boda-Ceremonia-cabecera-web.jpg","width":960,"height":250,"caption":"Maestro de Ceremonias Oficiante de Bodas Civiles y Eventos"},"image":{"@id":"https:\/\/maestrodeceremonias.es\/#\/schema\/logo\/image\/"},"sameAs":["https:\/\/www.facebook.com\/Maestrodeceremonias.presentador","https:\/\/x.com\/presentador_mc","https:\/\/www.instagram.com\/maestrosdeceremonias\/"]}]}},"_links":{"self":[{"href":"https:\/\/maestrodeceremonias.es\/en\/wp-json\/wp\/v2\/pages\/2436","targetHints":{"allow":["GET"]}}],"collection":[{"href":"https:\/\/maestrodeceremonias.es\/en\/wp-json\/wp\/v2\/pages"}],"about":[{"href":"https:\/\/maestrodeceremonias.es\/en\/wp-json\/wp\/v2\/types\/page"}],"author":[{"embeddable":true,"href":"https:\/\/maestrodeceremonias.es\/en\/wp-json\/wp\/v2\/users\/1"}],"replies":[{"embeddable":true,"href":"https:\/\/maestrodeceremonias.es\/en\/wp-json\/wp\/v2\/comments?post=2436"}],"version-history":[{"count":2,"href":"https:\/\/maestrodeceremonias.es\/en\/wp-json\/wp\/v2\/pages\/2436\/revisions"}],"predecessor-version":[{"id":2446,"href":"https:\/\/maestrodeceremonias.es\/en\/wp-json\/wp\/v2\/pages\/2436\/revisions\/2446"}],"wp:attachment":[{"href":"https:\/\/maestrodeceremonias.es\/en\/wp-json\/wp\/v2\/media?parent=2436"}],"curies":[{"name":"wp","href":"https:\/\/api.w.org\/{rel}","templated":true}]}}