{"id":68,"date":"2015-10-08T11:04:34","date_gmt":"2015-10-08T11:04:34","guid":{"rendered":"http:\/\/maestrodeceremonias.es\/?page_id=68"},"modified":"2023-06-11T16:29:23","modified_gmt":"2023-06-11T14:29:23","slug":"bilingual-master-of-ceremonies-spain","status":"publish","type":"page","link":"https:\/\/maestrodeceremonias.es\/en\/bilingual-master-of-ceremonies-spain\/","title":{"rendered":"Eventos"},"content":{"rendered":"<h2 class=\"wp-block-heading\">Presentadores de eventos en toda Espa\u00f1a<\/h2>\n\n\n\n<p>Porque tu evento es tu inversi\u00f3n y mantener a la audiencia interesada no puede dejarse al azar.<\/p>\n\n\n\n<h2 class=\"wp-block-heading\"><strong>Presentadores de Eventos Profesionales \u2013 Speakers<\/strong><\/h2>\n\n\n\n<div class=\"wp-block-columns is-layout-flex wp-container-core-columns-is-layout-1 wp-block-columns-is-layout-flex\">\n<div class=\"wp-block-column is-layout-flow wp-block-column-is-layout-flow\">\n<h3 class=\"wp-block-heading\">Las funciones del Presentador profesional del Evento:<a href=\"http:\/\/maestrodeceremonias.es\/wp-content\/uploads\/2015\/10\/UEFA-CHAMPIONS-CLUB-SPEAKER-Maestro-de-Ceremonias.jpg\"><\/a><\/h3>\n\n\n\n<ul class=\"wp-block-list\">\n<li>Presentadores de eventos en toda Espa\u00f1a para captar la atenci\u00f3n dela audiencia y mantener el foco en los objetivos de comunicaci\u00f3n del evento.<\/li>\n\n\n\n<li>\u00a0Hacer llegar tus mensajes de una forma din\u00e1mica y atractiva.<\/li>\n\n\n\n<li>\u00a0Reforzar el recuerdo de la marca y los valores asociados a esta.<\/li>\n<\/ul>\n<\/div>\n\n\n\n<div class=\"wp-block-column is-layout-flow wp-block-column-is-layout-flow\">\n<figure class=\"wp-block-image size-large\"><img loading=\"lazy\" decoding=\"async\" width=\"1024\" height=\"683\" src=\"https:\/\/maestrodeceremonias.es\/wp-content\/uploads\/2015\/10\/UEFA-CHAMPIONS-CLUB-SPEAKER-Maestro-de-Ceremonias-1024x683.jpg\" alt=\"UEFA CHAMPIONS CLUB SPEAKER Maestro de Ceremonias\" class=\"wp-image-71\" srcset=\"https:\/\/maestrodeceremonias.es\/wp-content\/uploads\/2015\/10\/UEFA-CHAMPIONS-CLUB-SPEAKER-Maestro-de-Ceremonias-1024x683.jpg 1024w, https:\/\/maestrodeceremonias.es\/wp-content\/uploads\/2015\/10\/UEFA-CHAMPIONS-CLUB-SPEAKER-Maestro-de-Ceremonias-300x200.jpg 300w, https:\/\/maestrodeceremonias.es\/wp-content\/uploads\/2015\/10\/UEFA-CHAMPIONS-CLUB-SPEAKER-Maestro-de-Ceremonias-768x512.jpg 768w, https:\/\/maestrodeceremonias.es\/wp-content\/uploads\/2015\/10\/UEFA-CHAMPIONS-CLUB-SPEAKER-Maestro-de-Ceremonias-1536x1024.jpg 1536w, https:\/\/maestrodeceremonias.es\/wp-content\/uploads\/2015\/10\/UEFA-CHAMPIONS-CLUB-SPEAKER-Maestro-de-Ceremonias-2048x1365.jpg 2048w\" sizes=\"auto, (max-width: 1024px) 100vw, 1024px\" \/><\/figure>\n<\/div>\n<\/div>\n\n\n\n<div class=\"wp-block-columns is-layout-flex wp-container-core-columns-is-layout-2 wp-block-columns-is-layout-flex\">\n<div class=\"wp-block-column is-layout-flow wp-block-column-is-layout-flow\" style=\"flex-basis:30%\">\n<figure class=\"wp-block-image size-full\"><img loading=\"lazy\" decoding=\"async\" width=\"201\" height=\"322\" src=\"https:\/\/maestrodeceremonias.es\/wp-content\/uploads\/2015\/10\/presentador-eventos-corporativos-biligue-espana1.png\" alt=\"\u00e7events Presenter, Event Host\" class=\"wp-image-129\" srcset=\"https:\/\/maestrodeceremonias.es\/wp-content\/uploads\/2015\/10\/presentador-eventos-corporativos-biligue-espana1.png 201w, https:\/\/maestrodeceremonias.es\/wp-content\/uploads\/2015\/10\/presentador-eventos-corporativos-biligue-espana1-187x300.png 187w\" sizes=\"auto, (max-width: 201px) 100vw, 201px\" \/><\/figure>\n<\/div>\n\n\n\n<div class=\"wp-block-column is-layout-flow wp-block-column-is-layout-flow\" style=\"flex-basis:70%\">\n<h3 class=\"wp-block-heading\">Te proporcionaremos el Maestro de Ceremonias Ideal para tu evento corporativo:<\/h3>\n\n\n\n<ul class=\"wp-block-list\">\n<li>Eficientes y econ\u00f3micos que har\u00e1n tu evento crecer sin que aumente significativamente tu inversi\u00f3n.<\/li>\n\n\n\n<li>\u00a0Actores, periodistas, c\u00f3micos, celebridades que te ayudar\u00e1n a conseguir repercusi\u00f3n medi\u00e1tica de tu evento.<\/li>\n<\/ul>\n\n\n\n<p><strong>&nbsp;<\/strong><a href=\"https:\/\/maestrodeceremonias.es\/en\/\" target=\"_blank\" rel=\"noreferrer noopener\"><strong>www.maestrodeceremonias.es<\/strong><\/a><\/p>\n\n\n\n<p>P\u00eddenos presupuesto para tu gala de entrega de premios, presentaci\u00f3n de producto, road show, team building, presentaciones desde personaje, cena espect\u00e1culo\u2026<\/p>\n\n\n\n<p>En 24 horas te enviamos la disponibilidad y el presupuesto que se ajusta a tus necesidades.<\/p>\n<\/div>\n<\/div>\n\n\n\n<p>Presentadores de eventos en toda Espa\u00f1a\u00a0bilingual master of ceremonies spain.<\/p>\n\n\n\n<p>La tranquilidad de confiar su evento, ceremonia o producci\u00f3n a un profesional que se ajustar\u00e1 a los requerimientos del cliente para cada evento en particular.<\/p>\n\n\n\n<ul class=\"wp-block-list\">\n<li>Transmitir lo mensajes y objetivos de comunicaci\u00f3n.<\/li>\n\n\n\n<li>Ajustarse al tono deseado por el cliente, grado de seriedad o desenfado.<\/li>\n\n\n\n<li>Ejecuci\u00f3n del evento con la energ\u00eda ajustada a los requerimientos del tipo de evento.<\/li>\n\n\n\n<li>Capacidad de resoluci\u00f3n de imprevistos y de liderar el evento.<\/li>\n\n\n\n<li>Trabajo en equipo con la agencia, el cliente y el personal del local del evento.<\/li>\n\n\n\n<li>Soporte en la guionizaci\u00f3n del evento.<\/li>\n<\/ul>\n\n\n\n<p>Presentadores de eventos en toda Espa\u00f1a<\/p>\n\n\n\n<p>\u2013 Cliente final: Hotel Palace, Peugeot Scooters, Federaci\u00f3n Europea de Aerosol, AEDA, Repsol,<br>Compaq, Hp, Leroy Merlin, Coca Cola, Movistar, Orange, Oracle, Eventos y Proyectos, La quinta<br>del Jarama, MAKRO, Brugal, Grupo Sodexo, Baloncesto Estudiantes, Genexies Mobile, Makro,<br>La Caixa, NH Hoteles, Fundaci\u00f3n S\u00edndrome de Down de Madrid, Fundaci\u00f3n leucemia y linfoma,<br>Licores \u00c1lvarez, La Caixa, Paradores Nacionales, Banca c\u00edvica, AC Hoteles, Bergstrom, THALES<br>GROUP, Heineken, Affligem, Millessime, DentSply, Smuggler\u00b4s GIN, Estacion Gourmet,<br>Mercedes Benz, UEFA, DAF, Hesperia Hoteles, Westin Palace, AEGVE, Ferrovial, Thandem,<br>Grupo TIENS \u2026<br>\u2013 Agencias: Ogivly, Grupo Pac\u00edfico, Pressettes company, Adoria Sport, Blaukamara, Happening,<br>QK events, De F\u00e1bula, Bliss eventos, Tango Comunicaci\u00f3n, Thinkorchard, AIM, Gross Roots, QK<br>Events, Comunica +A, Totalisimo, AIM Events, Tira del Hilo \u2026<br>\u2013 Productoras: Tele 5, Antena 3, TVE 1, Ida y Vuelta, Boomerang, Globomedia, Ganga, Bamb\u00fa<br>produciones, Sr. Gordo, Videomedia, Multimedia Resources, Fish Fims, Producciones J\u00fapiter\u2026<\/p>\n\n\n\n<p>Necesito un presentador o<a href=\"http:\/\/www.presetadordeeventos.com\/\">\u00a0presentadora para un evento<\/a>\u00a0en Madrid, Barcelona, M\u00e1laga, Valencia, Alicante, Bilbao\u2026 en toda Espa\u00f1a, ll\u00e1manos.<\/p>\n\n\n\n<h2 class=\"wp-block-heading\">Nuestras etiquetas<\/h2>\n\n\n\n<p>Oficiantes de bodas, Ceremonia civil, recreaci\u00f3n de ceremonias, Recreaci\u00f3n, organizaci\u00f3n, eventos, recreaci\u00f3n boda, sal\u00f3n de bodas, enlace matrimonial, representaci\u00f3n, boda, enlace matrimonial, esponsales civiles, renovaci\u00f3n de votos matrimoniales, Aniversarios de boda, wedding planners, m\u00fasica para bodas, cumplea\u00f1os, Servicios para Eventos, Organizador de Eventos, buscar organizadores, organizar eventos, organizador de matrimonios, organizador de fiestas, organizador de eventos , organizador de graduaciones, servicios de Bautizos y Nacimientos, Matrimonios, Conciertos, Cumplea\u00f1os, Despedidas, Eventos de Beneficencia, Eventos Empresariales, Premieres, Shows, Espect\u00e1culos, Presentador Team building ,Oficiante de bodas, Animaci\u00f3n de boda, Oficiantes para bodas, Proveedores Oficiantes para bodas, Bodas simb\u00f3licas, Ceremonias laicas, Boda parip\u00e9, Animaci\u00f3n ceremonias, Bodas tem\u00e1ticas, Proveedores eventos, Proveedores Boda, Precio ceremonia de Boda, Precio Ceremonia civil, gui\u00f3n ceremonia civil, gui\u00f3n bodas de plata, guion bodas de oro, Oficiante biling\u00fce, Maestro de ceremonias bilingue, Oficiante en ingl\u00e9s, Boda en Franc\u00e9s, Boda en Italiano, Boda en Portugu\u00e9s, Boda en Alem\u00e1n, Master of Ceremonies, A Coruna, Alava, Albacete, Alicante, Almeria, Asturias, Avila, Badajoz, Baleares, Barcelona, Burgos, Caceres, Cadiz, Cantabria, Castellon, Ceuta, Ciudad Real, Cordoba, Cuenca, Girona, Granada, Guadalajara, Guipuzcoa, Huelva, Huesca, Jaen, La Rioja, Las Palmas, Leon, Lleida, Lugo, Madrid, Malaga, Melilla, Murcia, Navarra, Ourense, Palencia, Pontevedra, Salamanca, Tenerife, Segovia, Sevilla, Soria, Tarragona, Teruel, Toledo, Valencia, Valladolid, Vizcaya, Zamora, Zaragoza, Andaluc\u00eda, Arag\u00f3n, Principado De Asturias, Baleares, Canarias, Cantabria, Castilla-La Mancha, Castilla Y Le\u00f3n, Catalu\u00f1a, Extremadura, Galicia, La Rioja, Comunidad de Madrid, Regi\u00f3n de Murcia, Comunidad Foral de Navarra, Pa\u00eds Vasco, Comunidad Valenciana, Ceuta, Melilla,<\/p>","protected":false},"excerpt":{"rendered":"<p>Presentadores de eventos en toda Espa\u00f1a Porque tu evento es tu inversi\u00f3n y mantener a la audiencia interesada no puede dejarse al azar. Presentadores de Eventos Profesionales \u2013 Speakers Las funciones del Presentador profesional del Evento: Te proporcionaremos el Maestro de Ceremonias Ideal para tu evento corporativo: &nbsp;www.maestrodeceremonias.es P\u00eddenos presupuesto para tu gala de entrega [&hellip;]<\/p>\n","protected":false},"author":1,"featured_media":0,"parent":0,"menu_order":0,"comment_status":"closed","ping_status":"closed","template":"","meta":{"_monsterinsights_skip_tracking":false,"_monsterinsights_sitenote_active":false,"_monsterinsights_sitenote_note":"","_monsterinsights_sitenote_category":0,"_joinchat":[],"footnotes":""},"class_list":["post-68","page","type-page","status-publish","hentry"],"blocksy_meta":[],"yoast_head":"<!-- This site is optimized with the Yoast SEO plugin v26.8 - https:\/\/yoast.com\/product\/yoast-seo-wordpress\/ -->\n<title>Presentadores de eventos en toda Espa\u00f1a<\/title>\n<meta name=\"description\" content=\"presentadores de eventos en Espa\u00f1a Profesionales corporativos y sociales, presentaci\u00f3n de productos, congresos, fiestas bilingual master of ceremonies spain\" \/>\n<meta name=\"robots\" content=\"index, follow, max-snippet:-1, max-image-preview:large, max-video-preview:-1\" \/>\n<link rel=\"canonical\" href=\"https:\/\/maestrodeceremonias.es\/en\/bilingual-master-of-ceremonies-spain\/\" \/>\n<meta property=\"og:locale\" content=\"en_GB\" \/>\n<meta property=\"og:type\" content=\"article\" \/>\n<meta property=\"og:title\" content=\"Presentadores de eventos en toda Espa\u00f1a\" \/>\n<meta property=\"og:description\" content=\"presentadores de eventos en Espa\u00f1a Profesionales corporativos y sociales, presentaci\u00f3n de productos, congresos, fiestas bilingual master of ceremonies spain\" \/>\n<meta property=\"og:url\" content=\"https:\/\/maestrodeceremonias.es\/en\/bilingual-master-of-ceremonies-spain\/\" \/>\n<meta property=\"og:site_name\" content=\"Maestro de Ceremonias Oficiante de Bodas Civiles y Eventos\" \/>\n<meta property=\"article:publisher\" content=\"https:\/\/www.facebook.com\/Maestrodeceremonias.presentador\" \/>\n<meta property=\"article:modified_time\" content=\"2023-06-11T14:29:23+00:00\" \/>\n<meta property=\"og:image\" content=\"https:\/\/maestrodeceremonias.es\/wp-content\/uploads\/2015\/10\/UEFA-CHAMPIONS-CLUB-SPEAKER-Maestro-de-Ceremonias-1024x683.jpg\" \/>\n<meta name=\"twitter:card\" content=\"summary_large_image\" \/>\n<meta name=\"twitter:site\" content=\"@presentador_mc\" \/>\n<meta name=\"twitter:label1\" content=\"Estimated reading time\" \/>\n\t<meta name=\"twitter:data1\" content=\"4 minutes\" \/>\n<script type=\"application\/ld+json\" class=\"yoast-schema-graph\">{\"@context\":\"https:\/\/schema.org\",\"@graph\":[{\"@type\":\"WebPage\",\"@id\":\"https:\/\/maestrodeceremonias.es\/bilingual-master-of-ceremonies-spain\/\",\"url\":\"https:\/\/maestrodeceremonias.es\/bilingual-master-of-ceremonies-spain\/\",\"name\":\"Presentadores de eventos en toda Espa\u00f1a\",\"isPartOf\":{\"@id\":\"https:\/\/maestrodeceremonias.es\/#website\"},\"primaryImageOfPage\":{\"@id\":\"https:\/\/maestrodeceremonias.es\/bilingual-master-of-ceremonies-spain\/#primaryimage\"},\"image\":{\"@id\":\"https:\/\/maestrodeceremonias.es\/bilingual-master-of-ceremonies-spain\/#primaryimage\"},\"thumbnailUrl\":\"https:\/\/maestrodeceremonias.es\/wp-content\/uploads\/2015\/10\/UEFA-CHAMPIONS-CLUB-SPEAKER-Maestro-de-Ceremonias-1024x683.jpg\",\"datePublished\":\"2015-10-08T11:04:34+00:00\",\"dateModified\":\"2023-06-11T14:29:23+00:00\",\"description\":\"presentadores de eventos en Espa\u00f1a Profesionales corporativos y sociales, presentaci\u00f3n de productos, congresos, fiestas bilingual master of ceremonies spain\",\"breadcrumb\":{\"@id\":\"https:\/\/maestrodeceremonias.es\/bilingual-master-of-ceremonies-spain\/#breadcrumb\"},\"inLanguage\":\"en-GB\",\"potentialAction\":[{\"@type\":\"ReadAction\",\"target\":[\"https:\/\/maestrodeceremonias.es\/bilingual-master-of-ceremonies-spain\/\"]}]},{\"@type\":\"ImageObject\",\"inLanguage\":\"en-GB\",\"@id\":\"https:\/\/maestrodeceremonias.es\/bilingual-master-of-ceremonies-spain\/#primaryimage\",\"url\":\"https:\/\/maestrodeceremonias.es\/wp-content\/uploads\/2015\/10\/UEFA-CHAMPIONS-CLUB-SPEAKER-Maestro-de-Ceremonias-1024x683.jpg\",\"contentUrl\":\"https:\/\/maestrodeceremonias.es\/wp-content\/uploads\/2015\/10\/UEFA-CHAMPIONS-CLUB-SPEAKER-Maestro-de-Ceremonias-1024x683.jpg\"},{\"@type\":\"BreadcrumbList\",\"@id\":\"https:\/\/maestrodeceremonias.es\/bilingual-master-of-ceremonies-spain\/#breadcrumb\",\"itemListElement\":[{\"@type\":\"ListItem\",\"position\":1,\"name\":\"Maestros de ceremonias\",\"item\":\"https:\/\/maestrodeceremonias.es\/\"},{\"@type\":\"ListItem\",\"position\":2,\"name\":\"Eventos\"}]},{\"@type\":\"WebSite\",\"@id\":\"https:\/\/maestrodeceremonias.es\/#website\",\"url\":\"https:\/\/maestrodeceremonias.es\/\",\"name\":\"Maestro de Ceremonias Oficiante de Bodas Civiles y Eventos\",\"description\":\"Necesitas contratar Maestros de Ceremonias Oficiantes de Boda  para tu celebraci\u00f3n de boda civil simb\u00f3lica. P\u00eddenos presupuesto. Prestamos servicio en Madrid y en toda Espa\u00f1a. Speakers y Presentadores de eventos profesionales biling\u00fces en todos los idiomas a un precio asequible. Preg\u00fantanos: email: mc@maestrodeceremonias.es Tel\u00e9fono y Whatsapp: 644 597 199\",\"publisher\":{\"@id\":\"https:\/\/maestrodeceremonias.es\/#organization\"},\"potentialAction\":[{\"@type\":\"SearchAction\",\"target\":{\"@type\":\"EntryPoint\",\"urlTemplate\":\"https:\/\/maestrodeceremonias.es\/?s={search_term_string}\"},\"query-input\":{\"@type\":\"PropertyValueSpecification\",\"valueRequired\":true,\"valueName\":\"search_term_string\"}}],\"inLanguage\":\"en-GB\"},{\"@type\":\"Organization\",\"@id\":\"https:\/\/maestrodeceremonias.es\/#organization\",\"name\":\"Maestro de Ceremonias Oficiante de Bodas Civiles y Eventos\",\"url\":\"https:\/\/maestrodeceremonias.es\/\",\"logo\":{\"@type\":\"ImageObject\",\"inLanguage\":\"en-GB\",\"@id\":\"https:\/\/maestrodeceremonias.es\/#\/schema\/logo\/image\/\",\"url\":\"https:\/\/maestrodeceremonias.es\/wp-content\/uploads\/2023\/07\/Maestro-oficiante-de-Boda-Ceremonia-cabecera-web.jpg\",\"contentUrl\":\"https:\/\/maestrodeceremonias.es\/wp-content\/uploads\/2023\/07\/Maestro-oficiante-de-Boda-Ceremonia-cabecera-web.jpg\",\"width\":960,\"height\":250,\"caption\":\"Maestro de Ceremonias Oficiante de Bodas Civiles y Eventos\"},\"image\":{\"@id\":\"https:\/\/maestrodeceremonias.es\/#\/schema\/logo\/image\/\"},\"sameAs\":[\"https:\/\/www.facebook.com\/Maestrodeceremonias.presentador\",\"https:\/\/x.com\/presentador_mc\",\"https:\/\/www.instagram.com\/maestrosdeceremonias\/\"]}]}<\/script>\n<!-- \/ Yoast SEO plugin. -->","yoast_head_json":{"title":"Presentadores de eventos en toda Espa\u00f1a","description":"presentadores de eventos en Espa\u00f1a Profesionales corporativos y sociales, presentaci\u00f3n de productos, congresos, fiestas bilingual master of ceremonies spain","robots":{"index":"index","follow":"follow","max-snippet":"max-snippet:-1","max-image-preview":"max-image-preview:large","max-video-preview":"max-video-preview:-1"},"canonical":"https:\/\/maestrodeceremonias.es\/en\/bilingual-master-of-ceremonies-spain\/","og_locale":"en_GB","og_type":"article","og_title":"Presentadores de eventos en toda Espa\u00f1a","og_description":"presentadores de eventos en Espa\u00f1a Profesionales corporativos y sociales, presentaci\u00f3n de productos, congresos, fiestas bilingual master of ceremonies spain","og_url":"https:\/\/maestrodeceremonias.es\/en\/bilingual-master-of-ceremonies-spain\/","og_site_name":"Maestro de Ceremonias Oficiante de Bodas Civiles y Eventos","article_publisher":"https:\/\/www.facebook.com\/Maestrodeceremonias.presentador","article_modified_time":"2023-06-11T14:29:23+00:00","og_image":[{"url":"https:\/\/maestrodeceremonias.es\/wp-content\/uploads\/2015\/10\/UEFA-CHAMPIONS-CLUB-SPEAKER-Maestro-de-Ceremonias-1024x683.jpg","type":"","width":"","height":""}],"twitter_card":"summary_large_image","twitter_site":"@presentador_mc","twitter_misc":{"Estimated reading time":"4 minutes"},"schema":{"@context":"https:\/\/schema.org","@graph":[{"@type":"WebPage","@id":"https:\/\/maestrodeceremonias.es\/bilingual-master-of-ceremonies-spain\/","url":"https:\/\/maestrodeceremonias.es\/bilingual-master-of-ceremonies-spain\/","name":"Presentadores de eventos en toda Espa\u00f1a","isPartOf":{"@id":"https:\/\/maestrodeceremonias.es\/#website"},"primaryImageOfPage":{"@id":"https:\/\/maestrodeceremonias.es\/bilingual-master-of-ceremonies-spain\/#primaryimage"},"image":{"@id":"https:\/\/maestrodeceremonias.es\/bilingual-master-of-ceremonies-spain\/#primaryimage"},"thumbnailUrl":"https:\/\/maestrodeceremonias.es\/wp-content\/uploads\/2015\/10\/UEFA-CHAMPIONS-CLUB-SPEAKER-Maestro-de-Ceremonias-1024x683.jpg","datePublished":"2015-10-08T11:04:34+00:00","dateModified":"2023-06-11T14:29:23+00:00","description":"presentadores de eventos en Espa\u00f1a Profesionales corporativos y sociales, presentaci\u00f3n de productos, congresos, fiestas bilingual master of ceremonies spain","breadcrumb":{"@id":"https:\/\/maestrodeceremonias.es\/bilingual-master-of-ceremonies-spain\/#breadcrumb"},"inLanguage":"en-GB","potentialAction":[{"@type":"ReadAction","target":["https:\/\/maestrodeceremonias.es\/bilingual-master-of-ceremonies-spain\/"]}]},{"@type":"ImageObject","inLanguage":"en-GB","@id":"https:\/\/maestrodeceremonias.es\/bilingual-master-of-ceremonies-spain\/#primaryimage","url":"https:\/\/maestrodeceremonias.es\/wp-content\/uploads\/2015\/10\/UEFA-CHAMPIONS-CLUB-SPEAKER-Maestro-de-Ceremonias-1024x683.jpg","contentUrl":"https:\/\/maestrodeceremonias.es\/wp-content\/uploads\/2015\/10\/UEFA-CHAMPIONS-CLUB-SPEAKER-Maestro-de-Ceremonias-1024x683.jpg"},{"@type":"BreadcrumbList","@id":"https:\/\/maestrodeceremonias.es\/bilingual-master-of-ceremonies-spain\/#breadcrumb","itemListElement":[{"@type":"ListItem","position":1,"name":"Maestros de ceremonias","item":"https:\/\/maestrodeceremonias.es\/"},{"@type":"ListItem","position":2,"name":"Eventos"}]},{"@type":"WebSite","@id":"https:\/\/maestrodeceremonias.es\/#website","url":"https:\/\/maestrodeceremonias.es\/","name":"Maestro de Ceremonias Oficiante de Bodas Civiles y Eventos","description":"Necesitas contratar Maestros de Ceremonias Oficiantes de Boda  para tu celebraci\u00f3n de boda civil simb\u00f3lica. P\u00eddenos presupuesto. Prestamos servicio en Madrid y en toda Espa\u00f1a. Speakers y Presentadores de eventos profesionales biling\u00fces en todos los idiomas a un precio asequible. Preg\u00fantanos: email: mc@maestrodeceremonias.es Tel\u00e9fono y Whatsapp: 644 597 199","publisher":{"@id":"https:\/\/maestrodeceremonias.es\/#organization"},"potentialAction":[{"@type":"SearchAction","target":{"@type":"EntryPoint","urlTemplate":"https:\/\/maestrodeceremonias.es\/?s={search_term_string}"},"query-input":{"@type":"PropertyValueSpecification","valueRequired":true,"valueName":"search_term_string"}}],"inLanguage":"en-GB"},{"@type":"Organization","@id":"https:\/\/maestrodeceremonias.es\/#organization","name":"Maestro de Ceremonias Oficiante de Bodas Civiles y Eventos","url":"https:\/\/maestrodeceremonias.es\/","logo":{"@type":"ImageObject","inLanguage":"en-GB","@id":"https:\/\/maestrodeceremonias.es\/#\/schema\/logo\/image\/","url":"https:\/\/maestrodeceremonias.es\/wp-content\/uploads\/2023\/07\/Maestro-oficiante-de-Boda-Ceremonia-cabecera-web.jpg","contentUrl":"https:\/\/maestrodeceremonias.es\/wp-content\/uploads\/2023\/07\/Maestro-oficiante-de-Boda-Ceremonia-cabecera-web.jpg","width":960,"height":250,"caption":"Maestro de Ceremonias Oficiante de Bodas Civiles y Eventos"},"image":{"@id":"https:\/\/maestrodeceremonias.es\/#\/schema\/logo\/image\/"},"sameAs":["https:\/\/www.facebook.com\/Maestrodeceremonias.presentador","https:\/\/x.com\/presentador_mc","https:\/\/www.instagram.com\/maestrosdeceremonias\/"]}]}},"_links":{"self":[{"href":"https:\/\/maestrodeceremonias.es\/en\/wp-json\/wp\/v2\/pages\/68","targetHints":{"allow":["GET"]}}],"collection":[{"href":"https:\/\/maestrodeceremonias.es\/en\/wp-json\/wp\/v2\/pages"}],"about":[{"href":"https:\/\/maestrodeceremonias.es\/en\/wp-json\/wp\/v2\/types\/page"}],"author":[{"embeddable":true,"href":"https:\/\/maestrodeceremonias.es\/en\/wp-json\/wp\/v2\/users\/1"}],"replies":[{"embeddable":true,"href":"https:\/\/maestrodeceremonias.es\/en\/wp-json\/wp\/v2\/comments?post=68"}],"version-history":[{"count":0,"href":"https:\/\/maestrodeceremonias.es\/en\/wp-json\/wp\/v2\/pages\/68\/revisions"}],"wp:attachment":[{"href":"https:\/\/maestrodeceremonias.es\/en\/wp-json\/wp\/v2\/media?parent=68"}],"curies":[{"name":"wp","href":"https:\/\/api.w.org\/{rel}","templated":true}]}}