{"id":78,"date":"2015-10-08T11:26:02","date_gmt":"2015-10-08T11:26:02","guid":{"rendered":"http:\/\/maestrodeceremonias.es\/?page_id=78"},"modified":"2023-10-17T17:20:26","modified_gmt":"2023-10-17T15:20:26","slug":"animacion-de-ceremonias-bodas-de-fantasia-y-eventos","status":"publish","type":"page","link":"https:\/\/maestrodeceremonias.es\/en\/animacion-de-ceremonias-bodas-de-fantasia-y-eventos\/","title":{"rendered":"Animaci\u00f3n de ceremonias y eventos en Espa\u00f1a"},"content":{"rendered":"<h2 class=\"wp-block-heading has-palette-color-2-color has-text-color\"><strong>Haz diferente tu Ceremonia de boda civil, Celebraci\u00f3n o Evento<\/strong>.<\/h2>\n\n\n\n<h3 class=\"wp-block-heading\">Animaci\u00f3n de ceremonias bodas de fantas\u00eda y eventos.<\/h3>\n\n\n\n<div class=\"wp-block-columns is-layout-flex wp-container-core-columns-is-layout-1 wp-block-columns-is-layout-flex\">\n<div class=\"wp-block-column is-layout-flow wp-block-column-is-layout-flow\" style=\"flex-basis:33.33%\">\n<figure class=\"wp-block-image size-full\"><img loading=\"lazy\" decoding=\"async\" width=\"800\" height=\"450\" src=\"https:\/\/maestrodeceremonias.es\/wp-content\/uploads\/2015\/10\/ELVIS-maestro-de-ceremonias-de-boda-civil.jpg\" alt=\"\" class=\"wp-image-793\" srcset=\"https:\/\/maestrodeceremonias.es\/wp-content\/uploads\/2015\/10\/ELVIS-maestro-de-ceremonias-de-boda-civil.jpg 800w, https:\/\/maestrodeceremonias.es\/wp-content\/uploads\/2015\/10\/ELVIS-maestro-de-ceremonias-de-boda-civil-300x169.jpg 300w, https:\/\/maestrodeceremonias.es\/wp-content\/uploads\/2015\/10\/ELVIS-maestro-de-ceremonias-de-boda-civil-768x432.jpg 768w\" sizes=\"auto, (max-width: 800px) 100vw, 800px\" \/><\/figure>\n<\/div>\n\n\n\n<div class=\"wp-block-column is-layout-flow wp-block-column-is-layout-flow\" style=\"flex-basis:66.66%\">\n<p><strong>Bodas de Fantas\u00eda, Animaci\u00f3n de eventos Bodas de Fantas\u00eda y Eventos:<\/strong> Si deseas celebrar tu matrimonio con una ceremonia original solo tienes que pedirlo. Bodas roqueras, bodas medievales, bodas terror\u00edficas, bodas ibicencas, bodas romanas, bodas cowboy. O si <a href=\"https:\/\/maestrodeceremonias.es\/en\/elvis-maestro-de-ceremonias-estilo-las-vegas\/\">deseas que te case Elvis<\/a>, el Marques de Sade, El padrino, &#8230;<\/p>\n<\/div>\n<\/div>\n\n\n\n<div class=\"wp-block-columns is-layout-flex wp-container-core-columns-is-layout-2 wp-block-columns-is-layout-flex\">\n<div class=\"wp-block-column is-layout-flow wp-block-column-is-layout-flow\" style=\"flex-basis:33.33%\">\n<figure class=\"wp-block-image size-large\"><img loading=\"lazy\" decoding=\"async\" width=\"1024\" height=\"924\" src=\"https:\/\/maestrodeceremonias.es\/wp-content\/uploads\/2015\/10\/El-Padrino-1024x924.jpg\" alt=\"\" class=\"wp-image-827\" srcset=\"https:\/\/maestrodeceremonias.es\/wp-content\/uploads\/2015\/10\/El-Padrino-1024x924.jpg 1024w, https:\/\/maestrodeceremonias.es\/wp-content\/uploads\/2015\/10\/El-Padrino-300x271.jpg 300w, https:\/\/maestrodeceremonias.es\/wp-content\/uploads\/2015\/10\/El-Padrino-768x693.jpg 768w, https:\/\/maestrodeceremonias.es\/wp-content\/uploads\/2015\/10\/El-Padrino-1536x1386.jpg 1536w, https:\/\/maestrodeceremonias.es\/wp-content\/uploads\/2015\/10\/El-Padrino-2048x1848.jpg 2048w\" sizes=\"auto, (max-width: 1024px) 100vw, 1024px\" \/><\/figure>\n<\/div>\n\n\n\n<div class=\"wp-block-column is-layout-flow wp-block-column-is-layout-flow\" style=\"flex-basis:66.66%\">\n<p><strong>Personajes Infiltrados:<\/strong> Ameniza y sorprende infiltrando en una fiesta, cena, despedida de soltero o banquete de boda un camarero infiltrado, un invitado descarado, un polic\u00eda secreto\u2026 Actores profesionales experimentados que sabr\u00e1n crear situaciones tensas y divertidas pero controladas en todo momento.<\/p>\n\n\n\n<p><strong>Pasajes del terror:<\/strong> Recorrido terror\u00edfico que se puede montar en cualquier evento en el que divertirse con zombis, vampiros, hombres lobo, pose\u00eddos, reptiles\u2026 Tu eliges.<\/p>\n<\/div>\n<\/div>\n\n\n\n<p><strong>M\u00fasica en directo:<\/strong> M\u00fasicos profesionales con formaci\u00f3n superior y al m\u00e1s alto nivel de calidad musical. Te proporcionamos un amplio repertorio y la posibilidad de elegir diferentes formaciones, solo, duo terceto, cuarteto\u2026 hasta una orquesta sinf\u00f3nica en funci\u00f3n de la magnitud de tu evento y tu presupuesto. Preg\u00fantanos y te asesoramos.<\/p>\n\n\n\n<div class=\"wp-block-columns is-layout-flex wp-container-core-columns-is-layout-3 wp-block-columns-is-layout-flex\">\n<div class=\"wp-block-column is-layout-flow wp-block-column-is-layout-flow\" style=\"flex-basis:33.33%\">\n<figure class=\"wp-block-image size-full\"><img loading=\"lazy\" decoding=\"async\" width=\"556\" height=\"817\" src=\"https:\/\/maestrodeceremonias.es\/wp-content\/uploads\/2015\/10\/Maestro-de-ceremonias-animaciones.jpg\" alt=\"Personajes infiltrados\" class=\"wp-image-79\" srcset=\"https:\/\/maestrodeceremonias.es\/wp-content\/uploads\/2015\/10\/Maestro-de-ceremonias-animaciones.jpg 556w, https:\/\/maestrodeceremonias.es\/wp-content\/uploads\/2015\/10\/Maestro-de-ceremonias-animaciones-204x300.jpg 204w\" sizes=\"auto, (max-width: 556px) 100vw, 556px\" \/><\/figure>\n<\/div>\n\n\n\n<div class=\"wp-block-column is-layout-flow wp-block-column-is-layout-flow\" style=\"flex-basis:66.66%\">\n<p><strong>Mon\u00f3logos C\u00f3micos:<\/strong> Para contratar monologuistas para tu evento, mon\u00f3logos para tu despedida, para tu cena de empresa.<\/p>\n\n\n\n<p><strong>Improvisaci\u00f3n:<\/strong> Un show de improvisaci\u00f3n con los mejores actores en el que pod\u00e9is pasarlo bien participar y elegir el tema, incluso aprender la t\u00e9cnica b\u00e1sica de la improvisaci\u00f3n.<\/p>\n\n\n\n<p><strong>Teambuilding:<\/strong> Ginkanas, Coach grupal musical,<\/p>\n\n\n\n<p><strong>Video-Regalos:<\/strong> Regala un original video en tono de humor con la historia de la persona\/s, m\u00fasica, dibujos animados, imitaci\u00f3n de voces\u2026 Un regalo para toda la vida directo al coraz\u00f3n, Animaci\u00f3n de ceremonias y eventos.<\/p>\n\n\n\n<p><strong>Conciertos pedag\u00f3gicos infantiles:<\/strong> Espect\u00e1culos para que los ni\u00f1os disfruten de la m\u00fasica y aprendan. homologados por la comunidad y el ayuntamiento de Madrid.<\/p>\n\n\n\n<p><strong>Teatro para la Vida o Teatro para la empresa:<\/strong> Talleres basados en las t\u00e9cnicas de coach y la interpretaci\u00f3n para desarrollar habilidades.<\/p>\n<\/div>\n<\/div>\n\n\n\n<div class=\"wp-block-columns is-layout-flex wp-container-core-columns-is-layout-4 wp-block-columns-is-layout-flex\">\n<div class=\"wp-block-column is-layout-flow wp-block-column-is-layout-flow\">\n<p class=\"has-text-align-left\"><a href=\"https:\/\/maestrodeceremonias.es\/en\/\"><strong>www.maestrodeceremonias.es<\/strong><\/a><\/p>\n\n\n\n<p><strong>P\u00eddenos presupuesto sin compromiso para Animaci\u00f3n de ceremonias bodas de fantas\u00eda y eventos.<\/strong><\/p>\n\n\n\n<p>Boda de Elvis, Elvis Maestro de Ceremonias, Elvis para Eventos, Casarse en la vegas, Las vegas Chapel Madrid, Capilla de Elvis, que me case Elvis Presley, Elvis oficiando ceremonias de boda civil, Elvis en mi boda, Casarse en Las Vegas en Madrid, Elvis para bodas, Boda tipo Elvis, Reverendo Elvis en Madrid, Ceremonia Estilo las vegas.<\/p>\n<\/div>\n\n\n\n<div class=\"wp-block-column is-layout-flow wp-block-column-is-layout-flow\"><div class='fluentform ff-default fluentform_wrapper_3 ffs_default_wrap'><form data-form_id=\"3\" id=\"fluentform_3\" class=\"frm-fluent-form fluent_form_3 ff-el-form-top ff_form_instance_3_1 ff-form-loading ff_has_v3_recptcha ffs_default\" data-form_instance=\"ff_form_instance_3_1\" method=\"POST\" data-recptcha_key=\"6LetqIAmAAAAAL1k1BmUALqCK3wk5Zzj-4ZFUzwI\" action=\"\" ><fieldset  style=\"border: none!important;margin: 0!important;padding: 0!important;background-color: transparent!important;box-shadow: none!important;outline: none!important; min-inline-size: 100%;\">\n                    <legend class=\"ff_screen_reader_title\" style=\"display: block; margin: 0!important;padding: 0!important;height: 0!important;text-indent: -999999px;width: 0!important;overflow:hidden;\">Contacto<\/legend>        <div\n                style=\"display: none!important; position: absolute!important; transform: translateX(1000%)!important;\"\n                class=\"ff-el-group ff-hpsf-container\"\n        >\n            <div class=\"ff-el-input--label asterisk-right\">\n                <label for=\"ff_3_item_sf\" aria-label=\"Notify\">\n                    Notify                <\/label>\n            <\/div>\n            <div class=\"ff-el-input--content\">\n                <input type=\"text\"\n                       name=\"item_3__fluent_sf\"\n                       class=\"ff-el-form-control\"\n                       id=\"ff_3_item_sf\"\n                \/>\n            <\/div>\n        <\/div>\n        <input type='hidden' name='__fluent_form_embded_post_id' value='78' \/><input type=\"hidden\" id=\"_fluentform_3_fluentformnonce\" name=\"_fluentform_3_fluentformnonce\" value=\"65cca81bec\" \/><input type=\"hidden\" name=\"_wp_http_referer\" value=\"\/en\/wp-json\/wp\/v2\/pages\/78\" \/><div class='ff-el-group'><div class=\"ff-el-input--label ff-el-is-required asterisk-right\"><label for='ff_3_input_text' id='label_ff_3_input_text' aria-label=\"Nombre\">Nombre<\/label><\/div><div class='ff-el-input--content'><input type=\"text\" name=\"input_text\" class=\"ff-el-form-control\" placeholder=\"Escribe tu nombre\" data-name=\"input_text\" id=\"ff_3_input_text\"  aria-invalid=\"false\" aria-required=\"true\"><\/div><\/div><div class='ff-el-group'><div class=\"ff-el-input--label ff-el-is-required asterisk-right\"><label for='ff_3_email' id='label_ff_3_email' aria-label=\"Correo electr\u00f3nico\">Correo electr\u00f3nico<\/label><\/div><div class='ff-el-input--content'><input type=\"email\" name=\"email\" id=\"ff_3_email\" class=\"ff-el-form-control\" placeholder=\"Escribe la direcci\u00f3n de tu correo electr\u00f3nico\" data-name=\"email\"  aria-invalid=\"false\" aria-required=\"true\"><\/div><\/div><div class='ff-el-group'><div class=\"ff-el-input--label asterisk-right\"><label for='ff_3_input_text_1' id='label_ff_3_input_text_1' aria-label=\"N\u00famero de tel\u00e9fono\">N\u00famero de tel\u00e9fono<\/label><\/div><div class='ff-el-input--content'><input type=\"text\" name=\"input_text_1\" class=\"ff-el-form-control\" placeholder=\"Escribe tu n\u00famero de tel\u00e9fono\" data-name=\"input_text_1\" id=\"ff_3_input_text_1\"  aria-invalid=\"false\" aria-required=\"false\"><\/div><\/div><div class='ff-el-group'><div class=\"ff-el-input--label asterisk-right\"><label for='ff_3_description' id='label_ff_3_description' aria-label=\"Mensaje\">Mensaje<\/label><\/div><div class='ff-el-input--content'><textarea aria-required=\"false\" aria-labelledby=\"label_ff_3_description\" name=\"description\" id=\"ff_3_description\" class=\"ff-el-form-control\" placeholder=\"Deja tu mensaje (Fecha, hora, lugar e idioma de la Ceremonia Tel\u00e9fono de contacto)\" rows=\"3\" cols=\"2\" data-name=\"description\" ><\/textarea><\/div><\/div><div class='ff-el-group    ff-el-input--content'><div class='ff-el-form-check ff-el-tc'><label aria-label='Terms and Conditions: He le\u00eddo y acepto las pol\u00edticas de privacidad. Contains 1 link. Use tab navigation to review.' class='ff-el-form-check-label ff_tc_label' for=\"gdpr-agreement_5e2f3ca1e6ac5808e4df06af08bcc1a9\"><span class='ff_tc_checkbox'><input type=\"checkbox\" name=\"gdpr-agreement\" class=\"ff-el-form-check-input ff_gdpr_field\" data-name=\"gdpr-agreement\" id=\"gdpr-agreement_5e2f3ca1e6ac5808e4df06af08bcc1a9\"  value='on' aria-invalid='false' aria-required=\"true\"><\/span> <div class='ff_t_c'>He le\u00eddo y acepto las <a href=\"https:\/\/maestrodeceremonias.es\/en\/politica-de-privacidad\/\" target=\"_blank\">pol\u00edticas de privacidad<\/a>.<\/div><\/label><\/div><\/div><div class='ff-el-group ff-text-left ff_submit_btn_wrapper'><button type=\"submit\" class=\"ff-btn ff-btn-submit ff-btn-md ff_btn_no_style\"  aria-label=\"Enviar mensaje\">Enviar mensaje<\/button><\/div><\/fieldset><input type=\"hidden\" name=\"trp-form-language\" value=\"en\"\/><\/form><div id='fluentform_3_errors' class='ff-errors-in-stack ff_form_instance_3_1 ff-form-loading_errors ff_form_instance_3_1_errors'><\/div><\/div>            <script type=\"text\/javascript\">\n                window.fluent_form_ff_form_instance_3_1 = {\"id\":\"3\",\"ajaxUrl\":\"https:\\\/\\\/maestrodeceremonias.es\\\/wp-admin\\\/admin-ajax.php\",\"settings\":{\"layout\":{\"labelPlacement\":\"top\",\"helpMessagePlacement\":\"with_label\",\"errorMessagePlacement\":\"inline\",\"cssClassName\":\"\",\"asteriskPlacement\":\"asterisk-right\"},\"restrictions\":{\"denyEmptySubmission\":{\"enabled\":false}}},\"form_instance\":\"ff_form_instance_3_1\",\"form_id_selector\":\"fluentform_3\",\"rules\":{\"input_text\":{\"required\":{\"value\":true,\"message\":\"Este campo es requerido\",\"global\":false,\"global_message\":\"Este campo es obligatorio\"}},\"email\":{\"required\":{\"value\":true,\"message\":\"Este campo es requerido\",\"global\":false,\"global_message\":\"Este campo es obligatorio\"},\"email\":{\"value\":true,\"message\":\"Este campo debe contener un correo electr\\u00f3nico v\\u00e1lido\",\"global\":false,\"global_message\":\"Este campo debe contener un correo electr\\u00f3nico v\\u00e1lido\"}},\"input_text_1\":{\"required\":{\"value\":false,\"message\":\"This field is required\",\"global\":false,\"global_message\":\"Este campo es obligatorio\"}},\"description\":{\"required\":{\"value\":false,\"message\":\"This field is required\",\"global\":false,\"global_message\":\"Este campo es obligatorio\"}},\"gdpr-agreement\":{\"required\":{\"value\":true,\"message\":\"Este campo es requerido.\",\"global\":false,\"global_message\":\"Este campo es obligatorio\"}}},\"debounce_time\":300};\n                            <\/script>\n            \n<\/div>\n<\/div>","protected":false},"excerpt":{"rendered":"<p>Haz diferente tu Ceremonia de boda civil, Celebraci\u00f3n o Evento. Animaci\u00f3n de ceremonias bodas de fantas\u00eda y eventos. Bodas de Fantas\u00eda, Animaci\u00f3n de eventos Bodas de Fantas\u00eda y Eventos: Si deseas celebrar tu matrimonio con una ceremonia original solo tienes que pedirlo. Bodas roqueras, bodas medievales, bodas terror\u00edficas, bodas ibicencas, bodas romanas, bodas cowboy. O [&hellip;]<\/p>\n","protected":false},"author":1,"featured_media":0,"parent":0,"menu_order":0,"comment_status":"closed","ping_status":"closed","template":"","meta":{"_monsterinsights_skip_tracking":false,"_monsterinsights_sitenote_active":false,"_monsterinsights_sitenote_note":"","_monsterinsights_sitenote_category":0,"_joinchat":[],"footnotes":""},"class_list":["post-78","page","type-page","status-publish","hentry"],"blocksy_meta":[],"yoast_head":"<!-- This site is optimized with the Yoast SEO plugin v26.8 - https:\/\/yoast.com\/product\/yoast-seo-wordpress\/ -->\n<title>Animaci\u00f3n de ceremonias bodas de fantas\u00eda y eventos<\/title>\n<meta name=\"description\" content=\"Animaci\u00f3n de ceremonias bodas de fantas\u00eda y eventos en toda Espa\u00f1a y en todos los idiomas, pide presupuesto y haz de tu celebraci\u00f3n algo inolvidable.\" \/>\n<meta name=\"robots\" content=\"index, follow, max-snippet:-1, max-image-preview:large, max-video-preview:-1\" \/>\n<link rel=\"canonical\" href=\"https:\/\/maestrodeceremonias.es\/en\/animacion-de-ceremonias-bodas-de-fantasia-y-eventos\/\" \/>\n<meta property=\"og:locale\" content=\"en_GB\" \/>\n<meta property=\"og:type\" content=\"article\" \/>\n<meta property=\"og:title\" content=\"Animaci\u00f3n de ceremonias bodas de fantas\u00eda y eventos\" \/>\n<meta property=\"og:description\" content=\"Animaci\u00f3n de ceremonias bodas de fantas\u00eda y eventos en toda Espa\u00f1a y en todos los idiomas, pide presupuesto y haz de tu celebraci\u00f3n algo inolvidable.\" \/>\n<meta property=\"og:url\" content=\"https:\/\/maestrodeceremonias.es\/en\/animacion-de-ceremonias-bodas-de-fantasia-y-eventos\/\" \/>\n<meta property=\"og:site_name\" content=\"Maestro de Ceremonias Oficiante de Bodas Civiles y Eventos\" \/>\n<meta property=\"article:publisher\" content=\"https:\/\/www.facebook.com\/Maestrodeceremonias.presentador\" \/>\n<meta property=\"article:modified_time\" content=\"2023-10-17T15:20:26+00:00\" \/>\n<meta property=\"og:image\" content=\"https:\/\/maestrodeceremonias.es\/wp-content\/uploads\/2015\/10\/ELVIS-maestro-de-ceremonias-de-boda-civil.jpg\" \/>\n<meta name=\"twitter:card\" content=\"summary_large_image\" \/>\n<meta name=\"twitter:site\" content=\"@presentador_mc\" \/>\n<meta name=\"twitter:label1\" content=\"Estimated reading time\" \/>\n\t<meta name=\"twitter:data1\" content=\"3 minutes\" \/>\n<script type=\"application\/ld+json\" class=\"yoast-schema-graph\">{\"@context\":\"https:\/\/schema.org\",\"@graph\":[{\"@type\":\"WebPage\",\"@id\":\"https:\/\/maestrodeceremonias.es\/animacion-de-ceremonias-bodas-de-fantasia-y-eventos\/\",\"url\":\"https:\/\/maestrodeceremonias.es\/animacion-de-ceremonias-bodas-de-fantasia-y-eventos\/\",\"name\":\"Animaci\u00f3n de ceremonias bodas de fantas\u00eda y eventos\",\"isPartOf\":{\"@id\":\"https:\/\/maestrodeceremonias.es\/#website\"},\"primaryImageOfPage\":{\"@id\":\"https:\/\/maestrodeceremonias.es\/animacion-de-ceremonias-bodas-de-fantasia-y-eventos\/#primaryimage\"},\"image\":{\"@id\":\"https:\/\/maestrodeceremonias.es\/animacion-de-ceremonias-bodas-de-fantasia-y-eventos\/#primaryimage\"},\"thumbnailUrl\":\"https:\/\/maestrodeceremonias.es\/wp-content\/uploads\/2015\/10\/ELVIS-maestro-de-ceremonias-de-boda-civil.jpg\",\"datePublished\":\"2015-10-08T11:26:02+00:00\",\"dateModified\":\"2023-10-17T15:20:26+00:00\",\"description\":\"Animaci\u00f3n de ceremonias bodas de fantas\u00eda y eventos en toda Espa\u00f1a y en todos los idiomas, pide presupuesto y haz de tu celebraci\u00f3n algo inolvidable.\",\"breadcrumb\":{\"@id\":\"https:\/\/maestrodeceremonias.es\/animacion-de-ceremonias-bodas-de-fantasia-y-eventos\/#breadcrumb\"},\"inLanguage\":\"en-GB\",\"potentialAction\":[{\"@type\":\"ReadAction\",\"target\":[\"https:\/\/maestrodeceremonias.es\/animacion-de-ceremonias-bodas-de-fantasia-y-eventos\/\"]}]},{\"@type\":\"ImageObject\",\"inLanguage\":\"en-GB\",\"@id\":\"https:\/\/maestrodeceremonias.es\/animacion-de-ceremonias-bodas-de-fantasia-y-eventos\/#primaryimage\",\"url\":\"https:\/\/maestrodeceremonias.es\/wp-content\/uploads\/2015\/10\/ELVIS-maestro-de-ceremonias-de-boda-civil.jpg\",\"contentUrl\":\"https:\/\/maestrodeceremonias.es\/wp-content\/uploads\/2015\/10\/ELVIS-maestro-de-ceremonias-de-boda-civil.jpg\"},{\"@type\":\"BreadcrumbList\",\"@id\":\"https:\/\/maestrodeceremonias.es\/animacion-de-ceremonias-bodas-de-fantasia-y-eventos\/#breadcrumb\",\"itemListElement\":[{\"@type\":\"ListItem\",\"position\":1,\"name\":\"Maestros de ceremonias\",\"item\":\"https:\/\/maestrodeceremonias.es\/\"},{\"@type\":\"ListItem\",\"position\":2,\"name\":\"Animaci\u00f3n de ceremonias y eventos en Espa\u00f1a\"}]},{\"@type\":\"WebSite\",\"@id\":\"https:\/\/maestrodeceremonias.es\/#website\",\"url\":\"https:\/\/maestrodeceremonias.es\/\",\"name\":\"Maestro de Ceremonias Oficiante de Bodas Civiles y Eventos\",\"description\":\"Necesitas contratar Maestros de Ceremonias Oficiantes de Boda  para tu celebraci\u00f3n de boda civil simb\u00f3lica. P\u00eddenos presupuesto. Prestamos servicio en Madrid y en toda Espa\u00f1a. Speakers y Presentadores de eventos profesionales biling\u00fces en todos los idiomas a un precio asequible. Preg\u00fantanos: email: mc@maestrodeceremonias.es Tel\u00e9fono y Whatsapp: 644 597 199\",\"publisher\":{\"@id\":\"https:\/\/maestrodeceremonias.es\/#organization\"},\"potentialAction\":[{\"@type\":\"SearchAction\",\"target\":{\"@type\":\"EntryPoint\",\"urlTemplate\":\"https:\/\/maestrodeceremonias.es\/?s={search_term_string}\"},\"query-input\":{\"@type\":\"PropertyValueSpecification\",\"valueRequired\":true,\"valueName\":\"search_term_string\"}}],\"inLanguage\":\"en-GB\"},{\"@type\":\"Organization\",\"@id\":\"https:\/\/maestrodeceremonias.es\/#organization\",\"name\":\"Maestro de Ceremonias Oficiante de Bodas Civiles y Eventos\",\"url\":\"https:\/\/maestrodeceremonias.es\/\",\"logo\":{\"@type\":\"ImageObject\",\"inLanguage\":\"en-GB\",\"@id\":\"https:\/\/maestrodeceremonias.es\/#\/schema\/logo\/image\/\",\"url\":\"https:\/\/maestrodeceremonias.es\/wp-content\/uploads\/2023\/07\/Maestro-oficiante-de-Boda-Ceremonia-cabecera-web.jpg\",\"contentUrl\":\"https:\/\/maestrodeceremonias.es\/wp-content\/uploads\/2023\/07\/Maestro-oficiante-de-Boda-Ceremonia-cabecera-web.jpg\",\"width\":960,\"height\":250,\"caption\":\"Maestro de Ceremonias Oficiante de Bodas Civiles y Eventos\"},\"image\":{\"@id\":\"https:\/\/maestrodeceremonias.es\/#\/schema\/logo\/image\/\"},\"sameAs\":[\"https:\/\/www.facebook.com\/Maestrodeceremonias.presentador\",\"https:\/\/x.com\/presentador_mc\",\"https:\/\/www.instagram.com\/maestrosdeceremonias\/\"]}]}<\/script>\n<!-- \/ Yoast SEO plugin. -->","yoast_head_json":{"title":"Animaci\u00f3n de ceremonias bodas de fantas\u00eda y eventos","description":"Animaci\u00f3n de ceremonias bodas de fantas\u00eda y eventos en toda Espa\u00f1a y en todos los idiomas, pide presupuesto y haz de tu celebraci\u00f3n algo inolvidable.","robots":{"index":"index","follow":"follow","max-snippet":"max-snippet:-1","max-image-preview":"max-image-preview:large","max-video-preview":"max-video-preview:-1"},"canonical":"https:\/\/maestrodeceremonias.es\/en\/animacion-de-ceremonias-bodas-de-fantasia-y-eventos\/","og_locale":"en_GB","og_type":"article","og_title":"Animaci\u00f3n de ceremonias bodas de fantas\u00eda y eventos","og_description":"Animaci\u00f3n de ceremonias bodas de fantas\u00eda y eventos en toda Espa\u00f1a y en todos los idiomas, pide presupuesto y haz de tu celebraci\u00f3n algo inolvidable.","og_url":"https:\/\/maestrodeceremonias.es\/en\/animacion-de-ceremonias-bodas-de-fantasia-y-eventos\/","og_site_name":"Maestro de Ceremonias Oficiante de Bodas Civiles y Eventos","article_publisher":"https:\/\/www.facebook.com\/Maestrodeceremonias.presentador","article_modified_time":"2023-10-17T15:20:26+00:00","og_image":[{"url":"https:\/\/maestrodeceremonias.es\/wp-content\/uploads\/2015\/10\/ELVIS-maestro-de-ceremonias-de-boda-civil.jpg","type":"","width":"","height":""}],"twitter_card":"summary_large_image","twitter_site":"@presentador_mc","twitter_misc":{"Estimated reading time":"3 minutes"},"schema":{"@context":"https:\/\/schema.org","@graph":[{"@type":"WebPage","@id":"https:\/\/maestrodeceremonias.es\/animacion-de-ceremonias-bodas-de-fantasia-y-eventos\/","url":"https:\/\/maestrodeceremonias.es\/animacion-de-ceremonias-bodas-de-fantasia-y-eventos\/","name":"Animaci\u00f3n de ceremonias bodas de fantas\u00eda y eventos","isPartOf":{"@id":"https:\/\/maestrodeceremonias.es\/#website"},"primaryImageOfPage":{"@id":"https:\/\/maestrodeceremonias.es\/animacion-de-ceremonias-bodas-de-fantasia-y-eventos\/#primaryimage"},"image":{"@id":"https:\/\/maestrodeceremonias.es\/animacion-de-ceremonias-bodas-de-fantasia-y-eventos\/#primaryimage"},"thumbnailUrl":"https:\/\/maestrodeceremonias.es\/wp-content\/uploads\/2015\/10\/ELVIS-maestro-de-ceremonias-de-boda-civil.jpg","datePublished":"2015-10-08T11:26:02+00:00","dateModified":"2023-10-17T15:20:26+00:00","description":"Animaci\u00f3n de ceremonias bodas de fantas\u00eda y eventos en toda Espa\u00f1a y en todos los idiomas, pide presupuesto y haz de tu celebraci\u00f3n algo inolvidable.","breadcrumb":{"@id":"https:\/\/maestrodeceremonias.es\/animacion-de-ceremonias-bodas-de-fantasia-y-eventos\/#breadcrumb"},"inLanguage":"en-GB","potentialAction":[{"@type":"ReadAction","target":["https:\/\/maestrodeceremonias.es\/animacion-de-ceremonias-bodas-de-fantasia-y-eventos\/"]}]},{"@type":"ImageObject","inLanguage":"en-GB","@id":"https:\/\/maestrodeceremonias.es\/animacion-de-ceremonias-bodas-de-fantasia-y-eventos\/#primaryimage","url":"https:\/\/maestrodeceremonias.es\/wp-content\/uploads\/2015\/10\/ELVIS-maestro-de-ceremonias-de-boda-civil.jpg","contentUrl":"https:\/\/maestrodeceremonias.es\/wp-content\/uploads\/2015\/10\/ELVIS-maestro-de-ceremonias-de-boda-civil.jpg"},{"@type":"BreadcrumbList","@id":"https:\/\/maestrodeceremonias.es\/animacion-de-ceremonias-bodas-de-fantasia-y-eventos\/#breadcrumb","itemListElement":[{"@type":"ListItem","position":1,"name":"Maestros de ceremonias","item":"https:\/\/maestrodeceremonias.es\/"},{"@type":"ListItem","position":2,"name":"Animaci\u00f3n de ceremonias y eventos en Espa\u00f1a"}]},{"@type":"WebSite","@id":"https:\/\/maestrodeceremonias.es\/#website","url":"https:\/\/maestrodeceremonias.es\/","name":"Maestro de Ceremonias Oficiante de Bodas Civiles y Eventos","description":"Necesitas contratar Maestros de Ceremonias Oficiantes de Boda  para tu celebraci\u00f3n de boda civil simb\u00f3lica. P\u00eddenos presupuesto. Prestamos servicio en Madrid y en toda Espa\u00f1a. Speakers y Presentadores de eventos profesionales biling\u00fces en todos los idiomas a un precio asequible. Preg\u00fantanos: email: mc@maestrodeceremonias.es Tel\u00e9fono y Whatsapp: 644 597 199","publisher":{"@id":"https:\/\/maestrodeceremonias.es\/#organization"},"potentialAction":[{"@type":"SearchAction","target":{"@type":"EntryPoint","urlTemplate":"https:\/\/maestrodeceremonias.es\/?s={search_term_string}"},"query-input":{"@type":"PropertyValueSpecification","valueRequired":true,"valueName":"search_term_string"}}],"inLanguage":"en-GB"},{"@type":"Organization","@id":"https:\/\/maestrodeceremonias.es\/#organization","name":"Maestro de Ceremonias Oficiante de Bodas Civiles y Eventos","url":"https:\/\/maestrodeceremonias.es\/","logo":{"@type":"ImageObject","inLanguage":"en-GB","@id":"https:\/\/maestrodeceremonias.es\/#\/schema\/logo\/image\/","url":"https:\/\/maestrodeceremonias.es\/wp-content\/uploads\/2023\/07\/Maestro-oficiante-de-Boda-Ceremonia-cabecera-web.jpg","contentUrl":"https:\/\/maestrodeceremonias.es\/wp-content\/uploads\/2023\/07\/Maestro-oficiante-de-Boda-Ceremonia-cabecera-web.jpg","width":960,"height":250,"caption":"Maestro de Ceremonias Oficiante de Bodas Civiles y Eventos"},"image":{"@id":"https:\/\/maestrodeceremonias.es\/#\/schema\/logo\/image\/"},"sameAs":["https:\/\/www.facebook.com\/Maestrodeceremonias.presentador","https:\/\/x.com\/presentador_mc","https:\/\/www.instagram.com\/maestrosdeceremonias\/"]}]}},"_links":{"self":[{"href":"https:\/\/maestrodeceremonias.es\/en\/wp-json\/wp\/v2\/pages\/78","targetHints":{"allow":["GET"]}}],"collection":[{"href":"https:\/\/maestrodeceremonias.es\/en\/wp-json\/wp\/v2\/pages"}],"about":[{"href":"https:\/\/maestrodeceremonias.es\/en\/wp-json\/wp\/v2\/types\/page"}],"author":[{"embeddable":true,"href":"https:\/\/maestrodeceremonias.es\/en\/wp-json\/wp\/v2\/users\/1"}],"replies":[{"embeddable":true,"href":"https:\/\/maestrodeceremonias.es\/en\/wp-json\/wp\/v2\/comments?post=78"}],"version-history":[{"count":1,"href":"https:\/\/maestrodeceremonias.es\/en\/wp-json\/wp\/v2\/pages\/78\/revisions"}],"predecessor-version":[{"id":2405,"href":"https:\/\/maestrodeceremonias.es\/en\/wp-json\/wp\/v2\/pages\/78\/revisions\/2405"}],"wp:attachment":[{"href":"https:\/\/maestrodeceremonias.es\/en\/wp-json\/wp\/v2\/media?parent=78"}],"curies":[{"name":"wp","href":"https:\/\/api.w.org\/{rel}","templated":true}]}}