{"id":780,"date":"2017-04-26T11:46:26","date_gmt":"2017-04-26T11:46:26","guid":{"rendered":"http:\/\/maestrodeceremonias.es\/?page_id=780"},"modified":"2023-06-11T17:50:50","modified_gmt":"2023-06-11T15:50:50","slug":"maestros-oficiantes-de-ceremonias-de-boda-civil-lgbt-friendly","status":"publish","type":"page","link":"https:\/\/maestrodeceremonias.es\/en\/maestros-oficiantes-de-ceremonias-de-boda-civil-lgbt-friendly\/","title":{"rendered":"Maestros Oficiantes de Ceremonias de Boda Civil LGBT Friendly"},"content":{"rendered":"<p><strong>Heterosexuales, Lesbianas, Gay, Transexuales, Bisexual : En cuesti\u00f3n de <em>amor<\/em> no existe <em>sexo<\/em>, edad, raza o clase social.&nbsp;<\/strong>Algunas religiones hablan de amor pero estigmatizan el amor seg\u00fan la orientaci\u00f3n sexual. Cuando las personas se aman y quieren unirse en matrimonio les es imposible en algunos pa\u00edses, Espa\u00f1a sin embargo permite las uniones homosexuales.<\/p>\n\n\n\n<p>Por ello, para celebrar los matrimonios civiles sin l\u00edmites ni \u00a0prejuicios oficiamos ceremonias simb\u00f3licas de boda civil sin etiquetas <strong>Heterosexuales, Lesbianas, Gay, Transexuales, Bisexuales,<\/strong> celebramos las uniones de personas que se aman y que los quieren celebrar con los suyos.<\/p>\n\n\n\n<div class=\"wp-block-columns is-layout-flex wp-container-core-columns-is-layout-1 wp-block-columns-is-layout-flex\">\n<div class=\"wp-block-column is-layout-flow wp-block-column-is-layout-flow\">\n<figure class=\"wp-block-image alignleft\"><a href=\"https:\/\/maestrodeceremonias.es\/wp-content\/uploads\/2017\/04\/bodas-entre-chicas.jpg\"><img loading=\"lazy\" decoding=\"async\" width=\"539\" height=\"411\" src=\"https:\/\/maestrodeceremonias.es\/wp-content\/uploads\/2017\/04\/bodas-entre-chicas.jpg\" alt=\"Maestros Oficiantes de Ceremonias de Boda Civil LGBT Friendly\" class=\"wp-image-781\" title=\"Maestros Oficiantes de Ceremonias de Boda Civil LGBT Friendly\" srcset=\"https:\/\/maestrodeceremonias.es\/wp-content\/uploads\/2017\/04\/bodas-entre-chicas.jpg 539w, https:\/\/maestrodeceremonias.es\/wp-content\/uploads\/2017\/04\/bodas-entre-chicas-300x229.jpg 300w\" sizes=\"auto, (max-width: 539px) 100vw, 539px\" \/><\/a><\/figure>\n<\/div>\n\n\n\n<div class=\"wp-block-column is-layout-flow wp-block-column-is-layout-flow\">\n<p>Elegid el lugar de la celebraci\u00f3n, el tono, si lo quer\u00e9is serio desenfadado, gracioso, toques de humor o fantas\u00eda, \u00edntimo, Elegid el idioma, elegid incorporar o no ritos simb\u00f3licos, elegid la duraci\u00f3n.<\/p>\n\n\n\n<p>Lo m\u00e1s importante para la ceremonia ya lo hab\u00e9is elegido, es vuestra pareja. Con el resto os ayudamos nosotros.<\/p>\n\n\n\n<p>Oficiamos ceremonias de boda civil en toda Espa\u00f1a y en todos los idiomas, poneros en contacto con nosotros y os daremos presupuesto asequible y econ\u00f3mico para vuestros Maestros Oficiantes de Ceremonias de Boda Civil LGBT Friendly si lo dese\u00e1is tambi\u00e9n puede ser Maestra, lo importante es que teng\u00e1is la boda de vuestros sue\u00f1os.<\/p>\n<\/div>\n<\/div>\n\n\n\n<div class=\"wp-block-columns is-layout-flex wp-container-core-columns-is-layout-2 wp-block-columns-is-layout-flex\">\n<div class=\"wp-block-column is-layout-flow wp-block-column-is-layout-flow\">\n<figure class=\"wp-block-image size-full\"><img loading=\"lazy\" decoding=\"async\" width=\"960\" height=\"538\" src=\"https:\/\/maestrodeceremonias.es\/wp-content\/uploads\/2017\/04\/Boda-Castillo-Vinuelas-ok.jpg\" alt=\"\" class=\"wp-image-782\" srcset=\"https:\/\/maestrodeceremonias.es\/wp-content\/uploads\/2017\/04\/Boda-Castillo-Vinuelas-ok.jpg 960w, https:\/\/maestrodeceremonias.es\/wp-content\/uploads\/2017\/04\/Boda-Castillo-Vinuelas-ok-300x168.jpg 300w, https:\/\/maestrodeceremonias.es\/wp-content\/uploads\/2017\/04\/Boda-Castillo-Vinuelas-ok-768x430.jpg 768w\" sizes=\"auto, (max-width: 960px) 100vw, 960px\" \/><\/figure>\n<\/div>\n\n\n\n<div class=\"wp-block-column is-layout-flow wp-block-column-is-layout-flow\">\n<p>El pasado 26 de junio de 2014 Estados Unidos legaliz\u00f3 el matrimonio homosexual en todo el pa\u00eds. Esta medida, que se erige como el mayor avance en d\u00e9cadas en los derechos de gais y lesbianas, cerraba una era de discriminaci\u00f3n. Un mes antes, Irlanda hab\u00eda dicho s\u00ed al matrimonio homosexual. Fue el primer pa\u00eds en hacerlo en refer\u00e9ndum: m\u00e1s del 60% de los convocados estuvo de acuerdo. Hace tres a\u00f1os <a href=\"http:\/\/internacional.elpais.com\/internacional\/2015\/06\/03\/actualidad\/1433360357_456152.html\" target=\"_blank\" rel=\"noreferrer noopener\">Ludovic-Mohamed Zahed<\/a>, gay e imam, cre\u00f3 la primera mezquita inclusiva de Europa en Par\u00eds. A principios de junio, una pareja de Costa Rica consigui\u00f3, tras 12 a\u00f1os de convivencia, acceder a cr\u00e9ditos mancomunados, heredar entre s\u00ed y tener custodia hospitalaria. El mundo est\u00e1 cambiando. 22 pa\u00edses reconocen ya el derecho a casarse de las parejas homosexuales. Sin embargo, siguen existiendo lugares en los que se castiga con la pena de muerte, la persecuci\u00f3n o la c\u00e1rcel. Estos son los \u00faltimos datos sobre la situaci\u00f3n de este colectivo en el mundo y <a href=\"http:\/\/politica.elpais.com\/politica\/2015\/06\/23\/actualidad\/1435075099_139603.html#sumario_4\">su evoluci\u00f3n en Espa\u00f1a<\/a><\/p>\n\n\n\n<p>Fuente:\u00a0<a href=\"http:\/\/elpais.com\/especiales\/2015\/matrimonio-homosexual\/\" target=\"_blank\" rel=\"noreferrer noopener\">http:\/\/elpais.com\/especiales\/2015\/matrimonio-homosexual\/<\/a><\/p>\n\n\n\n<p><\/p>\n<\/div>\n<\/div>","protected":false},"excerpt":{"rendered":"<p>Heterosexuales, Lesbianas, Gay, Transexuales, Bisexual : En cuesti\u00f3n de amor no existe sexo, edad, raza o clase social.&nbsp;Algunas religiones hablan de amor pero estigmatizan el amor seg\u00fan la orientaci\u00f3n sexual. Cuando las personas se aman y quieren unirse en matrimonio les es imposible en algunos pa\u00edses, Espa\u00f1a sin embargo permite las uniones homosexuales. Por ello, [&hellip;]<\/p>\n","protected":false},"author":1,"featured_media":0,"parent":0,"menu_order":0,"comment_status":"closed","ping_status":"closed","template":"","meta":{"_monsterinsights_skip_tracking":false,"_monsterinsights_sitenote_active":false,"_monsterinsights_sitenote_note":"","_monsterinsights_sitenote_category":0,"_joinchat":[],"footnotes":""},"class_list":["post-780","page","type-page","status-publish","hentry"],"blocksy_meta":[],"yoast_head":"<!-- This site is optimized with the Yoast SEO plugin v26.8 - https:\/\/yoast.com\/product\/yoast-seo-wordpress\/ -->\n<title>Maestros Oficiantes de Ceremonias de Boda Civil LGBT Friendly<\/title>\n<meta name=\"description\" content=\"Maestros Oficiantes de Ceremonias de Boda Civil LGBT Friendly en Espa\u00f1a ceremonias de boda para todos sin discriminaci\u00f3n\" \/>\n<meta name=\"robots\" content=\"index, follow, max-snippet:-1, max-image-preview:large, max-video-preview:-1\" \/>\n<link rel=\"canonical\" href=\"https:\/\/maestrodeceremonias.es\/en\/maestros-oficiantes-de-ceremonias-de-boda-civil-lgbt-friendly\/\" \/>\n<meta property=\"og:locale\" content=\"en_GB\" \/>\n<meta property=\"og:type\" content=\"article\" \/>\n<meta property=\"og:title\" content=\"Maestros Oficiantes de Ceremonias de Boda Civil LGBT Friendly\" \/>\n<meta property=\"og:description\" content=\"Maestros Oficiantes de Ceremonias de Boda Civil LGBT Friendly en Espa\u00f1a ceremonias de boda para todos sin discriminaci\u00f3n\" \/>\n<meta property=\"og:url\" content=\"https:\/\/maestrodeceremonias.es\/en\/maestros-oficiantes-de-ceremonias-de-boda-civil-lgbt-friendly\/\" \/>\n<meta property=\"og:site_name\" content=\"Maestro de Ceremonias Oficiante de Bodas Civiles y Eventos\" \/>\n<meta property=\"article:publisher\" content=\"https:\/\/www.facebook.com\/Maestrodeceremonias.presentador\" \/>\n<meta property=\"article:modified_time\" content=\"2023-06-11T15:50:50+00:00\" \/>\n<meta property=\"og:image\" content=\"https:\/\/maestrodeceremonias.es\/wp-content\/uploads\/2017\/04\/bodas-entre-chicas.jpg\" \/>\n<meta name=\"twitter:card\" content=\"summary_large_image\" \/>\n<meta name=\"twitter:site\" content=\"@presentador_mc\" \/>\n<meta name=\"twitter:label1\" content=\"Estimated reading time\" \/>\n\t<meta name=\"twitter:data1\" content=\"3 minutes\" \/>\n<script type=\"application\/ld+json\" class=\"yoast-schema-graph\">{\"@context\":\"https:\/\/schema.org\",\"@graph\":[{\"@type\":\"WebPage\",\"@id\":\"https:\/\/maestrodeceremonias.es\/maestros-oficiantes-de-ceremonias-de-boda-civil-lgbt-friendly\/\",\"url\":\"https:\/\/maestrodeceremonias.es\/maestros-oficiantes-de-ceremonias-de-boda-civil-lgbt-friendly\/\",\"name\":\"Maestros Oficiantes de Ceremonias de Boda Civil LGBT Friendly\",\"isPartOf\":{\"@id\":\"https:\/\/maestrodeceremonias.es\/#website\"},\"primaryImageOfPage\":{\"@id\":\"https:\/\/maestrodeceremonias.es\/maestros-oficiantes-de-ceremonias-de-boda-civil-lgbt-friendly\/#primaryimage\"},\"image\":{\"@id\":\"https:\/\/maestrodeceremonias.es\/maestros-oficiantes-de-ceremonias-de-boda-civil-lgbt-friendly\/#primaryimage\"},\"thumbnailUrl\":\"https:\/\/maestrodeceremonias.es\/wp-content\/uploads\/2017\/04\/bodas-entre-chicas.jpg\",\"datePublished\":\"2017-04-26T11:46:26+00:00\",\"dateModified\":\"2023-06-11T15:50:50+00:00\",\"description\":\"Maestros Oficiantes de Ceremonias de Boda Civil LGBT Friendly en Espa\u00f1a ceremonias de boda para todos sin discriminaci\u00f3n\",\"breadcrumb\":{\"@id\":\"https:\/\/maestrodeceremonias.es\/maestros-oficiantes-de-ceremonias-de-boda-civil-lgbt-friendly\/#breadcrumb\"},\"inLanguage\":\"en-GB\",\"potentialAction\":[{\"@type\":\"ReadAction\",\"target\":[\"https:\/\/maestrodeceremonias.es\/maestros-oficiantes-de-ceremonias-de-boda-civil-lgbt-friendly\/\"]}]},{\"@type\":\"ImageObject\",\"inLanguage\":\"en-GB\",\"@id\":\"https:\/\/maestrodeceremonias.es\/maestros-oficiantes-de-ceremonias-de-boda-civil-lgbt-friendly\/#primaryimage\",\"url\":\"https:\/\/maestrodeceremonias.es\/wp-content\/uploads\/2017\/04\/bodas-entre-chicas.jpg\",\"contentUrl\":\"https:\/\/maestrodeceremonias.es\/wp-content\/uploads\/2017\/04\/bodas-entre-chicas.jpg\"},{\"@type\":\"BreadcrumbList\",\"@id\":\"https:\/\/maestrodeceremonias.es\/maestros-oficiantes-de-ceremonias-de-boda-civil-lgbt-friendly\/#breadcrumb\",\"itemListElement\":[{\"@type\":\"ListItem\",\"position\":1,\"name\":\"Maestros de ceremonias\",\"item\":\"https:\/\/maestrodeceremonias.es\/\"},{\"@type\":\"ListItem\",\"position\":2,\"name\":\"Maestros Oficiantes de Ceremonias de Boda Civil LGBT Friendly\"}]},{\"@type\":\"WebSite\",\"@id\":\"https:\/\/maestrodeceremonias.es\/#website\",\"url\":\"https:\/\/maestrodeceremonias.es\/\",\"name\":\"Maestro de Ceremonias Oficiante de Bodas Civiles y Eventos\",\"description\":\"Necesitas contratar Maestros de Ceremonias Oficiantes de Boda  para tu celebraci\u00f3n de boda civil simb\u00f3lica. P\u00eddenos presupuesto. Prestamos servicio en Madrid y en toda Espa\u00f1a. Speakers y Presentadores de eventos profesionales biling\u00fces en todos los idiomas a un precio asequible. Preg\u00fantanos: email: mc@maestrodeceremonias.es Tel\u00e9fono y Whatsapp: 644 597 199\",\"publisher\":{\"@id\":\"https:\/\/maestrodeceremonias.es\/#organization\"},\"potentialAction\":[{\"@type\":\"SearchAction\",\"target\":{\"@type\":\"EntryPoint\",\"urlTemplate\":\"https:\/\/maestrodeceremonias.es\/?s={search_term_string}\"},\"query-input\":{\"@type\":\"PropertyValueSpecification\",\"valueRequired\":true,\"valueName\":\"search_term_string\"}}],\"inLanguage\":\"en-GB\"},{\"@type\":\"Organization\",\"@id\":\"https:\/\/maestrodeceremonias.es\/#organization\",\"name\":\"Maestro de Ceremonias Oficiante de Bodas Civiles y Eventos\",\"url\":\"https:\/\/maestrodeceremonias.es\/\",\"logo\":{\"@type\":\"ImageObject\",\"inLanguage\":\"en-GB\",\"@id\":\"https:\/\/maestrodeceremonias.es\/#\/schema\/logo\/image\/\",\"url\":\"https:\/\/maestrodeceremonias.es\/wp-content\/uploads\/2023\/07\/Maestro-oficiante-de-Boda-Ceremonia-cabecera-web.jpg\",\"contentUrl\":\"https:\/\/maestrodeceremonias.es\/wp-content\/uploads\/2023\/07\/Maestro-oficiante-de-Boda-Ceremonia-cabecera-web.jpg\",\"width\":960,\"height\":250,\"caption\":\"Maestro de Ceremonias Oficiante de Bodas Civiles y Eventos\"},\"image\":{\"@id\":\"https:\/\/maestrodeceremonias.es\/#\/schema\/logo\/image\/\"},\"sameAs\":[\"https:\/\/www.facebook.com\/Maestrodeceremonias.presentador\",\"https:\/\/x.com\/presentador_mc\",\"https:\/\/www.instagram.com\/maestrosdeceremonias\/\"]}]}<\/script>\n<!-- \/ Yoast SEO plugin. -->","yoast_head_json":{"title":"Maestros Oficiantes de Ceremonias de Boda Civil LGBT Friendly","description":"Maestros Oficiantes de Ceremonias de Boda Civil LGBT Friendly en Espa\u00f1a ceremonias de boda para todos sin discriminaci\u00f3n","robots":{"index":"index","follow":"follow","max-snippet":"max-snippet:-1","max-image-preview":"max-image-preview:large","max-video-preview":"max-video-preview:-1"},"canonical":"https:\/\/maestrodeceremonias.es\/en\/maestros-oficiantes-de-ceremonias-de-boda-civil-lgbt-friendly\/","og_locale":"en_GB","og_type":"article","og_title":"Maestros Oficiantes de Ceremonias de Boda Civil LGBT Friendly","og_description":"Maestros Oficiantes de Ceremonias de Boda Civil LGBT Friendly en Espa\u00f1a ceremonias de boda para todos sin discriminaci\u00f3n","og_url":"https:\/\/maestrodeceremonias.es\/en\/maestros-oficiantes-de-ceremonias-de-boda-civil-lgbt-friendly\/","og_site_name":"Maestro de Ceremonias Oficiante de Bodas Civiles y Eventos","article_publisher":"https:\/\/www.facebook.com\/Maestrodeceremonias.presentador","article_modified_time":"2023-06-11T15:50:50+00:00","og_image":[{"url":"https:\/\/maestrodeceremonias.es\/wp-content\/uploads\/2017\/04\/bodas-entre-chicas.jpg","type":"","width":"","height":""}],"twitter_card":"summary_large_image","twitter_site":"@presentador_mc","twitter_misc":{"Estimated reading time":"3 minutes"},"schema":{"@context":"https:\/\/schema.org","@graph":[{"@type":"WebPage","@id":"https:\/\/maestrodeceremonias.es\/maestros-oficiantes-de-ceremonias-de-boda-civil-lgbt-friendly\/","url":"https:\/\/maestrodeceremonias.es\/maestros-oficiantes-de-ceremonias-de-boda-civil-lgbt-friendly\/","name":"Maestros Oficiantes de Ceremonias de Boda Civil LGBT Friendly","isPartOf":{"@id":"https:\/\/maestrodeceremonias.es\/#website"},"primaryImageOfPage":{"@id":"https:\/\/maestrodeceremonias.es\/maestros-oficiantes-de-ceremonias-de-boda-civil-lgbt-friendly\/#primaryimage"},"image":{"@id":"https:\/\/maestrodeceremonias.es\/maestros-oficiantes-de-ceremonias-de-boda-civil-lgbt-friendly\/#primaryimage"},"thumbnailUrl":"https:\/\/maestrodeceremonias.es\/wp-content\/uploads\/2017\/04\/bodas-entre-chicas.jpg","datePublished":"2017-04-26T11:46:26+00:00","dateModified":"2023-06-11T15:50:50+00:00","description":"Maestros Oficiantes de Ceremonias de Boda Civil LGBT Friendly en Espa\u00f1a ceremonias de boda para todos sin discriminaci\u00f3n","breadcrumb":{"@id":"https:\/\/maestrodeceremonias.es\/maestros-oficiantes-de-ceremonias-de-boda-civil-lgbt-friendly\/#breadcrumb"},"inLanguage":"en-GB","potentialAction":[{"@type":"ReadAction","target":["https:\/\/maestrodeceremonias.es\/maestros-oficiantes-de-ceremonias-de-boda-civil-lgbt-friendly\/"]}]},{"@type":"ImageObject","inLanguage":"en-GB","@id":"https:\/\/maestrodeceremonias.es\/maestros-oficiantes-de-ceremonias-de-boda-civil-lgbt-friendly\/#primaryimage","url":"https:\/\/maestrodeceremonias.es\/wp-content\/uploads\/2017\/04\/bodas-entre-chicas.jpg","contentUrl":"https:\/\/maestrodeceremonias.es\/wp-content\/uploads\/2017\/04\/bodas-entre-chicas.jpg"},{"@type":"BreadcrumbList","@id":"https:\/\/maestrodeceremonias.es\/maestros-oficiantes-de-ceremonias-de-boda-civil-lgbt-friendly\/#breadcrumb","itemListElement":[{"@type":"ListItem","position":1,"name":"Maestros de ceremonias","item":"https:\/\/maestrodeceremonias.es\/"},{"@type":"ListItem","position":2,"name":"Maestros Oficiantes de Ceremonias de Boda Civil LGBT Friendly"}]},{"@type":"WebSite","@id":"https:\/\/maestrodeceremonias.es\/#website","url":"https:\/\/maestrodeceremonias.es\/","name":"Maestro de Ceremonias Oficiante de Bodas Civiles y Eventos","description":"Necesitas contratar Maestros de Ceremonias Oficiantes de Boda  para tu celebraci\u00f3n de boda civil simb\u00f3lica. P\u00eddenos presupuesto. Prestamos servicio en Madrid y en toda Espa\u00f1a. Speakers y Presentadores de eventos profesionales biling\u00fces en todos los idiomas a un precio asequible. Preg\u00fantanos: email: mc@maestrodeceremonias.es Tel\u00e9fono y Whatsapp: 644 597 199","publisher":{"@id":"https:\/\/maestrodeceremonias.es\/#organization"},"potentialAction":[{"@type":"SearchAction","target":{"@type":"EntryPoint","urlTemplate":"https:\/\/maestrodeceremonias.es\/?s={search_term_string}"},"query-input":{"@type":"PropertyValueSpecification","valueRequired":true,"valueName":"search_term_string"}}],"inLanguage":"en-GB"},{"@type":"Organization","@id":"https:\/\/maestrodeceremonias.es\/#organization","name":"Maestro de Ceremonias Oficiante de Bodas Civiles y Eventos","url":"https:\/\/maestrodeceremonias.es\/","logo":{"@type":"ImageObject","inLanguage":"en-GB","@id":"https:\/\/maestrodeceremonias.es\/#\/schema\/logo\/image\/","url":"https:\/\/maestrodeceremonias.es\/wp-content\/uploads\/2023\/07\/Maestro-oficiante-de-Boda-Ceremonia-cabecera-web.jpg","contentUrl":"https:\/\/maestrodeceremonias.es\/wp-content\/uploads\/2023\/07\/Maestro-oficiante-de-Boda-Ceremonia-cabecera-web.jpg","width":960,"height":250,"caption":"Maestro de Ceremonias Oficiante de Bodas Civiles y Eventos"},"image":{"@id":"https:\/\/maestrodeceremonias.es\/#\/schema\/logo\/image\/"},"sameAs":["https:\/\/www.facebook.com\/Maestrodeceremonias.presentador","https:\/\/x.com\/presentador_mc","https:\/\/www.instagram.com\/maestrosdeceremonias\/"]}]}},"_links":{"self":[{"href":"https:\/\/maestrodeceremonias.es\/en\/wp-json\/wp\/v2\/pages\/780","targetHints":{"allow":["GET"]}}],"collection":[{"href":"https:\/\/maestrodeceremonias.es\/en\/wp-json\/wp\/v2\/pages"}],"about":[{"href":"https:\/\/maestrodeceremonias.es\/en\/wp-json\/wp\/v2\/types\/page"}],"author":[{"embeddable":true,"href":"https:\/\/maestrodeceremonias.es\/en\/wp-json\/wp\/v2\/users\/1"}],"replies":[{"embeddable":true,"href":"https:\/\/maestrodeceremonias.es\/en\/wp-json\/wp\/v2\/comments?post=780"}],"version-history":[{"count":0,"href":"https:\/\/maestrodeceremonias.es\/en\/wp-json\/wp\/v2\/pages\/780\/revisions"}],"wp:attachment":[{"href":"https:\/\/maestrodeceremonias.es\/en\/wp-json\/wp\/v2\/media?parent=780"}],"curies":[{"name":"wp","href":"https:\/\/api.w.org\/{rel}","templated":true}]}}