{"id":860,"date":"2017-06-16T16:32:43","date_gmt":"2017-06-16T16:32:43","guid":{"rendered":"http:\/\/maestrodeceremonias.es\/?page_id=860"},"modified":"2023-06-11T06:04:25","modified_gmt":"2023-06-11T04:04:25","slug":"celebra-boda-ibiza-disfrutando-del-cielo-coche-bodas-meari-blanco","status":"publish","type":"page","link":"https:\/\/maestrodeceremonias.es\/en\/celebra-boda-ibiza-disfrutando-del-cielo-coche-bodas-meari-blanco\/","title":{"rendered":"Celebra tu boda en IBIZA disfrutando del cielo en un tu coche de bodas Meari Blanco"},"content":{"rendered":"<p>Disfrutad el d\u00eda de la celebraci\u00f3n de vuestra del&nbsp;boda de el esp\u00edritu de la isla de Ibiza movi\u00e9ndoos en un Meari Blanco con ch\u00f3fer, musiquita y buen rollo.<\/p>\n\n\n\n<p>Llegad a la celebraci\u00f3n de la ceremonia en un Meari blanco decorado con flores, sin prisas escuchando m\u00fasica sintiendo el sol y el viento en la cara, os aseguro que es una maravilla.<\/p>\n\n\n\n<p>Incluso os pod\u00e9is ir con vuestro fot\u00f3grafo a haceros las fotos a los lugares m\u00e1s bonitos de la Isla,<\/p>\n\n\n\n<p>Un amigo de www.maestrodeceremonias.es lo alquila a un precio realmente econ\u00f3mico, si lo deseais llamadnos y preguntad 644 597 199.&nbsp;Celebraci\u00f3n boda Playas de IBIZA coche bodas Meari Blanco<\/p>\n\n\n\n<h2 class=\"wp-block-heading\">Celebraci\u00f3n boda Playas de IBIZA coche bodas Meari Blanco<\/h2>\n\n\n\n<figure class=\"wp-block-gallery has-nested-images columns-default is-cropped wp-block-gallery-1 is-layout-flex wp-block-gallery-is-layout-flex\">\n<figure class=\"wp-block-image size-large\"><img loading=\"lazy\" decoding=\"async\" width=\"1024\" height=\"768\" data-id=\"865\" src=\"https:\/\/maestrodeceremonias.es\/wp-content\/uploads\/2017\/06\/Coche-hippy-bodas-ibiza-meari-1024x768.jpg\" alt=\"\" class=\"wp-image-865\" srcset=\"https:\/\/maestrodeceremonias.es\/wp-content\/uploads\/2017\/06\/Coche-hippy-bodas-ibiza-meari-1024x768.jpg 1024w, https:\/\/maestrodeceremonias.es\/wp-content\/uploads\/2017\/06\/Coche-hippy-bodas-ibiza-meari-300x225.jpg 300w, https:\/\/maestrodeceremonias.es\/wp-content\/uploads\/2017\/06\/Coche-hippy-bodas-ibiza-meari-768x576.jpg 768w, https:\/\/maestrodeceremonias.es\/wp-content\/uploads\/2017\/06\/Coche-hippy-bodas-ibiza-meari-1536x1152.jpg 1536w, https:\/\/maestrodeceremonias.es\/wp-content\/uploads\/2017\/06\/Coche-hippy-bodas-ibiza-meari.jpg 1600w\" sizes=\"auto, (max-width: 1024px) 100vw, 1024px\" \/><\/figure>\n\n\n\n<figure class=\"wp-block-image size-large\"><img loading=\"lazy\" decoding=\"async\" width=\"1024\" height=\"1024\" data-id=\"864\" src=\"https:\/\/maestrodeceremonias.es\/wp-content\/uploads\/2017\/06\/Coche-hippy-bodas-en-la-playa-ibiza-meari-1024x1024.jpg\" alt=\"\" class=\"wp-image-864\" srcset=\"https:\/\/maestrodeceremonias.es\/wp-content\/uploads\/2017\/06\/Coche-hippy-bodas-en-la-playa-ibiza-meari-1024x1024.jpg 1024w, https:\/\/maestrodeceremonias.es\/wp-content\/uploads\/2017\/06\/Coche-hippy-bodas-en-la-playa-ibiza-meari-300x300.jpg 300w, https:\/\/maestrodeceremonias.es\/wp-content\/uploads\/2017\/06\/Coche-hippy-bodas-en-la-playa-ibiza-meari-150x150.jpg 150w, https:\/\/maestrodeceremonias.es\/wp-content\/uploads\/2017\/06\/Coche-hippy-bodas-en-la-playa-ibiza-meari-768x768.jpg 768w, https:\/\/maestrodeceremonias.es\/wp-content\/uploads\/2017\/06\/Coche-hippy-bodas-en-la-playa-ibiza-meari-1536x1536.jpg 1536w, https:\/\/maestrodeceremonias.es\/wp-content\/uploads\/2017\/06\/Coche-hippy-bodas-en-la-playa-ibiza-meari.jpg 1600w\" sizes=\"auto, (max-width: 1024px) 100vw, 1024px\" \/><\/figure>\n\n\n\n<figure class=\"wp-block-image size-large\"><img loading=\"lazy\" decoding=\"async\" width=\"1024\" height=\"768\" data-id=\"863\" src=\"https:\/\/maestrodeceremonias.es\/wp-content\/uploads\/2017\/06\/Ceremonias-de-boda-hippy-en-ibiza-Meari-1024x768.jpg\" alt=\"\" class=\"wp-image-863\" srcset=\"https:\/\/maestrodeceremonias.es\/wp-content\/uploads\/2017\/06\/Ceremonias-de-boda-hippy-en-ibiza-Meari-1024x768.jpg 1024w, https:\/\/maestrodeceremonias.es\/wp-content\/uploads\/2017\/06\/Ceremonias-de-boda-hippy-en-ibiza-Meari-300x225.jpg 300w, https:\/\/maestrodeceremonias.es\/wp-content\/uploads\/2017\/06\/Ceremonias-de-boda-hippy-en-ibiza-Meari-768x576.jpg 768w, https:\/\/maestrodeceremonias.es\/wp-content\/uploads\/2017\/06\/Ceremonias-de-boda-hippy-en-ibiza-Meari-1536x1152.jpg 1536w, https:\/\/maestrodeceremonias.es\/wp-content\/uploads\/2017\/06\/Ceremonias-de-boda-hippy-en-ibiza-Meari.jpg 1600w\" sizes=\"auto, (max-width: 1024px) 100vw, 1024px\" \/><\/figure>\n\n\n\n<figure class=\"wp-block-image size-large\"><img loading=\"lazy\" decoding=\"async\" width=\"1024\" height=\"768\" data-id=\"862\" src=\"https:\/\/maestrodeceremonias.es\/wp-content\/uploads\/2017\/06\/White-meari-Ibiza-beach-weddings-1024x768.jpg\" alt=\"\" class=\"wp-image-862\" srcset=\"https:\/\/maestrodeceremonias.es\/wp-content\/uploads\/2017\/06\/White-meari-Ibiza-beach-weddings-1024x768.jpg 1024w, https:\/\/maestrodeceremonias.es\/wp-content\/uploads\/2017\/06\/White-meari-Ibiza-beach-weddings-300x225.jpg 300w, https:\/\/maestrodeceremonias.es\/wp-content\/uploads\/2017\/06\/White-meari-Ibiza-beach-weddings-768x576.jpg 768w, https:\/\/maestrodeceremonias.es\/wp-content\/uploads\/2017\/06\/White-meari-Ibiza-beach-weddings-1536x1152.jpg 1536w, https:\/\/maestrodeceremonias.es\/wp-content\/uploads\/2017\/06\/White-meari-Ibiza-beach-weddings.jpg 1600w\" sizes=\"auto, (max-width: 1024px) 100vw, 1024px\" \/><\/figure>\n\n\n\n<figure class=\"wp-block-image size-large\"><img loading=\"lazy\" decoding=\"async\" width=\"1024\" height=\"768\" data-id=\"861\" src=\"https:\/\/maestrodeceremonias.es\/wp-content\/uploads\/2017\/06\/sensaciones-ibiza-hipy-bodas-playa-en-meari-1024x768.jpg\" alt=\"\" class=\"wp-image-861\" srcset=\"https:\/\/maestrodeceremonias.es\/wp-content\/uploads\/2017\/06\/sensaciones-ibiza-hipy-bodas-playa-en-meari-1024x768.jpg 1024w, https:\/\/maestrodeceremonias.es\/wp-content\/uploads\/2017\/06\/sensaciones-ibiza-hipy-bodas-playa-en-meari-300x225.jpg 300w, https:\/\/maestrodeceremonias.es\/wp-content\/uploads\/2017\/06\/sensaciones-ibiza-hipy-bodas-playa-en-meari-768x576.jpg 768w, https:\/\/maestrodeceremonias.es\/wp-content\/uploads\/2017\/06\/sensaciones-ibiza-hipy-bodas-playa-en-meari-1536x1152.jpg 1536w, https:\/\/maestrodeceremonias.es\/wp-content\/uploads\/2017\/06\/sensaciones-ibiza-hipy-bodas-playa-en-meari.jpg 1600w\" sizes=\"auto, (max-width: 1024px) 100vw, 1024px\" \/><\/figure>\n<\/figure>","protected":false},"excerpt":{"rendered":"<p>Disfrutad el d\u00eda de la celebraci\u00f3n de vuestra del&nbsp;boda de el esp\u00edritu de la isla de Ibiza movi\u00e9ndoos en un Meari Blanco con ch\u00f3fer, musiquita y buen rollo. Llegad a la celebraci\u00f3n de la ceremonia en un Meari blanco decorado con flores, sin prisas escuchando m\u00fasica sintiendo el sol y el viento en la cara, [&hellip;]<\/p>\n","protected":false},"author":1,"featured_media":0,"parent":0,"menu_order":0,"comment_status":"closed","ping_status":"closed","template":"","meta":{"_monsterinsights_skip_tracking":false,"_monsterinsights_sitenote_active":false,"_monsterinsights_sitenote_note":"","_monsterinsights_sitenote_category":0,"_joinchat":[],"footnotes":""},"class_list":["post-860","page","type-page","status-publish","hentry"],"blocksy_meta":[],"yoast_head":"<!-- This site is optimized with the Yoast SEO plugin v26.8 - https:\/\/yoast.com\/product\/yoast-seo-wordpress\/ -->\n<title>Celebra tu boda en IBIZA disfrutando del cielo en un tu coche de bodas Meari Blanco - Maestro de Ceremonias Oficiante de Bodas Civiles y Eventos<\/title>\n<meta name=\"description\" content=\"Celebraci\u00f3n boda Playas de IBIZA coche bodas Meari Blanco Celebrate wedding with White Meari Wedding Car at IBIZA Beaches\" \/>\n<meta name=\"robots\" content=\"index, follow, max-snippet:-1, max-image-preview:large, max-video-preview:-1\" \/>\n<link rel=\"canonical\" href=\"https:\/\/maestrodeceremonias.es\/en\/celebra-boda-ibiza-disfrutando-del-cielo-coche-bodas-meari-blanco\/\" \/>\n<meta property=\"og:locale\" content=\"en_GB\" \/>\n<meta property=\"og:type\" content=\"article\" \/>\n<meta property=\"og:title\" content=\"Celebra tu boda en IBIZA disfrutando del cielo en un tu coche de bodas Meari Blanco - Maestro de Ceremonias Oficiante de Bodas Civiles y Eventos\" \/>\n<meta property=\"og:description\" content=\"Celebraci\u00f3n boda Playas de IBIZA coche bodas Meari Blanco Celebrate wedding with White Meari Wedding Car at IBIZA Beaches\" \/>\n<meta property=\"og:url\" content=\"https:\/\/maestrodeceremonias.es\/en\/celebra-boda-ibiza-disfrutando-del-cielo-coche-bodas-meari-blanco\/\" \/>\n<meta property=\"og:site_name\" content=\"Maestro de Ceremonias Oficiante de Bodas Civiles y Eventos\" \/>\n<meta property=\"article:publisher\" content=\"https:\/\/www.facebook.com\/Maestrodeceremonias.presentador\" \/>\n<meta property=\"article:modified_time\" content=\"2023-06-11T04:04:25+00:00\" \/>\n<meta property=\"og:image\" content=\"https:\/\/maestrodeceremonias.es\/wp-content\/uploads\/2017\/06\/Coche-hippy-bodas-ibiza-meari-1024x768.jpg\" \/>\n<meta name=\"twitter:card\" content=\"summary_large_image\" \/>\n<meta name=\"twitter:site\" content=\"@presentador_mc\" \/>\n<meta name=\"twitter:label1\" content=\"Estimated reading time\" \/>\n\t<meta name=\"twitter:data1\" content=\"3 minutes\" \/>\n<script type=\"application\/ld+json\" class=\"yoast-schema-graph\">{\"@context\":\"https:\/\/schema.org\",\"@graph\":[{\"@type\":\"WebPage\",\"@id\":\"https:\/\/maestrodeceremonias.es\/celebra-boda-ibiza-disfrutando-del-cielo-coche-bodas-meari-blanco\/\",\"url\":\"https:\/\/maestrodeceremonias.es\/celebra-boda-ibiza-disfrutando-del-cielo-coche-bodas-meari-blanco\/\",\"name\":\"Celebra tu boda en IBIZA disfrutando del cielo en un tu coche de bodas Meari Blanco - Maestro de Ceremonias Oficiante de Bodas Civiles y Eventos\",\"isPartOf\":{\"@id\":\"https:\/\/maestrodeceremonias.es\/#website\"},\"primaryImageOfPage\":{\"@id\":\"https:\/\/maestrodeceremonias.es\/celebra-boda-ibiza-disfrutando-del-cielo-coche-bodas-meari-blanco\/#primaryimage\"},\"image\":{\"@id\":\"https:\/\/maestrodeceremonias.es\/celebra-boda-ibiza-disfrutando-del-cielo-coche-bodas-meari-blanco\/#primaryimage\"},\"thumbnailUrl\":\"https:\/\/maestrodeceremonias.es\/wp-content\/uploads\/2017\/06\/Coche-hippy-bodas-ibiza-meari-1024x768.jpg\",\"datePublished\":\"2017-06-16T16:32:43+00:00\",\"dateModified\":\"2023-06-11T04:04:25+00:00\",\"description\":\"Celebraci\u00f3n boda Playas de IBIZA coche bodas Meari Blanco Celebrate wedding with White Meari Wedding Car at IBIZA Beaches\",\"breadcrumb\":{\"@id\":\"https:\/\/maestrodeceremonias.es\/celebra-boda-ibiza-disfrutando-del-cielo-coche-bodas-meari-blanco\/#breadcrumb\"},\"inLanguage\":\"en-GB\",\"potentialAction\":[{\"@type\":\"ReadAction\",\"target\":[\"https:\/\/maestrodeceremonias.es\/celebra-boda-ibiza-disfrutando-del-cielo-coche-bodas-meari-blanco\/\"]}]},{\"@type\":\"ImageObject\",\"inLanguage\":\"en-GB\",\"@id\":\"https:\/\/maestrodeceremonias.es\/celebra-boda-ibiza-disfrutando-del-cielo-coche-bodas-meari-blanco\/#primaryimage\",\"url\":\"https:\/\/maestrodeceremonias.es\/wp-content\/uploads\/2017\/06\/Coche-hippy-bodas-ibiza-meari-1024x768.jpg\",\"contentUrl\":\"https:\/\/maestrodeceremonias.es\/wp-content\/uploads\/2017\/06\/Coche-hippy-bodas-ibiza-meari-1024x768.jpg\"},{\"@type\":\"BreadcrumbList\",\"@id\":\"https:\/\/maestrodeceremonias.es\/celebra-boda-ibiza-disfrutando-del-cielo-coche-bodas-meari-blanco\/#breadcrumb\",\"itemListElement\":[{\"@type\":\"ListItem\",\"position\":1,\"name\":\"Maestros de ceremonias\",\"item\":\"https:\/\/maestrodeceremonias.es\/\"},{\"@type\":\"ListItem\",\"position\":2,\"name\":\"Celebra tu boda en IBIZA disfrutando del cielo en un tu coche de bodas Meari Blanco\"}]},{\"@type\":\"WebSite\",\"@id\":\"https:\/\/maestrodeceremonias.es\/#website\",\"url\":\"https:\/\/maestrodeceremonias.es\/\",\"name\":\"Maestro de Ceremonias Oficiante de Bodas Civiles y Eventos\",\"description\":\"Necesitas contratar Maestros de Ceremonias Oficiantes de Boda  para tu celebraci\u00f3n de boda civil simb\u00f3lica. P\u00eddenos presupuesto. Prestamos servicio en Madrid y en toda Espa\u00f1a. Speakers y Presentadores de eventos profesionales biling\u00fces en todos los idiomas a un precio asequible. Preg\u00fantanos: email: mc@maestrodeceremonias.es Tel\u00e9fono y Whatsapp: 644 597 199\",\"publisher\":{\"@id\":\"https:\/\/maestrodeceremonias.es\/#organization\"},\"potentialAction\":[{\"@type\":\"SearchAction\",\"target\":{\"@type\":\"EntryPoint\",\"urlTemplate\":\"https:\/\/maestrodeceremonias.es\/?s={search_term_string}\"},\"query-input\":{\"@type\":\"PropertyValueSpecification\",\"valueRequired\":true,\"valueName\":\"search_term_string\"}}],\"inLanguage\":\"en-GB\"},{\"@type\":\"Organization\",\"@id\":\"https:\/\/maestrodeceremonias.es\/#organization\",\"name\":\"Maestro de Ceremonias Oficiante de Bodas Civiles y Eventos\",\"url\":\"https:\/\/maestrodeceremonias.es\/\",\"logo\":{\"@type\":\"ImageObject\",\"inLanguage\":\"en-GB\",\"@id\":\"https:\/\/maestrodeceremonias.es\/#\/schema\/logo\/image\/\",\"url\":\"https:\/\/maestrodeceremonias.es\/wp-content\/uploads\/2023\/07\/Maestro-oficiante-de-Boda-Ceremonia-cabecera-web.jpg\",\"contentUrl\":\"https:\/\/maestrodeceremonias.es\/wp-content\/uploads\/2023\/07\/Maestro-oficiante-de-Boda-Ceremonia-cabecera-web.jpg\",\"width\":960,\"height\":250,\"caption\":\"Maestro de Ceremonias Oficiante de Bodas Civiles y Eventos\"},\"image\":{\"@id\":\"https:\/\/maestrodeceremonias.es\/#\/schema\/logo\/image\/\"},\"sameAs\":[\"https:\/\/www.facebook.com\/Maestrodeceremonias.presentador\",\"https:\/\/x.com\/presentador_mc\",\"https:\/\/www.instagram.com\/maestrosdeceremonias\/\"]}]}<\/script>\n<!-- \/ Yoast SEO plugin. -->","yoast_head_json":{"title":"Celebra tu boda en IBIZA disfrutando del cielo en un tu coche de bodas Meari Blanco - Maestro de Ceremonias Oficiante de Bodas Civiles y Eventos","description":"Celebraci\u00f3n boda Playas de IBIZA coche bodas Meari Blanco Celebrate wedding with White Meari Wedding Car at IBIZA Beaches","robots":{"index":"index","follow":"follow","max-snippet":"max-snippet:-1","max-image-preview":"max-image-preview:large","max-video-preview":"max-video-preview:-1"},"canonical":"https:\/\/maestrodeceremonias.es\/en\/celebra-boda-ibiza-disfrutando-del-cielo-coche-bodas-meari-blanco\/","og_locale":"en_GB","og_type":"article","og_title":"Celebra tu boda en IBIZA disfrutando del cielo en un tu coche de bodas Meari Blanco - Maestro de Ceremonias Oficiante de Bodas Civiles y Eventos","og_description":"Celebraci\u00f3n boda Playas de IBIZA coche bodas Meari Blanco Celebrate wedding with White Meari Wedding Car at IBIZA Beaches","og_url":"https:\/\/maestrodeceremonias.es\/en\/celebra-boda-ibiza-disfrutando-del-cielo-coche-bodas-meari-blanco\/","og_site_name":"Maestro de Ceremonias Oficiante de Bodas Civiles y Eventos","article_publisher":"https:\/\/www.facebook.com\/Maestrodeceremonias.presentador","article_modified_time":"2023-06-11T04:04:25+00:00","og_image":[{"url":"https:\/\/maestrodeceremonias.es\/wp-content\/uploads\/2017\/06\/Coche-hippy-bodas-ibiza-meari-1024x768.jpg","type":"","width":"","height":""}],"twitter_card":"summary_large_image","twitter_site":"@presentador_mc","twitter_misc":{"Estimated reading time":"3 minutes"},"schema":{"@context":"https:\/\/schema.org","@graph":[{"@type":"WebPage","@id":"https:\/\/maestrodeceremonias.es\/celebra-boda-ibiza-disfrutando-del-cielo-coche-bodas-meari-blanco\/","url":"https:\/\/maestrodeceremonias.es\/celebra-boda-ibiza-disfrutando-del-cielo-coche-bodas-meari-blanco\/","name":"Celebra tu boda en IBIZA disfrutando del cielo en un tu coche de bodas Meari Blanco - Maestro de Ceremonias Oficiante de Bodas Civiles y Eventos","isPartOf":{"@id":"https:\/\/maestrodeceremonias.es\/#website"},"primaryImageOfPage":{"@id":"https:\/\/maestrodeceremonias.es\/celebra-boda-ibiza-disfrutando-del-cielo-coche-bodas-meari-blanco\/#primaryimage"},"image":{"@id":"https:\/\/maestrodeceremonias.es\/celebra-boda-ibiza-disfrutando-del-cielo-coche-bodas-meari-blanco\/#primaryimage"},"thumbnailUrl":"https:\/\/maestrodeceremonias.es\/wp-content\/uploads\/2017\/06\/Coche-hippy-bodas-ibiza-meari-1024x768.jpg","datePublished":"2017-06-16T16:32:43+00:00","dateModified":"2023-06-11T04:04:25+00:00","description":"Celebraci\u00f3n boda Playas de IBIZA coche bodas Meari Blanco Celebrate wedding with White Meari Wedding Car at IBIZA Beaches","breadcrumb":{"@id":"https:\/\/maestrodeceremonias.es\/celebra-boda-ibiza-disfrutando-del-cielo-coche-bodas-meari-blanco\/#breadcrumb"},"inLanguage":"en-GB","potentialAction":[{"@type":"ReadAction","target":["https:\/\/maestrodeceremonias.es\/celebra-boda-ibiza-disfrutando-del-cielo-coche-bodas-meari-blanco\/"]}]},{"@type":"ImageObject","inLanguage":"en-GB","@id":"https:\/\/maestrodeceremonias.es\/celebra-boda-ibiza-disfrutando-del-cielo-coche-bodas-meari-blanco\/#primaryimage","url":"https:\/\/maestrodeceremonias.es\/wp-content\/uploads\/2017\/06\/Coche-hippy-bodas-ibiza-meari-1024x768.jpg","contentUrl":"https:\/\/maestrodeceremonias.es\/wp-content\/uploads\/2017\/06\/Coche-hippy-bodas-ibiza-meari-1024x768.jpg"},{"@type":"BreadcrumbList","@id":"https:\/\/maestrodeceremonias.es\/celebra-boda-ibiza-disfrutando-del-cielo-coche-bodas-meari-blanco\/#breadcrumb","itemListElement":[{"@type":"ListItem","position":1,"name":"Maestros de ceremonias","item":"https:\/\/maestrodeceremonias.es\/"},{"@type":"ListItem","position":2,"name":"Celebra tu boda en IBIZA disfrutando del cielo en un tu coche de bodas Meari Blanco"}]},{"@type":"WebSite","@id":"https:\/\/maestrodeceremonias.es\/#website","url":"https:\/\/maestrodeceremonias.es\/","name":"Maestro de Ceremonias Oficiante de Bodas Civiles y Eventos","description":"Necesitas contratar Maestros de Ceremonias Oficiantes de Boda  para tu celebraci\u00f3n de boda civil simb\u00f3lica. P\u00eddenos presupuesto. Prestamos servicio en Madrid y en toda Espa\u00f1a. Speakers y Presentadores de eventos profesionales biling\u00fces en todos los idiomas a un precio asequible. Preg\u00fantanos: email: mc@maestrodeceremonias.es Tel\u00e9fono y Whatsapp: 644 597 199","publisher":{"@id":"https:\/\/maestrodeceremonias.es\/#organization"},"potentialAction":[{"@type":"SearchAction","target":{"@type":"EntryPoint","urlTemplate":"https:\/\/maestrodeceremonias.es\/?s={search_term_string}"},"query-input":{"@type":"PropertyValueSpecification","valueRequired":true,"valueName":"search_term_string"}}],"inLanguage":"en-GB"},{"@type":"Organization","@id":"https:\/\/maestrodeceremonias.es\/#organization","name":"Maestro de Ceremonias Oficiante de Bodas Civiles y Eventos","url":"https:\/\/maestrodeceremonias.es\/","logo":{"@type":"ImageObject","inLanguage":"en-GB","@id":"https:\/\/maestrodeceremonias.es\/#\/schema\/logo\/image\/","url":"https:\/\/maestrodeceremonias.es\/wp-content\/uploads\/2023\/07\/Maestro-oficiante-de-Boda-Ceremonia-cabecera-web.jpg","contentUrl":"https:\/\/maestrodeceremonias.es\/wp-content\/uploads\/2023\/07\/Maestro-oficiante-de-Boda-Ceremonia-cabecera-web.jpg","width":960,"height":250,"caption":"Maestro de Ceremonias Oficiante de Bodas Civiles y Eventos"},"image":{"@id":"https:\/\/maestrodeceremonias.es\/#\/schema\/logo\/image\/"},"sameAs":["https:\/\/www.facebook.com\/Maestrodeceremonias.presentador","https:\/\/x.com\/presentador_mc","https:\/\/www.instagram.com\/maestrosdeceremonias\/"]}]}},"_links":{"self":[{"href":"https:\/\/maestrodeceremonias.es\/en\/wp-json\/wp\/v2\/pages\/860","targetHints":{"allow":["GET"]}}],"collection":[{"href":"https:\/\/maestrodeceremonias.es\/en\/wp-json\/wp\/v2\/pages"}],"about":[{"href":"https:\/\/maestrodeceremonias.es\/en\/wp-json\/wp\/v2\/types\/page"}],"author":[{"embeddable":true,"href":"https:\/\/maestrodeceremonias.es\/en\/wp-json\/wp\/v2\/users\/1"}],"replies":[{"embeddable":true,"href":"https:\/\/maestrodeceremonias.es\/en\/wp-json\/wp\/v2\/comments?post=860"}],"version-history":[{"count":0,"href":"https:\/\/maestrodeceremonias.es\/en\/wp-json\/wp\/v2\/pages\/860\/revisions"}],"wp:attachment":[{"href":"https:\/\/maestrodeceremonias.es\/en\/wp-json\/wp\/v2\/media?parent=860"}],"curies":[{"name":"wp","href":"https:\/\/api.w.org\/{rel}","templated":true}]}}